{"id":567,"date":"2022-07-18T03:00:00","date_gmt":"2022-07-18T03:00:00","guid":{"rendered":"https:\/\/packdesites.com\/produto\/sweeding-convite-para-eventos-de-casamento\/"},"modified":"2025-04-03T00:29:07","modified_gmt":"2025-04-03T00:29:07","slug":"invitacion-a-evento-de-boda-sudafricano","status":"publish","type":"product","link":"https:\/\/packdesites.com\/es\/product\/invitacion-a-evento-de-boda-sudafricano\/","title":{"rendered":"Sweeding \u2013 Invitaci\u00f3n a evento de boda"},"content":{"rendered":"<p>Sweeding es un kit de plantillas Elementor moderno y limpio que es perfecto para aquellos que desean crear un sitio web de aspecto profesional basado en WordPress para una tienda de novias, un planificador de bodas, un organizador de bodas, una boutique de bodas, un organizador de eventos o un sitio web de una agencia de bodas. \u00a1Esta plantilla tiene un dise\u00f1o profesional con un dise\u00f1o 100% responsivo, est\u00e1 preparada para retina y es muy f\u00e1cil de personalizar ya que usa Elementor, por lo que no necesita una sola l\u00ednea de codificaci\u00f3n!<\/p>\n\n\n\n<p>Este kit de plantillas incluye 10 impresionantes plantillas, con las que podr\u00e1 crear el sitio web comercial de su empresa con aspecto profesional con solo un clic.<\/p>\n\n\n\n<p><strong>Todas las funciones<\/strong><\/p>\n\n\n\n<ul class=\"wp-block-list\"><li>Los estilos y efectos se crean dentro del panel Elementor, sin necesidad de codificaci\u00f3n alguna<\/li><li>Compatibilidad de 100% con la versi\u00f3n gratuita de Elementor<\/li><li>\u00a1Ahorra dinero! Este kit utiliza fuentes de Google gratuitas y no requiere Elementor Pro.<\/li><li>10 dise\u00f1os de p\u00e1gina personalizables<\/li><li>18 plantillas de secciones bien dise\u00f1adas<\/li><li>Estilo elegante y minimalista.<\/li><li>Colores y tonos elegantes<\/li><li>Responsivo y excelente para computadoras de escritorio, port\u00e1tiles y dispositivos m\u00f3viles.<\/li><li>Dise\u00f1o de todos los widgets principales de WordPress<\/li><li>Dise\u00f1o de p\u00edxeles sin costuras<\/li><li>F\u00e1cil de usar y modificar<\/li><li>Fluido totalmente sensible<\/li><li>S\u00edmbolos totalmente editables<\/li><li>Soporte receptivo y profesional de un equipo dedicado<\/li><\/ul>\n\n\n\n<p><strong>Caracter\u00edsticas principales<\/strong>&nbsp;Sweeding ofrece plantillas limpias, ordenadas y profesionales para crear sitios web de WordPress. Necesitar\u00e1 Elementor Pro como complemento premium antes de poder utilizar este kit de creaci\u00f3n de p\u00e1ginas web. El paquete completo incluye varias caracter\u00edsticas principales que son:<\/p>\n\n\n\n<ul class=\"wp-block-list\"><li>P\u00e1gina de inicio<\/li><li>P\u00e1gina de lista de cartera<\/li><li>P\u00e1gina de detalles de la cartera<\/li><li>P\u00e1gina de lista de men\u00fa<\/li><li>P\u00e1gina de detalles del men\u00fa<\/li><li>P\u00e1gina de lista de ubicaciones<\/li><li>P\u00e1gina de detalles de ubicaci\u00f3n<\/li><li>P\u00e1gina de contacto<\/li><li>P\u00e1gina Acerca de Nosotros<\/li><li>P\u00e1gina de servicio<\/li><\/ul>","protected":false},"excerpt":{"rendered":"<p>Sweeding \u00e9 um kit de modelo elementor moderno e limpo que \u00e9 perfeito para aqueles que querem criar um site baseado em WordPress de apar\u00eancia profissional para uma Loja de Noivas, Planejador de Casamentos, Organizador de Casamentos, Boutique de Casamento, Organizador de Eventos ou site da Ag\u00eancia de Casamento. Este modelo tem um design profissional [&hellip;]<\/p>","protected":false},"featured_media":568,"comment_status":"closed","ping_status":"open","template":"","meta":{"_jf_limit_responses":"","iawp_total_views":38},"product_brand":[],"product_cat":[34,23,24],"product_tag":[19],"class_list":{"0":"post-567","1":"product","2":"type-product","3":"status-publish","4":"has-post-thumbnail","6":"product_cat-casamento","7":"product_cat-templates-elementor-e-envato","8":"product_cat-templates-envato","9":"product_tag-vitalicio","11":"first","12":"instock","13":"downloadable","14":"virtual","15":"purchasable","16":"product-type-simple"},"_links":{"self":[{"href":"https:\/\/packdesites.com\/es\/wp-json\/wp\/v2\/product\/567","targetHints":{"allow":["GET"]}}],"collection":[{"href":"https:\/\/packdesites.com\/es\/wp-json\/wp\/v2\/product"}],"about":[{"href":"https:\/\/packdesites.com\/es\/wp-json\/wp\/v2\/types\/product"}],"replies":[{"embeddable":true,"href":"https:\/\/packdesites.com\/es\/wp-json\/wp\/v2\/comments?post=567"}],"version-history":[{"count":0,"href":"https:\/\/packdesites.com\/es\/wp-json\/wp\/v2\/product\/567\/revisions"}],"wp:featuredmedia":[{"embeddable":true,"href":"https:\/\/packdesites.com\/es\/wp-json\/wp\/v2\/media\/568"}],"wp:attachment":[{"href":"https:\/\/packdesites.com\/es\/wp-json\/wp\/v2\/media?parent=567"}],"wp:term":[{"taxonomy":"product_brand","embeddable":true,"href":"https:\/\/packdesites.com\/es\/wp-json\/wp\/v2\/product_brand?post=567"},{"taxonomy":"product_cat","embeddable":true,"href":"https:\/\/packdesites.com\/es\/wp-json\/wp\/v2\/product_cat?post=567"},{"taxonomy":"product_tag","embeddable":true,"href":"https:\/\/packdesites.com\/es\/wp-json\/wp\/v2\/product_tag?post=567"}],"curies":[{"name":"wp","href":"https:\/\/api.w.org\/{rel}","templated":true}]}}