{"id":565,"date":"2022-07-18T03:00:00","date_gmt":"2022-07-18T03:00:00","guid":{"rendered":"https:\/\/packdesites.com\/produto\/robbie-magie-convite-para-eventos-de-casamento\/"},"modified":"2025-04-03T00:29:06","modified_gmt":"2025-04-03T00:29:06","slug":"invitacion-de-boda-de-robbie-magie","status":"publish","type":"product","link":"https:\/\/packdesites.com\/es\/product\/invitacion-de-boda-de-robbie-magie\/","title":{"rendered":"Robbie &amp; Magie \u2013 Invitaci\u00f3n para evento de boda"},"content":{"rendered":"<p><strong>Robbie &amp; Magie \u2013 Kit de plantillas Elementor para invitaciones de boda<\/strong><\/p>\n\n\n\n<p>Cree su hermoso sitio web de bodas con nuestro kit de plantillas cuidadosamente dise\u00f1ado. Esta plantilla contiene p\u00e1ginas listas para usar con hermosas galer\u00edas, formulario RSVP, temporizador de cuenta regresiva y es totalmente responsiva. Todo lo que necesitas para que tu d\u00eda especial dure toda la vida.<\/p>\n\n\n\n<p><strong>Caracter\u00edsticas:<\/strong>&nbsp;\u2013 Dise\u00f1o elegante y hermoso \u2013 M\u00e1s de 14 plantillas listas para usar \u2013 Dise\u00f1o totalmente adaptable \u2013 Compatible con Retina \u2013 Totalmente personalizable \u2013 Compatibilidad con todos los navegadores: Chrome, Firefox, Safari, Opera<\/p>\n\n\n\n<p><strong>Los modelos incluyen:<\/strong><\/p>\n\n\n\n<ul class=\"wp-block-list\"><li>P\u00e1gina de inicio 1<\/li><li>P\u00e1gina de inicio 2<\/li><li>Nuestra historia<\/li><li>Damas de honor y padrinos de boda<\/li><li>Galer\u00eda \u2014 Justificada<\/li><li>Galer\u00eda \u2014 Francmasoner\u00eda<\/li><li>Blog<\/li><li>Plantilla de publicaci\u00f3n \u00fanica<\/li><li>Contacto 1<\/li><li>Contacto 2<\/li><li>P\u00e1gina RSVP<\/li><li>Encabezamiento<\/li><li>Encabezado \u2013 Superposici\u00f3n<\/li><li>Z\u00f3calo<\/li><li>Estilo de tema global<\/li><\/ul>\n\n\n\n<p><strong>Complemento requerido:<\/strong><\/p>\n\n\n\n<ul class=\"wp-block-list\"><li>\u00a0Elementor <\/li><li>Elementor Pro <\/li><li>Kit de elementos Lite<\/li><\/ul>","protected":false},"excerpt":{"rendered":"<p>Robbie &amp; Magie &#8211; Template Kit Elementor de convite para eventos de casamento Crie seu lindo site de casamento com nosso Template Kit cuidadosamente projetado. Este modelo cont\u00e9m p\u00e1ginas prontas para uso com belas galerias, formul\u00e1rio RSVP, contador de contagem regressiva e \u00e9 totalmente responsivo. Tudo o que voc\u00ea precisa para que seu dia especial [&hellip;]<\/p>","protected":false},"featured_media":566,"comment_status":"closed","ping_status":"open","template":"","meta":{"_jf_limit_responses":"","iawp_total_views":22},"product_brand":[],"product_cat":[34,23,24],"product_tag":[19],"class_list":{"0":"post-565","1":"product","2":"type-product","3":"status-publish","4":"has-post-thumbnail","6":"product_cat-casamento","7":"product_cat-templates-elementor-e-envato","8":"product_cat-templates-envato","9":"product_tag-vitalicio","11":"first","12":"instock","13":"downloadable","14":"virtual","15":"purchasable","16":"product-type-simple"},"_links":{"self":[{"href":"https:\/\/packdesites.com\/es\/wp-json\/wp\/v2\/product\/565","targetHints":{"allow":["GET"]}}],"collection":[{"href":"https:\/\/packdesites.com\/es\/wp-json\/wp\/v2\/product"}],"about":[{"href":"https:\/\/packdesites.com\/es\/wp-json\/wp\/v2\/types\/product"}],"replies":[{"embeddable":true,"href":"https:\/\/packdesites.com\/es\/wp-json\/wp\/v2\/comments?post=565"}],"version-history":[{"count":0,"href":"https:\/\/packdesites.com\/es\/wp-json\/wp\/v2\/product\/565\/revisions"}],"wp:featuredmedia":[{"embeddable":true,"href":"https:\/\/packdesites.com\/es\/wp-json\/wp\/v2\/media\/566"}],"wp:attachment":[{"href":"https:\/\/packdesites.com\/es\/wp-json\/wp\/v2\/media?parent=565"}],"wp:term":[{"taxonomy":"product_brand","embeddable":true,"href":"https:\/\/packdesites.com\/es\/wp-json\/wp\/v2\/product_brand?post=565"},{"taxonomy":"product_cat","embeddable":true,"href":"https:\/\/packdesites.com\/es\/wp-json\/wp\/v2\/product_cat?post=565"},{"taxonomy":"product_tag","embeddable":true,"href":"https:\/\/packdesites.com\/es\/wp-json\/wp\/v2\/product_tag?post=565"}],"curies":[{"name":"wp","href":"https:\/\/api.w.org\/{rel}","templated":true}]}}