{"id":561,"date":"2022-07-18T03:00:00","date_gmt":"2022-07-18T03:00:00","guid":{"rendered":"https:\/\/packdesites.com\/produto\/memorias-organizador-de-eventos-de-casamento-e-festa\/"},"modified":"2025-04-03T00:29:01","modified_gmt":"2025-04-03T00:29:01","slug":"organizador-de-eventos-de-recuerdos-para-bodas-y-fiestas","status":"publish","type":"product","link":"https:\/\/packdesites.com\/es\/product\/organizador-de-eventos-de-recuerdos-para-bodas-y-fiestas\/","title":{"rendered":"Memories \u2013 Organizador de eventos para bodas y fiestas"},"content":{"rendered":"<p>Memories es un kit de plantillas de bodas rom\u00e1nticas y hermosas para organizadores de eventos de bodas y servicios relacionados. Tiene 12 plantillas predise\u00f1adas con un dise\u00f1o atractivo y un estilo moderno. Tambi\u00e9n puede utilizar este kit de plantillas creativas para cualquier tipo de negocio o servicio relacionado con bodas y fiestas, como organizadores de bodas, fotograf\u00edas de bodas, invitaciones de boda e incluso organizadores de fiestas de cumplea\u00f1os.<\/p>\n\n\n\n<p><strong>Caracter\u00edsticas del dise\u00f1o:<\/strong><\/p>\n\n\n\n<ul class=\"wp-block-list\"><li>Dise\u00f1o rom\u00e1ntico y hermoso.<\/li><li>Creado con Elementor Pro<\/li><li>100% Responsivo y compatible con dispositivos m\u00f3viles<\/li><li>12 modelos predise\u00f1ados<\/li><li>F\u00e1cil de personalizar<\/li><li>Kit de plantillas creado con el tema Elementor Hello<\/li><\/ul>\n\n\n\n<p>Este kit requiere la actualizaci\u00f3n de Elementor Pro para algunas plantillas y funciones.<\/p>\n\n\n\n<p><strong>Qu\u00e9 incluye el Zip:<\/strong><\/p>\n\n\n\n<ul class=\"wp-block-list\"><li>Invitaci\u00f3n a casa<\/li><li>Organizador del hogar<\/li><li>Sobre nosotros<\/li><li>Cont\u00e1ctenos<\/li><li>Archivo<\/li><li>Galer\u00eda<\/li><li>Error 404<\/li><li>Peri\u00f3dico \u2013 Blog<\/li><li>RSVP<\/li><li>Servicios<\/li><li>Publicaci\u00f3n \u00fanica<\/li><li>Equipo<\/li><\/ul>","protected":false},"excerpt":{"rendered":"<p>Mem\u00f3rias \u00e9 rom\u00e2ntico e bonito template kits de casamento para organizador de eventos de casamento e servi\u00e7os relacionados. Tem 12 modelos pr\u00e9-constru\u00eddos com design legal e estilo moderno. Voc\u00ea tamb\u00e9m pode usar este template kit criativo para qualquer tipo de empresas ou servi\u00e7os relacionados ao casamento e festa, como organizador de casamento, foto de casamento, [&hellip;]<\/p>","protected":false},"featured_media":562,"comment_status":"closed","ping_status":"open","template":"","meta":{"_jf_limit_responses":"","iawp_total_views":22},"product_brand":[],"product_cat":[34,23,24],"product_tag":[19],"class_list":{"0":"post-561","1":"product","2":"type-product","3":"status-publish","4":"has-post-thumbnail","6":"product_cat-casamento","7":"product_cat-templates-elementor-e-envato","8":"product_cat-templates-envato","9":"product_tag-vitalicio","11":"first","12":"instock","13":"downloadable","14":"virtual","15":"purchasable","16":"product-type-simple"},"_links":{"self":[{"href":"https:\/\/packdesites.com\/es\/wp-json\/wp\/v2\/product\/561","targetHints":{"allow":["GET"]}}],"collection":[{"href":"https:\/\/packdesites.com\/es\/wp-json\/wp\/v2\/product"}],"about":[{"href":"https:\/\/packdesites.com\/es\/wp-json\/wp\/v2\/types\/product"}],"replies":[{"embeddable":true,"href":"https:\/\/packdesites.com\/es\/wp-json\/wp\/v2\/comments?post=561"}],"version-history":[{"count":0,"href":"https:\/\/packdesites.com\/es\/wp-json\/wp\/v2\/product\/561\/revisions"}],"wp:featuredmedia":[{"embeddable":true,"href":"https:\/\/packdesites.com\/es\/wp-json\/wp\/v2\/media\/562"}],"wp:attachment":[{"href":"https:\/\/packdesites.com\/es\/wp-json\/wp\/v2\/media?parent=561"}],"wp:term":[{"taxonomy":"product_brand","embeddable":true,"href":"https:\/\/packdesites.com\/es\/wp-json\/wp\/v2\/product_brand?post=561"},{"taxonomy":"product_cat","embeddable":true,"href":"https:\/\/packdesites.com\/es\/wp-json\/wp\/v2\/product_cat?post=561"},{"taxonomy":"product_tag","embeddable":true,"href":"https:\/\/packdesites.com\/es\/wp-json\/wp\/v2\/product_tag?post=561"}],"curies":[{"name":"wp","href":"https:\/\/api.w.org\/{rel}","templated":true}]}}