{"id":559,"date":"2022-07-18T03:00:00","date_gmt":"2022-07-18T03:00:00","guid":{"rendered":"https:\/\/packdesites.com\/produto\/lovedy-casamento\/"},"modified":"2025-04-03T00:28:58","modified_gmt":"2025-04-03T00:28:58","slug":"boda-amorosa","status":"publish","type":"product","link":"https:\/\/packdesites.com\/es\/product\/boda-amorosa\/","title":{"rendered":"Lovedy \u2013 Boda"},"content":{"rendered":"<p><strong>Lovedy<\/strong>&nbsp;Es una plantilla de boda limpia, \u00fanica, moderna y sorprendente para WordPress. Es una plantilla de ceremonia de boda moderna, hermosa y elegante con un hermoso dise\u00f1o. Tiene un dise\u00f1o \u00fanico con caracter\u00edsticas sorprendentes para parejas que quieran crear el sitio web de su boda. Elegantemente dise\u00f1ado. Todo lo que necesitas para que tu d\u00eda especial dure toda la vida.<\/p>\n\n\n\n<p>Lovedy fue creado cuidadosamente por un dise\u00f1ador experimentado con gran atenci\u00f3n al detalle, flexibilidad y rendimiento espec\u00edficamente para desarrollar sitios web \u00fanicos basados en WordPress. Esta plantilla se cre\u00f3 con Elementor y Elementor Pro y se puede editar f\u00e1cilmente en Elementor.<\/p>\n\n\n\n<p><strong>P\u00e1ginas y dise\u00f1os<\/strong><\/p>\n\n\n\n<ul class=\"wp-block-list\"><li>Hogar<\/li><li>Nuestra historia<\/li><li>Galer\u00eda<\/li><li>Blog (profesional)<\/li><li>Publicaci\u00f3n \u00fanica (Pro)<\/li><li>Ubicaci\u00f3n<\/li><li>Nuestros amigos<\/li><li>RSVP<\/li><li>Dentro de poco<\/li><li>404 (pro)<\/li><li>Encabezado (pro)<\/li><li>Pie de p\u00e1gina (pro)<\/li><\/ul>\n\n\n\n<p><strong>Caracter\u00edsticas del modelo Lovedy<\/strong><\/p>\n\n\n\n<ul class=\"wp-block-list\"><li>Plantillas de temas y estilos de temas globales de Theme Builder<\/li><li>29 plantillas de Elementor<\/li><li>Dise\u00f1o de p\u00edxeles perfectos<\/li><li>100% Fluido sensible<\/li><li>Estilo limpio y simple<\/li><li>F\u00e1cil de usar y personalizar.<\/li><li>Son compatibles todos los navegadores principales: Chrome, Firefox, Safari, Edge, Opera<\/li><li>Fuentes de Google gratuitas usadas<\/li><li>Iconos proporcionados por Font Awesome 5 Pro<\/li><li>Probado en un simulador de daltonismo<\/li><li>100% optimizado para SEO<\/li><li>Perfecto para Elementor Pro<\/li><li>Soporte r\u00e1pido, dedicado y profesional.<\/li><li>El dise\u00f1o cumple con los requisitos WCAG 2<\/li><\/ul>","protected":false},"excerpt":{"rendered":"<p>Lovedy&nbsp;\u00e9 um modelo de casamento limpo, \u00fanico, moderno e impressionante para WordPress. \u00c9 um modelo de cerim\u00f4nia de casamento moderno, bonito e elegante com design bonito. Ele tem um design exclusivo com caracter\u00edsticas incr\u00edveis para casais que querem construir seu site de casamento. Projetado de forma elegante. Tudo o que voc\u00ea precisa para fazer seu [&hellip;]<\/p>","protected":false},"featured_media":560,"comment_status":"closed","ping_status":"open","template":"","meta":{"_jf_limit_responses":"","iawp_total_views":26},"product_brand":[],"product_cat":[34,23,24],"product_tag":[19],"class_list":{"0":"post-559","1":"product","2":"type-product","3":"status-publish","4":"has-post-thumbnail","6":"product_cat-casamento","7":"product_cat-templates-elementor-e-envato","8":"product_cat-templates-envato","9":"product_tag-vitalicio","11":"first","12":"instock","13":"downloadable","14":"virtual","15":"purchasable","16":"product-type-simple"},"_links":{"self":[{"href":"https:\/\/packdesites.com\/es\/wp-json\/wp\/v2\/product\/559","targetHints":{"allow":["GET"]}}],"collection":[{"href":"https:\/\/packdesites.com\/es\/wp-json\/wp\/v2\/product"}],"about":[{"href":"https:\/\/packdesites.com\/es\/wp-json\/wp\/v2\/types\/product"}],"replies":[{"embeddable":true,"href":"https:\/\/packdesites.com\/es\/wp-json\/wp\/v2\/comments?post=559"}],"version-history":[{"count":0,"href":"https:\/\/packdesites.com\/es\/wp-json\/wp\/v2\/product\/559\/revisions"}],"wp:featuredmedia":[{"embeddable":true,"href":"https:\/\/packdesites.com\/es\/wp-json\/wp\/v2\/media\/560"}],"wp:attachment":[{"href":"https:\/\/packdesites.com\/es\/wp-json\/wp\/v2\/media?parent=559"}],"wp:term":[{"taxonomy":"product_brand","embeddable":true,"href":"https:\/\/packdesites.com\/es\/wp-json\/wp\/v2\/product_brand?post=559"},{"taxonomy":"product_cat","embeddable":true,"href":"https:\/\/packdesites.com\/es\/wp-json\/wp\/v2\/product_cat?post=559"},{"taxonomy":"product_tag","embeddable":true,"href":"https:\/\/packdesites.com\/es\/wp-json\/wp\/v2\/product_tag?post=559"}],"curies":[{"name":"wp","href":"https:\/\/api.w.org\/{rel}","templated":true}]}}