{"id":557,"date":"2022-07-18T03:00:00","date_gmt":"2022-07-18T03:00:00","guid":{"rendered":"https:\/\/packdesites.com\/produto\/kunikaa-convite-de-casamento\/"},"modified":"2025-04-03T00:28:48","modified_gmt":"2025-04-03T00:28:48","slug":"invitacion-de-boda-kunikaa","status":"publish","type":"product","link":"https:\/\/packdesites.com\/es\/product\/invitacion-de-boda-kunikaa\/","title":{"rendered":"Kunikaa \u2013 Invitaci\u00f3n de boda"},"content":{"rendered":"<p><strong>Kunikaa \u2013 Kit de plantillas de Elementor para invitaciones de boda<\/strong><\/p>\n\n\n\n<p>Crea tus hermosos eventos de boda y ahorra tu valioso tiempo con el mejor kit de plantillas Elementor.&nbsp;<strong>Kunikaa es una<\/strong>&nbsp;Plantilla de invitaci\u00f3n de boda elegante, limpia y sencilla con dise\u00f1o totalmente adaptable y f\u00e1cil de personalizar. Este modelo contiene&nbsp;<strong>10 p\u00e1ginas<\/strong>&nbsp;El dise\u00f1o para el sitio web de su boda y las p\u00e1ginas listas para usar incluyen perfil de pareja, eventos, invitaci\u00f3n, formulario de contacto, formulario RSVP, hermosa galer\u00eda y temporizador de cuenta regresiva.<\/p>\n\n\n\n<p><strong>Caracter\u00edsticas<\/strong><\/p>\n\n\n\n<ul class=\"wp-block-list\"><li>Dise\u00f1o elegante y limpio<\/li><li>Plantillas listas para usar de 10 p\u00e1ginas<\/li><li>F\u00e1cil de personalizar<\/li><li>Totalmente responsivo<\/li><\/ul>\n\n\n\n<p><strong>Plantilla de p\u00e1gina incluida<\/strong><\/p>\n\n\n\n<ol class=\"wp-block-list\"><li>Versi\u00f3n casera 1<\/li><li>Versi\u00f3n casera 2<\/li><li>Versi\u00f3n casera 3<\/li><li>Nuestra historia versi\u00f3n 1<\/li><li>Nuestra historia versi\u00f3n 2<\/li><li>Damas de honor y padrinos de boda<\/li><li>Galer\u00eda<\/li><li>Eventos<\/li><li>Contacto<\/li><li>RSVP<\/li><\/ol>\n\n\n\n<p><strong>Creador de temas Elementor Pro<\/strong><\/p>\n\n\n\n<ol class=\"wp-block-list\"><li>Encabezamiento<\/li><li>Z\u00f3calo<\/li><\/ol>\n\n\n\n<p><strong>Se requiere complemento<\/strong><\/p>\n\n\n\n<ul class=\"wp-block-list\"><li>Elementor<\/li><li>Elementor<\/li><\/ul>","protected":false},"excerpt":{"rendered":"<p>Kunikaa &#8211; Convite de casamento Elementor Template Kit Crie seus belos eventos de casamento e economize seu precioso tempo com o melhor template kit elementor.&nbsp;Kunikaa \u00e9 um&nbsp;modelo de convite de casamento elegante, limpo e simples com design totalmente sens\u00edvel e f\u00e1cil de personalizar. Este modelo cont\u00e9m&nbsp;10 p\u00e1ginas&nbsp;layout para o seu site do casamento e p\u00e1ginas [&hellip;]<\/p>","protected":false},"featured_media":558,"comment_status":"closed","ping_status":"open","template":"","meta":{"_jf_limit_responses":"","iawp_total_views":22},"product_brand":[],"product_cat":[34,23,24],"product_tag":[19],"class_list":{"0":"post-557","1":"product","2":"type-product","3":"status-publish","4":"has-post-thumbnail","6":"product_cat-casamento","7":"product_cat-templates-elementor-e-envato","8":"product_cat-templates-envato","9":"product_tag-vitalicio","11":"first","12":"instock","13":"downloadable","14":"virtual","15":"purchasable","16":"product-type-simple"},"_links":{"self":[{"href":"https:\/\/packdesites.com\/es\/wp-json\/wp\/v2\/product\/557","targetHints":{"allow":["GET"]}}],"collection":[{"href":"https:\/\/packdesites.com\/es\/wp-json\/wp\/v2\/product"}],"about":[{"href":"https:\/\/packdesites.com\/es\/wp-json\/wp\/v2\/types\/product"}],"replies":[{"embeddable":true,"href":"https:\/\/packdesites.com\/es\/wp-json\/wp\/v2\/comments?post=557"}],"version-history":[{"count":0,"href":"https:\/\/packdesites.com\/es\/wp-json\/wp\/v2\/product\/557\/revisions"}],"wp:featuredmedia":[{"embeddable":true,"href":"https:\/\/packdesites.com\/es\/wp-json\/wp\/v2\/media\/558"}],"wp:attachment":[{"href":"https:\/\/packdesites.com\/es\/wp-json\/wp\/v2\/media?parent=557"}],"wp:term":[{"taxonomy":"product_brand","embeddable":true,"href":"https:\/\/packdesites.com\/es\/wp-json\/wp\/v2\/product_brand?post=557"},{"taxonomy":"product_cat","embeddable":true,"href":"https:\/\/packdesites.com\/es\/wp-json\/wp\/v2\/product_cat?post=557"},{"taxonomy":"product_tag","embeddable":true,"href":"https:\/\/packdesites.com\/es\/wp-json\/wp\/v2\/product_tag?post=557"}],"curies":[{"name":"wp","href":"https:\/\/api.w.org\/{rel}","templated":true}]}}