{"id":555,"date":"2022-07-18T03:00:00","date_gmt":"2022-07-18T03:00:00","guid":{"rendered":"https:\/\/packdesites.com\/produto\/kate-steve-convite-de-casamento\/"},"modified":"2025-04-03T00:28:45","modified_gmt":"2025-04-03T00:28:45","slug":"invitacion-de-boda-de-kate-steve","status":"publish","type":"product","link":"https:\/\/packdesites.com\/es\/product\/invitacion-de-boda-de-kate-steve\/","title":{"rendered":"Kate y Steve \u2013 Invitaci\u00f3n de boda"},"content":{"rendered":"<p><strong>Kate y Steve<\/strong>&nbsp;es el tema de kit de invitaci\u00f3n de boda minimalista de Elementor para tu proyecto de boda. Est\u00e1 dise\u00f1ado con amor para cumplir con los requisitos que debe necesitar la invitaci\u00f3n de boda. Este kit modelo est\u00e1 lleno de interactividad, que sorprender\u00e1 a tus invitados.<\/p>\n\n\n\n<p><strong>Kate y Steve<\/strong>&nbsp;El kit de bodas funciona con el tema de inicio Hello by Elementor m\u00e1s r\u00e1pido, por lo que no puede preocuparse de que su invitado abra lentamente su invitaci\u00f3n de boda web. Adem\u00e1s, este kit no tiene requisitos de codificaci\u00f3n, todo lo que necesita es reemplazar la imagen de usted y su pareja y reemplazar el texto dentro del kit.<\/p>\n\n\n\n<p>Modelos:<\/p>\n\n\n\n<ul class=\"wp-block-list\"><li>P\u00e1gina principal<\/li><li>2 Estilo de t\u00edtulo<\/li><li>P\u00e1gina local<\/li><li>P\u00e1gina de gu\u00eda<\/li><li>P\u00e1gina del c\u00f3digo de vestimenta<\/li><li>P\u00e1gina de la galer\u00eda<\/li><li>P\u00e1gina de archivo de publicaciones<\/li><li>Publicaci\u00f3n de una sola p\u00e1gina<\/li><li>404 P\u00e1gina no encontrada<\/li><li>P\u00e1gina de resultados de b\u00fasqueda<\/li><\/ul>\n\n\n\n<p>Secciones:<\/p>\n\n\n\n<ul class=\"wp-block-list\"><li>Estilo de encabezado 1<\/li><li>Estilo de encabezado 2<\/li><li>Z\u00f3calo<\/li><li>Historia emergente con l\u00ednea de tiempo<\/li><li>Gu\u00eda emergente<\/li><li>Invitado y administrador fuera del men\u00fa de Canvas<\/li><li>Men\u00fa RSVP Off Canvas<\/li><\/ul>\n\n\n\n<p>Complementos necesarios (se instalar\u00e1n autom\u00e1ticamente):<\/p>\n\n\n\n<ul class=\"wp-block-list\"><li>Elementor<\/li><li>Elementor<\/li><li>Complementos de Happy Elementor<\/li><li>ElementsKit Lite<\/li><li>Efectos de encabezado fijo para Elementor<\/li><\/ul>","protected":false},"excerpt":{"rendered":"<p>Kate &amp; Steve&nbsp;\u00e9 o tema do kit de convite de casamento Elementor m\u00ednimo para o seu projeto de casamento. Ele foi projetado com amor para atender aos requisitos de convite de casamento deve precisar. Este modelo de kit cheio com interatividade, que ir\u00e1 surpreender o seu convidado. Kate &amp; Steve&nbsp;kit de casamento \u00e9 alimentado com [&hellip;]<\/p>","protected":false},"featured_media":556,"comment_status":"closed","ping_status":"open","template":"","meta":{"_jf_limit_responses":"","iawp_total_views":28},"product_brand":[],"product_cat":[34,23,24],"product_tag":[19],"class_list":{"0":"post-555","1":"product","2":"type-product","3":"status-publish","4":"has-post-thumbnail","6":"product_cat-casamento","7":"product_cat-templates-elementor-e-envato","8":"product_cat-templates-envato","9":"product_tag-vitalicio","11":"first","12":"instock","13":"downloadable","14":"virtual","15":"purchasable","16":"product-type-simple"},"_links":{"self":[{"href":"https:\/\/packdesites.com\/es\/wp-json\/wp\/v2\/product\/555","targetHints":{"allow":["GET"]}}],"collection":[{"href":"https:\/\/packdesites.com\/es\/wp-json\/wp\/v2\/product"}],"about":[{"href":"https:\/\/packdesites.com\/es\/wp-json\/wp\/v2\/types\/product"}],"replies":[{"embeddable":true,"href":"https:\/\/packdesites.com\/es\/wp-json\/wp\/v2\/comments?post=555"}],"version-history":[{"count":0,"href":"https:\/\/packdesites.com\/es\/wp-json\/wp\/v2\/product\/555\/revisions"}],"wp:featuredmedia":[{"embeddable":true,"href":"https:\/\/packdesites.com\/es\/wp-json\/wp\/v2\/media\/556"}],"wp:attachment":[{"href":"https:\/\/packdesites.com\/es\/wp-json\/wp\/v2\/media?parent=555"}],"wp:term":[{"taxonomy":"product_brand","embeddable":true,"href":"https:\/\/packdesites.com\/es\/wp-json\/wp\/v2\/product_brand?post=555"},{"taxonomy":"product_cat","embeddable":true,"href":"https:\/\/packdesites.com\/es\/wp-json\/wp\/v2\/product_cat?post=555"},{"taxonomy":"product_tag","embeddable":true,"href":"https:\/\/packdesites.com\/es\/wp-json\/wp\/v2\/product_tag?post=555"}],"curies":[{"name":"wp","href":"https:\/\/api.w.org\/{rel}","templated":true}]}}