{"id":553,"date":"2022-07-18T03:00:00","date_gmt":"2022-07-18T03:00:00","guid":{"rendered":"https:\/\/packdesites.com\/produto\/casais-planejador-de-casamento\/"},"modified":"2025-04-03T00:28:43","modified_gmt":"2025-04-03T00:28:43","slug":"planificador-de-bodas-para-parejas","status":"publish","type":"product","link":"https:\/\/packdesites.com\/es\/product\/planificador-de-bodas-para-parejas\/","title":{"rendered":"Parejas \u2013 Organizador de bodas"},"content":{"rendered":"<p>Guarda los momentos especiales de tu boda con el mejor kit de plantillas Elementor.&nbsp;<strong>Parejas<\/strong>&nbsp;es un kit de plantillas Elementor perfecto con excelente atenci\u00f3n al detalle, flexibilidad y rendimiento. Comience con cualquiera de estos dise\u00f1os o cr\u00e9elo visualmente con Elementor altamente personalizable. Esta plantilla contiene m\u00e1s de 10 p\u00e1ginas de dise\u00f1o con m\u00e1s de 30 secciones. Puede estar listo para usar para invitaciones de boda, agencia de bodas o fotograf\u00eda de bodas.<\/p>\n\n\n\n<p>Todas las p\u00e1ginas son compatibles con el widget de secci\u00f3n Elementor gratuito y pro. Esta p\u00e1gina de plantilla incluye un dise\u00f1o adaptativo.<\/p>\n\n\n\n<p>Aqu\u00ed est\u00e1 la lista de p\u00e1ginas incluidas en este kit de plantillas.<\/p>\n\n\n\n<ul class=\"wp-block-list\"><li>Versi\u00f3n casera 01<\/li><li>Versi\u00f3n casera 02<\/li><li>Versi\u00f3n casera 03<\/li><li>Versi\u00f3n casera 04<\/li><li>Nuestra historia<\/li><li>Proveedores<\/li><li>Nuestros planes<\/li><li>RSVP<\/li><li>Contacto 01<\/li><li>Contacto 02<\/li><li>P\u00e1gina pr\u00f3ximamente<\/li><li>Dise\u00f1o emergente<\/li><\/ul>","protected":false},"excerpt":{"rendered":"<p>Salve os momentos especiais do casamento com o melhor template kit elementor.&nbsp;Couples&nbsp;\u00e9 um Template Kit Elementor perfeito com excelente aten\u00e7\u00e3o aos detalhes, flexibilidade e desempenho. Comece com qualquer um desses layouts ou crie visualmente com o altamente personaliz\u00e1vel com Elementor. Este modelo cont\u00e9m mais de 10 p\u00e1ginas de layout com mais de 30 se\u00e7\u00f5es. Voc\u00ea [&hellip;]<\/p>","protected":false},"featured_media":554,"comment_status":"closed","ping_status":"open","template":"","meta":{"_jf_limit_responses":"","iawp_total_views":24},"product_brand":[],"product_cat":[34,23,24],"product_tag":[19],"class_list":{"0":"post-553","1":"product","2":"type-product","3":"status-publish","4":"has-post-thumbnail","6":"product_cat-casamento","7":"product_cat-templates-elementor-e-envato","8":"product_cat-templates-envato","9":"product_tag-vitalicio","11":"first","12":"instock","13":"downloadable","14":"virtual","15":"purchasable","16":"product-type-simple"},"_links":{"self":[{"href":"https:\/\/packdesites.com\/es\/wp-json\/wp\/v2\/product\/553","targetHints":{"allow":["GET"]}}],"collection":[{"href":"https:\/\/packdesites.com\/es\/wp-json\/wp\/v2\/product"}],"about":[{"href":"https:\/\/packdesites.com\/es\/wp-json\/wp\/v2\/types\/product"}],"replies":[{"embeddable":true,"href":"https:\/\/packdesites.com\/es\/wp-json\/wp\/v2\/comments?post=553"}],"version-history":[{"count":0,"href":"https:\/\/packdesites.com\/es\/wp-json\/wp\/v2\/product\/553\/revisions"}],"wp:featuredmedia":[{"embeddable":true,"href":"https:\/\/packdesites.com\/es\/wp-json\/wp\/v2\/media\/554"}],"wp:attachment":[{"href":"https:\/\/packdesites.com\/es\/wp-json\/wp\/v2\/media?parent=553"}],"wp:term":[{"taxonomy":"product_brand","embeddable":true,"href":"https:\/\/packdesites.com\/es\/wp-json\/wp\/v2\/product_brand?post=553"},{"taxonomy":"product_cat","embeddable":true,"href":"https:\/\/packdesites.com\/es\/wp-json\/wp\/v2\/product_cat?post=553"},{"taxonomy":"product_tag","embeddable":true,"href":"https:\/\/packdesites.com\/es\/wp-json\/wp\/v2\/product_tag?post=553"}],"curies":[{"name":"wp","href":"https:\/\/api.w.org\/{rel}","templated":true}]}}