{"id":547,"date":"2022-07-18T03:00:00","date_gmt":"2022-07-18T03:00:00","guid":{"rendered":"https:\/\/packdesites.com\/produto\/vagabonds-blog-de-viagem\/"},"modified":"2025-04-03T00:28:37","modified_gmt":"2025-04-03T00:28:37","slug":"blog-de-viajes-de-vagabundos","status":"publish","type":"product","link":"https:\/\/packdesites.com\/es\/product\/blog-de-viajes-de-vagabundos\/","title":{"rendered":"Vagabundos - Blog de viajes"},"content":{"rendered":"<p><strong>Kit de plantillas de vagabundos<\/strong>&nbsp;es una colecci\u00f3n de plantillas predise\u00f1adas, elegantes y modernas, para crear un sitio web para un blog de viajes. As\u00ed que, si eres escritor o bloguero y escribes art\u00edculos de viajes, historias, noticias de estilo de vida, tienes un blog de viajes o un blog de entretenimiento, comparte tu art\u00edculo o historia de estilo de vida con&nbsp;<strong>\u00a1Kit de plantillas de vagabundos!<\/strong><\/p>\n\n\n\n<p>Este kit requiere Elementor Pro.<\/p>","protected":false},"excerpt":{"rendered":"<p>Vagabonds Template Kit&nbsp;\u00e9 uma cole\u00e7\u00e3o de modelos pr\u00e9-projetados elegantes e modernos para a constru\u00e7\u00e3o de um site para um Blog de viagens, por isso, se voc\u00ea \u00e9 um escritor ou um blogueiro e escrever artigos de viagem, hist\u00f3rias, not\u00edcias de estilo de vida, ter um blog de viagens ou blog de entretenimento \u2014 compartilhe seu [&hellip;]<\/p>","protected":false},"featured_media":548,"comment_status":"closed","ping_status":"open","template":"","meta":{"_jf_limit_responses":"","iawp_total_views":14},"product_brand":[],"product_cat":[33,23,24],"product_tag":[19],"class_list":{"0":"post-547","1":"product","2":"type-product","3":"status-publish","4":"has-post-thumbnail","6":"product_cat-entretenimento-e-midia","7":"product_cat-templates-elementor-e-envato","8":"product_cat-templates-envato","9":"product_tag-vitalicio","11":"first","12":"instock","13":"downloadable","14":"virtual","15":"purchasable","16":"product-type-simple"},"_links":{"self":[{"href":"https:\/\/packdesites.com\/es\/wp-json\/wp\/v2\/product\/547","targetHints":{"allow":["GET"]}}],"collection":[{"href":"https:\/\/packdesites.com\/es\/wp-json\/wp\/v2\/product"}],"about":[{"href":"https:\/\/packdesites.com\/es\/wp-json\/wp\/v2\/types\/product"}],"replies":[{"embeddable":true,"href":"https:\/\/packdesites.com\/es\/wp-json\/wp\/v2\/comments?post=547"}],"version-history":[{"count":0,"href":"https:\/\/packdesites.com\/es\/wp-json\/wp\/v2\/product\/547\/revisions"}],"wp:featuredmedia":[{"embeddable":true,"href":"https:\/\/packdesites.com\/es\/wp-json\/wp\/v2\/media\/548"}],"wp:attachment":[{"href":"https:\/\/packdesites.com\/es\/wp-json\/wp\/v2\/media?parent=547"}],"wp:term":[{"taxonomy":"product_brand","embeddable":true,"href":"https:\/\/packdesites.com\/es\/wp-json\/wp\/v2\/product_brand?post=547"},{"taxonomy":"product_cat","embeddable":true,"href":"https:\/\/packdesites.com\/es\/wp-json\/wp\/v2\/product_cat?post=547"},{"taxonomy":"product_tag","embeddable":true,"href":"https:\/\/packdesites.com\/es\/wp-json\/wp\/v2\/product_tag?post=547"}],"curies":[{"name":"wp","href":"https:\/\/api.w.org\/{rel}","templated":true}]}}