{"id":543,"date":"2022-07-18T03:00:00","date_gmt":"2022-07-18T03:00:00","guid":{"rendered":"https:\/\/packdesites.com\/produto\/skye-blog-de-noticias\/"},"modified":"2025-04-03T00:28:33","modified_gmt":"2025-04-03T00:28:33","slug":"blog-de-noticias-de-skye","status":"publish","type":"product","link":"https:\/\/packdesites.com\/es\/product\/blog-de-noticias-de-skye\/","title":{"rendered":"Skye \u2013 Blog de noticias"},"content":{"rendered":"<p><strong>Skye<\/strong>\u00a0Kit de plantillas Elementor para blogs que te ofrece las \u00faltimas tendencias de dise\u00f1o con un dise\u00f1o perfectamente equilibrado. Con m\u00e1s de 12 a\u00f1os de experiencia, hemos creado un dise\u00f1o que cubre todas tus necesidades con las caracter\u00edsticas de los kits Elementor. Skye es la herramienta perfecta para principiantes y quienes desean crear un sitio web atractivo de la forma m\u00e1s sencilla. Incluye todas las p\u00e1ginas y bloques que necesitas para crear tu sitio web y hacer crecer tu negocio.<\/p>\n\n\n\n<ul class=\"wp-block-list\"><li>6 dise\u00f1os de casas<\/li><li>Acerca de m\u00ed<\/li><li>Contacto<\/li><li>Galer\u00eda<\/li><li>P\u00e1gina 404<\/li><li>Bolet\u00edn emergente<\/li><li>Encabezado y pie de p\u00e1gina para Theme Builder<\/li><li>Archivo de publicaciones, b\u00fasquedas y autores para Theme Builder<\/li><li>Publicaci\u00f3n \u00fanica para el tema Builder<\/li><li>Bloque de publicaci\u00f3n de contenido para publicaciones de Elementor<\/li><\/ul>\n\n\n\n<p>Este kit requiere la actualizaci\u00f3n de Elementor Pro para algunas plantillas y funciones.<\/p>\n\n\n\n<p><strong>Fuentes<\/strong><\/p>\n\n\n\n<ul class=\"wp-block-list\"><li>Montserrat<\/li><li>espartano<\/li><\/ul>","protected":false},"excerpt":{"rendered":"<p>Skye\u00a0&#8211; Blog Elementor Template Kit que oferece a voc\u00ea as \u00faltimas tend\u00eancias de design com o layout perfeitamente equilibrado. Com mais de 12 anos de experi\u00eancia, criamos um design que pode cobrir todas as suas necessidades dentro dos recursos dos Kits Elementor. Skye \u00e9 uma ferramenta perfeita para iniciantes e para pessoas que querem tornar [&hellip;]<\/p>","protected":false},"featured_media":544,"comment_status":"closed","ping_status":"open","template":"","meta":{"_jf_limit_responses":"","iawp_total_views":13},"product_brand":[],"product_cat":[33,23,24],"product_tag":[19],"class_list":{"0":"post-543","1":"product","2":"type-product","3":"status-publish","4":"has-post-thumbnail","6":"product_cat-entretenimento-e-midia","7":"product_cat-templates-elementor-e-envato","8":"product_cat-templates-envato","9":"product_tag-vitalicio","11":"first","12":"instock","13":"downloadable","14":"virtual","15":"purchasable","16":"product-type-simple"},"_links":{"self":[{"href":"https:\/\/packdesites.com\/es\/wp-json\/wp\/v2\/product\/543","targetHints":{"allow":["GET"]}}],"collection":[{"href":"https:\/\/packdesites.com\/es\/wp-json\/wp\/v2\/product"}],"about":[{"href":"https:\/\/packdesites.com\/es\/wp-json\/wp\/v2\/types\/product"}],"replies":[{"embeddable":true,"href":"https:\/\/packdesites.com\/es\/wp-json\/wp\/v2\/comments?post=543"}],"version-history":[{"count":0,"href":"https:\/\/packdesites.com\/es\/wp-json\/wp\/v2\/product\/543\/revisions"}],"wp:featuredmedia":[{"embeddable":true,"href":"https:\/\/packdesites.com\/es\/wp-json\/wp\/v2\/media\/544"}],"wp:attachment":[{"href":"https:\/\/packdesites.com\/es\/wp-json\/wp\/v2\/media?parent=543"}],"wp:term":[{"taxonomy":"product_brand","embeddable":true,"href":"https:\/\/packdesites.com\/es\/wp-json\/wp\/v2\/product_brand?post=543"},{"taxonomy":"product_cat","embeddable":true,"href":"https:\/\/packdesites.com\/es\/wp-json\/wp\/v2\/product_cat?post=543"},{"taxonomy":"product_tag","embeddable":true,"href":"https:\/\/packdesites.com\/es\/wp-json\/wp\/v2\/product_tag?post=543"}],"curies":[{"name":"wp","href":"https:\/\/api.w.org\/{rel}","templated":true}]}}