{"id":535,"date":"2022-07-18T03:00:00","date_gmt":"2022-07-18T03:00:00","guid":{"rendered":"https:\/\/packdesites.com\/produto\/poppy-blogs-e-revistas\/"},"modified":"2025-04-03T00:28:24","modified_gmt":"2025-04-03T00:28:24","slug":"blogs-y-revistas-de-amapola","status":"publish","type":"product","link":"https:\/\/packdesites.com\/es\/product\/blogs-y-revistas-de-amapola\/","title":{"rendered":"Amapola \u2013 Blogs y revistas"},"content":{"rendered":"<p>Poppy es un kit de plantillas para blogs y revistas de Elementor que se adapta perfectamente a las necesidades de cualquier blogger. Su dise\u00f1o limpio y equilibrado lo convierte en una excelente opci\u00f3n para bloggers. El kit incluye numerosas plantillas f\u00e1ciles de editar con el constructor de p\u00e1ginas Elementor para WordPress y est\u00e1 optimizado para el tema gratuito Hello Elementor, aunque tambi\u00e9n es compatible con la mayor\u00eda de los temas compatibles con Elementor.<\/p>\n\n\n\n<p>A \u2013 Se requiere la actualizaci\u00f3n a Elementor Pro para el generador de publicaciones y las funciones del tema (no incluidas).<\/p>\n\n\n\n<p><strong>El kit incluye:<\/strong><\/p>\n\n\n\n<ul class=\"wp-block-list\"><li>Inicio 1 <\/li><li>Inicio 2<\/li><li>Inicio 3<\/li><li>Plantilla de pie de p\u00e1gina<\/li><li>Plantilla de p\u00e1gina de contacto<\/li><li>Plantilla de autor de archivo<\/li><li>Plantilla de categor\u00eda de archivo<\/li><li>Plantilla de etiqueta de archivo<\/li><li>Plantilla de b\u00fasqueda de archivos<\/li><li>Plantilla de p\u00e1gina 404<\/li><li>Plantilla de men\u00fa fuera del lienzo<\/li><li>Plantilla de p\u00e1gina \u00fanica, publicaci\u00f3n 1<\/li><li>Plantilla de p\u00e1gina \u00fanica, publicaci\u00f3n 2<\/li><li>2 estilos de encabezado<\/li><li>2 estilos de pie de p\u00e1gina<\/li><\/ul>\n\n\n\n<p><strong>Fuentes<\/strong><\/p>\n\n\n\n<ul class=\"wp-block-list\"><li>Abra Sans<\/li><\/ul>","protected":false},"excerpt":{"rendered":"<p>Poppy \u00e9 o Template Kit Elementor de Blog\/Revista, que se encaixa perfeitamente para qualquer necessidade de blogueiro. O layout limpo e equilibrado do Poppy o torna a melhor escolha para blogueiros. O Kit inclui muitos modelos que s\u00e3o f\u00e1ceis de editar usando o construtor de p\u00e1ginas Elementor para WordPress e foi otimizado para uso com [&hellip;]<\/p>","protected":false},"featured_media":536,"comment_status":"closed","ping_status":"open","template":"","meta":{"_jf_limit_responses":"","iawp_total_views":4},"product_brand":[],"product_cat":[23,24],"product_tag":[19],"class_list":{"0":"post-535","1":"product","2":"type-product","3":"status-publish","4":"has-post-thumbnail","6":"product_cat-templates-elementor-e-envato","7":"product_cat-templates-envato","8":"product_tag-vitalicio","10":"first","11":"instock","12":"downloadable","13":"virtual","14":"purchasable","15":"product-type-simple"},"_links":{"self":[{"href":"https:\/\/packdesites.com\/es\/wp-json\/wp\/v2\/product\/535","targetHints":{"allow":["GET"]}}],"collection":[{"href":"https:\/\/packdesites.com\/es\/wp-json\/wp\/v2\/product"}],"about":[{"href":"https:\/\/packdesites.com\/es\/wp-json\/wp\/v2\/types\/product"}],"replies":[{"embeddable":true,"href":"https:\/\/packdesites.com\/es\/wp-json\/wp\/v2\/comments?post=535"}],"version-history":[{"count":0,"href":"https:\/\/packdesites.com\/es\/wp-json\/wp\/v2\/product\/535\/revisions"}],"wp:featuredmedia":[{"embeddable":true,"href":"https:\/\/packdesites.com\/es\/wp-json\/wp\/v2\/media\/536"}],"wp:attachment":[{"href":"https:\/\/packdesites.com\/es\/wp-json\/wp\/v2\/media?parent=535"}],"wp:term":[{"taxonomy":"product_brand","embeddable":true,"href":"https:\/\/packdesites.com\/es\/wp-json\/wp\/v2\/product_brand?post=535"},{"taxonomy":"product_cat","embeddable":true,"href":"https:\/\/packdesites.com\/es\/wp-json\/wp\/v2\/product_cat?post=535"},{"taxonomy":"product_tag","embeddable":true,"href":"https:\/\/packdesites.com\/es\/wp-json\/wp\/v2\/product_tag?post=535"}],"curies":[{"name":"wp","href":"https:\/\/api.w.org\/{rel}","templated":true}]}}