{"id":533,"date":"2022-07-18T03:00:00","date_gmt":"2022-07-18T03:00:00","guid":{"rendered":"https:\/\/packdesites.com\/produto\/poeta-e-caneta-blog-pessoal\/"},"modified":"2025-04-03T00:28:22","modified_gmt":"2025-04-03T00:28:22","slug":"blog-personal-del-poeta-y-la-pluma","status":"publish","type":"product","link":"https:\/\/packdesites.com\/es\/product\/blog-personal-del-poeta-y-la-pluma\/","title":{"rendered":"Poeta y Pluma \u2013 Blog Personal"},"content":{"rendered":"<p>Poeta y pluma es un&nbsp;<strong>Kit de plantillas de blog de WordPress limpio y minimalista<\/strong>&nbsp;Basado en el constructor de p\u00e1ginas Elementor Pro, este kit de plantillas es ideal para blogueros, escritores y creativos, y es perfecto para blogueros de estilo de vida y revistas. Cuenta con numerosas caracter\u00edsticas \u00fanicas que har\u00e1n que tu blog o revista destaque entre la multitud. Deja que tus visitantes disfruten del dise\u00f1o limpio y contempor\u00e1neo de tu nuevo sitio web, desarrollado por Poet &amp; Pen.<\/p>\n\n\n\n<p>Poet &amp; Pen ofrece una variedad de dise\u00f1os intercambiables, amplias opciones de color y tipograf\u00eda, una variedad de impresionantes dise\u00f1os para \u00e1reas destacadas y mucho m\u00e1s. Ya sea que busques viajes, estilo de vida, gastronom\u00eda o moda, la flexibilidad de Poet &amp; Pen lo convierte en el compa\u00f1ero ideal, sin importar tu pasi\u00f3n. Desde lo brillante hasta lo atmosf\u00e9rico, desde lo minimalista hasta lo dram\u00e1tico, Poet &amp; Pen lo tiene todo.<\/p>\n\n\n\n<p><strong>Este kit requiere la actualizaci\u00f3n de Elementor Pro para algunas plantillas y funciones (no incluidas)<\/strong><\/p>\n\n\n\n<p><strong>CARACTER\u00cdSTICAS DEL MODELO<\/strong><\/p>\n\n\n\n<ul class=\"wp-block-list\"><li>Plantillas de 18 p\u00e1ginas<\/li><li>25 modelos de bloques<\/li><li>4 dise\u00f1os de p\u00e1gina de inicio<\/li><li>2 dise\u00f1os de publicaciones individuales.<\/li><li>Dise\u00f1o s\u00faper limpio<\/li><li>Altamente personalizable<\/li><li>M\u00faltiples formas de mostrar su contenido<\/li><li>Gran compromiso social<\/li><li>Ultra sensible<\/li><li>Estilos globales incluidos<\/li><li>Personalizaci\u00f3n completa de colores y tipograf\u00eda.<\/li><li>Dise\u00f1o optimizado para SEO.<\/li><li>Colores ilimitados<\/li><li>M\u00e1s de 900 fuentes de Google<\/li><li>No se requieren conocimientos de codificaci\u00f3n.<\/li><li>La funci\u00f3n de importaci\u00f3n de modelos r\u00e1pida y sencilla<\/li><li>Generador de formularios de f\u00e1cil acceso<\/li><li>Generador de encabezados y pies de p\u00e1gina<\/li><li>Actualizaciones gratuitas de por vida<\/li><\/ul>\n\n\n\n<p><strong>PLANTILLAS DE P\u00c1GINA INCLUIDAS<\/strong><\/p>\n\n\n\n<ul class=\"wp-block-list\"><li>P\u00e1gina de inicio 1<\/li><li>P\u00e1gina de inicio 2<\/li><li>P\u00e1gina de inicio 3<\/li><li>P\u00e1gina de inicio 4<\/li><li>Archivo de categor\u00edas<\/li><li>Dise\u00f1o de publicaci\u00f3n \u00fanica 1<\/li><li>Dise\u00f1o de publicaci\u00f3n \u00fanica 2<\/li><li>Archivo de blog predeterminado<\/li><li>Archivo de publicaciones del autor<\/li><li>Otro archivo<\/li><li>En<\/li><li>Galer\u00eda<\/li><li>Servicios<\/li><li>Resultados de la b\u00fasqueda<\/li><li>Testimonios<\/li><li>Precios<\/li><li>Contacto<\/li><li>P\u00e1gina de error 404<\/li><li><strong>+25 modelos de bloques<\/strong><\/li><\/ul>","protected":false},"excerpt":{"rendered":"<p>Poet &amp; Pen \u00e9 um&nbsp;template kit de blog WordPress limpo e minimalista&nbsp;baseado no construtor de p\u00e1ginas Elementor Pro. Este template kit \u00e9 adequado para blogueiros, escritores e criativos para se adequar perfeitamente a blogueiros e revistas de estilo de vida. Ele tem tantos recursos exclusivos que far\u00e3o seu blog ou revista se destacar entre outros. [&hellip;]<\/p>","protected":false},"featured_media":534,"comment_status":"closed","ping_status":"open","template":"","meta":{"_jf_limit_responses":"","iawp_total_views":4},"product_brand":[],"product_cat":[23,24],"product_tag":[19],"class_list":{"0":"post-533","1":"product","2":"type-product","3":"status-publish","4":"has-post-thumbnail","6":"product_cat-templates-elementor-e-envato","7":"product_cat-templates-envato","8":"product_tag-vitalicio","10":"first","11":"instock","12":"downloadable","13":"virtual","14":"purchasable","15":"product-type-simple"},"_links":{"self":[{"href":"https:\/\/packdesites.com\/es\/wp-json\/wp\/v2\/product\/533","targetHints":{"allow":["GET"]}}],"collection":[{"href":"https:\/\/packdesites.com\/es\/wp-json\/wp\/v2\/product"}],"about":[{"href":"https:\/\/packdesites.com\/es\/wp-json\/wp\/v2\/types\/product"}],"replies":[{"embeddable":true,"href":"https:\/\/packdesites.com\/es\/wp-json\/wp\/v2\/comments?post=533"}],"version-history":[{"count":0,"href":"https:\/\/packdesites.com\/es\/wp-json\/wp\/v2\/product\/533\/revisions"}],"wp:featuredmedia":[{"embeddable":true,"href":"https:\/\/packdesites.com\/es\/wp-json\/wp\/v2\/media\/534"}],"wp:attachment":[{"href":"https:\/\/packdesites.com\/es\/wp-json\/wp\/v2\/media?parent=533"}],"wp:term":[{"taxonomy":"product_brand","embeddable":true,"href":"https:\/\/packdesites.com\/es\/wp-json\/wp\/v2\/product_brand?post=533"},{"taxonomy":"product_cat","embeddable":true,"href":"https:\/\/packdesites.com\/es\/wp-json\/wp\/v2\/product_cat?post=533"},{"taxonomy":"product_tag","embeddable":true,"href":"https:\/\/packdesites.com\/es\/wp-json\/wp\/v2\/product_tag?post=533"}],"curies":[{"name":"wp","href":"https:\/\/api.w.org\/{rel}","templated":true}]}}