{"id":519,"date":"2022-07-18T03:00:00","date_gmt":"2022-07-18T03:00:00","guid":{"rendered":"https:\/\/packdesites.com\/produto\/logen-blog-de-estilo-de-vida\/"},"modified":"2025-04-03T00:28:03","modified_gmt":"2025-04-03T00:28:03","slug":"blog-de-estilo-de-vida-de-logen","status":"publish","type":"product","link":"https:\/\/packdesites.com\/es\/product\/blog-de-estilo-de-vida-de-logen\/","title":{"rendered":"Logen \u2013 Blog de estilo de vida"},"content":{"rendered":"<p>Logen es el kit de plantillas para blogs y revistas de Elementor que se adapta perfectamente a las necesidades de cualquier blogger. Su dise\u00f1o limpio y equilibrado lo convierte en la mejor opci\u00f3n para bloggers. El kit incluye numerosas plantillas f\u00e1ciles de editar con el constructor de p\u00e1ginas Elementor para WordPress y est\u00e1 optimizado para el tema gratuito Hello Elementor, aunque tambi\u00e9n es compatible con la mayor\u00eda de los temas compatibles con Elementor.<\/p>\n\n\n\n<ul class=\"wp-block-list\"><li>Se requiere la actualizaci\u00f3n a Elementor Pro para el generador de publicaciones y las funciones del tema (no incluidas)<\/li><\/ul>\n\n\n\n<p><strong>El kit incluye:<\/strong><\/p>\n\n\n\n<ul class=\"wp-block-list\"><li>Inicio 1 Modelo<\/li><li>Modelo Home 2<\/li><li>Modelo Inicio 3<ul><li>Plantilla de encabezado<\/li><\/ul><\/li><li>Plantilla de pie de p\u00e1gina<\/li><li>Plantilla de p\u00e1gina de contacto<\/li><li>Plantilla de autor de archivo<\/li><li>Plantilla de categor\u00eda de archivo<\/li><li>Plantilla de etiqueta de archivo<\/li><li>Plantilla de b\u00fasqueda de archivos<\/li><li>Plantilla de p\u00e1gina 404<\/li><li>Plantilla de men\u00fa fuera del lienzo<\/li><li>Plantilla de p\u00e1gina \u00fanica, publicaci\u00f3n 1<\/li><li>Plantilla de p\u00e1gina \u00fanica, publicaci\u00f3n 2<\/li><li>2 estilos de encabezado<\/li><li>2 estilos de pie de p\u00e1gina<\/li><\/ul>\n\n\n\n<p><strong>Fuentes<\/strong><\/p>\n\n\n\n<ul class=\"wp-block-list\"><li>Montserrat<\/li><li>Roboto<\/li><\/ul>","protected":false},"excerpt":{"rendered":"<p>Logen \u00e9 o Template Kit Elementor para Blog\/Revista, que se adapta perfeitamente \u00e0s necessidades de qualquer blogueiro. O layout limpo e equilibrado da Logen o torna a melhor escolha para blogueiros. O Kit inclui muitos modelos que s\u00e3o f\u00e1ceis de editar usando o construtor de p\u00e1ginas Elementor para WordPress e foi otimizado para uso com [&hellip;]<\/p>","protected":false},"featured_media":520,"comment_status":"closed","ping_status":"open","template":"","meta":{"_jf_limit_responses":"","iawp_total_views":13},"product_brand":[],"product_cat":[23,24],"product_tag":[19],"class_list":{"0":"post-519","1":"product","2":"type-product","3":"status-publish","4":"has-post-thumbnail","6":"product_cat-templates-elementor-e-envato","7":"product_cat-templates-envato","8":"product_tag-vitalicio","10":"first","11":"instock","12":"downloadable","13":"virtual","14":"purchasable","15":"product-type-simple"},"_links":{"self":[{"href":"https:\/\/packdesites.com\/es\/wp-json\/wp\/v2\/product\/519","targetHints":{"allow":["GET"]}}],"collection":[{"href":"https:\/\/packdesites.com\/es\/wp-json\/wp\/v2\/product"}],"about":[{"href":"https:\/\/packdesites.com\/es\/wp-json\/wp\/v2\/types\/product"}],"replies":[{"embeddable":true,"href":"https:\/\/packdesites.com\/es\/wp-json\/wp\/v2\/comments?post=519"}],"version-history":[{"count":0,"href":"https:\/\/packdesites.com\/es\/wp-json\/wp\/v2\/product\/519\/revisions"}],"wp:featuredmedia":[{"embeddable":true,"href":"https:\/\/packdesites.com\/es\/wp-json\/wp\/v2\/media\/520"}],"wp:attachment":[{"href":"https:\/\/packdesites.com\/es\/wp-json\/wp\/v2\/media?parent=519"}],"wp:term":[{"taxonomy":"product_brand","embeddable":true,"href":"https:\/\/packdesites.com\/es\/wp-json\/wp\/v2\/product_brand?post=519"},{"taxonomy":"product_cat","embeddable":true,"href":"https:\/\/packdesites.com\/es\/wp-json\/wp\/v2\/product_cat?post=519"},{"taxonomy":"product_tag","embeddable":true,"href":"https:\/\/packdesites.com\/es\/wp-json\/wp\/v2\/product_tag?post=519"}],"curies":[{"name":"wp","href":"https:\/\/api.w.org\/{rel}","templated":true}]}}