{"id":505,"date":"2022-07-18T03:00:00","date_gmt":"2022-07-18T03:00:00","guid":{"rendered":"https:\/\/packdesites.com\/produto\/frontfive-blog-de-noticias-criativas\/"},"modified":"2025-04-03T00:27:40","modified_gmt":"2025-04-03T00:27:40","slug":"blog-de-noticias-creativas-de-frontfive","status":"publish","type":"product","link":"https:\/\/packdesites.com\/es\/product\/blog-de-noticias-creativas-de-frontfive\/","title":{"rendered":"FrontFive \u2013 Blog de noticias creativas"},"content":{"rendered":"<p><strong>Kit de plantillas FrontFive<\/strong>&nbsp;es una colecci\u00f3n de plantillas creativas y modernas predise\u00f1adas para un blog de WordPress limpio y fresco y est\u00e1 dise\u00f1ada para Elementor Pro.<\/p>\n\n\n\n<p><strong>Complementos necesarios (se instalar\u00e1n autom\u00e1ticamente)<\/strong><\/p>\n\n\n\n<ul class=\"wp-block-list\"><li>Elementor<\/li><li>Complementos premium para Elementor<\/li><li>Slider Prime<\/li><\/ul>\n\n\n\n<p><strong>Modelos incluidos<\/strong><\/p>\n\n\n\n<ul class=\"wp-block-list\"><li>Inicio Noticias Revista<\/li><li>Publicaciones destacadas<\/li><li>Inicio estilo peri\u00f3dico<\/li><li>Contacto<\/li><li>\u00daltimas noticias \u2013 Blog<\/li><\/ul>\n\n\n\n<p><strong>Plantillas de Elementor Pro (requiere Elementor Pro)<\/strong><\/p>\n\n\n\n<ul class=\"wp-block-list\"><li>Encabezado global<\/li><li>Pie de p\u00e1gina global<\/li><li>Men\u00fa m\u00f3vil emergente<\/li><li>Ventana emergente de b\u00fasqueda<\/li><li>P\u00e1gina del autor<\/li><li>Publicaci\u00f3n \u00fanica<\/li><li>P\u00e1gina 404<\/li><li>P\u00e1gina de categor\u00eda<\/li><li>P\u00e1gina de b\u00fasqueda<\/li><\/ul>","protected":false},"excerpt":{"rendered":"<p>FrontFive template kit&nbsp;\u00e9 uma cole\u00e7\u00e3o de modelos criativos e modernos pr\u00e9-projetados para um WordPress Blog limpo e fresco e \u00e9 projetado para Elementor Pro. Plugins necess\u00e1rios (ser\u00e3o instalados automaticamente) Elementor Adicionais Premium para Elementor Slider Prime Modelos Inclu\u00eddos Revista Home News Posts em Destaque Estilo de Jornal In\u00edcio Contato \u00daltimas Not\u00edcias &#8211; Blog Modelos do [&hellip;]<\/p>","protected":false},"featured_media":506,"comment_status":"closed","ping_status":"open","template":"","meta":{"_jf_limit_responses":"","iawp_total_views":37},"product_brand":[],"product_cat":[23,24],"product_tag":[19],"class_list":{"0":"post-505","1":"product","2":"type-product","3":"status-publish","4":"has-post-thumbnail","6":"product_cat-templates-elementor-e-envato","7":"product_cat-templates-envato","8":"product_tag-vitalicio","10":"first","11":"instock","12":"downloadable","13":"virtual","14":"purchasable","15":"product-type-simple"},"_links":{"self":[{"href":"https:\/\/packdesites.com\/es\/wp-json\/wp\/v2\/product\/505","targetHints":{"allow":["GET"]}}],"collection":[{"href":"https:\/\/packdesites.com\/es\/wp-json\/wp\/v2\/product"}],"about":[{"href":"https:\/\/packdesites.com\/es\/wp-json\/wp\/v2\/types\/product"}],"replies":[{"embeddable":true,"href":"https:\/\/packdesites.com\/es\/wp-json\/wp\/v2\/comments?post=505"}],"version-history":[{"count":0,"href":"https:\/\/packdesites.com\/es\/wp-json\/wp\/v2\/product\/505\/revisions"}],"wp:featuredmedia":[{"embeddable":true,"href":"https:\/\/packdesites.com\/es\/wp-json\/wp\/v2\/media\/506"}],"wp:attachment":[{"href":"https:\/\/packdesites.com\/es\/wp-json\/wp\/v2\/media?parent=505"}],"wp:term":[{"taxonomy":"product_brand","embeddable":true,"href":"https:\/\/packdesites.com\/es\/wp-json\/wp\/v2\/product_brand?post=505"},{"taxonomy":"product_cat","embeddable":true,"href":"https:\/\/packdesites.com\/es\/wp-json\/wp\/v2\/product_cat?post=505"},{"taxonomy":"product_tag","embeddable":true,"href":"https:\/\/packdesites.com\/es\/wp-json\/wp\/v2\/product_tag?post=505"}],"curies":[{"name":"wp","href":"https:\/\/api.w.org\/{rel}","templated":true}]}}