{"id":503,"date":"2022-07-18T03:00:00","date_gmt":"2022-07-18T03:00:00","guid":{"rendered":"https:\/\/packdesites.com\/produto\/especio-blog-de-alimentos\/"},"modified":"2025-04-03T00:27:39","modified_gmt":"2025-04-03T00:27:39","slug":"blog-de-comida-especial","status":"publish","type":"product","link":"https:\/\/packdesites.com\/es\/product\/blog-de-comida-especial\/","title":{"rendered":"Especio \u2013 Blog de comida"},"content":{"rendered":"<p><strong>Kit de plantillas para blogs de comida<\/strong>&nbsp;Es una colecci\u00f3n de plantillas predise\u00f1adas para un blog de WordPress limpio y moderno para nutricionistas, blogueros de comida saludable y estilo de vida. Tambi\u00e9n es ideal para sitios web de cocina saludable y recetas, revistas de deporte y nutrici\u00f3n, entrenadores de gimnasio, entrenadores personales de fitness y coaches de estilo de vida, etc. Tambi\u00e9n es ideal para dietistas, programas de dieta, gastroenter\u00f3logos, blogs de viajes y blogs sobre beb\u00e9s.<\/p>\n\n\n\n<p><strong>Kit de plantillas para blogs de comida<\/strong>\u00a0es adecuado para:<\/p>\n\n\n\n<ul class=\"wp-block-list\"><li>Entrada de blog invitada<\/li><li>Colorete<\/li><li>blogs de nicho<\/li><li>Donante<\/li><li>blogs virales<\/li><li>Regalos<\/li><li>Gu\u00edas<\/li><li>Portafolio personal <\/li><li>Blogs instructivos<\/li><\/ul>\n\n\n\n<p>Adem\u00e1s, se adapta a Homero, el contador, los negocios, las criptomonedas, el profesional, el reverso, el escritor y las noticias del mundo.<\/p>","protected":false},"excerpt":{"rendered":"<p>Food Blog Template Kit&nbsp;\u00e9 uma cole\u00e7\u00e3o de modelos pr\u00e9-projetados para um blog WordPress limpo e fresco para nutricionistas, comida saud\u00e1vel e blogger estilo de vida. Al\u00e9m disso, ele se encaixa culin\u00e1ria saud\u00e1vel e receitas site, revista de esportes e nutri\u00e7\u00e3o, treinador de gin\u00e1stica, personal fitness trainer e treinador de estilo de vida, etc Al\u00e9m disso, [&hellip;]<\/p>","protected":false},"featured_media":504,"comment_status":"closed","ping_status":"open","template":"","meta":{"_jf_limit_responses":"","iawp_total_views":40},"product_brand":[],"product_cat":[23,24],"product_tag":[19],"class_list":{"0":"post-503","1":"product","2":"type-product","3":"status-publish","4":"has-post-thumbnail","6":"product_cat-templates-elementor-e-envato","7":"product_cat-templates-envato","8":"product_tag-vitalicio","10":"first","11":"instock","12":"downloadable","13":"virtual","14":"purchasable","15":"product-type-simple"},"_links":{"self":[{"href":"https:\/\/packdesites.com\/es\/wp-json\/wp\/v2\/product\/503","targetHints":{"allow":["GET"]}}],"collection":[{"href":"https:\/\/packdesites.com\/es\/wp-json\/wp\/v2\/product"}],"about":[{"href":"https:\/\/packdesites.com\/es\/wp-json\/wp\/v2\/types\/product"}],"replies":[{"embeddable":true,"href":"https:\/\/packdesites.com\/es\/wp-json\/wp\/v2\/comments?post=503"}],"version-history":[{"count":0,"href":"https:\/\/packdesites.com\/es\/wp-json\/wp\/v2\/product\/503\/revisions"}],"wp:featuredmedia":[{"embeddable":true,"href":"https:\/\/packdesites.com\/es\/wp-json\/wp\/v2\/media\/504"}],"wp:attachment":[{"href":"https:\/\/packdesites.com\/es\/wp-json\/wp\/v2\/media?parent=503"}],"wp:term":[{"taxonomy":"product_brand","embeddable":true,"href":"https:\/\/packdesites.com\/es\/wp-json\/wp\/v2\/product_brand?post=503"},{"taxonomy":"product_cat","embeddable":true,"href":"https:\/\/packdesites.com\/es\/wp-json\/wp\/v2\/product_cat?post=503"},{"taxonomy":"product_tag","embeddable":true,"href":"https:\/\/packdesites.com\/es\/wp-json\/wp\/v2\/product_tag?post=503"}],"curies":[{"name":"wp","href":"https:\/\/api.w.org\/{rel}","templated":true}]}}