{"id":487,"date":"2022-07-18T03:00:00","date_gmt":"2022-07-18T03:00:00","guid":{"rendered":"https:\/\/packdesites.com\/produto\/banshee-blog-de-noticias\/"},"modified":"2025-04-03T00:27:21","modified_gmt":"2025-04-03T00:27:21","slug":"blog-de-noticias-de-banshee","status":"publish","type":"product","link":"https:\/\/packdesites.com\/es\/product\/blog-de-noticias-de-banshee\/","title":{"rendered":"Banshee \u2013 Blog de noticias"},"content":{"rendered":"<p>Banshee es el kit de plantillas Elementor para blogs y revistas que se adapta perfectamente a las necesidades de cualquier bloguero. El dise\u00f1o limpio y equilibrado de Banshee lo convierte en la mejor opci\u00f3n para los blogueros. El kit incluye muchas plantillas que son f\u00e1ciles de editar.<\/p>\n\n\n\n<p><strong>El kit incluye:<\/strong><\/p>\n\n\n\n<ul class=\"wp-block-list\"><li>Inicio 1 Modelo<\/li><li>Modelo Home 2<\/li><li>Modelo Inicio 3<\/li><li>Plantilla de encabezado<\/li><li>Plantilla de pie de p\u00e1gina<\/li><li>Plantilla de p\u00e1gina de contacto<\/li><li>Plantilla de autor de archivo<\/li><li>Plantilla de categor\u00eda de archivo<\/li><li>Plantilla de etiqueta de archivo<\/li><li>Plantilla de b\u00fasqueda de archivo<\/li><li>Plantilla de p\u00e1gina 404<\/li><li>Plantilla de men\u00fa Off Canvas<\/li><li>Plantilla de p\u00e1gina de publicaci\u00f3n \u00fanica 1<\/li><li>Plantilla de p\u00e1gina de publicaci\u00f3n \u00fanica 2<\/li><\/ul>\n\n\n\n<p><strong>Fuentes<\/strong><\/p>\n\n\n\n<ul class=\"wp-block-list\"><li>Fuente Sans Pro<\/li><li>Roboto<\/li><\/ul>","protected":false},"excerpt":{"rendered":"<p>Banshee \u00e9 o Blog\/Magazine Elementor Modelo Kit, que se adapta perfeitamente a qualquer necessidade do blogueiro. Banshee layout limpo e equilibrado tornam a melhor escolha para blogueiros. O Kit inclui muitos modelos que s\u00e3o f\u00e1ceis de editar O kit inclui: Home 1 Modelo Home 2 Modelo Home 3 Modelo Modelo de Cabe\u00e7alho Modelo de rodap\u00e9 [&hellip;]<\/p>","protected":false},"featured_media":488,"comment_status":"closed","ping_status":"open","template":"","meta":{"_jf_limit_responses":"","iawp_total_views":30},"product_brand":[],"product_cat":[33,23,24],"product_tag":[19],"class_list":{"0":"post-487","1":"product","2":"type-product","3":"status-publish","4":"has-post-thumbnail","6":"product_cat-entretenimento-e-midia","7":"product_cat-templates-elementor-e-envato","8":"product_cat-templates-envato","9":"product_tag-vitalicio","11":"first","12":"instock","13":"downloadable","14":"virtual","15":"purchasable","16":"product-type-simple"},"_links":{"self":[{"href":"https:\/\/packdesites.com\/es\/wp-json\/wp\/v2\/product\/487","targetHints":{"allow":["GET"]}}],"collection":[{"href":"https:\/\/packdesites.com\/es\/wp-json\/wp\/v2\/product"}],"about":[{"href":"https:\/\/packdesites.com\/es\/wp-json\/wp\/v2\/types\/product"}],"replies":[{"embeddable":true,"href":"https:\/\/packdesites.com\/es\/wp-json\/wp\/v2\/comments?post=487"}],"version-history":[{"count":0,"href":"https:\/\/packdesites.com\/es\/wp-json\/wp\/v2\/product\/487\/revisions"}],"wp:featuredmedia":[{"embeddable":true,"href":"https:\/\/packdesites.com\/es\/wp-json\/wp\/v2\/media\/488"}],"wp:attachment":[{"href":"https:\/\/packdesites.com\/es\/wp-json\/wp\/v2\/media?parent=487"}],"wp:term":[{"taxonomy":"product_brand","embeddable":true,"href":"https:\/\/packdesites.com\/es\/wp-json\/wp\/v2\/product_brand?post=487"},{"taxonomy":"product_cat","embeddable":true,"href":"https:\/\/packdesites.com\/es\/wp-json\/wp\/v2\/product_cat?post=487"},{"taxonomy":"product_tag","embeddable":true,"href":"https:\/\/packdesites.com\/es\/wp-json\/wp\/v2\/product_tag?post=487"}],"curies":[{"name":"wp","href":"https:\/\/api.w.org\/{rel}","templated":true}]}}