{"id":485,"date":"2022-07-18T03:00:00","date_gmt":"2022-07-18T03:00:00","guid":{"rendered":"https:\/\/packdesites.com\/produto\/atoms-site-para-revista-e-blog-de-noticias\/"},"modified":"2025-04-03T00:27:19","modified_gmt":"2025-04-03T00:27:19","slug":"sitio-web-de-atoms-para-revistas-y-blogs-de-noticias","status":"publish","type":"product","link":"https:\/\/packdesites.com\/es\/product\/sitio-web-de-atoms-para-revistas-y-blogs-de-noticias\/","title":{"rendered":"Atoms \u2013 Sitio web para revistas y blogs de noticias"},"content":{"rendered":"<p>Atoms es el kit de plantillas Elementor para blogs y revistas que se adapta perfectamente a las necesidades de cualquier bloguero. El dise\u00f1o limpio y equilibrado de Atoms lo convierte en la mejor opci\u00f3n para los blogueros. El kit incluye muchas plantillas que son f\u00e1ciles de editar.<\/p>\n\n\n\n<p>Este kit est\u00e1 optimizado para su uso con el tema gratuito Hello Elementor, pero se puede utilizar con la mayor\u00eda de los temas compatibles con Elementor.<\/p>\n\n\n\n<p><strong>Caracter\u00edsticas<\/strong><\/p>\n\n\n\n<ul class=\"wp-block-list\"><li>Personalizaci\u00f3n real sin c\u00f3digo con un generador visual de arrastrar y soltar<\/li><li>Personalice fuentes y colores en un solo lugar o ajuste elementos individuales<\/li><li>Dise\u00f1o moderno y profesional.<\/li><li>Carga r\u00e1pida<\/li><li>Funciona con la mayor\u00eda de los temas de Elementor.<\/li><\/ul>\n\n\n\n<p><strong>El kit incluye:<\/strong><\/p>\n\n\n\n<ul class=\"wp-block-list\"><li>Inicio 1<\/li><li>Inicio 2<\/li><li>Inicio 3<\/li><li>Plantilla de encabezado<\/li><li>Plantilla de pie de p\u00e1gina<\/li><li>Plantilla de p\u00e1gina de contacto<\/li><li>Plantilla de autor de archivo<\/li><li>Plantilla de categor\u00eda de archivo<\/li><li>Plantilla de b\u00fasqueda de archivos<\/li><li>Plantilla de p\u00e1gina 404<\/li><li>Plantilla de men\u00fa fuera del lienzo<\/li><li>Plantilla de p\u00e1gina \u00fanica, publicaci\u00f3n 1<\/li><li>Plantilla de p\u00e1gina \u00fanica, publicaci\u00f3n 2<\/li><\/ul>","protected":false},"excerpt":{"rendered":"<p>Atoms \u00e9 o Template Kit Elementor de Blog\/Revista, que se encaixa perfeitamente para qualquer necessidade de blogueiro. O layout limpo e equilibrado dos \u00e1tomos faz com que seja a melhor escolha para blogueiros. O kit inclui muitos modelos que s\u00e3o f\u00e1ceis de editar. Este kit foi otimizado para uso com o tema gratuito Hello Elementor, [&hellip;]<\/p>","protected":false},"featured_media":486,"comment_status":"closed","ping_status":"open","template":"","meta":{"_jf_limit_responses":"","iawp_total_views":37},"product_brand":[],"product_cat":[33,23,24],"product_tag":[19],"class_list":{"0":"post-485","1":"product","2":"type-product","3":"status-publish","4":"has-post-thumbnail","6":"product_cat-entretenimento-e-midia","7":"product_cat-templates-elementor-e-envato","8":"product_cat-templates-envato","9":"product_tag-vitalicio","11":"first","12":"instock","13":"downloadable","14":"virtual","15":"purchasable","16":"product-type-simple"},"_links":{"self":[{"href":"https:\/\/packdesites.com\/es\/wp-json\/wp\/v2\/product\/485","targetHints":{"allow":["GET"]}}],"collection":[{"href":"https:\/\/packdesites.com\/es\/wp-json\/wp\/v2\/product"}],"about":[{"href":"https:\/\/packdesites.com\/es\/wp-json\/wp\/v2\/types\/product"}],"replies":[{"embeddable":true,"href":"https:\/\/packdesites.com\/es\/wp-json\/wp\/v2\/comments?post=485"}],"version-history":[{"count":0,"href":"https:\/\/packdesites.com\/es\/wp-json\/wp\/v2\/product\/485\/revisions"}],"wp:featuredmedia":[{"embeddable":true,"href":"https:\/\/packdesites.com\/es\/wp-json\/wp\/v2\/media\/486"}],"wp:attachment":[{"href":"https:\/\/packdesites.com\/es\/wp-json\/wp\/v2\/media?parent=485"}],"wp:term":[{"taxonomy":"product_brand","embeddable":true,"href":"https:\/\/packdesites.com\/es\/wp-json\/wp\/v2\/product_brand?post=485"},{"taxonomy":"product_cat","embeddable":true,"href":"https:\/\/packdesites.com\/es\/wp-json\/wp\/v2\/product_cat?post=485"},{"taxonomy":"product_tag","embeddable":true,"href":"https:\/\/packdesites.com\/es\/wp-json\/wp\/v2\/product_tag?post=485"}],"curies":[{"name":"wp","href":"https:\/\/api.w.org\/{rel}","templated":true}]}}