{"id":461,"date":"2024-05-24T03:00:00","date_gmt":"2024-05-24T03:00:00","guid":{"rendered":"https:\/\/packdesites.com\/produto\/rolso-site-para-empresa-de-logistica\/"},"modified":"2025-04-03T00:26:32","modified_gmt":"2025-04-03T00:26:32","slug":"sitio-web-para-empresa-de-logistica","status":"publish","type":"product","link":"https:\/\/packdesites.com\/es\/product\/sitio-web-para-empresa-de-logistica\/","title":{"rendered":"Rolso \u2014 Sitio web para empresa de log\u00edstica"},"content":{"rendered":"<p><strong>Rollo<\/strong>&nbsp;\u2013 es una plantilla de carga, transporte y log\u00edstica limpia y moderna para WordPress. Creado exclusivamente para sitios web de transporte, log\u00edstica, entrega, manipulaci\u00f3n y carga. Rolso est\u00e1 repleto de funciones potentes e intuitivas que ofrecen infinitas posibilidades. La plantilla viene con un conjunto completo de componentes de dise\u00f1o bellamente dise\u00f1ados que le permiten crear un sitio web de log\u00edstica perfecto.<\/p>\n\n\n\n<p>Rolso fue cuidadosamente elaborado por un dise\u00f1ador experimentado con gran atenci\u00f3n al detalle, la flexibilidad y el rendimiento, desarrollando espec\u00edficamente sitios web \u00fanicos basados en WordPress. Esta plantilla se cre\u00f3 con Elementor y Elementor Pro y se puede editar f\u00e1cilmente en Elementor y es compatible con la mayor\u00eda de los temas.<\/p>\n\n\n\n<p>La importaci\u00f3n de plantillas de algunos elementos y caracter\u00edsticas requiere la actualizaci\u00f3n de Elementor Pro.<\/p>\n\n\n\n<p>La plantilla Elementor que est\u00e1s viendo ahora fue creada cuidadosamente por un dise\u00f1ador experimentado con gran atenci\u00f3n al detalle, flexibilidad y rendimiento espec\u00edficamente para desarrollar sitios web \u00fanicos basados en WordPress y Elementor.<\/p>\n\n\n\n<p><strong>P\u00e1ginas y dise\u00f1os<\/strong><\/p>\n\n\n\n<ul class=\"wp-block-list\"><li>Inicio1<\/li><li>Inicio 2<\/li><li>Inicio 3<\/li><li>Proyectos<\/li><li>Precios<\/li><li>Preguntas frecuentes<\/li><li>Contactos<\/li><li>Cita<\/li><li>Detalles del servicio<\/li><li>Blog<\/li><li>Servicios<\/li><li>Publicaci\u00f3n \u00fanica<\/li><li>Almacenamiento<\/li><li>Quienes somos<\/li><li>Calculadora<\/li><li>P\u00e1gina 404<\/li><\/ul>\n\n\n\n<p><strong>Secciones<\/strong><\/p>\n\n\n\n<ul class=\"wp-block-list\"><li>Estilos globales<\/li><li>Encabezamiento<\/li><li>Z\u00f3calo<\/li><li>Acerca de la Secci\u00f3n V1<\/li><li>Acerca de la Secci\u00f3n V2<\/li><li>Acerca de la Secci\u00f3n V3<\/li><li>Acerca de la Secci\u00f3n V4<\/li><li>Secci\u00f3n de migas de pan<\/li><li>Secci\u00f3n Contactos V1<\/li><li>Secci\u00f3n Contactos V2<\/li><li>Secci\u00f3n V1 Cooperaci\u00f3n<\/li><li>Secci\u00f3n V2 de la Cooperaci\u00f3n<\/li><li>Secci\u00f3n de Recursos<\/li><li>Secci\u00f3n de pie de p\u00e1gina V2<\/li><li>Secci\u00f3n de pie de p\u00e1gina V3<\/li><li>Secci\u00f3n de galer\u00eda<\/li><li>Secci\u00f3n Galer\u00eda V2<\/li><li>Secci\u00f3n de encabezado V2<\/li><li>Secci\u00f3n de encabezado V3<\/li><li>Secci\u00f3n de h\u00e9roe V1<\/li><li>Secci\u00f3n de h\u00e9roe V2<\/li><li>Secci\u00f3n Hero V3<\/li><li>Secci\u00f3n de cuadr\u00edcula del logotipo<\/li><li>Secci\u00f3n Pries V1<\/li><li>Secci\u00f3n de barras de progreso<\/li><li>Secci\u00f3n Proyectos V1<\/li><li>Secci\u00f3n del formulario de cotizaci\u00f3n<\/li><li>Secci\u00f3n V1 Servicios<\/li><li>Secci\u00f3n de Servicios V2<\/li><li>Inscr\u00edbete en la Secci\u00f3n V1 del Formulario<\/li><li>Secci\u00f3n de testimonios<\/li><\/ul>","protected":false},"excerpt":{"rendered":"<p>Rolso&nbsp;&#8211; \u00e9 um modelo de carga, transporte e log\u00edstica limpo e moderno para wordpress. Constru\u00eddo exclusivamente para sites de transporte, log\u00edstica, entrega, movimenta\u00e7\u00e3o e carga. O Rolso est\u00e1 repleto de recursos poderosos e intuitivos, proporcionando infinitas possibilidades. O modelo vem com uma su\u00edte inteira de componentes de layout lindamente projetados que permitem construir um site [&hellip;]<\/p>","protected":false},"featured_media":462,"comment_status":"closed","ping_status":"open","template":"","meta":{"_jf_limit_responses":"","iawp_total_views":85},"product_brand":[],"product_cat":[27,23,24,31],"product_tag":[19],"class_list":{"0":"post-461","1":"product","2":"type-product","3":"status-publish","4":"has-post-thumbnail","6":"product_cat-prestadores-de-servicos","7":"product_cat-templates-elementor-e-envato","8":"product_cat-templates-envato","9":"product_cat-veiculos","10":"product_tag-vitalicio","12":"first","13":"instock","14":"downloadable","15":"virtual","16":"purchasable","17":"product-type-simple"},"_links":{"self":[{"href":"https:\/\/packdesites.com\/es\/wp-json\/wp\/v2\/product\/461","targetHints":{"allow":["GET"]}}],"collection":[{"href":"https:\/\/packdesites.com\/es\/wp-json\/wp\/v2\/product"}],"about":[{"href":"https:\/\/packdesites.com\/es\/wp-json\/wp\/v2\/types\/product"}],"replies":[{"embeddable":true,"href":"https:\/\/packdesites.com\/es\/wp-json\/wp\/v2\/comments?post=461"}],"version-history":[{"count":0,"href":"https:\/\/packdesites.com\/es\/wp-json\/wp\/v2\/product\/461\/revisions"}],"wp:featuredmedia":[{"embeddable":true,"href":"https:\/\/packdesites.com\/es\/wp-json\/wp\/v2\/media\/462"}],"wp:attachment":[{"href":"https:\/\/packdesites.com\/es\/wp-json\/wp\/v2\/media?parent=461"}],"wp:term":[{"taxonomy":"product_brand","embeddable":true,"href":"https:\/\/packdesites.com\/es\/wp-json\/wp\/v2\/product_brand?post=461"},{"taxonomy":"product_cat","embeddable":true,"href":"https:\/\/packdesites.com\/es\/wp-json\/wp\/v2\/product_cat?post=461"},{"taxonomy":"product_tag","embeddable":true,"href":"https:\/\/packdesites.com\/es\/wp-json\/wp\/v2\/product_tag?post=461"}],"curies":[{"name":"wp","href":"https:\/\/api.w.org\/{rel}","templated":true}]}}