{"id":457,"date":"2022-07-18T03:00:00","date_gmt":"2022-07-18T03:00:00","guid":{"rendered":"https:\/\/packdesites.com\/produto\/rentivo-site-para-aluguel-de-carros-revendedor-de-automoveis\/"},"modified":"2025-04-03T00:26:27","modified_gmt":"2025-04-03T00:26:27","slug":"rentivo-sitio-web-de-alquiler-de-coches-concesionario-de-coches","status":"publish","type":"product","link":"https:\/\/packdesites.com\/es\/product\/rentivo-sitio-web-de-alquiler-de-coches-concesionario-de-coches\/","title":{"rendered":"Rentivo \u2013 Sitio web de alquiler y concesionario de coches\u00a0"},"content":{"rendered":"<p>Rentive es un moderno kit de plantillas Elementor, perfecto para crear un sitio web basado en WordPress para empresas de alquiler de coches, concesionarios y cualquier tipo de negocio de reserva de veh\u00edculos. Este kit presenta un dise\u00f1o atractivo y \u00fanico con una plantilla 100% responsiva y compatible con pantallas retina.<\/p>\n\n\n\n<p>\u00a1Este kit de plantillas incluye m\u00e1s de 17 plantillas impresionantes y dise\u00f1adas para que puedas crear tu sitio web de aspecto profesional con un presupuesto bajo en solo unos momentos!<\/p>\n\n\n\n<p><strong>Caracter\u00edsticas:<\/strong><\/p>\n\n\n\n<ul class=\"wp-block-list\"><li>Uso de complementos gratuitos (no se requiere Elementor Pro)<\/li><li>Dise\u00f1o moderno y limpio<\/li><li>M\u00e1s de 17 plantillas listas para usar<\/li><li>Dise\u00f1o totalmente adaptable<\/li><li>Listo para retina<\/li><li>Totalmente personalizable<\/li><li>Compatibilidad entre navegadores: Chrome, Firefox, Safari, Opera<\/li><\/ul>\n\n\n\n<p><strong>Los modelos incluyen:<\/strong><\/p>\n\n\n\n<ul class=\"wp-block-list\"><li>Hogar<\/li><li>En<\/li><li>Nuestros coches<\/li><li>Detalle del coche<\/li><li>Reserva<\/li><li>Preguntas frecuentes<\/li><li>Equipo<\/li><li>P\u00e1gina 404<\/li><li>Noticias<\/li><li>Publicaci\u00f3n \u00fanica<\/li><li>Contacto<\/li><li>Encabezamiento<\/li><li>Z\u00f3calo<\/li><li>Fuera de lienzo<\/li><li>Reserva de Metform<\/li><li>Reserva de Metform<\/li><li>Estilo tem\u00e1tico global<\/li><\/ul>\n\n\n\n<p><strong>Complemento requerido:<\/strong><\/p>\n\n\n\n<ul class=\"wp-block-list\"><li>ElementsKit Lite<\/li><li>Elementor: encabezado, pie de p\u00e1gina y bloques<\/li><li>Kit de Elementor<\/li><li>MetForm<\/li><\/ul>","protected":false},"excerpt":{"rendered":"<p>Rentive \u00e9 um moderno Kit de Modelo Elementor que perfeito para criar um site baseado no WordPress para um aluguel de carros, revendedor de autom\u00f3veis e todos os tipos de empresas de reserva de carros. Este kit tem um design bonito e \u00fanico com um layout 100% responsivo e pronto para retina. Este kit de [&hellip;]<\/p>","protected":false},"featured_media":458,"comment_status":"closed","ping_status":"open","template":"","meta":{"_jf_limit_responses":"","iawp_total_views":52},"product_brand":[],"product_cat":[23,24,31],"product_tag":[19],"class_list":{"0":"post-457","1":"product","2":"type-product","3":"status-publish","4":"has-post-thumbnail","6":"product_cat-templates-elementor-e-envato","7":"product_cat-templates-envato","8":"product_cat-veiculos","9":"product_tag-vitalicio","11":"first","12":"instock","13":"downloadable","14":"virtual","15":"purchasable","16":"product-type-simple"},"_links":{"self":[{"href":"https:\/\/packdesites.com\/es\/wp-json\/wp\/v2\/product\/457","targetHints":{"allow":["GET"]}}],"collection":[{"href":"https:\/\/packdesites.com\/es\/wp-json\/wp\/v2\/product"}],"about":[{"href":"https:\/\/packdesites.com\/es\/wp-json\/wp\/v2\/types\/product"}],"replies":[{"embeddable":true,"href":"https:\/\/packdesites.com\/es\/wp-json\/wp\/v2\/comments?post=457"}],"version-history":[{"count":0,"href":"https:\/\/packdesites.com\/es\/wp-json\/wp\/v2\/product\/457\/revisions"}],"wp:featuredmedia":[{"embeddable":true,"href":"https:\/\/packdesites.com\/es\/wp-json\/wp\/v2\/media\/458"}],"wp:attachment":[{"href":"https:\/\/packdesites.com\/es\/wp-json\/wp\/v2\/media?parent=457"}],"wp:term":[{"taxonomy":"product_brand","embeddable":true,"href":"https:\/\/packdesites.com\/es\/wp-json\/wp\/v2\/product_brand?post=457"},{"taxonomy":"product_cat","embeddable":true,"href":"https:\/\/packdesites.com\/es\/wp-json\/wp\/v2\/product_cat?post=457"},{"taxonomy":"product_tag","embeddable":true,"href":"https:\/\/packdesites.com\/es\/wp-json\/wp\/v2\/product_tag?post=457"}],"curies":[{"name":"wp","href":"https:\/\/api.w.org\/{rel}","templated":true}]}}