{"id":451,"date":"2022-07-18T03:00:00","date_gmt":"2022-07-18T03:00:00","guid":{"rendered":"https:\/\/packdesites.com\/produto\/logistix-site-para-transportadora\/"},"modified":"2025-04-03T00:26:21","modified_gmt":"2025-04-03T00:26:21","slug":"sitio-web-de-logistix-para-transportistas","status":"publish","type":"product","link":"https:\/\/packdesites.com\/es\/product\/sitio-web-de-logistix-para-transportistas\/","title":{"rendered":"Logistix \u2013 Sitio web para empresas de transporte"},"content":{"rendered":"<p>Logistix es un kit de plantillas web para Elementor, dise\u00f1ado y desarrollado espec\u00edficamente para empresas de transporte, mensajer\u00eda y log\u00edstica, as\u00ed como otros servicios de entrega. Al comprar Logistix, recibir\u00e1 16 plantillas predise\u00f1adas de p\u00e1ginas y secciones. El kit de plantillas Logistix para Elementor est\u00e1 optimizado para su uso con el tema gratuito Hello Elementor, pero es compatible con la mayor\u00eda de los temas compatibles con Elementor.<\/p>\n\n\n\n<p>Este kit requiere la actualizaci\u00f3n de Elementor Pro para algunas plantillas y funciones (no incluidas).<\/p>\n\n\n\n<p>Cada p\u00e1gina y secci\u00f3n del kit de plantillas Logistix Elementor tiene un dise\u00f1o profesional. Nos encantan todas las plantillas Logistix tanto como seguro que a ti tambi\u00e9n.<\/p>\n\n\n\n<p><strong><em>Lista de modelos<\/em><\/strong><\/p>\n\n\n\n<ul class=\"wp-block-list\"><li>Estilos de kit globales<\/li><li>Encabezado global<\/li><li>Pie de p\u00e1gina global<\/li><li>P\u00e1gina de inicio<\/li><li>En<\/li><li>Precios<\/li><li>Servicios<\/li><li>Detalle del servicio<\/li><li>Equipo<\/li><li>Testimonios<\/li><li>PREGUNTAS FRECUENTES<\/li><li>Archivo del blog<\/li><li>Publicaci\u00f3n \u00fanica<\/li><li>Contacto<\/li><li>Dentro de poco<\/li><li>P\u00e1gina 404<\/li><li>Banner emergente<\/li><\/ul>","protected":false},"excerpt":{"rendered":"<p>Logistix \u00e9 um kit de modelo de site elementor projetado e desenvolvido especificamente para empresa de transporte, correio e log\u00edstica e outros servi\u00e7os relacionados \u00e0 entrega. Ao comprar Logistix, voc\u00ea receber\u00e1 16 modelos de p\u00e1gina e se\u00e7\u00e3o pr\u00e9-definidos. O kit de modelos Logistix Elementor foi otimizado para uso com o tema gratuito Hello Elementor, mas [&hellip;]<\/p>","protected":false},"featured_media":452,"comment_status":"closed","ping_status":"open","template":"","meta":{"_jf_limit_responses":"","iawp_total_views":48},"product_brand":[],"product_cat":[27,23,24,31],"product_tag":[19],"class_list":{"0":"post-451","1":"product","2":"type-product","3":"status-publish","4":"has-post-thumbnail","6":"product_cat-prestadores-de-servicos","7":"product_cat-templates-elementor-e-envato","8":"product_cat-templates-envato","9":"product_cat-veiculos","10":"product_tag-vitalicio","12":"first","13":"instock","14":"downloadable","15":"virtual","16":"purchasable","17":"product-type-simple"},"_links":{"self":[{"href":"https:\/\/packdesites.com\/es\/wp-json\/wp\/v2\/product\/451","targetHints":{"allow":["GET"]}}],"collection":[{"href":"https:\/\/packdesites.com\/es\/wp-json\/wp\/v2\/product"}],"about":[{"href":"https:\/\/packdesites.com\/es\/wp-json\/wp\/v2\/types\/product"}],"replies":[{"embeddable":true,"href":"https:\/\/packdesites.com\/es\/wp-json\/wp\/v2\/comments?post=451"}],"version-history":[{"count":0,"href":"https:\/\/packdesites.com\/es\/wp-json\/wp\/v2\/product\/451\/revisions"}],"wp:featuredmedia":[{"embeddable":true,"href":"https:\/\/packdesites.com\/es\/wp-json\/wp\/v2\/media\/452"}],"wp:attachment":[{"href":"https:\/\/packdesites.com\/es\/wp-json\/wp\/v2\/media?parent=451"}],"wp:term":[{"taxonomy":"product_brand","embeddable":true,"href":"https:\/\/packdesites.com\/es\/wp-json\/wp\/v2\/product_brand?post=451"},{"taxonomy":"product_cat","embeddable":true,"href":"https:\/\/packdesites.com\/es\/wp-json\/wp\/v2\/product_cat?post=451"},{"taxonomy":"product_tag","embeddable":true,"href":"https:\/\/packdesites.com\/es\/wp-json\/wp\/v2\/product_tag?post=451"}],"curies":[{"name":"wp","href":"https:\/\/api.w.org\/{rel}","templated":true}]}}