{"id":389,"date":"2022-07-18T03:00:00","date_gmt":"2022-07-18T03:00:00","guid":{"rendered":"https:\/\/packdesites.com\/produto\/sohowool-site-para-produtos-artesanais\/"},"modified":"2025-04-03T00:24:55","modified_gmt":"2025-04-03T00:24:55","slug":"sitio-web-de-sohowool-para-productos-hechos-a-mano","status":"publish","type":"product","link":"https:\/\/packdesites.com\/es\/product\/sitio-web-de-sohowool-para-productos-hechos-a-mano\/","title":{"rendered":"SohoWool \u2013 Sitio web para productos hechos a mano"},"content":{"rendered":"<p>Soho Wool es la herramienta perfecta para principiantes y quienes desean embellecer su sitio web de la manera m\u00e1s sencilla. Incluye todas las p\u00e1ginas y bloques necesarios para crear tu sitio web. Soho Wool combina todas las herramientas que necesitas para hacer crecer tu negocio.<\/p>\n\n\n\n<p><strong>Modelos incluidos<\/strong><\/p>\n\n\n\n<ul class=\"wp-block-list\"><li>Hogar<\/li><li>En<\/li><li>Contacto<\/li><li>Servicios<\/li><li>Testimonios<\/li><li>404<\/li><li>Normas<\/li><li>Est\u00e1ndar \u00fanico<\/li><li>Encabezado y pie de p\u00e1gina para Theme Builder<\/li><li>Archivo del blog de Theme Builder<\/li><li>Publicaci\u00f3n \u00fanica para Theme Builder<\/li><li>Bloque de publicaci\u00f3n de contenido para publicaciones de Elementor<\/li><li>Sistema de dise\u00f1o Elementor<\/li><\/ul>\n\n\n\n<p>Este kit requiere la actualizaci\u00f3n de Elementor Pro para algunas plantillas y funciones.<\/p>\n\n\n\n<p><strong>Fuentes de Google<\/strong><\/p>\n\n\n\n<ul class=\"wp-block-list\"><li>Moda Bodoni<\/li><li>espartano<\/li><\/ul>","protected":false},"excerpt":{"rendered":"<p>Soho Wool \u00e9 uma ferramenta perfeita para iniciantes e para pessoas que querem tornar o site bonito da maneira mais f\u00e1cil. Ele inclui todas as p\u00e1ginas e blocos que voc\u00ea precisar\u00e1 para criar seu site. Soho Wool combina todas as ferramentas que voc\u00ea cresce neg\u00f3cios. Modelos inclu\u00eddos Home Sobre Contato Servi\u00e7os Testemunhos 404 Padr\u00f5es Padr\u00e3o [&hellip;]<\/p>","protected":false},"featured_media":390,"comment_status":"closed","ping_status":"open","template":"","meta":{"_jf_limit_responses":"","iawp_total_views":6},"product_brand":[],"product_cat":[26,27,23,24],"product_tag":[19],"class_list":{"0":"post-389","1":"product","2":"type-product","3":"status-publish","4":"has-post-thumbnail","6":"product_cat-lojas-virtuais","7":"product_cat-prestadores-de-servicos","8":"product_cat-templates-elementor-e-envato","9":"product_cat-templates-envato","10":"product_tag-vitalicio","12":"first","13":"instock","14":"downloadable","15":"virtual","16":"purchasable","17":"product-type-simple"},"_links":{"self":[{"href":"https:\/\/packdesites.com\/es\/wp-json\/wp\/v2\/product\/389","targetHints":{"allow":["GET"]}}],"collection":[{"href":"https:\/\/packdesites.com\/es\/wp-json\/wp\/v2\/product"}],"about":[{"href":"https:\/\/packdesites.com\/es\/wp-json\/wp\/v2\/types\/product"}],"replies":[{"embeddable":true,"href":"https:\/\/packdesites.com\/es\/wp-json\/wp\/v2\/comments?post=389"}],"version-history":[{"count":0,"href":"https:\/\/packdesites.com\/es\/wp-json\/wp\/v2\/product\/389\/revisions"}],"wp:featuredmedia":[{"embeddable":true,"href":"https:\/\/packdesites.com\/es\/wp-json\/wp\/v2\/media\/390"}],"wp:attachment":[{"href":"https:\/\/packdesites.com\/es\/wp-json\/wp\/v2\/media?parent=389"}],"wp:term":[{"taxonomy":"product_brand","embeddable":true,"href":"https:\/\/packdesites.com\/es\/wp-json\/wp\/v2\/product_brand?post=389"},{"taxonomy":"product_cat","embeddable":true,"href":"https:\/\/packdesites.com\/es\/wp-json\/wp\/v2\/product_cat?post=389"},{"taxonomy":"product_tag","embeddable":true,"href":"https:\/\/packdesites.com\/es\/wp-json\/wp\/v2\/product_tag?post=389"}],"curies":[{"name":"wp","href":"https:\/\/api.w.org\/{rel}","templated":true}]}}