{"id":371,"date":"2022-11-10T03:00:00","date_gmt":"2022-11-10T03:00:00","guid":{"rendered":"https:\/\/packdesites.com\/produto\/fashion-instincts-moda-feminina\/"},"modified":"2025-04-03T00:24:12","modified_gmt":"2025-04-03T00:24:12","slug":"instintos-de-moda-moda-femenina","status":"publish","type":"product","link":"https:\/\/packdesites.com\/es\/product\/instintos-de-moda-moda-femenina\/","title":{"rendered":"Fashion Instincts \u2013 Tienda y sitio web de moda femenina"},"content":{"rendered":"<p>Los kits de plantillas de Moda Instintos son para empresas y emprendedores que buscan un dise\u00f1o atractivo y femenino compatible con WooCommerce para su tienda online. Ideales para boutiques, desfiles de moda, spas, salones de belleza, clases de yoga, tiendas de alimentos org\u00e1nicos \u00a1y cualquier otra cosa! Presentan una tipograf\u00eda atractiva y un dise\u00f1o limpio y moderno.<\/p>\n\n\n\n<p><strong>Modelos<\/strong><\/p>\n\n\n\n<ul class=\"wp-block-list\"><li>Hogar<\/li><li> Sobre nosotros <\/li><li>Servicios <\/li><li>Historia <\/li><li>Equipo<\/li><li>Blog <\/li><li>Lookbook<\/li><li> Almacenar <\/li><li>Preguntas frecuentes <\/li><li>Contacto <\/li><li>Secci\u00f3n de encabezado<\/li><li>Secci\u00f3n de pie de p\u00e1gina<\/li><\/ul>\n\n\n\n<p><strong>Caracter\u00edsticas<\/strong><\/p>\n\n\n\n<ul class=\"wp-block-list\"><li>10 p\u00e1ginas + encabezado y pie de p\u00e1gina incluidos<\/li><li>Dise\u00f1o limpio y moderno<\/li><li>P\u00e1gina de tienda incluida (compatible con WooCommerce)<\/li><li>Totalmente personalizable<\/li><\/ul>\n\n\n\n<p><strong>Complementos necesarios (instalados autom\u00e1ticamente)<\/strong><\/p>\n\n\n\n<ul class=\"wp-block-list\"><li>Elementor<\/li><li>Complementos esenciales para Elementor<\/li><li>Formulario de contacto 7<\/li><li>WooCommer<\/li><li>Elementor: encabezado, pie de p\u00e1gina y bloques<\/li><\/ul>","protected":false},"excerpt":{"rendered":"<p>Moda Instintos Template Kits \u00e9 para empresas e empres\u00e1rios que procuram um layout feminino bonito que suporta WooCommerce loja online. Ideal para boutiques, desfiles de moda, spas, sal\u00f5es de beleza, aulas de ioga, loja de alimentos org\u00e2nicos ou o que quiser! Possui tipografia bonita e um layout moderno e limpo. Modelos Home Sobre n\u00f3s Servi\u00e7os [&hellip;]<\/p>","protected":false},"featured_media":372,"comment_status":"closed","ping_status":"open","template":"","meta":{"_jf_limit_responses":"","iawp_total_views":35},"product_brand":[],"product_cat":[26,23,24],"product_tag":[19],"class_list":{"0":"post-371","1":"product","2":"type-product","3":"status-publish","4":"has-post-thumbnail","6":"product_cat-lojas-virtuais","7":"product_cat-templates-elementor-e-envato","8":"product_cat-templates-envato","9":"product_tag-vitalicio","11":"first","12":"instock","13":"downloadable","14":"virtual","15":"purchasable","16":"product-type-simple"},"_links":{"self":[{"href":"https:\/\/packdesites.com\/es\/wp-json\/wp\/v2\/product\/371","targetHints":{"allow":["GET"]}}],"collection":[{"href":"https:\/\/packdesites.com\/es\/wp-json\/wp\/v2\/product"}],"about":[{"href":"https:\/\/packdesites.com\/es\/wp-json\/wp\/v2\/types\/product"}],"replies":[{"embeddable":true,"href":"https:\/\/packdesites.com\/es\/wp-json\/wp\/v2\/comments?post=371"}],"version-history":[{"count":0,"href":"https:\/\/packdesites.com\/es\/wp-json\/wp\/v2\/product\/371\/revisions"}],"wp:featuredmedia":[{"embeddable":true,"href":"https:\/\/packdesites.com\/es\/wp-json\/wp\/v2\/media\/372"}],"wp:attachment":[{"href":"https:\/\/packdesites.com\/es\/wp-json\/wp\/v2\/media?parent=371"}],"wp:term":[{"taxonomy":"product_brand","embeddable":true,"href":"https:\/\/packdesites.com\/es\/wp-json\/wp\/v2\/product_brand?post=371"},{"taxonomy":"product_cat","embeddable":true,"href":"https:\/\/packdesites.com\/es\/wp-json\/wp\/v2\/product_cat?post=371"},{"taxonomy":"product_tag","embeddable":true,"href":"https:\/\/packdesites.com\/es\/wp-json\/wp\/v2\/product_tag?post=371"}],"curies":[{"name":"wp","href":"https:\/\/api.w.org\/{rel}","templated":true}]}}