{"id":345,"date":"2022-08-01T03:00:00","date_gmt":"2022-08-01T03:00:00","guid":{"rendered":"https:\/\/packdesites.com\/produto\/gilkan-dermatologia-e-cuidados-com-a-pele\/"},"modified":"2025-10-08T09:28:03","modified_gmt":"2025-10-08T12:28:03","slug":"dermatologia-y-cuidado-de-la-piel-gilkan","status":"publish","type":"product","link":"https:\/\/packdesites.com\/es\/product\/dermatologia-y-cuidado-de-la-piel-gilkan\/","title":{"rendered":"Gilkan \u2013 Dermatolog\u00eda y cuidado de la piel"},"content":{"rendered":"<p><em>Gilkan<\/em>\u00a0Es un kit de plantillas de Elementor para crear sitios web para tu negocio de forma r\u00e1pida y sencilla con el plugin Elementor Page Builder para WordPress. Este kit est\u00e1 optimizado para el tema gratuito Hello Elementor, pero es compatible con la mayor\u00eda de los temas compatibles con Elementor.<\/p>\n\n\n\n<p>Este kit requiere la actualizaci\u00f3n de Elementor Pro para algunas plantillas y funciones (no incluidas)<\/p>\n\n\n\n<p><strong>Caracter\u00edsticas<\/strong><\/p>\n\n\n\n<ul class=\"wp-block-list\"><li>Personalizaci\u00f3n real sin c\u00f3digo con un generador visual de arrastrar y soltar<\/li><li>Personalice fuentes y colores en un solo lugar o ajuste elementos individuales<\/li><li>Dise\u00f1o moderno y profesional.<\/li><li>Carga r\u00e1pida<\/li><li>Funciona con la mayor\u00eda de los temas de Elementor.<\/li><\/ul>\n\n\n\n<p><strong>Gilkan \u2014 Modelos<\/strong><\/p>\n\n\n\n<p><em>P\u00e1ginas<\/em><\/p>\n\n\n\n<ul class=\"wp-block-list\"><li>P\u00e1gina de inicio<\/li><li>P\u00e1gina Acerca de Nosotros<\/li><li>P\u00e1gina de servicio<\/li><li>P\u00e1gina de servicio \u00fanico<\/li><li>P\u00e1gina de expertos en belleza<\/li><li>P\u00e1gina de error 404<\/li><li>P\u00e1gina de contacto<\/li><li>P\u00e1gina de preguntas frecuentes<\/li><li>P\u00e1gina del blog<\/li><li>Blog de una sola p\u00e1gina<\/li><\/ul>\n\n\n\n<p><em><strong>Secciones<\/strong><\/em><\/p>\n\n\n\n<ul class=\"wp-block-list\"><li>Secci\u00f3n de encabezado<\/li><li>Secci\u00f3n de Banner<\/li><li>Secci\u00f3n de contacto<\/li><li>Secci\u00f3n de equipo<\/li><li>Secci\u00f3n de precios<\/li><li>Secci\u00f3n de Servicio-1<\/li><li>Secci\u00f3n de Servicio-2<\/li><li>Secci\u00f3n de la galer\u00eda<\/li><li>Secci\u00f3n de testimonios<\/li><li>Secci\u00f3n de logotipos de clientes<\/li><li>Secci\u00f3n de h\u00e9roes<\/li><\/ul>\n\n\n\n<p><strong>Complementos necesarios instalados con el kit<\/strong><\/p>\n\n\n\n<ul class=\"wp-block-list\"><li>Elementor<\/li><li>ElementsKit Lite<\/li><li>PowerPack Lite para Elementor<\/li><\/ul>","protected":false},"excerpt":{"rendered":"<p>Gilkan\u00a0\u00e9 um Template Kit Elementor para criar rapidamente e facilmente sites para o seu neg\u00f3cio usando o plugin Elementor Page Builder para WordPress. Este kit foi otimizado para uso com o tema gratuito Hello Elementor, mas pode ser usado com a maioria dos temas que suportam Elementor. Este kit requer a atualiza\u00e7\u00e3o do Elementor Pro [&hellip;]<\/p>","protected":false},"featured_media":346,"comment_status":"closed","ping_status":"open","template":"","meta":{"_jf_limit_responses":"","iawp_total_views":12},"product_brand":[],"product_cat":[23,27,24],"product_tag":[19],"class_list":{"0":"post-345","1":"product","2":"type-product","3":"status-publish","4":"has-post-thumbnail","6":"product_cat-templates-elementor-e-envato","7":"product_cat-prestadores-de-servicos","8":"product_cat-templates-envato","9":"product_tag-vitalicio","11":"first","12":"instock","13":"downloadable","14":"virtual","15":"purchasable","16":"product-type-simple"},"_links":{"self":[{"href":"https:\/\/packdesites.com\/es\/wp-json\/wp\/v2\/product\/345","targetHints":{"allow":["GET"]}}],"collection":[{"href":"https:\/\/packdesites.com\/es\/wp-json\/wp\/v2\/product"}],"about":[{"href":"https:\/\/packdesites.com\/es\/wp-json\/wp\/v2\/types\/product"}],"replies":[{"embeddable":true,"href":"https:\/\/packdesites.com\/es\/wp-json\/wp\/v2\/comments?post=345"}],"version-history":[{"count":1,"href":"https:\/\/packdesites.com\/es\/wp-json\/wp\/v2\/product\/345\/revisions"}],"predecessor-version":[{"id":23950,"href":"https:\/\/packdesites.com\/es\/wp-json\/wp\/v2\/product\/345\/revisions\/23950"}],"wp:featuredmedia":[{"embeddable":true,"href":"https:\/\/packdesites.com\/es\/wp-json\/wp\/v2\/media\/346"}],"wp:attachment":[{"href":"https:\/\/packdesites.com\/es\/wp-json\/wp\/v2\/media?parent=345"}],"wp:term":[{"taxonomy":"product_brand","embeddable":true,"href":"https:\/\/packdesites.com\/es\/wp-json\/wp\/v2\/product_brand?post=345"},{"taxonomy":"product_cat","embeddable":true,"href":"https:\/\/packdesites.com\/es\/wp-json\/wp\/v2\/product_cat?post=345"},{"taxonomy":"product_tag","embeddable":true,"href":"https:\/\/packdesites.com\/es\/wp-json\/wp\/v2\/product_tag?post=345"}],"curies":[{"name":"wp","href":"https:\/\/api.w.org\/{rel}","templated":true}]}}