{"id":335,"date":"2022-08-01T03:00:00","date_gmt":"2022-08-01T03:00:00","guid":{"rendered":"https:\/\/packdesites.com\/produto\/ewa-salao-de-beleza-spa\/"},"modified":"2025-04-03T00:23:13","modified_gmt":"2025-04-03T00:23:13","slug":"salon-de-belleza-y-spa-ewa","status":"publish","type":"product","link":"https:\/\/packdesites.com\/es\/product\/salon-de-belleza-y-spa-ewa\/","title":{"rendered":"Ewa \u2013 Sal\u00f3n de belleza y spa"},"content":{"rendered":"<p>Ewa: es un kit de plantillas Elementor potente y responsivo para salones de belleza y spa. Con la ayuda de este kit de plantillas (alrededor de 26 secciones) puede crear sitios web para belleza, spa, salones, yoga, peluquer\u00eda, cuidado, cabello, salud, masajes, fisioterapia, centro de bienestar, maquillaje, terapia, cosm\u00e9ticos, tratamientos y sitios web personales.<\/p>\n\n\n\n<p><strong>Modelos:<\/strong><\/p>\n\n\n\n<ul class=\"wp-block-list\"><li>Hogar<\/li><li>En<\/li><li>Servicios<\/li><li>Galer\u00eda<\/li><li>Equipo<\/li><li>Precios<\/li><li>Paquetes<\/li><li>Preguntas frecuentes<\/li><li>404<\/li><li>Contacto<\/li><li>Secci\u00f3n de encabezado<\/li><li>Secci\u00f3n de pie de p\u00e1gina<\/li><li>Secci\u00f3n de im\u00e1genes de<\/li><li>Secci\u00f3n de Servicios<\/li><li>Acerca de la Secci\u00f3n<\/li><li>Datos curiosos<\/li><li>T\u00edtulo de la secci\u00f3n<\/li><li>Secci\u00f3n de Servicios Populares<\/li><li>Secci\u00f3n de testimonios<\/li><li>Secci\u00f3n de Servicios Destacados<\/li><li>Secci\u00f3n de precios<\/li><li>Secci\u00f3n 2 de precios<\/li><li>Secci\u00f3n de Paquetes<\/li><li>Secci\u00f3n de equipo<\/li><li>Secci\u00f3n de la galer\u00eda<\/li><li>Secci\u00f3n de boletines informativos<\/li><li>Secci\u00f3n destacada<\/li><\/ul>\n\n\n\n<p><strong>Caracter\u00edsticas:<\/strong><\/p>\n\n\n\n<ul class=\"wp-block-list\"><li>Calidad Premium<\/li><li>Bajo costo<\/li><li>10 demostraciones predise\u00f1adas<\/li><li>Dise\u00f1o limpio y moderno<\/li><li>Totalmente personalizable<\/li><\/ul>\n\n\n\n<p><strong>Complementos necesarios instalados con el kit:<\/strong><\/p>\n\n\n\n<ul class=\"wp-block-list\"><li>ElementsKit Lite<\/li><li>Formulario de contacto<\/li><li>Efectos al pasar el cursor sobre la imagen \u2013 Complemento de Elementor<\/li><\/ul>","protected":false},"excerpt":{"rendered":"<p>Ewa &#8211; \u00e9 um poderoso e responsivo template kit elementor para beleza &amp; spa sal\u00e3o. Com a ajuda deste template kit (em torno de 26 se\u00e7\u00f5es) voc\u00ea pode criar sites para Beleza, Spa, Sal\u00f5es, Yoga, Barbearia, Cuidados, Cabelo, Sa\u00fade, Massagem, Fisioterapia, Centro de Bem-Estar, Maquiagem, Terapia, Cosm\u00e9ticos, Tratamento e site pessoal. Modelos: Home Sobre Servi\u00e7os [&hellip;]<\/p>","protected":false},"featured_media":336,"comment_status":"closed","ping_status":"open","template":"","meta":{"_jf_limit_responses":"","iawp_total_views":32},"product_brand":[],"product_cat":[27,29,23,24],"product_tag":[19],"class_list":{"0":"post-335","1":"product","2":"type-product","3":"status-publish","4":"has-post-thumbnail","6":"product_cat-prestadores-de-servicos","7":"product_cat-saude-e-bem-estar","8":"product_cat-templates-elementor-e-envato","9":"product_cat-templates-envato","10":"product_tag-vitalicio","12":"first","13":"instock","14":"downloadable","15":"virtual","16":"purchasable","17":"product-type-simple"},"_links":{"self":[{"href":"https:\/\/packdesites.com\/es\/wp-json\/wp\/v2\/product\/335","targetHints":{"allow":["GET"]}}],"collection":[{"href":"https:\/\/packdesites.com\/es\/wp-json\/wp\/v2\/product"}],"about":[{"href":"https:\/\/packdesites.com\/es\/wp-json\/wp\/v2\/types\/product"}],"replies":[{"embeddable":true,"href":"https:\/\/packdesites.com\/es\/wp-json\/wp\/v2\/comments?post=335"}],"version-history":[{"count":0,"href":"https:\/\/packdesites.com\/es\/wp-json\/wp\/v2\/product\/335\/revisions"}],"wp:featuredmedia":[{"embeddable":true,"href":"https:\/\/packdesites.com\/es\/wp-json\/wp\/v2\/media\/336"}],"wp:attachment":[{"href":"https:\/\/packdesites.com\/es\/wp-json\/wp\/v2\/media?parent=335"}],"wp:term":[{"taxonomy":"product_brand","embeddable":true,"href":"https:\/\/packdesites.com\/es\/wp-json\/wp\/v2\/product_brand?post=335"},{"taxonomy":"product_cat","embeddable":true,"href":"https:\/\/packdesites.com\/es\/wp-json\/wp\/v2\/product_cat?post=335"},{"taxonomy":"product_tag","embeddable":true,"href":"https:\/\/packdesites.com\/es\/wp-json\/wp\/v2\/product_tag?post=335"}],"curies":[{"name":"wp","href":"https:\/\/api.w.org\/{rel}","templated":true}]}}