{"id":327,"date":"2022-08-01T03:00:00","date_gmt":"2022-08-01T03:00:00","guid":{"rendered":"https:\/\/packdesites.com\/produto\/elixir-site-de-perfumaria\/"},"modified":"2025-04-03T00:23:00","modified_gmt":"2025-04-03T00:23:00","slug":"sitio-web-de-perfumeria-elixir","status":"publish","type":"product","link":"https:\/\/packdesites.com\/es\/product\/sitio-web-de-perfumeria-elixir\/","title":{"rendered":"Elixir \u2013 Sitio web de perfumer\u00eda"},"content":{"rendered":"<p>Elixir es un kit de plantillas de Elementor para el sitio web de una empresa de perfumes. Incluye m\u00e1s de 12 plantillas predise\u00f1adas con un dise\u00f1o simple, elegante y moderno, y un dise\u00f1o profesional. Crea f\u00e1cilmente un sitio web para tu empresa de perfumes. Simplemente arrastra y suelta, sin necesidad de programar.<\/p>\n\n\n\n<p><strong>Caracter\u00edsticas del dise\u00f1o:<\/strong><\/p>\n\n\n\n<ul class=\"wp-block-list\"><li>Dise\u00f1o moderno y profesional.<\/li><li>Creado con Elementor Pro<\/li><li>100% Responsivo y compatible con dispositivos m\u00f3viles<\/li><li>M\u00e1s de 12 plantillas predise\u00f1adas<\/li><li>F\u00e1cil de personalizar<\/li><li>Kit de plantillas creado con el tema Hello Elementor<\/li><\/ul>\n\n\n\n<p><strong>Qu\u00e9 incluye <\/strong><\/p>\n\n\n\n<ul class=\"wp-block-list\"><li>P\u00e1gina principal<\/li><li>Sobre nosotros<\/li><li>Colecciones<\/li><li>Contacto<\/li><li>Archivo<\/li><li>Error 404<\/li><li>Men\u00fa de diapositivas<\/li><li>Publicaci\u00f3n \u00fanica<\/li><li>Preguntas frecuentes<\/li><li>Noticias<\/li><li>Tienda oficial<\/li><li>Perfumista<\/li><li>Producto \u00fanico<\/li><li>Se requiere la actualizaci\u00f3n de Elementor Pro para algunas plantillas y funciones (no incluidas)<\/li><\/ul>","protected":false},"excerpt":{"rendered":"<p>Elixir \u00e9 um template kit elementor para o site de neg\u00f3cios fabricante de perfumes. Tem mais de 12 modelos pr\u00e9-constru\u00eddos com design simples, elegante e moderno e estilo de layout profissional. Voc\u00ea pode criar facilmente um site para a empresa que produz perfume. Basta arrastar e soltar, sem necessidade de codifica\u00e7\u00e3o. Recursos de layout: Design [&hellip;]<\/p>","protected":false},"featured_media":328,"comment_status":"closed","ping_status":"open","template":"","meta":{"_jf_limit_responses":"","iawp_total_views":19},"product_brand":[],"product_cat":[26,23,24],"product_tag":[19],"class_list":{"0":"post-327","1":"product","2":"type-product","3":"status-publish","4":"has-post-thumbnail","6":"product_cat-lojas-virtuais","7":"product_cat-templates-elementor-e-envato","8":"product_cat-templates-envato","9":"product_tag-vitalicio","11":"first","12":"instock","13":"downloadable","14":"virtual","15":"purchasable","16":"product-type-simple"},"_links":{"self":[{"href":"https:\/\/packdesites.com\/es\/wp-json\/wp\/v2\/product\/327","targetHints":{"allow":["GET"]}}],"collection":[{"href":"https:\/\/packdesites.com\/es\/wp-json\/wp\/v2\/product"}],"about":[{"href":"https:\/\/packdesites.com\/es\/wp-json\/wp\/v2\/types\/product"}],"replies":[{"embeddable":true,"href":"https:\/\/packdesites.com\/es\/wp-json\/wp\/v2\/comments?post=327"}],"version-history":[{"count":0,"href":"https:\/\/packdesites.com\/es\/wp-json\/wp\/v2\/product\/327\/revisions"}],"wp:featuredmedia":[{"embeddable":true,"href":"https:\/\/packdesites.com\/es\/wp-json\/wp\/v2\/media\/328"}],"wp:attachment":[{"href":"https:\/\/packdesites.com\/es\/wp-json\/wp\/v2\/media?parent=327"}],"wp:term":[{"taxonomy":"product_brand","embeddable":true,"href":"https:\/\/packdesites.com\/es\/wp-json\/wp\/v2\/product_brand?post=327"},{"taxonomy":"product_cat","embeddable":true,"href":"https:\/\/packdesites.com\/es\/wp-json\/wp\/v2\/product_cat?post=327"},{"taxonomy":"product_tag","embeddable":true,"href":"https:\/\/packdesites.com\/es\/wp-json\/wp\/v2\/product_tag?post=327"}],"curies":[{"name":"wp","href":"https:\/\/api.w.org\/{rel}","templated":true}]}}