{"id":317,"date":"2022-11-10T03:00:00","date_gmt":"2022-11-10T03:00:00","guid":{"rendered":"https:\/\/packdesites.com\/produto\/demera-loja-de-joias\/"},"modified":"2025-04-03T00:22:49","modified_gmt":"2025-04-03T00:22:49","slug":"joyeria-demera","status":"publish","type":"product","link":"https:\/\/packdesites.com\/es\/product\/joyeria-demera\/","title":{"rendered":"Demera \u2013 Joyer\u00eda"},"content":{"rendered":"<p>Demera es un moderno kit de plantillas de Elementor, perfecto para crear un sitio web basado en WordPress para vender joyas de diamantes, piedras preciosas, collares, pendientes, bisuter\u00eda y cualquier otro tipo de tienda online. Esta plantilla presenta un dise\u00f1o profesional con un dise\u00f1o responsivo 100%, es compatible con pantallas retina y es incre\u00edblemente f\u00e1cil de personalizar con Elementor, \u00a1as\u00ed que no necesitas escribir ni una sola l\u00ednea de c\u00f3digo!<\/p>\n\n\n\n<p><strong>Se requiere la actualizaci\u00f3n de Elementor Pro para algunas plantillas y funciones (no incluidas)<\/strong><\/p>\n\n\n\n<p><strong>Todas las funciones<\/strong><\/p>\n\n\n\n<ul class=\"wp-block-list\"><li>Los estilos y efectos se crean dentro del panel Elementor, sin necesidad de codificaci\u00f3n alguna<\/li><li>10 dise\u00f1os de p\u00e1gina personalizables<\/li><li>18 plantillas de secciones bien dise\u00f1adas<\/li><li>Estilo elegante y minimalista.<\/li><li>Colores y tonos elegantes<\/li><li>Adaptable para computadoras de escritorio, port\u00e1tiles y dispositivos m\u00f3viles.<\/li><li>Dise\u00f1o de todos los widgets principales de WordPress<\/li><li>Dise\u00f1o de p\u00edxeles sin costuras<\/li><li>F\u00e1cil de usar y modificar<\/li><li>Fluido totalmente sensible<\/li><li>S\u00edmbolos totalmente editables<\/li><\/ul>\n\n\n\n<p><strong>Caracter\u00edsticas principales<\/strong>&nbsp;Demera ofrece un dise\u00f1o web de WordPress limpio, ordenado y profesional. Necesitar\u00e1 Elementor Pro como plugin premium para usar este creador de p\u00e1ginas web. El paquete completo incluye varias funciones clave, entre ellas:<\/p>\n\n\n\n<ul class=\"wp-block-list\"><li>P\u00e1gina de inicio 1<\/li><li>P\u00e1gina de inicio 2<\/li><li>P\u00e1gina Acerca de Nosotros<\/li><li>P\u00e1gina de servicios<\/li><li>P\u00e1gina de detalles del servicio<\/li><li>P\u00e1gina del equipo<\/li><li>P\u00e1gina de precios<\/li><li>P\u00e1gina de contacto<\/li><li>P\u00e1gina de la galer\u00eda<\/li><li>P\u00e1gina de colecciones<\/li><\/ul>\n\n\n\n<p>Este no es un tema de WordPress. Los kits de plantillas contienen contenido para el constructor de p\u00e1ginas Elementor. Este kit est\u00e1 optimizado para usarse con el tema gratuito Hello Elementor, pero es compatible con la mayor\u00eda de los temas compatibles con Elementor.<\/p>","protected":false},"excerpt":{"rendered":"<p>Demera es un moderno kit de plantillas para Elementor, perfecto para crear un sitio web basado en WordPress para vender joyas de diamantes, piedras preciosas, collares, aretes, bisuter\u00eda y cualquier tipo de tienda online. Esta plantilla tiene un dise\u00f1o profesional con un dise\u00f1o adaptable 100%, es compatible con pantallas retina y es muy f\u00e1cil de usar.<\/p>","protected":false},"featured_media":318,"comment_status":"closed","ping_status":"open","template":"","meta":{"_jf_limit_responses":"","iawp_total_views":14},"product_brand":[],"product_cat":[26,23,24],"product_tag":[19],"class_list":{"0":"post-317","1":"product","2":"type-product","3":"status-publish","4":"has-post-thumbnail","6":"product_cat-lojas-virtuais","7":"product_cat-templates-elementor-e-envato","8":"product_cat-templates-envato","9":"product_tag-vitalicio","11":"first","12":"instock","13":"downloadable","14":"virtual","15":"purchasable","16":"product-type-simple"},"_links":{"self":[{"href":"https:\/\/packdesites.com\/es\/wp-json\/wp\/v2\/product\/317","targetHints":{"allow":["GET"]}}],"collection":[{"href":"https:\/\/packdesites.com\/es\/wp-json\/wp\/v2\/product"}],"about":[{"href":"https:\/\/packdesites.com\/es\/wp-json\/wp\/v2\/types\/product"}],"replies":[{"embeddable":true,"href":"https:\/\/packdesites.com\/es\/wp-json\/wp\/v2\/comments?post=317"}],"version-history":[{"count":0,"href":"https:\/\/packdesites.com\/es\/wp-json\/wp\/v2\/product\/317\/revisions"}],"wp:featuredmedia":[{"embeddable":true,"href":"https:\/\/packdesites.com\/es\/wp-json\/wp\/v2\/media\/318"}],"wp:attachment":[{"href":"https:\/\/packdesites.com\/es\/wp-json\/wp\/v2\/media?parent=317"}],"wp:term":[{"taxonomy":"product_brand","embeddable":true,"href":"https:\/\/packdesites.com\/es\/wp-json\/wp\/v2\/product_brand?post=317"},{"taxonomy":"product_cat","embeddable":true,"href":"https:\/\/packdesites.com\/es\/wp-json\/wp\/v2\/product_cat?post=317"},{"taxonomy":"product_tag","embeddable":true,"href":"https:\/\/packdesites.com\/es\/wp-json\/wp\/v2\/product_tag?post=317"}],"curies":[{"name":"wp","href":"https:\/\/api.w.org\/{rel}","templated":true}]}}