{"id":313,"date":"2022-11-10T03:00:00","date_gmt":"2022-11-10T03:00:00","guid":{"rendered":"https:\/\/packdesites.com\/produto\/custommade-loja-de-joias-e-ourives\/"},"modified":"2025-11-11T14:37:03","modified_gmt":"2025-11-11T17:37:03","slug":"joyeria-y-orfebreria-a-medida","status":"publish","type":"product","link":"https:\/\/packdesites.com\/es\/product\/joyeria-y-orfebreria-a-medida\/","title":{"rendered":"CustomMade \u2013 Joyer\u00eda y orfebrer\u00eda"},"content":{"rendered":"<p>Plantillas de Elementor dise\u00f1adas profesionalmente para joyer\u00eda, bisuter\u00eda, joyer\u00eda personalizada, orfebrer\u00eda o cualquier tienda de moda online. Este kit incluye&nbsp;<strong>16 dise\u00f1os predise\u00f1ados<\/strong>&nbsp;Listo para actualizar. Presenta un dise\u00f1o sofisticado, moderno y glamuroso con una exclusiva superposici\u00f3n de h\u00e9roe animado. Este kit est\u00e1 optimizado para el tema gratuito Hello Elementor, pero es compatible con la mayor\u00eda de los temas compatibles con Elementor.<\/p>\n\n\n\n<p>Este kit fue creado con el tema Hello, pero puedes usar cualquier otro tema con soporte para Elementor.<\/p>\n\n\n\n<p>Se requiere la actualizaci\u00f3n de Elementor Pro para algunas plantillas y funciones (no incluidas).<\/p>\n\n\n\n<p><strong>Caracter\u00edsticas<\/strong><\/p>\n\n\n\n<ul class=\"wp-block-list\"><li>Excelente documentaci\u00f3n y soporte de Elementor y WooCommerce<\/li><li>Personalizaci\u00f3n real sin c\u00f3digo con un generador visual de arrastrar y soltar<\/li><li>Personalice fuentes y colores en un solo lugar o ajuste elementos individuales<\/li><li>Dise\u00f1o moderno y profesional.<\/li><li>Superposici\u00f3n de h\u00e9roe animado<\/li><li>Carga r\u00e1pida<\/li><li>Soporte de WooCommerce<\/li><li>Generador de encabezados y pies de p\u00e1gina<\/li><li>Totalmente personalizable<\/li><li>Dise\u00f1o adaptable<\/li><\/ul>\n\n\n\n<p><strong>Modelos<\/strong><\/p>\n\n\n\n<ul class=\"wp-block-list\"><li>Encabezado 01<\/li><li>Encabezado 02<\/li><li>Z\u00f3calo<\/li><li>404<\/li><li>Quienes somos<\/li><li>Producto de archivo<\/li><li>Carreras<\/li><li>Dentro de poco<\/li><li>Cont\u00e1ctanos<\/li><li>Atenci\u00f3n al cliente<\/li><li>Inicio Personalizado<\/li><li>Inicio Tienda<\/li><li>Escuela de Joyer\u00eda<\/li><li>Nuestra escuela<\/li><li>Nuestros servicios<\/li><li>Ventana emergente<\/li><li>Producto \u00fanico<\/li><\/ul>\n\n\n\n<p><strong>Complementos necesarios<\/strong><\/p>\n\n\n\n<ul class=\"wp-block-list\"><li>Elementor<\/li><li>Elementor Pro<\/li><li>WooCommerce<\/li><\/ul>","protected":false},"excerpt":{"rendered":"<p>Plantillas de Elementor dise\u00f1adas profesionalmente para joyer\u00eda, bisuter\u00eda, joyer\u00eda personalizada y joyer\u00edas, o cualquier tienda de moda online. Este kit incluye 16 dise\u00f1os predise\u00f1ados listos para que los actualices. Presenta un dise\u00f1o sofisticado, moderno y glamuroso con una superposici\u00f3n animada \u00fanica. Este kit ha sido optimizado para su uso con el tema gratuito Hello Elementor, pero puede utilizarse con [\u2026]<\/p>","protected":false},"featured_media":314,"comment_status":"closed","ping_status":"open","template":"","meta":{"_jf_limit_responses":"","iawp_total_views":77},"product_brand":[],"product_cat":[23,26,24],"product_tag":[19],"class_list":{"0":"post-313","1":"product","2":"type-product","3":"status-publish","4":"has-post-thumbnail","6":"product_cat-templates-elementor-e-envato","7":"product_cat-lojas-virtuais","8":"product_cat-templates-envato","9":"product_tag-vitalicio","11":"first","12":"instock","13":"downloadable","14":"virtual","15":"purchasable","16":"product-type-simple"},"_links":{"self":[{"href":"https:\/\/packdesites.com\/es\/wp-json\/wp\/v2\/product\/313","targetHints":{"allow":["GET"]}}],"collection":[{"href":"https:\/\/packdesites.com\/es\/wp-json\/wp\/v2\/product"}],"about":[{"href":"https:\/\/packdesites.com\/es\/wp-json\/wp\/v2\/types\/product"}],"replies":[{"embeddable":true,"href":"https:\/\/packdesites.com\/es\/wp-json\/wp\/v2\/comments?post=313"}],"version-history":[{"count":1,"href":"https:\/\/packdesites.com\/es\/wp-json\/wp\/v2\/product\/313\/revisions"}],"predecessor-version":[{"id":22491,"href":"https:\/\/packdesites.com\/es\/wp-json\/wp\/v2\/product\/313\/revisions\/22491"}],"wp:featuredmedia":[{"embeddable":true,"href":"https:\/\/packdesites.com\/es\/wp-json\/wp\/v2\/media\/314"}],"wp:attachment":[{"href":"https:\/\/packdesites.com\/es\/wp-json\/wp\/v2\/media?parent=313"}],"wp:term":[{"taxonomy":"product_brand","embeddable":true,"href":"https:\/\/packdesites.com\/es\/wp-json\/wp\/v2\/product_brand?post=313"},{"taxonomy":"product_cat","embeddable":true,"href":"https:\/\/packdesites.com\/es\/wp-json\/wp\/v2\/product_cat?post=313"},{"taxonomy":"product_tag","embeddable":true,"href":"https:\/\/packdesites.com\/es\/wp-json\/wp\/v2\/product_tag?post=313"}],"curies":[{"name":"wp","href":"https:\/\/api.w.org\/{rel}","templated":true}]}}