{"id":307,"date":"2022-08-01T03:00:00","date_gmt":"2022-08-01T03:00:00","guid":{"rendered":"https:\/\/packdesites.com\/produto\/bazso-barbearia\/"},"modified":"2025-04-03T00:22:38","modified_gmt":"2025-04-03T00:22:38","slug":"barberia-bazso","status":"publish","type":"product","link":"https:\/\/packdesites.com\/es\/product\/barberia-bazso\/","title":{"rendered":"Bazso \u2013 Barber\u00eda"},"content":{"rendered":"<p>Bazso est\u00e1 dise\u00f1ado para barber\u00edas que quieren mostrar su trabajo, servicios y manera profesional.<\/p>\n\n\n\n<p><strong>Modelos:<\/strong><\/p>\n\n\n\n<ul class=\"wp-block-list\"><li>P\u00e1gina de inicio V1<\/li><li>P\u00e1gina de inicio V2<\/li><li>Sobre nosotros<\/li><li>Servicios<\/li><li>Precios<\/li><li>Nuestros barberos<\/li><li>Testimonio<\/li><li>Patrocinadores<\/li><li>Galer\u00eda<\/li><li>Contacto<\/li><li>Blog de archivo<\/li><li>Publicaci\u00f3n \u00fanica<\/li><li>Contacto<\/li><\/ul>\n\n\n\n<p><strong>Caracter\u00edsticas<\/strong><\/p>\n\n\n\n<ul class=\"wp-block-list\"><li>Generador de encabezados y pies de p\u00e1gina<\/li><\/ul>\n\n\n\n<p><strong>Complementos necesarios:<\/strong><\/p>\n\n\n\n<ul class=\"wp-block-list\"><li>Elementor<\/li><li>Elementor Pro<\/li><li>Formulario de contacto 7<\/li><li>PowerPack Lite para Elementor<\/li><\/ul>","protected":false},"excerpt":{"rendered":"<p>Bazso \u00e9 projetado para barbearia que deseja mostrar seu trabalho, servi\u00e7os e forma profissional. Modelos: P\u00e1gina inicial V1 P\u00e1gina inicial V2 Sobre n\u00f3s Servi\u00e7os Pre\u00e7os Nossos barbeiros Depoimento Patrocinadores Galeria Contato Arquivar blog Postagem \u00danica Contato Caracter\u00edsticas Construtor de cabe\u00e7alho e rodap\u00e9 Plugins necess\u00e1rios: Elementor Elementor Pro Formul\u00e1rio de contato 7 PowerPack Lite para Elementor<\/p>","protected":false},"featured_media":308,"comment_status":"closed","ping_status":"open","template":"","meta":{"_jf_limit_responses":"","iawp_total_views":18},"product_brand":[],"product_cat":[27,23,24],"product_tag":[19],"class_list":{"0":"post-307","1":"product","2":"type-product","3":"status-publish","4":"has-post-thumbnail","6":"product_cat-prestadores-de-servicos","7":"product_cat-templates-elementor-e-envato","8":"product_cat-templates-envato","9":"product_tag-vitalicio","11":"first","12":"instock","13":"downloadable","14":"virtual","15":"purchasable","16":"product-type-simple"},"_links":{"self":[{"href":"https:\/\/packdesites.com\/es\/wp-json\/wp\/v2\/product\/307","targetHints":{"allow":["GET"]}}],"collection":[{"href":"https:\/\/packdesites.com\/es\/wp-json\/wp\/v2\/product"}],"about":[{"href":"https:\/\/packdesites.com\/es\/wp-json\/wp\/v2\/types\/product"}],"replies":[{"embeddable":true,"href":"https:\/\/packdesites.com\/es\/wp-json\/wp\/v2\/comments?post=307"}],"version-history":[{"count":0,"href":"https:\/\/packdesites.com\/es\/wp-json\/wp\/v2\/product\/307\/revisions"}],"wp:featuredmedia":[{"embeddable":true,"href":"https:\/\/packdesites.com\/es\/wp-json\/wp\/v2\/media\/308"}],"wp:attachment":[{"href":"https:\/\/packdesites.com\/es\/wp-json\/wp\/v2\/media?parent=307"}],"wp:term":[{"taxonomy":"product_brand","embeddable":true,"href":"https:\/\/packdesites.com\/es\/wp-json\/wp\/v2\/product_brand?post=307"},{"taxonomy":"product_cat","embeddable":true,"href":"https:\/\/packdesites.com\/es\/wp-json\/wp\/v2\/product_cat?post=307"},{"taxonomy":"product_tag","embeddable":true,"href":"https:\/\/packdesites.com\/es\/wp-json\/wp\/v2\/product_tag?post=307"}],"curies":[{"name":"wp","href":"https:\/\/api.w.org\/{rel}","templated":true}]}}