{"id":305,"date":"2022-11-10T03:00:00","date_gmt":"2022-11-10T03:00:00","guid":{"rendered":"https:\/\/packdesites.com\/produto\/ayoo-servicos-de-salao-de-beleza\/"},"modified":"2025-04-03T00:22:36","modified_gmt":"2025-04-03T00:22:36","slug":"servicios-de-salon-de-belleza-ayoo","status":"publish","type":"product","link":"https:\/\/packdesites.com\/es\/product\/servicios-de-salon-de-belleza-ayoo\/","title":{"rendered":"Ayoo \u2013 Servicios de sal\u00f3n de belleza"},"content":{"rendered":"<p>Ayoo \u2013 Beauty Salon Services Elementor Template Kit es una colecci\u00f3n de dise\u00f1os para el complemento de creaci\u00f3n de p\u00e1ginas Elementor de WordPress, dise\u00f1ado para usarse con la versi\u00f3n Elementor Pro para lograr un dise\u00f1o limpio. Funciona con la mayor\u00eda de los temas y est\u00e1 optimizado para su uso con el tema gratuito Hello Elementor.<\/p>\n\n\n\n<p><strong>Necesita la versi\u00f3n Elementor PRO para poder utilizar Ayoo \u2013 Kit de plantillas Elementor para servicios de sal\u00f3n de belleza.<\/strong><\/p>\n\n\n\n<p><strong>16 p\u00e1ginas Plantillas incluidas:<\/strong><\/p>\n\n\n\n<ul class=\"wp-block-list\"><li>Hogar<\/li><li>Sobre nosotros<\/li><li>Nuestro servicio<\/li><li>P\u00e1gina del paquete<\/li><li>Paquete individual<\/li><li>P\u00e1gina del producto<\/li><li>Producto de archivo<\/li><li>Resultado de la b\u00fasqueda de productos<\/li><li>Producto \u00fanico<\/li><li>Nuestro equipo<\/li><li>Cont\u00e1ctenos<\/li><li>P\u00e1gina del blog<\/li><li>Publicaci\u00f3n \u00fanica<\/li><li>Publicar archivo<\/li><li>Preguntas frecuentes<\/li><li>P\u00e1gina 404<\/li><\/ul>\n\n\n\n<p><strong>Complementos necesarios<\/strong><\/p>\n\n\n\n<ul class=\"wp-block-list\"><li>Elementor (instalado con el kit)<\/li><li>Elementskit Lite (instalado con el kit)<\/li><li>Elementor PRO (Requiere compra)<\/li><li>WooCommerce (opcional para la funcionalidad de la tienda)<\/li><\/ul>","protected":false},"excerpt":{"rendered":"<p>Ayoo &#8211; Servi\u00e7os de sal\u00e3o de beleza Elementor Template Kit \u00e9 uma cole\u00e7\u00e3o de layouts para o plugin WordPress construtor de p\u00e1gina Elementor, projetado para uso com Elementor Pro Vers\u00e3o para um design limpo. Ele funciona com a maioria dos temas e \u00e9 otimizado para uso com o tema Hello Elementor gratuito. Voc\u00ea precisa Elementor [&hellip;]<\/p>","protected":false},"featured_media":306,"comment_status":"closed","ping_status":"open","template":"","meta":{"_jf_limit_responses":"","iawp_total_views":24},"product_brand":[],"product_cat":[26,27,23,24],"product_tag":[19],"class_list":{"0":"post-305","1":"product","2":"type-product","3":"status-publish","4":"has-post-thumbnail","6":"product_cat-lojas-virtuais","7":"product_cat-prestadores-de-servicos","8":"product_cat-templates-elementor-e-envato","9":"product_cat-templates-envato","10":"product_tag-vitalicio","12":"first","13":"instock","14":"downloadable","15":"virtual","16":"purchasable","17":"product-type-simple"},"_links":{"self":[{"href":"https:\/\/packdesites.com\/es\/wp-json\/wp\/v2\/product\/305","targetHints":{"allow":["GET"]}}],"collection":[{"href":"https:\/\/packdesites.com\/es\/wp-json\/wp\/v2\/product"}],"about":[{"href":"https:\/\/packdesites.com\/es\/wp-json\/wp\/v2\/types\/product"}],"replies":[{"embeddable":true,"href":"https:\/\/packdesites.com\/es\/wp-json\/wp\/v2\/comments?post=305"}],"version-history":[{"count":0,"href":"https:\/\/packdesites.com\/es\/wp-json\/wp\/v2\/product\/305\/revisions"}],"wp:featuredmedia":[{"embeddable":true,"href":"https:\/\/packdesites.com\/es\/wp-json\/wp\/v2\/media\/306"}],"wp:attachment":[{"href":"https:\/\/packdesites.com\/es\/wp-json\/wp\/v2\/media?parent=305"}],"wp:term":[{"taxonomy":"product_brand","embeddable":true,"href":"https:\/\/packdesites.com\/es\/wp-json\/wp\/v2\/product_brand?post=305"},{"taxonomy":"product_cat","embeddable":true,"href":"https:\/\/packdesites.com\/es\/wp-json\/wp\/v2\/product_cat?post=305"},{"taxonomy":"product_tag","embeddable":true,"href":"https:\/\/packdesites.com\/es\/wp-json\/wp\/v2\/product_tag?post=305"}],"curies":[{"name":"wp","href":"https:\/\/api.w.org\/{rel}","templated":true}]}}