{"id":303,"date":"2022-11-10T03:00:00","date_gmt":"2022-11-10T03:00:00","guid":{"rendered":"https:\/\/packdesites.com\/produto\/avika-loja-de-moda-e-site-institucional\/"},"modified":"2025-04-03T00:22:34","modified_gmt":"2025-04-03T00:22:34","slug":"tienda-de-moda-y-sitio-web-institucional-de-avika","status":"publish","type":"product","link":"https:\/\/packdesites.com\/es\/product\/tienda-de-moda-y-sitio-web-institucional-de-avika\/","title":{"rendered":"Avika \u2013 Tienda de moda y sitio web institucional"},"content":{"rendered":"<p><strong>Avika<\/strong>&nbsp;es un sorprendente y nuevo kit de plantillas Elementor de WordPress para una tienda de moda creativa. Dado que es compatible con WooCommerce, el kit ser\u00e1 una excelente opci\u00f3n si quieres vender cosas a trav\u00e9s de tu sitio web. Adem\u00e1s, Avika funciona perfectamente en dispositivos de m\u00faltiples tama\u00f1os de pantalla. Esta plantilla est\u00e1 creada para Elementor y Elementor Pro y se puede editar f\u00e1cilmente en Elementor.<\/p>\n\n\n\n<p><strong>Caracter\u00edsticas principales del kit:<\/strong><\/p>\n\n\n\n<ul class=\"wp-block-list\"><li>No se requieren conocimientos de codificaci\u00f3n<\/li><li>Generador de encabezados y pies de p\u00e1gina incluido<\/li><li>Importaci\u00f3n de plantillas con un solo clic Estilo: \u00fanico y moderno.<\/li><li>Dise\u00f1o claro y limpio<\/li><li>Compatible con todos los navegadores<\/li><li>Widget de publicaci\u00f3n<\/li><li>Caja de diapositivas de carrusel (crea controles deslizantes con cualquier cosa)<\/li><li>Ultra sensible y listo para retina<\/li><li>Compatible con la mayor\u00eda de los temas de WordPress<\/li><li>Optimizado para motores de b\u00fasqueda<\/li><\/ul>\n\n\n\n<p><strong>Complementos necesarios (incluidos):<\/strong><\/p>\n\n\n\n<ul class=\"wp-block-list\"><li>Elementor (Gratis)<\/li><li>Themesflat: complementos para Elementor<\/li><li>ElementsKit Lite<\/li><li>Comercio de Madeira<\/li><li>Se requiere la actualizaci\u00f3n de Elementor Pro para la mayor\u00eda de las plantillas y funciones de la tienda (no incluidas)<\/li><\/ul>","protected":false},"excerpt":{"rendered":"<p>Avika&nbsp;\u00e9 uma incr\u00edvel nova loja de moda criativa WordPress Elementor Template Kit. Por ser compat\u00edvel com o WooCommerce, o kit ser\u00e1 uma \u00f3tima op\u00e7\u00e3o se voc\u00ea deseja vender coisas pelo seu site. Al\u00e9m disso, a Avika funciona perfeitamente em v\u00e1rios dispositivos de tamanho de tela. Este modelo foi criado para Elementor e Elementor Pro e [&hellip;]<\/p>","protected":false},"featured_media":304,"comment_status":"closed","ping_status":"open","template":"","meta":{"_jf_limit_responses":"","iawp_total_views":87},"product_brand":[],"product_cat":[26,23,24],"product_tag":[19],"class_list":{"0":"post-303","1":"product","2":"type-product","3":"status-publish","4":"has-post-thumbnail","6":"product_cat-lojas-virtuais","7":"product_cat-templates-elementor-e-envato","8":"product_cat-templates-envato","9":"product_tag-vitalicio","11":"first","12":"instock","13":"downloadable","14":"virtual","15":"purchasable","16":"product-type-simple"},"_links":{"self":[{"href":"https:\/\/packdesites.com\/es\/wp-json\/wp\/v2\/product\/303","targetHints":{"allow":["GET"]}}],"collection":[{"href":"https:\/\/packdesites.com\/es\/wp-json\/wp\/v2\/product"}],"about":[{"href":"https:\/\/packdesites.com\/es\/wp-json\/wp\/v2\/types\/product"}],"replies":[{"embeddable":true,"href":"https:\/\/packdesites.com\/es\/wp-json\/wp\/v2\/comments?post=303"}],"version-history":[{"count":0,"href":"https:\/\/packdesites.com\/es\/wp-json\/wp\/v2\/product\/303\/revisions"}],"wp:featuredmedia":[{"embeddable":true,"href":"https:\/\/packdesites.com\/es\/wp-json\/wp\/v2\/media\/304"}],"wp:attachment":[{"href":"https:\/\/packdesites.com\/es\/wp-json\/wp\/v2\/media?parent=303"}],"wp:term":[{"taxonomy":"product_brand","embeddable":true,"href":"https:\/\/packdesites.com\/es\/wp-json\/wp\/v2\/product_brand?post=303"},{"taxonomy":"product_cat","embeddable":true,"href":"https:\/\/packdesites.com\/es\/wp-json\/wp\/v2\/product_cat?post=303"},{"taxonomy":"product_tag","embeddable":true,"href":"https:\/\/packdesites.com\/es\/wp-json\/wp\/v2\/product_tag?post=303"}],"curies":[{"name":"wp","href":"https:\/\/api.w.org\/{rel}","templated":true}]}}