{"id":261,"date":"2022-11-10T03:00:00","date_gmt":"2022-11-10T03:00:00","guid":{"rendered":"https:\/\/packdesites.com\/produto\/furnatur-loja-de-comercio-eletronico-para-moveis\/"},"modified":"2025-04-03T00:20:34","modified_gmt":"2025-04-03T00:20:34","slug":"furnatur-tienda-online-de-muebles","status":"publish","type":"product","link":"https:\/\/packdesites.com\/es\/product\/furnatur-tienda-online-de-muebles\/","title":{"rendered":"Furnatur \u2013 Tienda online de muebles"},"content":{"rendered":"<p><strong>Furnatur<\/strong>&nbsp;Es un kit de plantillas de muebles para Elementor. Esta plantilla es ideal para tiendas online, artesanos, emprendedores, dise\u00f1adores de interiores, fabricantes, agencias creativas o simplemente sitios web personales que necesitan mostrar su portafolio con una est\u00e9tica creativa y limpia.<\/p>\n\n\n\n<p><strong>Modelos:<\/strong><\/p>\n\n\n\n<ul class=\"wp-block-list\"><li>P\u00e1gina de inicio 1<\/li><li>P\u00e1gina de inicio2<\/li><li>P\u00e1gina de inicio3<\/li><li>Producto<\/li><li>Producto \u00fanico<\/li><li>Blog<\/li><li>Publicaci\u00f3n \u00fanica<\/li><li>Contacto<\/li><li>Servicio<\/li><li>En<\/li><li>404<\/li><\/ul>\n\n\n\n<p><strong>Complementos necesarios:<\/strong><\/p>\n\n\n\n<ul class=\"wp-block-list\"><li>Elementor<\/li><li>Elementor Pro<\/li><li>WooCommerce<\/li><\/ul>","protected":false},"excerpt":{"rendered":"<p>Furnatur&nbsp;\u00e9 um Template Kit M\u00f3veis para Elementor. Este modelo ideal para lojas online, artes\u00e3os, empres\u00e1rios, Designers de Interiores, Fabricantes, Ag\u00eancias Criativas, ou simplesmente sites pessoais precisam mostrar portf\u00f3lio com um estilo criativo e limpo olhar. Modelos: P\u00e1gina Inicial1 P\u00e1gina Inicial2 P\u00e1gina Inicial3 Produto Produto \u00fanico Blog Post \u00fanico Contacto Servi\u00e7o Sobre 404 Plugins necess\u00e1rios: Elementor [&hellip;]<\/p>","protected":false},"featured_media":262,"comment_status":"closed","ping_status":"open","template":"","meta":{"_jf_limit_responses":"","iawp_total_views":92},"product_brand":[],"product_cat":[26,23,24],"product_tag":[19],"class_list":{"0":"post-261","1":"product","2":"type-product","3":"status-publish","4":"has-post-thumbnail","6":"product_cat-lojas-virtuais","7":"product_cat-templates-elementor-e-envato","8":"product_cat-templates-envato","9":"product_tag-vitalicio","11":"first","12":"instock","13":"downloadable","14":"virtual","15":"purchasable","16":"product-type-simple"},"_links":{"self":[{"href":"https:\/\/packdesites.com\/es\/wp-json\/wp\/v2\/product\/261","targetHints":{"allow":["GET"]}}],"collection":[{"href":"https:\/\/packdesites.com\/es\/wp-json\/wp\/v2\/product"}],"about":[{"href":"https:\/\/packdesites.com\/es\/wp-json\/wp\/v2\/types\/product"}],"replies":[{"embeddable":true,"href":"https:\/\/packdesites.com\/es\/wp-json\/wp\/v2\/comments?post=261"}],"version-history":[{"count":0,"href":"https:\/\/packdesites.com\/es\/wp-json\/wp\/v2\/product\/261\/revisions"}],"wp:featuredmedia":[{"embeddable":true,"href":"https:\/\/packdesites.com\/es\/wp-json\/wp\/v2\/media\/262"}],"wp:attachment":[{"href":"https:\/\/packdesites.com\/es\/wp-json\/wp\/v2\/media?parent=261"}],"wp:term":[{"taxonomy":"product_brand","embeddable":true,"href":"https:\/\/packdesites.com\/es\/wp-json\/wp\/v2\/product_brand?post=261"},{"taxonomy":"product_cat","embeddable":true,"href":"https:\/\/packdesites.com\/es\/wp-json\/wp\/v2\/product_cat?post=261"},{"taxonomy":"product_tag","embeddable":true,"href":"https:\/\/packdesites.com\/es\/wp-json\/wp\/v2\/product_tag?post=261"}],"curies":[{"name":"wp","href":"https:\/\/api.w.org\/{rel}","templated":true}]}}