{"id":24913,"date":"2026-05-07T19:08:28","date_gmt":"2026-05-07T22:08:28","guid":{"rendered":"https:\/\/packdesites.com\/?post_type=product&#038;p=24913"},"modified":"2026-05-07T19:09:04","modified_gmt":"2026-05-07T22:09:04","slug":"formularios-completados-para-elementor","status":"publish","type":"product","link":"https:\/\/packdesites.com\/es\/product\/formularios-completados-para-elementor\/","title":{"rendered":"Formularios completados para Elementor v1.4.0"},"content":{"rendered":"<p>EL <strong>Formul\u00e1rios Preenchidos para Elementor<\/strong> \u00e9 uma alternativa simples para visualizar os envios dos formul\u00e1rios do Elementor diretamente no painel do WordPress.<\/p>\n\n\n\n<p>Em algumas instala\u00e7\u00f5es, a \u00e1rea nativa de <strong>Submissions\/Envios<\/strong> do Elementor pode ficar bloqueada, solicitando a conex\u00e3o com uma conta. Para quem n\u00e3o quer conectar uma conta e ainda assim deseja continuar acessando os envios dos formul\u00e1rios, basta instalar este plugin.<\/p>\n\n\n\n<p>Ap\u00f3s ativar, o plugin adiciona o menu:<\/p>\n\n\n\n<p><strong>Elementor > Editor > Formul\u00e1rios Preenchidos<\/strong><\/p>\n\n\n\n<p>Tamb\u00e9m \u00e9 poss\u00edvel acessar diretamente pela URL:<\/p>\n\n\n\n<pre class=\"wp-block-code has-background has-small-font-size\" style=\"background-color:#e7e7e7;padding-top:20px;padding-right:20px;padding-bottom:20px;padding-left:20px\"><code>\/wp-admin\/admin.php?page=formularios-preenchidos-elementor<\/code><\/pre>\n\n\n\n<p>Com ele, voc\u00ea pode visualizar os formul\u00e1rios preenchidos, filtrar os envios, abrir os detalhes de cada resposta, marcar como lido e realizar a\u00e7\u00f5es em massa de forma pr\u00e1tica dentro do WordPress.<\/p>","protected":false},"excerpt":{"rendered":"<p>O Formul\u00e1rios Preenchidos para Elementor \u00e9 uma alternativa simples para visualizar os envios dos formul\u00e1rios do Elementor diretamente no painel do WordPress. Em algumas instala\u00e7\u00f5es, a \u00e1rea nativa de Submissions\/Envios do Elementor pode ficar bloqueada, solicitando a conex\u00e3o com uma conta. Para quem n\u00e3o quer conectar uma conta e ainda assim deseja continuar acessando os [&hellip;]<\/p>","protected":false},"featured_media":24914,"comment_status":"open","ping_status":"closed","template":"","meta":{"_jf_limit_responses":"","iawp_total_views":1},"product_brand":[],"product_cat":[41],"product_tag":[19],"class_list":{"0":"post-24913","1":"product","2":"type-product","3":"status-publish","4":"has-post-thumbnail","6":"product_cat-plugins","7":"product_tag-vitalicio","9":"first","10":"instock","11":"downloadable","12":"virtual","13":"purchasable","14":"product-type-simple"},"_links":{"self":[{"href":"https:\/\/packdesites.com\/es\/wp-json\/wp\/v2\/product\/24913","targetHints":{"allow":["GET"]}}],"collection":[{"href":"https:\/\/packdesites.com\/es\/wp-json\/wp\/v2\/product"}],"about":[{"href":"https:\/\/packdesites.com\/es\/wp-json\/wp\/v2\/types\/product"}],"replies":[{"embeddable":true,"href":"https:\/\/packdesites.com\/es\/wp-json\/wp\/v2\/comments?post=24913"}],"version-history":[{"count":1,"href":"https:\/\/packdesites.com\/es\/wp-json\/wp\/v2\/product\/24913\/revisions"}],"predecessor-version":[{"id":24915,"href":"https:\/\/packdesites.com\/es\/wp-json\/wp\/v2\/product\/24913\/revisions\/24915"}],"wp:featuredmedia":[{"embeddable":true,"href":"https:\/\/packdesites.com\/es\/wp-json\/wp\/v2\/media\/24914"}],"wp:attachment":[{"href":"https:\/\/packdesites.com\/es\/wp-json\/wp\/v2\/media?parent=24913"}],"wp:term":[{"taxonomy":"product_brand","embeddable":true,"href":"https:\/\/packdesites.com\/es\/wp-json\/wp\/v2\/product_brand?post=24913"},{"taxonomy":"product_cat","embeddable":true,"href":"https:\/\/packdesites.com\/es\/wp-json\/wp\/v2\/product_cat?post=24913"},{"taxonomy":"product_tag","embeddable":true,"href":"https:\/\/packdesites.com\/es\/wp-json\/wp\/v2\/product_tag?post=24913"}],"curies":[{"name":"wp","href":"https:\/\/api.w.org\/{rel}","templated":true}]}}