{"id":24489,"date":"2026-01-12T17:49:43","date_gmt":"2026-01-12T20:49:43","guid":{"rendered":"https:\/\/packdesites.com\/?post_type=product&#038;p=24489"},"modified":"2026-01-12T17:50:13","modified_gmt":"2026-01-12T20:50:13","slug":"descargar-el-complemento-de-suscripcion","status":"publish","type":"product","link":"https:\/\/packdesites.com\/es\/product\/descargar-el-complemento-de-suscripcion\/","title":{"rendered":"Descargar el complemento de suscripciones (v2.27.0)"},"content":{"rendered":"<p><strong>Qu\u00e9 hace el complemento<\/strong><\/p>\n\n\n\n<p>Cree planes de membres\u00eda para permitir el acceso a productos, p\u00e1ginas, art\u00edculos y \u00e1reas restringidas de su sitio web para los usuarios que se registren como miembros.<\/p>\n\n\n\n<p><strong>C\u00f3mo puedes beneficiarte de ello:<\/strong><\/p>\n\n\n\n<ul class=\"wp-block-list\">\n<li>Vender cursos en v\u00eddeo, clases, servicios de consultor\u00eda y poner el contenido a disposici\u00f3n \u00fanicamente de los usuarios que hayan pagado por \u00e9l;<\/li>\n\n\n\n<li>Crea \u00e1reas espec\u00edficas en tus sitios web, restringiendo el acceso s\u00f3lo a los miembros;<\/li>\n\n\n\n<li>Crear una revista en l\u00ednea con publicaciones visibles s\u00f3lo para los usuarios que hayan comprado acceso a ella;<\/li>\n\n\n\n<li>Crear una tienda privada donde s\u00f3lo los usuarios registrados puedan ver los productos;<\/li>\n\n\n\n<li>Ofrecer productos que se puedan comprar y descargar mediante un sistema de cr\u00e9ditos (para im\u00e1genes de fondo, recursos, etc.);<\/li>\n\n\n\n<li>Ofrecer recursos digitales que puedan ser descargados gratuitamente s\u00f3lo por los miembros.<\/li>\n<\/ul>\n\n\n\n<figure class=\"wp-block-image\"><img decoding=\"async\" src=\"https:\/\/yithemes.com\/wp-content\/uploads\/2020\/10\/001-3.jpg\" alt=\"\" title=\"\"><\/figure>\n\n\n\n<h3 class=\"wp-block-heading\">Una herramienta poderosa para crear \u00e1reas restringidas o proporcionar acceso a productos, p\u00e1ginas, art\u00edculos y contenido solo a miembros.<\/h3>\n\n\n\n<p>Vender productos con acceso dedicado es una gran oportunidad para aumentar tus ganancias: grandes empresas como Udemy o Treehouse son un ejemplo viviente y logran un enorme volumen de ventas con este modelo de negocio cada a\u00f1o. Sus ingresos est\u00e1n dise\u00f1ados para crecer considerando el creciente n\u00famero de personas que buscan sus productos.<\/p>\n\n\n\n<p>De forma totalmente automatizada, podr\u00e1s ofrecer a tus usuarios acceso restringido y exclusivo a informaci\u00f3n personalizada, como cursos, v\u00eddeos, productos, art\u00edculos, archivos descargables, etc.<\/p>\n\n\n\n<p>Gestiona cursos, servicios, planes de membres\u00eda valiosos con acceso privado, env\u00eda mensajes a tus clientes, programa la publicaci\u00f3n de contenido exclusivo para tus clientes: todas estas acciones se pueden realizar f\u00e1cilmente con un plugin dise\u00f1ado y desarrollado para simplificar la gesti\u00f3n de productos de acceso restringido.<\/p>\n\n\n\n<p>El \u00e1rea reservada es f\u00e1cil de usar, te permite proteger tu contenido y lo hace accesible s\u00f3lo a miembros o a aquellos que han pagado por \u00e9l.<\/p>\n\n\n\n<h2 class=\"wp-block-heading\">Crea planes ilimitados con diferentes reglas de permisos.<\/h2>\n\n\n\n<p>Crea diferentes planes (por ejemplo, Plata, Bronce y Oro) y establece permisos para tus usuarios seg\u00fan el plan al que est\u00e9n suscritos. Los productos solo pueden ser descargados por miembros de un plan espec\u00edfico, o los miembros de otro plan solo pueden leer entradas de blog, pero no ver videos: las combinaciones son pr\u00e1cticamente ilimitadas.<\/p>\n\n\n\n<figure class=\"wp-block-image\"><img decoding=\"async\" src=\"https:\/\/yithemes.com\/wp-content\/uploads\/2020\/10\/002-2.jpg\" alt=\"\" title=\"\"><\/figure>\n\n\n\n<figure class=\"wp-block-image\"><img decoding=\"async\" src=\"https:\/\/yithemes.com\/wp-content\/uploads\/2020\/10\/003-2.jpg\" alt=\"\" title=\"\"><\/figure>\n\n\n\n<h2 class=\"wp-block-heading\">Asignar autom\u00e1ticamente a los usuarios a un plan espec\u00edfico al momento del registro.<\/h2>\n\n\n\n<p>Crea \u00e1reas de acceso restringido (publicaciones, v\u00eddeos, contenido exclusivo) disponibles s\u00f3lo para usuarios registrados y m\u00e1rcalos autom\u00e1ticamente como &quot;miembros&quot; tan pronto como se registren en tu sitio web.<\/p>\n\n\n\n<h2 class=\"wp-block-heading\">Hacer que la tienda y los productos sean accesibles s\u00f3lo para miembros (como en Privalia).<\/h2>\n\n\n\n<p>Crea una tienda privada con ofertas exclusivas para miembros, oculta productos a usuarios no registrados o sin un plan de membres\u00eda espec\u00edfico.<\/p>\n\n\n\n<figure class=\"wp-block-image\"><img decoding=\"async\" src=\"https:\/\/yithemes.com\/wp-content\/uploads\/2020\/10\/004-2.jpg\" alt=\"\" title=\"\"><\/figure>\n\n\n\n<figure class=\"wp-block-image\"><img decoding=\"async\" src=\"https:\/\/yithemes.com\/wp-content\/uploads\/2020\/10\/005-2.jpg\" alt=\"\" title=\"\"><\/figure>\n\n\n\n<h2 class=\"wp-block-heading\">Ocultar p\u00e1ginas y publicaciones a quienes no son miembros<\/h2>\n\n\n\n<p>Gestiona el acceso a todas las secciones de tu sitio web y elige qu\u00e9 mostrar a los miembros. Puedes crear p\u00e1ginas restringidas, publicaciones exclusivas para miembros y productos que solo los usuarios pueden ver o descargar gratis.<\/p>\n\n\n\n<h2 class=\"wp-block-heading\">Muestra contenido limitado (por ejemplo, una vista previa de un art\u00edculo) y anima a los usuarios a registrarse (y pagar) para ver el contenido completo.<\/h2>\n\n\n\n<p>Crea tu modelo de negocio inspir\u00e1ndote en los peri\u00f3dicos online: publica posts y contenidos cuya introducci\u00f3n pueda ser le\u00edda por todos, pero s\u00f3lo los miembros tendr\u00e1n acceso al contenido completo y a los bonus (v\u00eddeos, podcasts, im\u00e1genes, etc.).<\/p>\n\n\n\n<figure class=\"wp-block-image\"><img decoding=\"async\" src=\"https:\/\/yithemes.com\/wp-content\/uploads\/2020\/10\/006-2.jpg\" alt=\"\" title=\"\"><\/figure>\n\n\n\n<figure class=\"wp-block-image\"><img decoding=\"async\" src=\"https:\/\/yithemes.com\/wp-content\/uploads\/2020\/10\/017.jpg\" alt=\"\" title=\"\"><\/figure>\n\n\n\n<p>Nuevo<\/p>\n\n\n\n<h2 class=\"wp-block-heading\">Utilice el bloque Gutenberg para definir f\u00e1cilmente d\u00f3nde comienza el contenido &quot;solo para miembros&quot;.<\/h2>\n\n\n\n<p>Define con un solo clic d\u00f3nde termina el contenido visible para todos y d\u00f3nde comienza el contenido reservado para miembros, usando el bloque de Gutenberg &quot;El contenido exclusivo para miembros comienza aqu\u00ed&quot; al crear una entrada o p\u00e1gina. Una soluci\u00f3n potente, sencilla y r\u00e1pida.<\/p>\n\n\n\n<h2 class=\"wp-block-heading\">Permitir el acceso o la descarga de archivos (PDF, im\u00e1genes, archivos de audio y v\u00eddeo, etc.) s\u00f3lo a miembros.<\/h2>\n\n\n\n<p>Protege tus archivos de la forma m\u00e1s sencilla y permite que s\u00f3lo los miembros puedan descargar productos digitales (como libros electr\u00f3nicos) o archivos PDF, archivos ZIP, im\u00e1genes JPG, archivos de audio y v\u00eddeo, entre otros.<\/p>\n\n\n\n<figure class=\"wp-block-image\"><img decoding=\"async\" src=\"https:\/\/yithemes.com\/wp-content\/uploads\/2020\/10\/007-2.jpg\" alt=\"\" title=\"\"><\/figure>\n\n\n\n<figure class=\"wp-block-image\"><img decoding=\"async\" src=\"https:\/\/yithemes.com\/wp-content\/uploads\/2020\/10\/008-1.jpg\" alt=\"\" title=\"\"><\/figure>\n\n\n\n<h2 class=\"wp-block-heading\">Elija lo que ver\u00e1n sus usuarios cuando intenten acceder a contenido restringido.<\/h2>\n\n\n\n<p>Puede configurar contenido alternativo para cada p\u00e1gina, producto o publicaci\u00f3n (gracias a los bloqueos de Gutenberg, puede agregar un banner o una llamada a la acci\u00f3n para alentar a sus usuarios a unirse y convertirse en miembros), redirigir a los usuarios a una URL espec\u00edfica o, alternativamente, mostrar una p\u00e1gina de error 404 para aquellos que intentan acceder a contenido restringido.<\/p>\n\n\n\n<p>Nuevo<\/p>\n\n\n\n<h2 class=\"wp-block-heading\">Utilice los bloques de contenido alternativo para crear contenido alternativo avanzado para personas que no son miembros.<\/h2>\n\n\n\n<p>Usa los nuevos bloques de contenido alternativo para crear secciones y p\u00e1ginas avanzadas con Gutenberg y mostrarlas a quienes no son miembros. Gracias a la flexibilidad que ofrece Gutenberg, puedes crear banners, texto, secciones gr\u00e1ficas y botones de llamada a la acci\u00f3n para animar a tus usuarios a hacerse miembros.<\/p>\n\n\n\n<figure class=\"wp-block-image\"><img decoding=\"async\" src=\"https:\/\/yithemes.com\/wp-content\/uploads\/2020\/11\/07.bis-YITH-Membership-WooCommerce.Gutenberg-blocks.jpg\" alt=\"\" title=\"\"><\/figure>\n\n\n\n<figure class=\"wp-block-image\"><img decoding=\"async\" src=\"https:\/\/yithemes.com\/wp-content\/uploads\/2020\/10\/009-1.jpg\" alt=\"\" title=\"\"><\/figure>\n\n\n\n<h2 class=\"wp-block-heading\">Ofrezca env\u00edo gratuito a los miembros de su tienda.<\/h2>\n\n\n\n<p>Elija la opci\u00f3n \u201cEnv\u00edo gratuito para miembros\u201d para ofrecer env\u00edo gratuito a sus miembros en todos los pedidos que realicen a trav\u00e9s de su tienda.<\/p>\n\n\n\n<p>Nuevo<\/p>\n\n\n\n<h2 class=\"wp-block-heading\">Ofrezca descuentos especiales a sus miembros en todos los productos de su tienda.<\/h2>\n\n\n\n<p>\u00bfQuieres ofrecer a tus miembros un descuento de 10% en cada producto? Al crear el plan de membres\u00eda al que se unir\u00e1n, encontrar\u00e1s esta opci\u00f3n. Tambi\u00e9n puedes establecer diferentes porcentajes de descuento para cada plan (por ejemplo, 10% para usuarios Plata, 20% para usuarios Oro, etc.).<\/p>\n\n\n\n<figure class=\"wp-block-image\"><img decoding=\"async\" src=\"https:\/\/yithemes.com\/wp-content\/uploads\/2020\/10\/010-1.jpg\" alt=\"\" title=\"\"><\/figure>\n\n\n\n<figure class=\"wp-block-image\"><img decoding=\"async\" src=\"https:\/\/yithemes.com\/wp-content\/uploads\/2020\/10\/011.jpg\" alt=\"\" title=\"\"><\/figure>\n\n\n\n<h2 class=\"wp-block-heading\">Crear un sistema de cr\u00e9dito que permita a los miembros descargar art\u00edculos (como im\u00e1genes de archivo o recursos digitales).<\/h2>\n\n\n\n<p>Crea una plataforma donde puedas vender productos o recursos digitales mediante un sistema de cr&eacute;ditos. Elige cu&aacute;ntos cr&eacute;ditos quieres asignar a los nuevos miembros (seg&uacute;n el plan de membres&iacute;a al que se unan) y cu&aacute;ntos cr&eacute;ditos se necesitar&aacute;n para descargar un art&iacute;culo.&lt;br \/&gt; Puede establecer un valor predeterminado para toda la tienda o valores diferentes para productos espec&iacute;ficos (por ejemplo, algunos productos pueden requerir 5 cr&eacute;ditos, otros productos cuestan 10 cr&eacute;ditos, etc.).<\/p>\n\n\n\n<figure class=\"wp-block-image\"><img decoding=\"async\" src=\"https:\/\/yithemes.com\/wp-content\/uploads\/2020\/10\/013.jpg\" alt=\"\" title=\"\"><\/figure>\n\n\n\n<h2 class=\"wp-block-heading\">Libere el contenido gradualmente.<\/h2>\n\n\n\n<p>Para cada pieza de contenido del plan, puedes elegir cu\u00e1ndo estar\u00e1 disponible para tus usuarios, lo que te permitir\u00e1 retrasar gradualmente y de manera constante su lanzamiento (por ejemplo, el primer video estar\u00e1 disponible inmediatamente, el segundo despu\u00e9s de una semana, etc.).<\/p>\n\n\n\n<h2 class=\"wp-block-heading\">Supervise las suscripciones y descargas desde el panel integrado.<\/h2>\n\n\n\n<p>Desde el panel integrado del complemento, puedes monitorear f\u00e1cilmente todas las suscripciones creadas y las descargas de recursos incluidos en cada plan.<\/p>\n\n\n\n<figure class=\"wp-block-image\"><img decoding=\"async\" src=\"https:\/\/yithemes.com\/wp-content\/uploads\/2020\/10\/014.jpg\" alt=\"\" title=\"\"><\/figure>\n\n\n\n<figure class=\"wp-block-image\"><img decoding=\"async\" src=\"https:\/\/yithemes.com\/wp-content\/uploads\/2020\/10\/015.jpg\" alt=\"\" title=\"\"><\/figure>\n\n\n\n<h2 class=\"wp-block-heading\">Ofrezca a sus miembros una secci\u00f3n dedicada en &quot;Mi cuenta&quot; que muestre todas sus membres\u00edas.<\/h2>\n\n\n\n<p>Todos los usuarios que tengan acceso a un plan de membres\u00eda espec\u00edfico podr\u00e1n ver todos los detalles en su \u00e1rea reservada en Mi Cuenta, donde tambi\u00e9n podr\u00e1n acceder a los contenidos reservados y descargar los recursos que hayan pagado.<\/p>\n\n\n\n<h2 class=\"wp-block-heading\">Una amplia variedad de notificaciones para administradores y miembros.<\/h2>\n\n\n\n<p>Env\u00ede un correo electr\u00f3nico de notificaci\u00f3n a sus usuarios cada vez que se cree una nueva membres\u00eda, 10 d\u00edas antes de que expire, cuando la membres\u00eda expire y cuando se cancele.<\/p>\n\n\n\n<figure class=\"wp-block-image\"><img decoding=\"async\" src=\"https:\/\/yithemes.com\/wp-content\/uploads\/2020\/10\/016.jpg\" alt=\"\" title=\"\"><\/figure>","protected":false},"excerpt":{"rendered":"<p>O que o plugin faz Crie planos de associa\u00e7\u00e3o para permitir o acesso a produtos, p\u00e1ginas, artigos e \u00e1reas restritas do seu site para usu\u00e1rios registrados como membros. Como voc\u00ea pode se beneficiar dela: Uma ferramenta poderosa para criar \u00e1reas restritas ou fornecer acesso a produtos, p\u00e1ginas, artigos e conte\u00fado apenas para os membros. Vender [&hellip;]<\/p>","protected":false},"featured_media":24490,"comment_status":"open","ping_status":"closed","template":"","meta":{"_jf_limit_responses":"","iawp_total_views":71},"product_brand":[],"product_cat":[41],"product_tag":[91],"class_list":{"0":"post-24489","1":"product","2":"type-product","3":"status-publish","4":"has-post-thumbnail","6":"product_cat-plugins","7":"product_tag-business","9":"first","10":"instock","11":"downloadable","12":"virtual","13":"purchasable","14":"product-type-simple"},"_links":{"self":[{"href":"https:\/\/packdesites.com\/es\/wp-json\/wp\/v2\/product\/24489","targetHints":{"allow":["GET"]}}],"collection":[{"href":"https:\/\/packdesites.com\/es\/wp-json\/wp\/v2\/product"}],"about":[{"href":"https:\/\/packdesites.com\/es\/wp-json\/wp\/v2\/types\/product"}],"replies":[{"embeddable":true,"href":"https:\/\/packdesites.com\/es\/wp-json\/wp\/v2\/comments?post=24489"}],"version-history":[{"count":1,"href":"https:\/\/packdesites.com\/es\/wp-json\/wp\/v2\/product\/24489\/revisions"}],"predecessor-version":[{"id":24491,"href":"https:\/\/packdesites.com\/es\/wp-json\/wp\/v2\/product\/24489\/revisions\/24491"}],"wp:featuredmedia":[{"embeddable":true,"href":"https:\/\/packdesites.com\/es\/wp-json\/wp\/v2\/media\/24490"}],"wp:attachment":[{"href":"https:\/\/packdesites.com\/es\/wp-json\/wp\/v2\/media?parent=24489"}],"wp:term":[{"taxonomy":"product_brand","embeddable":true,"href":"https:\/\/packdesites.com\/es\/wp-json\/wp\/v2\/product_brand?post=24489"},{"taxonomy":"product_cat","embeddable":true,"href":"https:\/\/packdesites.com\/es\/wp-json\/wp\/v2\/product_cat?post=24489"},{"taxonomy":"product_tag","embeddable":true,"href":"https:\/\/packdesites.com\/es\/wp-json\/wp\/v2\/product_tag?post=24489"}],"curies":[{"name":"wp","href":"https:\/\/api.w.org\/{rel}","templated":true}]}}