{"id":24344,"date":"2025-12-12T19:34:30","date_gmt":"2025-12-12T22:34:30","guid":{"rendered":"https:\/\/packdesites.com\/?post_type=product&#038;p=24344"},"modified":"2025-12-12T19:34:33","modified_gmt":"2025-12-12T22:34:33","slug":"propovoice-pro-v1-7-1-6-crm-invoicing-una-solucion-completa-para-la-gestion-de-clientes","status":"publish","type":"product","link":"https:\/\/packdesites.com\/es\/product\/propovoice-pro-v1-7-1-6-crm-invoicing-una-solucion-completa-para-la-gestion-de-clientes\/","title":{"rendered":"Propovoice Pro v1.7.1.6 \u2013 CRM + Facturaci\u00f3n. La soluci\u00f3n completa para la gesti\u00f3n de clientes."},"content":{"rendered":"<figure class=\"wp-block-image\"><img decoding=\"async\" src=\"https:\/\/propovoice.com\/wp-content\/uploads\/2025\/05\/Old-way-to-manage.jpg\" alt=\"La antigua forma de gestionar\" class=\"wp-image-16259\" title=\"Inicio - Soluci\u00f3n de gesti\u00f3n de clientes todo en uno 2\"\/><\/figure>\n\n\n\n<h3 class=\"wp-block-heading\">El m\u00e9todo antiguo (proceso tradicional)<\/h3>\n\n\n\n<ul class=\"wp-block-list\">\n<li>Hojas de c\u00e1lculo manuales en todas partes<\/li>\n\n\n\n<li>M\u00faltiples herramientas, un cliente perdido en el caos.<\/li>\n\n\n\n<li>Facturas vencidas, pagos vencidos<\/li>\n\n\n\n<li>Sentirse abrumado<\/li>\n<\/ul>\n\n\n\n<h3 class=\"wp-block-heading\">El nuevo camino (usando Propovoice)<\/h3>\n\n\n\n<ul class=\"wp-block-list\">\n<li>Sistema todo en uno para clientes y proyectos.<\/li>\n\n\n\n<li>Env\u00eda facturas, recibe pagos m\u00e1s r\u00e1pido.<\/li>\n\n\n\n<li>Automatizaci\u00f3n de embalajes y cumplimiento flexible de servicios<\/li>\n\n\n\n<li>Concentrado, productivo y en control.<\/li>\n<\/ul>\n\n\n\n<figure class=\"wp-block-image\"><img decoding=\"async\" src=\"https:\/\/propovoice.com\/wp-content\/uploads\/2025\/05\/New-way-Using-Propovoice.jpg\" alt=\"Una nueva forma de utilizar Propovoice.\" class=\"wp-image-16260\" title=\"Inicio - Soluci\u00f3n de gesti\u00f3n de clientes todo en uno 3\"\/><\/figure>\n\n\n\n<h2 class=\"wp-block-heading\">La plataforma unificada para empresas de servicios.<\/h2>\n\n\n\n<figure class=\"wp-block-image\"><img decoding=\"async\" src=\"https:\/\/propovoice.com\/wp-content\/uploads\/2023\/10\/1.-Manage-Opportunity.png\" alt=\"1. Gestionar oportunidades\" class=\"wp-image-11511\" title=\"Inicio - Soluci\u00f3n todo en uno para la gesti\u00f3n de clientes 4\"\/><\/figure>\n\n\n\n<h3 class=\"wp-block-heading\">Gesti\u00f3n de ventas<\/h3>\n\n\n\n<p>Al aprovechar diligentemente cada oportunidad potencial, las organizaciones pueden maximizar sus tasas de conversi\u00f3n y asegurar m\u00e1s proyectos.<\/p>\n\n\n\n<ul class=\"wp-block-list\">\n<li>Gesti\u00f3n de clientes potenciales<\/li>\n\n\n\n<li>Canal de ventas<\/li>\n\n\n\n<li>A partir de la integraci\u00f3n<\/li>\n\n\n\n<li>Empaquetado de servicios<\/li>\n<\/ul>\n\n\n\n<h3 class=\"wp-block-heading\">Gesti\u00f3n de clientes<\/h3>\n\n\n\n<p>Ofrezca a sus clientes un portal dedicado, garantizando el seguimiento del proyecto en tiempo real y acceso las 24 horas, los 7 d\u00edas de la semana a todos los archivos esenciales.<\/p>\n\n\n\n<ul class=\"wp-block-list\">\n<li>Acceso con un solo clic<\/li>\n\n\n\n<li>Discusi\u00f3n<\/li>\n<\/ul>\n\n\n\n<figure class=\"wp-block-image\"><img decoding=\"async\" src=\"https:\/\/propovoice.com\/wp-content\/uploads\/2023\/10\/3.-Onboarding-Client.png\" alt=\"3. Incorporaci\u00f3n del cliente\" class=\"wp-image-11513\" title=\"Inicio - Soluci\u00f3n integral de gesti\u00f3n de clientes 5\"\/><\/figure>\n\n\n\n<figure class=\"wp-block-image\"><img decoding=\"async\" src=\"https:\/\/propovoice.com\/wp-content\/uploads\/2023\/10\/5.-Get-Paid.png\" alt=\"5. Recibir el pago\" class=\"wp-image-11515\" title=\"Inicio - Soluci\u00f3n integral de gesti\u00f3n de clientes 6\"\/><\/figure>\n\n\n\n<h3 class=\"wp-block-heading\">Propuesta y proyecto de ley<\/h3>\n\n\n\n<p>Crea y env\u00eda facturas simples o recurrentes con un bot\u00f3n de pago r\u00e1pido. Configura recordatorios, usa diferentes tipos de moneda y a\u00f1ade impuestos f\u00e1cilmente. Clientjoy te ayuda a asegurarte de recibir tu dinero a tiempo.<\/p>\n\n\n\n<ul class=\"wp-block-list\">\n<li>Factura recurrente<\/li>\n\n\n\n<li>Suscripci\u00f3n<\/li>\n\n\n\n<li>Plantilla de factura<\/li>\n<\/ul>\n\n\n\n<h3 class=\"wp-block-heading\">Paquetes de servicios y gesti\u00f3n de pedidos<\/h3>\n\n\n\n<p>Crea un cat\u00e1logo de servicios. Comparte la URL con tus clientes o enlaza directamente al bot\u00f3n en tu sitio web.<\/p>\n\n\n\n<ul class=\"wp-block-list\">\n<li>Productizado<\/li>\n\n\n\n<li>Suscripci\u00f3n<\/li>\n<\/ul>\n\n\n\n<figure class=\"wp-block-image\"><img decoding=\"async\" src=\"https:\/\/propovoice.com\/wp-content\/uploads\/2023\/10\/Create-Service-Pacakge.png\" alt=\"Crear paquete de servicios\" class=\"wp-image-12025\" title=\"Inicio - Soluci\u00f3n de gesti\u00f3n de clientes todo en uno 7\"\/><\/figure>\n\n\n\n<h2 class=\"wp-block-heading\">Para que aut\u00f3nomos, profesionales independientes y agencias logren un objetivo sostenible.<\/h2>\n\n\n\n<h3 class=\"wp-block-heading\">Redefine para siempre tu forma de colaborar con tus clientes. \u00a1A la larga, lo agradecer\u00e1s!<\/h3>\n\n\n\n<p><a href=\"https:\/\/propovoice.com\/pricing\/\" target=\"_blank\" rel=\"noopener\">Pru\u00e9balo ahora<\/a><\/p>\n\n\n\n<h3 class=\"wp-block-heading\">41%<\/h3>\n\n\n\n<p>Aumento de los ingresos<\/p>\n\n\n\n<h3 class=\"wp-block-heading\">56%<\/h3>\n\n\n\n<p>Mejor retenci\u00f3n de clientes.<\/p>\n\n\n\n<h3 class=\"wp-block-heading\">34%<\/h3>\n\n\n\n<p>Reducir costos de ventas y marketing.<\/p>","protected":false},"excerpt":{"rendered":"<p>O Antigo Caminho (Processo Tradicional) O Novo Caminho (Usando Propovoice) A plataforma unificada para empresas de servi\u00e7os Gest\u00e3o de Vendas Ao aproveitar diligentemente cada oportunidade potencial, as organiza\u00e7\u00f5es podem maximizar suas taxas de convers\u00e3o e garantir mais projetos. Gest\u00e3o de Clientes Capacite seus clientes com um portal dedicado, garantindo acompanhamento em tempo real dos projetos [&hellip;]<\/p>","protected":false},"featured_media":24345,"comment_status":"open","ping_status":"closed","template":"","meta":{"_jf_limit_responses":"","iawp_total_views":234},"product_brand":[],"product_cat":[41],"product_tag":[91],"class_list":{"0":"post-24344","1":"product","2":"type-product","3":"status-publish","4":"has-post-thumbnail","6":"product_cat-plugins","7":"product_tag-business","9":"first","10":"instock","11":"downloadable","12":"virtual","13":"purchasable","14":"product-type-simple"},"_links":{"self":[{"href":"https:\/\/packdesites.com\/es\/wp-json\/wp\/v2\/product\/24344","targetHints":{"allow":["GET"]}}],"collection":[{"href":"https:\/\/packdesites.com\/es\/wp-json\/wp\/v2\/product"}],"about":[{"href":"https:\/\/packdesites.com\/es\/wp-json\/wp\/v2\/types\/product"}],"replies":[{"embeddable":true,"href":"https:\/\/packdesites.com\/es\/wp-json\/wp\/v2\/comments?post=24344"}],"version-history":[{"count":1,"href":"https:\/\/packdesites.com\/es\/wp-json\/wp\/v2\/product\/24344\/revisions"}],"predecessor-version":[{"id":24346,"href":"https:\/\/packdesites.com\/es\/wp-json\/wp\/v2\/product\/24344\/revisions\/24346"}],"wp:featuredmedia":[{"embeddable":true,"href":"https:\/\/packdesites.com\/es\/wp-json\/wp\/v2\/media\/24345"}],"wp:attachment":[{"href":"https:\/\/packdesites.com\/es\/wp-json\/wp\/v2\/media?parent=24344"}],"wp:term":[{"taxonomy":"product_brand","embeddable":true,"href":"https:\/\/packdesites.com\/es\/wp-json\/wp\/v2\/product_brand?post=24344"},{"taxonomy":"product_cat","embeddable":true,"href":"https:\/\/packdesites.com\/es\/wp-json\/wp\/v2\/product_cat?post=24344"},{"taxonomy":"product_tag","embeddable":true,"href":"https:\/\/packdesites.com\/es\/wp-json\/wp\/v2\/product_tag?post=24344"}],"curies":[{"name":"wp","href":"https:\/\/api.w.org\/{rel}","templated":true}]}}