{"id":24307,"date":"2025-12-02T06:56:29","date_gmt":"2025-12-02T09:56:29","guid":{"rendered":"https:\/\/packdesites.com\/?post_type=product&#038;p=24307"},"modified":"2025-12-02T06:56:34","modified_gmt":"2025-12-02T09:56:34","slug":"opciones-de-producto-adicionales-de-woocommerce-pro-v3-2-2","status":"publish","type":"product","link":"https:\/\/packdesites.com\/es\/product\/opciones-de-producto-adicionales-de-woocommerce-pro-v3-2-2\/","title":{"rendered":"Opciones de producto adicionales de WooCommerce Pro v3.2.2"},"content":{"rendered":"<h1 class=\"wp-block-heading\">Opciones de productos adicionales para WooCommerce<\/h1>\n\n\n\n<h2 class=\"wp-block-heading\">P\u00e1ginas de productos de artesan\u00eda flexibles con complementos de WooCommerce<\/h2>\n\n\n\n<p>El complemento Opciones de producto adicionales para WooCommerce le permite agregar campos de producto adicionales a sus p\u00e1ginas de productos de WooCommerce.<\/p>\n\n\n\n<h3 class=\"wp-block-heading\">Opciones de personalizaci\u00f3n flexibles para cada tienda.<\/h3>\n\n\n\n<h4 class=\"wp-block-heading\">Muestre f\u00e1cilmente los complementos de productos de WooCommerce.<\/h4>\n\n\n\n<p>Con las Opciones de Complementos de Producto (WEPO), puedes crear f\u00e1cilmente campos personalizados para mostrar complementos de producto \u00fanicos para WooCommerce. Con herramientas intuitivas y funciones avanzadas de personalizaci\u00f3n, WEPO te ayuda a crear p\u00e1ginas de producto que ofrecen a tus clientes una experiencia de compra interactiva y atractiva.<\/p>\n\n\n\n<h3 class=\"wp-block-heading\">Personalizaci\u00f3n ilimitada, sin importar lo que vendas<\/h3>\n\n\n\n<h4 class=\"wp-block-heading\">28 tipos de campos de productos personalizados para elegir.<\/h4>\n\n\n\n<p>Destaca en mercados competitivos mostrando tu producto con detalle. Nuestro plugin ofrece 27 tipos de campos para ayudarte a crear opciones de producto en WooCommerce que capturen la informaci\u00f3n precisa del cliente.<\/p>\n\n\n\n<p>Documentaci\u00f3n:\u00a0<a href=\"https:\/\/www.themehigh.com\/docs\/how-to-add-edit-custom-fields-in-woocommerce-product-page\/\" target=\"_blank\" rel=\"noreferrer noopener\">haga clic aqu\u00ed<\/a><\/p>\n\n\n\n<h3 class=\"wp-block-heading\">Organiza tu p\u00e1gina de producto.<\/h3>\n\n\n\n<h4 class=\"wp-block-heading\">Agrupe campos de productos similares en secciones.<\/h4>\n\n\n\n<p>En lugar de saturar la p\u00e1gina de producto con campos dispersos, agrupe campos similares en secciones l\u00f3gicas para una mejor navegaci\u00f3n. Muestre estas secciones en tres posiciones estrat\u00e9gicas en la p\u00e1gina de producto.<\/p>\n\n\n\n<h3 class=\"wp-block-heading\">Posicionamiento estrat\u00e9gico para un impacto m\u00e1ximo<\/h3>\n\n\n\n<h4 class=\"wp-block-heading\">Muestra tus complementos personalizados de WooCommerce en 4 ubicaciones diferentes.<\/h4>\n\n\n\n<p>Aseg\u00farese de que los campos de sus productos est\u00e9n ubicados exactamente donde sean m\u00e1s relevantes y \u00fatiles para sus clientes.<\/p>\n\n\n\n<h5 class=\"wp-block-heading\">En la p\u00e1gina del carrito de compras<\/h5>\n\n\n\n<h5 class=\"wp-block-heading\">En la p\u00e1gina de pago<\/h5>\n\n\n\n<h5 class=\"wp-block-heading\">En la p\u00e1gina de detalles del pedido del cliente<\/h5>\n\n\n\n<h5 class=\"wp-block-heading\">En la p\u00e1gina de detalles de la solicitud administrativa<\/h5>\n\n\n\n<figure class=\"wp-block-image\"><img decoding=\"async\" src=\"https:\/\/www.themehigh.com\/wp-content\/uploads\/pp\/wepo\/cart-page.gif\" alt=\"P\u00e1gina del carrito de compras\" title=\"\"><\/figure>\n\n\n\n<figure class=\"wp-block-image\"><img decoding=\"async\" src=\"https:\/\/www.themehigh.com\/wp-content\/uploads\/pp\/wepo\/checkout-page.gif\" alt=\"P\u00e1gina de pago\" title=\"\"><\/figure>\n\n\n\n<figure class=\"wp-block-image\"><img decoding=\"async\" src=\"https:\/\/www.themehigh.com\/wp-content\/uploads\/pp\/wepo\/customer-order-page.gif\" alt=\"P\u00e1gina de detalles del pedido del cliente\" title=\"\"><\/figure>\n\n\n\n<figure class=\"wp-block-image\"><img decoding=\"async\" src=\"https:\/\/www.themehigh.com\/wp-content\/uploads\/pp\/wepo\/admin-order-page.gif\" alt=\"P\u00e1gina de detalles de la orden administrativa\" title=\"\"><\/figure>\n\n\n\n<p>Documentaci\u00f3n:&nbsp;<a href=\"https:\/\/www.themehigh.com\/docs\/how-to-add-edit-display-styles-for-woocommerce-product-fields\/\" target=\"_blank\" rel=\"noreferrer noopener\">Opciones de productos adicionales para la documentaci\u00f3n de WooCommerce: haga clic aqu\u00ed<\/a><\/p>\n\n\n\n<h3 class=\"wp-block-heading\">Dale estilo a los accesorios de tus productos a tu manera.<\/h3>\n\n\n\n<h4 class=\"wp-block-heading\">Opciones de estilo flexibles para accesorios de productos<\/h4>\n\n\n\n<p>Combine la est\u00e9tica de su tienda con un estilo flexible para las opciones de productos de WooCommerce:<\/p>\n\n\n\n<ul class=\"wp-block-list\">\n<li>Define etiquetas de t\u00edtulo, color, posici\u00f3n, estilo de subt\u00edtulo, etc.<\/li>\n\n\n\n<li>Hereda el estilo o tema de tu tienda con scripts CSS. Con opciones flexibles de estilo CSS, puedes modificar el dise\u00f1o de estos campos para que se adapten perfectamente a la imagen de marca y la est\u00e9tica de tu tienda.<\/li>\n\n\n\n<li>\u00c1reas de exhibici\u00f3n en tres estilos diferentes<\/li>\n<\/ul>\n\n\n\n<p><img decoding=\"async\" src=\"https:\/\/www.themehigh.com\/wp-content\/uploads\/pp\/wepo\/icon-star.svg\" alt=\"\" title=\"\"><\/p>\n\n\n\n<h5 class=\"wp-block-heading\">Por defecto<\/h5>\n\n\n\n<p><img decoding=\"async\" src=\"https:\/\/www.themehigh.com\/wp-content\/uploads\/pp\/wepo\/icon-star.svg\" alt=\"\" title=\"\"><\/p>\n\n\n\n<h5 class=\"wp-block-heading\">Gu\u00edas<\/h5>\n\n\n\n<p><img decoding=\"async\" src=\"https:\/\/www.themehigh.com\/wp-content\/uploads\/pp\/wepo\/icon-star.svg\" alt=\"\" title=\"\"><\/p>\n\n\n\n<h5 class=\"wp-block-heading\">Acorde\u00f3n<\/h5>\n\n\n\n<p>Documentaci\u00f3n:&nbsp;<a href=\"https:\/\/www.themehigh.com\/docs\/how-to-display-product-fields-in-different-layout-styles\/\" target=\"_blank\" rel=\"noreferrer noopener\">Opciones de productos adicionales para la documentaci\u00f3n de WooCommerce: haga clic aqu\u00ed<\/a><img fetchpriority=\"high\" decoding=\"async\" src=\"https:\/\/www.themehigh.com\/wp-content\/uploads\/pp\/wepo\/styling-options.gif\" alt=\"Campos de estilo\" width=\"604\" height=\"285\" title=\"\"><\/p>\n\n\n\n<h3 class=\"wp-block-heading\">Toma el control de tu p\u00e1gina de producto.<\/h3>\n\n\n\n<h4 class=\"wp-block-heading\">Reglas de visualizaci\u00f3n para campos y secciones de productos<\/h4>\n\n\n\n<ul class=\"wp-block-list\">\n<li>Defina reglas de visualizaci\u00f3n condicional para mostrar u ocultar campos y secciones seg\u00fan sea necesario.<\/li>\n\n\n\n<li>Aseg\u00farese de que los campos solo se muestren para los productos que requieren opciones adicionales.<\/li>\n\n\n\n<li>Gestione f\u00e1cilmente las condiciones de visualizaci\u00f3n en funci\u00f3n de:<\/li>\n<\/ul>\n\n\n\n<p><img decoding=\"async\" src=\"https:\/\/www.themehigh.com\/wp-content\/uploads\/pp\/wepo\/icon-star.svg\" alt=\"\" title=\"\"><\/p>\n\n\n\n<h5 class=\"wp-block-heading\">Productos espec\u00edficos<\/h5>\n\n\n\n<p><img decoding=\"async\" src=\"https:\/\/www.themehigh.com\/wp-content\/uploads\/pp\/wepo\/icon-star.svg\" alt=\"\" title=\"\"><\/p>\n\n\n\n<h5 class=\"wp-block-heading\">Categor\u00edas de productos<\/h5>\n\n\n\n<p><img decoding=\"async\" src=\"https:\/\/www.themehigh.com\/wp-content\/uploads\/pp\/wepo\/icon-star.svg\" alt=\"\" title=\"\"><\/p>\n\n\n\n<h5 class=\"wp-block-heading\">Etiquetas de productos<\/h5>\n\n\n\n<p><img decoding=\"async\" src=\"https:\/\/www.themehigh.com\/wp-content\/uploads\/pp\/wepo\/icon-star.svg\" alt=\"\" title=\"\"><\/p>\n\n\n\n<h5 class=\"wp-block-heading\">Funciones de usuario<\/h5>\n\n\n\n<p><img decoding=\"async\" src=\"https:\/\/www.themehigh.com\/wp-content\/uploads\/pp\/wepo\/icon-star.svg\" alt=\"\" title=\"\"><\/p>\n\n\n\n<h5 class=\"wp-block-heading\">Variaci\u00f3n del producto<\/h5>\n\n\n\n<p><img decoding=\"async\" src=\"https:\/\/www.themehigh.com\/wp-content\/uploads\/pp\/wepo\/icon-star.svg\" alt=\"\" title=\"\"><\/p>\n\n\n\n<h5 class=\"wp-block-heading\">Cantidad de producto<\/h5>\n\n\n\n<p><img decoding=\"async\" src=\"https:\/\/www.themehigh.com\/wp-content\/uploads\/pp\/wepo\/icon-star.svg\" alt=\"\" title=\"\"><\/p>\n\n\n\n<h5 class=\"wp-block-heading\">Otros valores de campos personalizados<\/h5>\n\n\n\n<p><img decoding=\"async\" src=\"https:\/\/www.themehigh.com\/wp-content\/uploads\/pp\/wepo\/display-rules.gif\" alt=\"Reglas de visualizaci\u00f3n\" width=\"525\" height=\"335\" title=\"\"><\/p>\n\n\n\n<p>Documentaci\u00f3n:&nbsp;<a href=\"https:\/\/www.themehigh.com\/docs\/how-to-set-conditional-rules-for-woocommerce-product-fields\/\" target=\"_blank\" rel=\"noreferrer noopener\">Opciones de productos adicionales para la documentaci\u00f3n de WooCommerce: haga clic aqu\u00ed<\/a><\/p>\n\n\n\n<h3 class=\"wp-block-heading\">Opciones de precios flexibles<\/h3>\n\n\n\n<h4 class=\"wp-block-heading\">Establecer precios para opciones de productos adicionales.<\/h4>\n\n\n\n<p>Aproveche 7 m\u00e9todos de precios predefinidos para calcular de forma precisa y flexible los precios de sus productos WooCommerce personalizados.<\/p>\n\n\n\n<p><img decoding=\"async\" src=\"https:\/\/www.themehigh.com\/wp-content\/uploads\/pp\/wepo\/pricing-options.webp\" alt=\"Precios de opciones\" width=\"512\" height=\"420\" title=\"\"><\/p>\n\n\n\n<p>Documentaci\u00f3n:&nbsp;<a href=\"https:\/\/www.themehigh.com\/docs\/how-to-set-price-for-woocommerce-product-fields\/\" target=\"_blank\" rel=\"noreferrer noopener\">Opciones de productos adicionales para la documentaci\u00f3n de WooCommerce: haga clic aqu\u00ed<\/a><\/p>\n\n\n\n<h5 class=\"wp-block-heading\">F\u00f3rmula personalizada<\/h5>\n\n\n\n<p>Se puede configurar una f\u00f3rmula personalizada para agregar un cargo adicional al producto.<\/p>\n\n\n\n<h5 class=\"wp-block-heading\">Fijado<\/h5>\n\n\n\n<p>Establezca un precio fijo para el complemento del producto (campo Extra). Este valor fijo se a\u00f1adir\u00e1 al precio total del producto al seleccionar la opci\u00f3n adicional.<\/p>\n\n\n\n<h5 class=\"wp-block-heading\">Costumbre<\/h5>\n\n\n\n<p>Se a\u00f1adir\u00e1 un precio introducido por el usuario al precio del producto. Esto te ayudar\u00e1 a recibir donaciones, propinas y art\u00edculos similares.<\/p>\n\n\n\n<h5 class=\"wp-block-heading\">Din\u00e1mica<\/h5>\n\n\n\n<p>Establezca el precio por &#039;n&#039; unidades. El precio adicional se calcular\u00e1 en funci\u00f3n del n\u00famero total de unidades seleccionadas por el cliente y se a\u00f1adir\u00e1 al precio del producto.<\/p>\n\n\n\n<h5 class=\"wp-block-heading\">Din\u00e1mico \u2013 Excluye el precio base<\/h5>\n\n\n\n<p>Se asignar\u00e1 un precio por unidad, excluyendo el precio base, donde al precio total se le sumar\u00e1 el precio total en base a las unidades ingresadas por el comprador.<\/p>\n\n\n\n<h5 class=\"wp-block-heading\">Porcentaje<\/h5>\n\n\n\n<p>Establezca el precio adicional como porcentaje. El porcentaje especificado se a\u00f1adir\u00e1 al precio del producto.<\/p>\n\n\n\n<h5 class=\"wp-block-heading\">N\u00famero de caracteres<\/h5>\n\n\n\n<p>El precio se puede agregar al producto en funci\u00f3n de la cantidad de caracteres que agregue el cliente.<\/p>\n\n\n\n<p><img loading=\"lazy\" decoding=\"async\" src=\"https:\/\/www.themehigh.com\/wp-content\/uploads\/pp\/wepo\/pricing-table.webp\" alt=\"Lista de precios\" width=\"100\" height=\"100\" title=\"\"><\/p>\n\n\n\n<h5 class=\"wp-block-heading\">Lista de precios de exhibici\u00f3n<\/h5>\n\n\n\n<p>Muestra los cargos adicionales para cada opci\u00f3n de producto de WooCommerce en un formato tabular, explicando el precio base y el monto adicional agregado.<\/p>\n\n\n\n<h3 class=\"wp-block-heading\">Haga que su tienda sea global.<\/h3>\n\n\n\n<h4 class=\"wp-block-heading\">Compatibilidad con WPML<\/h4>\n\n\n\n<p>Traduce con precisi\u00f3n tus complementos de productos WooCommerce personalizados para clientes de todo el mundo. Ya sea para mercados locales o para audiencias internacionales, la integraci\u00f3n con WPML garantiza una experiencia de compra fluida y consistente en todos los idiomas, lo que aumenta la satisfacci\u00f3n del usuario y ampl\u00eda tu alcance.<\/p>\n\n\n\n<p>Documentaci\u00f3n:&nbsp;<a href=\"https:\/\/www.themehigh.com\/docs\/wpml-string-translations\/\" target=\"_blank\" rel=\"noreferrer noopener\">Opciones de productos adicionales para la documentaci\u00f3n de WooCommerce: haga clic aqu\u00ed<\/a><img loading=\"lazy\" decoding=\"async\" src=\"https:\/\/www.themehigh.com\/wp-content\/uploads\/pp\/wepo\/wpml.webp\" alt=\"Compatibilidad con WPML\" width=\"478\" height=\"227\" title=\"\"><\/p>\n\n\n\n<h3 class=\"wp-block-heading\">Garantizar la precisi\u00f3n de los datos<\/h3>\n\n\n\n<h4 class=\"wp-block-heading\">Valide la entrada del usuario utilizando los validadores de campo de confirmaci\u00f3n.<\/h4>\n\n\n\n<p>Los validadores de campos de confirmaci\u00f3n son esenciales para garantizar la precisi\u00f3n de los datos al comparar dos campos y comprobar su coincidencia. Por ejemplo, puede validar campos como &quot;Correo electr\u00f3nico&quot; y &quot;Confirmar correo electr\u00f3nico&quot; para confirmar que ambas entradas sean id\u00e9nticas antes de a\u00f1adir el producto al carrito.<\/p>\n\n\n\n<p>Documentaci\u00f3n:&nbsp;<a href=\"https:\/\/www.themehigh.com\/docs\/how-to-add-a-new-confirm-field-validator\/\" target=\"_blank\" rel=\"noreferrer noopener\">Opciones de productos adicionales para la documentaci\u00f3n de WooCommerce: haga clic aqu\u00ed<\/a><img loading=\"lazy\" decoding=\"async\" src=\"https:\/\/www.themehigh.com\/wp-content\/uploads\/pp\/wepo\/field-validation.webp\" alt=\"Validaci\u00f3n de campo\" width=\"489\" height=\"241\" title=\"\"><\/p>\n\n\n\n<h3 class=\"wp-block-heading\">A\u00f1ade tus propias reglas.<\/h3>\n\n\n\n<h4 class=\"wp-block-heading\">Defina condiciones de entrada precisas con validadores personalizados.<\/h4>\n\n\n\n<p>Con los Validadores Personalizados, puede definir con precisi\u00f3n c\u00f3mo debe introducirse la informaci\u00f3n en los campos de sus productos mediante Expresiones Regulares (RegEx). Ya sean n\u00fameros de tel\u00e9fono, c\u00f3digos de serie o valores de color, los Validadores Personalizados garantizan que sus datos sigan el formato exacto que necesita.<\/p>\n\n\n\n<p>Documentaci\u00f3n:&nbsp;<a href=\"https:\/\/www.themehigh.com\/docs\/how-to-add-a-custom-validation-rule\/\" target=\"_blank\" rel=\"noreferrer noopener\">Opciones de productos adicionales para la documentaci\u00f3n de WooCommerce: haga clic aqu\u00ed<\/a><\/p>\n\n\n\n<figure class=\"wp-block-image\"><img decoding=\"async\" src=\"https:\/\/www.themehigh.com\/wp-content\/uploads\/pp\/wepo\/custom-validators.webp\" alt=\"Validadores personalizados\" title=\"\"><\/figure>\n\n\n\n<h3 class=\"wp-block-heading\">Dise\u00f1ado para ser compatible<\/h3>\n\n\n\n<h4 class=\"wp-block-heading\">Integraci\u00f3n perfecta con temas y complementos de WooCommerce.<\/h4>\n\n\n\n<p>\u00a1Nuestros complementos se someten a pruebas constantes para garantizar una compatibilidad perfecta con los temas y complementos m\u00e1s populares de WooCommerce!<\/p>\n\n\n\n<h4 class=\"wp-block-heading\">Recursos adicionales<\/h4>\n\n\n\n<p>Explora nuestras funciones adicionales para crear una experiencia de compra \u00fanica.<\/p>\n\n\n\n<h5 class=\"wp-block-heading\">Productos adicionales como par\u00e1metros de URL<\/h5>\n\n\n\n<p>De forma predeterminada, puedes a\u00f1adir productos a tu carrito mediante URL. Con el plugin, tambi\u00e9n puedes a\u00f1adir campos personalizados creados por el plugin mediante URL.<img loading=\"lazy\" decoding=\"async\" src=\"https:\/\/www.themehigh.com\/wp-content\/uploads\/pp\/wepo\/feature-1.webp\" alt=\"Extensi\u00f3n de URL\" width=\"356\" height=\"222\" title=\"\"><a href=\"https:\/\/www.themehigh.com\/docs\/how-to-post-extra-options-as-url-parameters\/\" target=\"_blank\" rel=\"noreferrer noopener\"><\/a><\/p>\n\n\n\n<h5 class=\"wp-block-heading\">Etiquetas div para una mayor flexibilidad<\/h5>\n\n\n\n<p>Las etiquetas de tabla HTML est\u00e1ndar ofrecen opciones de estilo limitadas. El uso de la etiqueta Div ampl\u00eda las opciones de personalizaci\u00f3n y ofrece mayor flexibilidad.<img loading=\"lazy\" decoding=\"async\" src=\"https:\/\/www.themehigh.com\/wp-content\/uploads\/pp\/wepo\/feature-2.webp\" alt=\"Etiqueta Div\" width=\"356\" height=\"222\" title=\"\"><a href=\"https:\/\/www.themehigh.com\/docs\/how-to-use-the-div-tag-for-displaying-fields\/\" target=\"_blank\" rel=\"noreferrer noopener\"><\/a><\/p>\n\n\n\n<h5 class=\"wp-block-heading\">Editar productos del carrito<\/h5>\n\n\n\n<p>Los productos ya a\u00f1adidos al carrito ahora se pueden editar desde el mismo. Esta funci\u00f3n funciona para productos con opciones adicionales y para todos los productos seg\u00fan la configuraci\u00f3n de tu tienda.<img loading=\"lazy\" decoding=\"async\" src=\"https:\/\/www.themehigh.com\/wp-content\/uploads\/pp\/wepo\/feature-3.webp\" alt=\"Editar la funcionalidad del carrito de compras\" width=\"356\" height=\"222\" title=\"\"><\/p>\n\n\n\n<h5 class=\"wp-block-heading\">Ganchos que favorecen el desarrollo<\/h5>\n\n\n\n<p>Ampl\u00eda f\u00e1cilmente la funcionalidad del plugin con ganchos f\u00e1ciles de usar para desarrolladores. A\u00f1ade c\u00f3digo o contenido personalizado a los campos para ampliar la funcionalidad del plugin.<img loading=\"lazy\" decoding=\"async\" src=\"https:\/\/www.themehigh.com\/wp-content\/uploads\/pp\/wepo\/feature-4.webp\" alt=\"Ganchos que favorecen el desarrollo\" width=\"356\" height=\"222\" title=\"\"><a href=\"https:\/\/www.themehigh.com\/docs\/hooks-references-extra-product-option\/\" target=\"_blank\" rel=\"noreferrer noopener\"><\/a><\/p>\n\n\n\n<h5 class=\"wp-block-heading\">Importaci\u00f3n y exportaci\u00f3n simplificadas<\/h5>\n\n\n\n<p>Importa y exporta f\u00e1cilmente campos y secciones adicionales con nuestro plugin. Duplica campos, copia campos de otros sitios web y restaura campos a versiones anteriores, ahorrando tiempo y garantizando la precisi\u00f3n.<\/p>\n\n\n\n<figure class=\"wp-block-image\"><img decoding=\"async\" src=\"https:\/\/www.themehigh.com\/wp-content\/uploads\/pp\/wepo\/feature-5.gif\" alt=\"F\u00e1cil importaci\u00f3n y exportaci\u00f3n\" title=\"\"><\/figure>\n\n\n\n<p><a href=\"https:\/\/www.themehigh.com\/docs\/how-to-export-import-fields-sections-individually\/\" target=\"_blank\" rel=\"noreferrer noopener\"><\/a><\/p>\n\n\n\n<h5 class=\"wp-block-heading\">Apariencia del estilo desplegable<\/h5>\n\n\n\n<p>Personalice los colores del texto, el fondo y el borde para los estados activo, inactivo y al pasar el mouse, lo que le da al men\u00fa desplegable un aspecto pulido y consistente.<\/p>\n\n\n\n<figure class=\"wp-block-image\"><img decoding=\"async\" src=\"https:\/\/www.themehigh.com\/wp-content\/uploads\/pp\/wepo\/feature-6.gif\" alt=\"Apariencia del estilo desplegable\" title=\"\"><\/figure>\n\n\n\n<p><a href=\"https:\/\/www.themehigh.com\/docs\/how-to-add-edit-custom-fields-in-woocommerce-product-page\/\" target=\"_blank\" rel=\"noreferrer noopener\"><\/a><\/p>\n\n\n\n<h5 class=\"wp-block-heading\">Copia de seguridad e importaci\u00f3n de la configuraci\u00f3n del complemento<\/h5>\n\n\n\n<p>Con la funci\u00f3n Copia de seguridad e importaci\u00f3n de configuraciones, puedes transferir f\u00e1cilmente la configuraci\u00f3n de tu plugin entre diferentes sitios web. Esto facilita la migraci\u00f3n a un nuevo sitio, la sincronizaci\u00f3n de configuraciones entre diferentes entornos o la copia de seguridad de tus preferencias.<\/p>\n\n\n\n<figure class=\"wp-block-image\"><img decoding=\"async\" src=\"https:\/\/www.themehigh.com\/wp-content\/uploads\/pp\/wepo\/feature-7.webp\" alt=\"Copia de seguridad e importaci\u00f3n de datos\" title=\"\"><\/figure>","protected":false},"excerpt":{"rendered":"<p>Opciones de producto adicionales para WooCommerce: Crea p\u00e1ginas de producto flexibles con complementos de WooCommerce. El plugin Opciones de producto adicionales para WooCommerce te permite a\u00f1adir campos de producto adicionales a tus p\u00e1ginas de producto de WooCommerce. Opciones de personalizaci\u00f3n flexibles para cada tienda. Muestra f\u00e1cilmente los complementos de WooCommerce. Con las opciones [\u2026]<\/p>","protected":false},"featured_media":24308,"comment_status":"open","ping_status":"closed","template":"","meta":{"_jf_limit_responses":"","iawp_total_views":63},"product_brand":[],"product_cat":[41],"product_tag":[91],"class_list":{"0":"post-24307","1":"product","2":"type-product","3":"status-publish","4":"has-post-thumbnail","6":"product_cat-plugins","7":"product_tag-business","9":"first","10":"instock","11":"downloadable","12":"virtual","13":"purchasable","14":"product-type-simple"},"_links":{"self":[{"href":"https:\/\/packdesites.com\/es\/wp-json\/wp\/v2\/product\/24307","targetHints":{"allow":["GET"]}}],"collection":[{"href":"https:\/\/packdesites.com\/es\/wp-json\/wp\/v2\/product"}],"about":[{"href":"https:\/\/packdesites.com\/es\/wp-json\/wp\/v2\/types\/product"}],"replies":[{"embeddable":true,"href":"https:\/\/packdesites.com\/es\/wp-json\/wp\/v2\/comments?post=24307"}],"version-history":[{"count":1,"href":"https:\/\/packdesites.com\/es\/wp-json\/wp\/v2\/product\/24307\/revisions"}],"predecessor-version":[{"id":24309,"href":"https:\/\/packdesites.com\/es\/wp-json\/wp\/v2\/product\/24307\/revisions\/24309"}],"wp:featuredmedia":[{"embeddable":true,"href":"https:\/\/packdesites.com\/es\/wp-json\/wp\/v2\/media\/24308"}],"wp:attachment":[{"href":"https:\/\/packdesites.com\/es\/wp-json\/wp\/v2\/media?parent=24307"}],"wp:term":[{"taxonomy":"product_brand","embeddable":true,"href":"https:\/\/packdesites.com\/es\/wp-json\/wp\/v2\/product_brand?post=24307"},{"taxonomy":"product_cat","embeddable":true,"href":"https:\/\/packdesites.com\/es\/wp-json\/wp\/v2\/product_cat?post=24307"},{"taxonomy":"product_tag","embeddable":true,"href":"https:\/\/packdesites.com\/es\/wp-json\/wp\/v2\/product_tag?post=24307"}],"curies":[{"name":"wp","href":"https:\/\/api.w.org\/{rel}","templated":true}]}}