{"id":24289,"date":"2025-11-29T14:07:07","date_gmt":"2025-11-29T17:07:07","guid":{"rendered":"https:\/\/packdesites.com\/?post_type=product&#038;p=24289"},"modified":"2025-11-29T14:07:11","modified_gmt":"2025-11-29T17:07:11","slug":"plantilla-de-pagina-de-destino-editable-para-espectaculos-y-eventos-preventa-vip-en-elementor","status":"publish","type":"product","link":"https:\/\/packdesites.com\/es\/product\/plantilla-de-pagina-de-destino-editable-para-espectaculos-y-eventos-preventa-vip-en-elementor\/","title":{"rendered":"Plantilla de landing page para eventos y ferias \u2013 Preventa VIP | Editable en Elementor"},"content":{"rendered":"<p>\u00bfQuieres vender m\u00e1s entradas y generar expectaci\u00f3n antes de la apertura oficial de la venta de entradas?<br>Este <strong>Plantilla de p\u00e1gina de destino para espect\u00e1culos y eventos<\/strong> Fue creado especialmente para <strong>Preventa VIP<\/strong>Campa\u00f1as exclusivas y promoci\u00f3n de conciertos, todo con <strong>alta conversi\u00f3n<\/strong> y dise\u00f1o premium.<\/p>\n\n\n\n<p>Totalmente editable en <strong>Elementor (WordPress)<\/strong> y f\u00e1cil de personalizar para <strong>cualquier artista, evento o ciudad<\/strong>.<br>Ya viene con secciones dise\u00f1adas para el marketing de eventos:<\/p>\n\n\n\n<ul class=\"wp-block-list\">\n<li>\ud83c\udfa4 H\u00e9roe con imagen del programa y llamada a la acci\u00f3n<\/li>\n\n\n\n<li>\ud83d\udccdSelecci\u00f3n de ubicaci\u00f3n\/fecha del evento<\/li>\n\n\n\n<li>\ud83d\udcf1 Formulario de registro para WhatsApp\/Email<\/li>\n\n\n\n<li>\u2b50 Beneficios del grupo VIP<\/li>\n\n\n\n<li>\ud83d\uddbc\ufe0f Galer\u00eda de fotos del artista<\/li>\n\n\n\n<li>\ud83d\udd12 Centrarse en la urgencia y la exclusividad<\/li>\n<\/ul>\n\n\n\n<p>Adem\u00e1s, la plantilla es <strong>100% Responsivo<\/strong>Carga r\u00e1pida y optimizado para SEO.<br>Ideal para:<\/p>\n\n\n\n<p>\u2713 Productores de espect\u00e1culos<br>\u2713 Agencias de marketing de eventos<br>\u2713 Dise\u00f1adores web freelance<br>\u2713 Eventos musicales, giras, fiestas, festivales y espect\u00e1culos<\/p>\n\n\n\n<p>Con \u00e9l, puedes <strong>Capturar clientes potenciales calificados<\/strong>para crear una sensaci\u00f3n de exclusividad y aumentar las conversiones incluso antes de que comiencen las ventas oficiales.<\/p>\n\n\n\n<p>\ud83d\udc49 \u00a1Convierte tu evento en un \u00e9xito y adel\u00e1ntate con una p\u00e1gina impresionante y lista para vender!<\/p>\n\n\n\n<p><\/p>","protected":false},"excerpt":{"rendered":"<p>Voc\u00ea quer vender mais ingressos e gerar expectativa antes da abertura oficial das vendas?Este Template Landing Page para Shows e Eventos foi criado especialmente para pr\u00e9-venda VIP, campanhas exclusivas e divulga\u00e7\u00e3o de concertos \u2014 tudo com alta convers\u00e3o e design premium. Totalmente edit\u00e1vel no Elementor (WordPress) e f\u00e1cil de personalizar para qualquer artista, evento ou [&hellip;]<\/p>","protected":false},"featured_media":24290,"comment_status":"open","ping_status":"closed","template":"","meta":{"_jf_limit_responses":"","iawp_total_views":170},"product_brand":[],"product_cat":[23,42,45,43],"product_tag":[91,47],"class_list":{"0":"post-24289","1":"product","2":"type-product","3":"status-publish","4":"has-post-thumbnail","6":"product_cat-templates-elementor-e-envato","7":"product_cat-landing-page","8":"product_cat-pagina-de-captura","9":"product_cat-pagina-de-vendas","10":"product_tag-business","11":"product_tag-json","13":"first","14":"instock","15":"downloadable","16":"virtual","17":"purchasable","18":"product-type-simple"},"_links":{"self":[{"href":"https:\/\/packdesites.com\/es\/wp-json\/wp\/v2\/product\/24289","targetHints":{"allow":["GET"]}}],"collection":[{"href":"https:\/\/packdesites.com\/es\/wp-json\/wp\/v2\/product"}],"about":[{"href":"https:\/\/packdesites.com\/es\/wp-json\/wp\/v2\/types\/product"}],"replies":[{"embeddable":true,"href":"https:\/\/packdesites.com\/es\/wp-json\/wp\/v2\/comments?post=24289"}],"version-history":[{"count":1,"href":"https:\/\/packdesites.com\/es\/wp-json\/wp\/v2\/product\/24289\/revisions"}],"predecessor-version":[{"id":24291,"href":"https:\/\/packdesites.com\/es\/wp-json\/wp\/v2\/product\/24289\/revisions\/24291"}],"wp:featuredmedia":[{"embeddable":true,"href":"https:\/\/packdesites.com\/es\/wp-json\/wp\/v2\/media\/24290"}],"wp:attachment":[{"href":"https:\/\/packdesites.com\/es\/wp-json\/wp\/v2\/media?parent=24289"}],"wp:term":[{"taxonomy":"product_brand","embeddable":true,"href":"https:\/\/packdesites.com\/es\/wp-json\/wp\/v2\/product_brand?post=24289"},{"taxonomy":"product_cat","embeddable":true,"href":"https:\/\/packdesites.com\/es\/wp-json\/wp\/v2\/product_cat?post=24289"},{"taxonomy":"product_tag","embeddable":true,"href":"https:\/\/packdesites.com\/es\/wp-json\/wp\/v2\/product_tag?post=24289"}],"curies":[{"name":"wp","href":"https:\/\/api.w.org\/{rel}","templated":true}]}}