{"id":24220,"date":"2025-11-17T10:54:03","date_gmt":"2025-11-17T13:54:03","guid":{"rendered":"https:\/\/packdesites.com\/?post_type=product&#038;p=24220"},"modified":"2025-11-17T10:54:08","modified_gmt":"2025-11-17T13:54:08","slug":"erplayer-v2-0-reproductor-de-radio-para-elementor-plugin-de-transmision-de-radio-web-para-elementor","status":"publish","type":"product","link":"https:\/\/packdesites.com\/es\/product\/erplayer-v2-0-reproductor-de-radio-para-elementor-plugin-de-transmision-de-radio-web-para-elementor\/","title":{"rendered":"Erplayer v2.0 Reproductor de radio para Elementor \u2013 Plugin de transmisi\u00f3n de radio web para Elementor"},"content":{"rendered":"<p>Erplayer es un plugin de reproducci\u00f3n de radio para Elementor. Es \u00fatil para quienes tienen radios web y desean transmitir la URL de su radio en un sitio de WordPress creado con Elementor.<\/p>\n\n\n\n<p><strong>Erplayer<\/strong>&nbsp;Es un plugin de WordPress creado por&nbsp;<a href=\"https:\/\/pro.radio\/\" target=\"_blank\" rel=\"noopener\">Radio profesional<\/a>&nbsp;que a\u00f1ade un widget&nbsp;<strong>Reproductor de radio<\/strong>&nbsp;Con Elementor, puedes reproducir audio de cualquier emisora de radio por internet y mostrar los t\u00edtulos de las canciones de cualquier fuente compatible. Tambi\u00e9n puedes buscar y mostrar, si lo deseas, las car\u00e1tulas de las canciones.<\/p>\n\n\n\n<p><a href=\"https:\/\/erplayer.pro.radio\/manual\/\" target=\"_blank\" rel=\"noopener\">Totalmente documentado<\/a><\/p>\n\n\n\n<p><a href=\"https:\/\/pro.radio\/shop\/submitticket.php?step=2&amp;deptid=4\" target=\"_blank\" rel=\"noopener\">Si necesita ayuda, haga clic aqu\u00ed.<\/a><\/p>\n\n\n\n<h2 class=\"wp-block-heading\" id=\"item-description__compatibility\">Compatibilidad<\/h2>\n\n\n\n<p>El reproductor de radio es compatible con cualquier transmisi\u00f3n MP3 o AAC, y puede leer t\u00edtulos de canciones y artistas de los formatos m\u00e1s populares, tales como:<\/p>\n\n\n\n<ul class=\"wp-block-list\">\n<li>Shoutcast V2<\/li>\n\n\n\n<li>Icecast<\/li>\n\n\n\n<li>Radio.co<\/li>\n\n\n\n<li>Tiempo aire y tiempo aire Pro<\/li>\n\n\n\n<li>Live365 [\u00a1Atenci\u00f3n, necesitas una cuenta premium!]<\/li>\n\n\n\n<li>Texto de ejemplo \u201cartista \u2013 t\u00edtulo\u201d<\/li>\n\n\n\n<li>Cualquier encabezado de audio ICY (t\u00edtulos est\u00e1ndar para transmisi\u00f3n)<\/li>\n<\/ul>\n\n\n\n<h2 class=\"wp-block-heading\" id=\"item-description__4-design-options\">4 opciones de dise\u00f1o<\/h2>\n\n\n\n<ul class=\"wp-block-list\">\n<li>Tarjeta de jugador\u00a0<a href=\"http:\/\/erplayer.pro.radio\/home-elementor-radio-player\/card-player\/\" target=\"_blank\" rel=\"noopener\">Escucha la demostraci\u00f3n en la radio.<\/a><\/li>\n\n\n\n<li>Barra de reproductor compacta\u00a0<a href=\"http:\/\/erplayer.pro.radio\/home-elementor-radio-player\/bar-player\/\" target=\"_blank\" rel=\"noopener\">Demostraci\u00f3n de radio.<\/a><\/li>\n\n\n\n<li>Ancho de la barra del reproductor de radio\u00a0<a href=\"http:\/\/erplayer.pro.radio\/home-elementor-radio-player\/full-width-player\/\" target=\"_blank\" rel=\"noopener\">Consulte la demostraci\u00f3n para obtener todos los detalles.<\/a><\/li>\n\n\n\n<li>Bot\u00f3n de reproductor m\u00ednimo\u00a0<a href=\"http:\/\/erplayer.pro.radio\/home-elementor-radio-player\/simple-button-radio-player-for-elementor\/\" target=\"_blank\" rel=\"noopener\">Mira la demostraci\u00f3n<\/a><\/li>\n<\/ul>\n\n\n\n<h2 class=\"wp-block-heading\" id=\"item-description__position-options\">Opciones de posici\u00f3n<\/h2>\n\n\n\n<p>Este jugador puede utilizarse con 3 opciones de posicionamiento:<\/p>\n\n\n\n<ul class=\"wp-block-list\">\n<li>En l\u00ednea: el jugador aparece en la posici\u00f3n donde lo coloques.<\/li>\n\n\n\n<li>Ventana modal fija: muestra el reproductor en una esquina, con un bot\u00f3n de alternancia.<\/li>\n\n\n\n<li>Ventana emergente: Mant\u00e9n la m\u00fasica reproduci\u00e9ndose mientras navegas por el sitio.<\/li>\n<\/ul>\n\n\n\n<h2 class=\"wp-block-heading\" id=\"item-description__design-options\">Opciones de dise\u00f1o<\/h2>\n\n\n\n<p>Personaliza cualquier aspecto del dise\u00f1o del jugador:<\/p>\n\n\n\n<ul class=\"wp-block-list\">\n<li>N\u00famero ilimitado de canales de radio<\/li>\n\n\n\n<li>Fuente: Elija cualquier fuente de Google, el tama\u00f1o, el espaciado entre letras y el color.<\/li>\n\n\n\n<li>Colores de fondo<\/li>\n\n\n\n<li>opacidad de fondo<\/li>\n\n\n\n<li>Imagen de fondo<\/li>\n\n\n\n<li>Disposici\u00f3n<\/li>\n\n\n\n<li>Dise\u00f1o, color y aspecto de los botones de alternancia<\/li>\n\n\n\n<li>Amortiguaci\u00f3n, tama\u00f1o, esquinas, sombreado, m\u00e1rgenes, ligamentos<\/li>\n\n\n\n<li>Opciones funcionales<\/li>\n\n\n\n<li>Volumen inicial<\/li>\n\n\n\n<li>Mostrar\/ocultar volumen y lista de reproducci\u00f3n.<\/li>\n\n\n\n<li>Posicionamiento<\/li>\n\n\n\n<li>Opcionalmente, busca la car\u00e1tula del \u00e1lbum y \u00fasala como fondo para el reproductor.<\/li>\n<\/ul>\n\n\n\n<h2 class=\"wp-block-heading\" id=\"item-description__why-choosing-erplayer\">\u00bfPor qu\u00e9 elegir Erplayer?<\/h2>\n\n\n\n<p>Este reproductor de radio surge de 10 a\u00f1os de experiencia en el desarrollo de reproductores de radio para WordPress y cuenta con la mayor compatibilidad con cualquier formato popular de transmisi\u00f3n de radio, no solo ShoutCast v2 e Icecast, sino tambi\u00e9n con formatos de proveedores de empresas independientes.<\/p>\n\n\n\n<p>Su flexibilidad sin precedentes hace que esto&nbsp;<strong>Reproductor de radio Elementor<\/strong>&nbsp;La opci\u00f3n m\u00e1s flexible para cualquier sitio web, y la opci\u00f3n de ventanas emergentes es una caracter\u00edstica clave que permite a los visitantes escuchar m\u00fasica mientras navegan por el sitio (solo en ordenadores de escritorio, ya que no hay ventanas emergentes para m\u00f3viles).<\/p>\n\n\n\n<p>Su incre\u00edble capacidad de personalizaci\u00f3n del dise\u00f1o te sorprender\u00e1 y lo convierte en el reproductor de radio m\u00e1s adaptable del mercado, perfecto para cualquier marca, estilo, g\u00e9nero musical y sitio web.<\/p>\n\n\n\n<h3 class=\"wp-block-heading\" id=\"item-description__requirements\">Requisitos<\/h3>\n\n\n\n<p>Este reproductor requiere la \u00faltima versi\u00f3n de WordPress y Elementor, PHP 7.3 y una se\u00f1al de radio v\u00e1lida. Tenga en cuenta que necesita su propia se\u00f1al, ya que este reproductor de radio est\u00e1 dise\u00f1ado para reproducir audio de su proveedor de streaming.<\/p>\n\n\n\n<p>Si est\u00e1s buscando un&nbsp;<a href=\"https:\/\/pro.radio\/\" target=\"_blank\" rel=\"noopener\">Tema de WordPress para radio<\/a>\u00a1Echa un vistazo a nuestro sitio web!&nbsp;<a href=\"https:\/\/codecanyon.net\/user\/proradio\" target=\"_blank\" rel=\"noopener\">p\u00e1gina de perfil<\/a><\/p>","protected":false},"excerpt":{"rendered":"<p>Erplayer \u00e9 um plugin de radio player for Elementor. Ele \u00e9 \u00fatil para quem tem web radios e quer fazer streaming da sua URL de r\u00e1dio no site WordPress feito com Elementor. Erplayer&nbsp;\u00e9 um plugin para WordPress criado pela&nbsp;Pro.Radio&nbsp;que adiciona um widget&nbsp;Radio Player&nbsp;ao Elementor, para reproduzir o som de qualquer canal de r\u00e1dio web e [&hellip;]<\/p>","protected":false},"featured_media":24221,"comment_status":"open","ping_status":"closed","template":"","meta":{"_jf_limit_responses":"","iawp_total_views":68},"product_brand":[],"product_cat":[41],"product_tag":[91],"class_list":{"0":"post-24220","1":"product","2":"type-product","3":"status-publish","4":"has-post-thumbnail","6":"product_cat-plugins","7":"product_tag-business","9":"first","10":"instock","11":"downloadable","12":"virtual","13":"purchasable","14":"product-type-simple"},"_links":{"self":[{"href":"https:\/\/packdesites.com\/es\/wp-json\/wp\/v2\/product\/24220","targetHints":{"allow":["GET"]}}],"collection":[{"href":"https:\/\/packdesites.com\/es\/wp-json\/wp\/v2\/product"}],"about":[{"href":"https:\/\/packdesites.com\/es\/wp-json\/wp\/v2\/types\/product"}],"replies":[{"embeddable":true,"href":"https:\/\/packdesites.com\/es\/wp-json\/wp\/v2\/comments?post=24220"}],"version-history":[{"count":1,"href":"https:\/\/packdesites.com\/es\/wp-json\/wp\/v2\/product\/24220\/revisions"}],"predecessor-version":[{"id":24222,"href":"https:\/\/packdesites.com\/es\/wp-json\/wp\/v2\/product\/24220\/revisions\/24222"}],"wp:featuredmedia":[{"embeddable":true,"href":"https:\/\/packdesites.com\/es\/wp-json\/wp\/v2\/media\/24221"}],"wp:attachment":[{"href":"https:\/\/packdesites.com\/es\/wp-json\/wp\/v2\/media?parent=24220"}],"wp:term":[{"taxonomy":"product_brand","embeddable":true,"href":"https:\/\/packdesites.com\/es\/wp-json\/wp\/v2\/product_brand?post=24220"},{"taxonomy":"product_cat","embeddable":true,"href":"https:\/\/packdesites.com\/es\/wp-json\/wp\/v2\/product_cat?post=24220"},{"taxonomy":"product_tag","embeddable":true,"href":"https:\/\/packdesites.com\/es\/wp-json\/wp\/v2\/product_tag?post=24220"}],"curies":[{"name":"wp","href":"https:\/\/api.w.org\/{rel}","templated":true}]}}