{"id":23985,"date":"2025-10-09T12:48:11","date_gmt":"2025-10-09T15:48:11","guid":{"rendered":"https:\/\/packdesites.com\/?post_type=product&#038;p=23985"},"modified":"2025-10-09T12:48:17","modified_gmt":"2025-10-09T15:48:17","slug":"kit-de-plantillas-temotive-de-elementor-para-psicologia-y-asesoramiento","status":"publish","type":"product","link":"https:\/\/packdesites.com\/es\/product\/kit-de-plantillas-temotive-de-elementor-para-psicologia-y-asesoramiento\/","title":{"rendered":"Temotive \u2013 Kit de plantillas Elementor para psicolog\u00eda y asesoramiento"},"content":{"rendered":"<p>Descubre Temotive, \u00a1especialmente dise\u00f1ado para sitios web de psicolog\u00eda y asesoramiento! El kit de plantillas incluye una selecci\u00f3n ideal de plantillas para sitios web de psiquiatras, terapeutas, servicios de salud mental y terapia psicol\u00f3gica. Este kit tiene un dise\u00f1o moderno y \u00fanico con un dise\u00f1o 100% totalmente responsivo, f\u00e1cil de instalar y personalizar, ya que con Elementor no necesitas escribir ni una sola l\u00ednea de c\u00f3digo. Ahorra tiempo.<\/p>\n\n\n\n<p>Este kit de plantillas incluye contenido para crear p\u00e1ginas de Elementor. Est\u00e1 optimizado para su uso con el tema gratuito &quot;Hello Elementor&quot;.<\/p>\n\n\n\n<p><strong>Caracter\u00edsticas:<\/strong><\/p>\n\n\n\n<ul class=\"wp-block-list\">\n<li>Compatible con WordPress \u2013 Elementor<\/li>\n\n\n\n<li>Uso de complementos gratuitos (no se requiere Elementor Pro)<\/li>\n\n\n\n<li>Personalizaci\u00f3n real sin c\u00f3digo con arrastrar y soltar<\/li>\n\n\n\n<li>100% totalmente responsivo y compatible con dispositivos m\u00f3viles<\/li>\n\n\n\n<li>Dise\u00f1o moderno y profesional.<\/li>\n\n\n\n<li>M\u00e1s de 11 plantillas predise\u00f1adas listas para usar<\/li>\n\n\n\n<li>Personaliza fuentes y colores en un solo lugar (Estilo de kit de temas global)<\/li>\n<\/ul>\n\n\n\n<p><strong>Modelos Zip:<\/strong><\/p>\n\n\n\n<ul class=\"wp-block-list\">\n<li>P\u00e1gina de inicio<\/li>\n\n\n\n<li>Acerca de m\u00ed<\/li>\n\n\n\n<li>Quienes somos<\/li>\n\n\n\n<li>Servicios<\/li>\n\n\n\n<li>Plan de precios<\/li>\n\n\n\n<li>Cita<\/li>\n\n\n\n<li>Blog<\/li>\n\n\n\n<li>Contacto<\/li>\n\n\n\n<li>404<\/li>\n\n\n\n<li>Encabezamiento<\/li>\n\n\n\n<li>Z\u00f3calo<\/li>\n<\/ul>\n\n\n\n<p><strong>Complementos necesarios:<\/strong><\/p>\n\n\n\n<ul class=\"wp-block-list\">\n<li>Elementor<\/li>\n\n\n\n<li>Kit de temas de Roma<\/li>\n\n\n\n<li>Formulario tem\u00e1tico de Roma<\/li>\n\n\n\n<li>Kit de elementos<\/li>\n<\/ul>\n\n\n\n<p><\/p>","protected":false},"excerpt":{"rendered":"<p>Conhe\u00e7a, Temotive especialmente projetado para sites de Psicologia e Aconselhamento! O template kit vem com uma sele\u00e7\u00e3o ideal de modelos para o servi\u00e7o de site de Psiquiatra, Terapeuta, Servi\u00e7os de Sa\u00fade Mental e Terapia Psicol\u00f3gica. Este kit tem um design moderno e exclusivo com um layout 100% totalmente responsivo, f\u00e1cil instala\u00e7\u00e3o e muito f\u00e1cil de [&hellip;]<\/p>","protected":false},"featured_media":23986,"comment_status":"open","ping_status":"closed","template":"","meta":{"_jf_limit_responses":"","iawp_total_views":349},"product_brand":[],"product_cat":[23,27,29,24],"product_tag":[91,49],"class_list":{"0":"post-23985","1":"product","2":"type-product","3":"status-publish","4":"has-post-thumbnail","6":"product_cat-templates-elementor-e-envato","7":"product_cat-prestadores-de-servicos","8":"product_cat-saude-e-bem-estar","9":"product_cat-templates-envato","10":"product_tag-business","11":"product_tag-starter","13":"first","14":"instock","15":"downloadable","16":"virtual","17":"purchasable","18":"product-type-simple"},"_links":{"self":[{"href":"https:\/\/packdesites.com\/es\/wp-json\/wp\/v2\/product\/23985","targetHints":{"allow":["GET"]}}],"collection":[{"href":"https:\/\/packdesites.com\/es\/wp-json\/wp\/v2\/product"}],"about":[{"href":"https:\/\/packdesites.com\/es\/wp-json\/wp\/v2\/types\/product"}],"replies":[{"embeddable":true,"href":"https:\/\/packdesites.com\/es\/wp-json\/wp\/v2\/comments?post=23985"}],"version-history":[{"count":1,"href":"https:\/\/packdesites.com\/es\/wp-json\/wp\/v2\/product\/23985\/revisions"}],"predecessor-version":[{"id":23987,"href":"https:\/\/packdesites.com\/es\/wp-json\/wp\/v2\/product\/23985\/revisions\/23987"}],"wp:featuredmedia":[{"embeddable":true,"href":"https:\/\/packdesites.com\/es\/wp-json\/wp\/v2\/media\/23986"}],"wp:attachment":[{"href":"https:\/\/packdesites.com\/es\/wp-json\/wp\/v2\/media?parent=23985"}],"wp:term":[{"taxonomy":"product_brand","embeddable":true,"href":"https:\/\/packdesites.com\/es\/wp-json\/wp\/v2\/product_brand?post=23985"},{"taxonomy":"product_cat","embeddable":true,"href":"https:\/\/packdesites.com\/es\/wp-json\/wp\/v2\/product_cat?post=23985"},{"taxonomy":"product_tag","embeddable":true,"href":"https:\/\/packdesites.com\/es\/wp-json\/wp\/v2\/product_tag?post=23985"}],"curies":[{"name":"wp","href":"https:\/\/api.w.org\/{rel}","templated":true}]}}