{"id":23954,"date":"2025-10-08T12:05:03","date_gmt":"2025-10-08T15:05:03","guid":{"rendered":"https:\/\/packdesites.com\/?post_type=product&#038;p=23954"},"modified":"2025-10-08T12:08:13","modified_gmt":"2025-10-08T15:08:13","slug":"plantilla-de-sitio-web-para-la-escuela-de-conduccion-driveskill","status":"publish","type":"product","link":"https:\/\/packdesites.com\/es\/product\/plantilla-de-sitio-web-para-la-escuela-de-conduccion-driveskill\/","title":{"rendered":"DriveSkill \u2013 Plantilla de sitio web para autoescuela"},"content":{"rendered":"<p>DriveSkill es un kit de plantillas web modernas y profesionales para escuelas de conducci\u00f3n, cuidadosamente dise\u00f1ado para escuelas y servicios de instructores. Con su dise\u00f1o limpio, intuitivo y totalmente responsivo, DriveSkill permite a las escuelas crear f\u00e1cilmente una s\u00f3lida presencia en l\u00ednea, sin necesidad de programaci\u00f3n.<\/p>\n\n\n\n<p>Este kit de plantillas altamente personalizable incluye una amplia variedad de p\u00e1ginas predise\u00f1adas, lo que facilita la personalizaci\u00f3n de dise\u00f1os, colores y contenido para reflejar la marca y los servicios de su escuela. Ya sea que ofrezca capacitaci\u00f3n en motocicletas, conducci\u00f3n defensiva u operaci\u00f3n de veh\u00edculos pesados, DriveSkill le proporciona todas las herramientas esenciales para promocionar sus cursos y conectar con nuevos estudiantes.<\/p>\n\n\n\n<p><strong>Caracter\u00edsticas principales<\/strong><\/p>\n\n\n\n<ul class=\"wp-block-list\">\n<li>Dise\u00f1o moderno y responsivo<\/li>\n\n\n\n<li>Compatible con Elementor Free<\/li>\n\n\n\n<li>F\u00e1cil personalizaci\u00f3n de colores, fuentes y dise\u00f1os.<\/li>\n\n\n\n<li>P\u00e1ginas predise\u00f1adas para reservas, cursos, precios y contacto.<\/li>\n\n\n\n<li>Formularios funcionales desarrollados por MetForm<\/li>\n<\/ul>\n\n\n\n<p><strong>Modelos incluidos<\/strong><\/p>\n\n\n\n<ul class=\"wp-block-list\">\n<li>Inicio 01<\/li>\n\n\n\n<li>Inicio 02<\/li>\n\n\n\n<li>Sobre nosotros<\/li>\n\n\n\n<li>Cursos<\/li>\n\n\n\n<li>Conducci\u00f3n defensiva<\/li>\n\n\n\n<li>Operaci\u00f3n de veh\u00edculos pesados<\/li>\n\n\n\n<li>Entrenamiento de motocicletas<\/li>\n\n\n\n<li>Licencia de conducir<\/li>\n\n\n\n<li>Reserva<\/li>\n\n\n\n<li>Ubicaciones<\/li>\n\n\n\n<li>Cont\u00e1ctanos<\/li>\n\n\n\n<li>Encabezado 01<\/li>\n\n\n\n<li>Encabezado 02<\/li>\n\n\n\n<li>Z\u00f3calo<\/li>\n\n\n\n<li>Testimonios<\/li>\n\n\n\n<li>Precios<\/li>\n\n\n\n<li>Instructores<\/li>\n\n\n\n<li>MetForm \u2014 Formulario de reserva<\/li>\n\n\n\n<li>MetForm \u2014 Formulario de contacto<\/li>\n\n\n\n<li>MetForm \u2013 Formulario de propinas<\/li>\n\n\n\n<li>MetForm \u2013 Formulario de pie de p\u00e1gina<\/li>\n\n\n\n<li>Estilos de kit globales<\/li>\n<\/ul>\n\n\n\n<p><strong>Complementos instalados con el kit:<\/strong><\/p>\n\n\n\n<ul class=\"wp-block-list\">\n<li>ElementsKit Lite<\/li>\n\n\n\n<li>MetForm<\/li>\n<\/ul>","protected":false},"excerpt":{"rendered":"<p>O DriveSkill \u00e9 um kit de templates moderno e profissional, Template de Site de Autoescola, cuidadosamente elaborado para escolas de condu\u00e7\u00e3o e servi\u00e7os de instrutores. Com seu design limpo, f\u00e1cil de usar e totalmente responsivo, o DriveSkill permite que as escolas criem uma forte presen\u00e7a on-line sem esfor\u00e7o, sem a necessidade de codifica\u00e7\u00e3o. Esse kit [&hellip;]<\/p>","protected":false},"featured_media":23955,"comment_status":"open","ping_status":"closed","template":"","meta":{"_jf_limit_responses":"","iawp_total_views":262},"product_brand":[],"product_cat":[23,28,24,31],"product_tag":[91,49],"class_list":{"0":"post-23954","1":"product","2":"type-product","3":"status-publish","4":"has-post-thumbnail","6":"product_cat-templates-elementor-e-envato","7":"product_cat-educacao-e-treinamento","8":"product_cat-templates-envato","9":"product_cat-veiculos","10":"product_tag-business","11":"product_tag-starter","13":"first","14":"instock","15":"downloadable","16":"virtual","17":"purchasable","18":"product-type-simple"},"_links":{"self":[{"href":"https:\/\/packdesites.com\/es\/wp-json\/wp\/v2\/product\/23954","targetHints":{"allow":["GET"]}}],"collection":[{"href":"https:\/\/packdesites.com\/es\/wp-json\/wp\/v2\/product"}],"about":[{"href":"https:\/\/packdesites.com\/es\/wp-json\/wp\/v2\/types\/product"}],"replies":[{"embeddable":true,"href":"https:\/\/packdesites.com\/es\/wp-json\/wp\/v2\/comments?post=23954"}],"version-history":[{"count":1,"href":"https:\/\/packdesites.com\/es\/wp-json\/wp\/v2\/product\/23954\/revisions"}],"predecessor-version":[{"id":23956,"href":"https:\/\/packdesites.com\/es\/wp-json\/wp\/v2\/product\/23954\/revisions\/23956"}],"wp:featuredmedia":[{"embeddable":true,"href":"https:\/\/packdesites.com\/es\/wp-json\/wp\/v2\/media\/23955"}],"wp:attachment":[{"href":"https:\/\/packdesites.com\/es\/wp-json\/wp\/v2\/media?parent=23954"}],"wp:term":[{"taxonomy":"product_brand","embeddable":true,"href":"https:\/\/packdesites.com\/es\/wp-json\/wp\/v2\/product_brand?post=23954"},{"taxonomy":"product_cat","embeddable":true,"href":"https:\/\/packdesites.com\/es\/wp-json\/wp\/v2\/product_cat?post=23954"},{"taxonomy":"product_tag","embeddable":true,"href":"https:\/\/packdesites.com\/es\/wp-json\/wp\/v2\/product_tag?post=23954"}],"curies":[{"name":"wp","href":"https:\/\/api.w.org\/{rel}","templated":true}]}}