{"id":23942,"date":"2025-10-07T22:21:04","date_gmt":"2025-10-08T01:21:04","guid":{"rendered":"https:\/\/packdesites.com\/?post_type=product&#038;p=23942"},"modified":"2025-10-22T12:20:48","modified_gmt":"2025-10-22T15:20:48","slug":"el-complemento-simulador-de-cuotas-para-woocommerce-muestra-los-precios-de-los-productos-en-cuotas-o-en-efectivo","status":"publish","type":"product","link":"https:\/\/packdesites.com\/es\/product\/el-complemento-simulador-de-cuotas-para-woocommerce-muestra-los-precios-de-los-productos-en-cuotas-o-en-efectivo\/","title":{"rendered":"Plugin de Simulador de Cuotas para WooCommerce: Muestra precios de productos en cuotas o en efectivo"},"content":{"rendered":"<html>\n<!-- Landing Page: Plugin Simulador de Parcelas para WooCommerce -->\n<style>\n  \/* Estilos escopados \u2014 sem globais *\/\n  .lp-simulador { font-family: ui-sans-serif, system-ui, -apple-system, Segoe UI, Roboto, Ubuntu, Cantarell, \"Helvetica Neue\", Arial, \"Noto Sans\", \"Apple Color Emoji\", \"Segoe UI Emoji\"; color:#0f172a; line-height:1.6; }\n  .lp-simulador * { box-sizing:border-box; }\n  .lp-simulador .wrap { margin:0 auto; display: flex; flex-direction: column; gap: 10px;}\n  .lp-simulador h2, .lp-simulador h3 { margin:0 0 12px; line-height:1.25; }\n  .lp-simulador h2 { font-size:28px; color:#0b1220; }\n  .lp-simulador h3 { font-size:20px; color:#111827; }\n  .lp-simulador p { margin:8px 0; }\n  .lp-simulador .muted { color:#475569; }\n  .lp-simulador .badge { display:inline-block; padding:4px 10px; border-radius:999px; background:#eef2ff; color:#3730a3; font-size:12px; font-weight:600; margin-right:8px; }\n  .lp-simulador .grid { display:grid; gap:14px; }\n  .lp-simulador .grid-2 { grid-template-columns:repeat(2,minmax(0,1fr)); }\n  .lp-simulador .grid-3 { grid-template-columns:repeat(3,minmax(0,1fr)); }\n  .lp-simulador .card { background:#ffffff; border:1px solid #e5e7eb; border-radius:14px; padding:16px; box-shadow:0 1px 2px rgba(0,0,0,0.03); }\n  .lp-simulador .card h4 { margin:0 0 8px; font-size:16px; color:#0f172a; }\n  .lp-simulador .icon { width:24px; height:24px; display:inline-flex; align-items:center; justify-content:center; border-radius:8px; background:#f1f5f9; margin-right:8px; font-size:14px; }\n  .lp-simulador .list { list-style:none; padding:0; margin:0; }\n  .lp-simulador .list li { display:flex; gap:10px; align-items:flex-start; padding:8px 0; border-bottom:1px dashed #e5e7eb; }\n  .lp-simulador .list li:last-child { border-bottom:none; }\n  .lp-simulador .highlight { background:linear-gradient(90deg,#ecfeff,#f5f3ff); border:1px solid #e9d5ff; padding:14px; border-radius:12px; }\n  .lp-simulador .note { font-size:12px; color:#64748b; }\n  .lp-simulador .cta { background:#f8fafc; border:1px solid #e2e8f0; border-radius:14px; padding:16px; }\n  .lp-simulador .kpis { display:flex; gap:12px; flex-wrap:wrap; }\n  .lp-simulador .kpi { flex:1 1 180px; background:#f9fafb; border:1px solid #e5e7eb; border-radius:12px; padding:12px; }\n  .lp-simulador .kpi strong { display:block; font-size:18px; color:#0b1220; }\n  .lp-simulador .faq-item { border:1px solid #e5e7eb; border-radius:12px; padding:12px; background:#ffffff; }\n  .lp-simulador .faq-item + .faq-item { margin-top:10px; }\n  .lp-simulador .ok { color:#16a34a; font-weight:700; }\n  .lp-simulador .warn { color:#b45309; font-weight:700; }\n  .lp-simulador .tag { display:inline-block; background:#ecfeff; color:#0e7490; border:1px solid #a5f3fc; padding:2px 8px; border-radius:999px; font-size:12px; margin:2px 6px 2px 0; }\n  \/* Responsivo *\/\n  @media (max-width: 760px) {\n    .lp-simulador .grid-2, .lp-simulador .grid-3 { grid-template-columns:1fr; }\n    .lp-simulador h2 { font-size:24px; }\n  }\n<\/style>\n\n<div class=\"lp-simulador\">\n  <div class=\"wrap\">\n\n    <!-- Se\u00e7\u00e3o 1 \u2014 Headline e descri\u00e7\u00e3o destaque -->\n    <section class=\"card highlight\" aria-label=\"Aspectos destacados del producto\">\n      <span class=\"badge\">WooCommerce<\/span>\n      <span class=\"badge\">GPL \u2022 Instalaci\u00f3n ilimitada<\/span>\n      <h2>Simulador de cuotas para WooCommerce: muestra precios de cuotas y en efectivo en el producto y la lista<\/h2>\n      <p class=\"muted\">\n        Ayuda al cliente a decidir sin salir de la p\u00e1gina: mostrar <strong>cuotas con y sin intereses<\/strong>, \n        <strong>descuento en Pix\/Boleto<\/strong> y todo el <strong>reglas de pago<\/strong> de forma clara y autom\u00e1tica.\n      <\/p>\n      <div class=\"kpis\" role=\"group\" aria-label=\"Puntos clave\">\n        <div class=\"kpi\"><strong>Licencia p\u00fablica general (GPL)<\/strong><span>\u00dasalo en todos los sitios que quieras. Pago \u00fanico.<\/span><\/div>\n        <div class=\"kpi\"><strong>Sin activaci\u00f3n<\/strong><span>Ya est\u00e1 activado. Cero bloques.<\/span><\/div>\n        <div class=\"kpi\"><strong>Seguro<\/strong><span>100% libre de virus: revisado por el personal y VirusTotal.<\/span><\/div>\n      <\/div>\n    <\/section>\n\n    <!-- Se\u00e7\u00e3o 2 \u2014 Dores \/ Para quem \u00e9 \/ O que faz -->\n    <section class=\"card\" aria-label=\"\u00bfPara qui\u00e9n es?\">\n      <h3>\u00bfPara qui\u00e9n es este complemento?<\/h3>\n      <ul class=\"list\">\n        <li>\n          <span class=\"icon\">\ud83d\udcb3<\/span>\n          <div>\n            <strong>Tiendas que pierden ventas por falta de claridad en los pagos<\/strong>\n            <p class=\"muted\">Muestra cuotas, inter\u00e9s\/sin inter\u00e9s y descuento en efectivo sin que el cliente vaya a pagar.<\/p>\n          <\/div>\n        <\/li>\n        <li>\n          <span class=\"icon\">\ud83d\uded2<\/span>\n          <div>\n            <strong>\u00bfQui\u00e9n quiere mostrar opciones tambi\u00e9n en el listado?<\/strong>\n            <p class=\"muted\">Mostrar resumen de pagos en cuadr\u00edculas y categor\u00edas donde hay menos espacio.<\/p>\n          <\/div>\n        <\/li>\n        <li>\n          <span class=\"icon\">\u26a1<\/span>\n          <div>\n            <strong>Aquellos que buscan rendimiento y compatibilidad<\/strong>\n            <p class=\"muted\">C\u00f3digo ligero, siguiendo las mejores pr\u00e1cticas y compatible con todos los temas.<\/p>\n          <\/div>\n        <\/li>\n      <\/ul>\n    <\/section>\n\n    <!-- Se\u00e7\u00e3o 3 \u2014 Servi\u00e7os \/ Detalhamento do produto -->\n    <section class=\"card\" aria-label=\"Detalles del complemento\">\n      <h3>C\u00f3mo funciona el Simulador de cuotas<\/h3>\n      <div class=\"grid grid-3\">\n        <div class=\"card\">\n          <h4>Cuotas con y sin intereses<\/h4>\n          <p>Establezca tarifas como en su caja y simule <em>1x a N veces<\/em>, siguiendo las reglas de la carta.<\/p>\n          <span class=\"tag\">Reglas de la bandera<\/span>\n          <span class=\"tag\">Monto m\u00ednimo por cuota<\/span>\n        <\/div>\n        <div class=\"card\">\n          <h4>Efectivo con descuento (Pix\/Boleto)<\/h4>\n          <p>Configurar una <strong>Descuento %<\/strong> para pago en efectivo y resaltar el beneficio en la p\u00e1gina.<\/p>\n          <span class=\"tag\">Pix<\/span><span class=\"tag\">Boleto<\/span><span class=\"tag\">Transferir<\/span>\n        <\/div>\n        <div class=\"card\">\n          <h4>Mostrar en producto y listado<\/h4>\n          <p>Elija diferentes dise\u00f1os para su p\u00e1gina de producto y sus cuadr\u00edculas de productos.<\/p>\n          <span class=\"tag\">Resumen compacto<\/span><span class=\"tag\">Detalles completos<\/span>\n        <\/div>\n        <div class=\"card\">\n          <h4>Compatible con todos los m\u00e9todos de pago<\/h4>\n          <p>El complemento <strong>simula<\/strong> Las condiciones. Simplemente copia las mismas tarifas que tu pasarela al finalizar la compra.<\/p>\n          <span class=\"note\">Sin interferir en la transacci\u00f3n real.<\/span>\n        <\/div>\n        <div class=\"card\">\n          <h4>Dise\u00f1o personalizable<\/h4>\n          <p>Ajuste r\u00e1pidamente los colores, tama\u00f1os y espaciado para que coincidan con su tema.<\/p>\n        <\/div>\n        <div class=\"card\">\n          <h4>Rendimiento y seguridad<\/h4>\n          <p>Desarrollado seg\u00fan el est\u00e1ndar correcto, no afecta la carga del sitio web. Archivos <span class=\"ok\">sin virus<\/span> (escaneo interno + VirusTotal).<\/p>\n        <\/div>\n      <\/div>\n      <div class=\"highlight\" style=\"margin-top:12px;\">\n        <strong>Licencia y activaci\u00f3n:<\/strong> Versi\u00f3n <b>Licencia p\u00fablica general (GPL)<\/b>, <b>instalaci\u00f3n ilimitada<\/b>, <b>pago \u00fanico<\/b> y <b>No es necesario activar<\/b> \u2014 ya est\u00e1 activado.\n      <\/div>\n    <\/section>\n\n    <!-- Se\u00e7\u00e3o 4 \u2014 Provas Sociais -->\n    <section class=\"card\" aria-label=\"Prueba social\">\n      <h3>Resultados y testimonios<\/h3>\n      <div class=\"grid grid-3\">\n        <div class=\"card\">\n          <p>\u201cDesde que comenc\u00e9 a ofrecer descuentos en efectivo y planes de pago, el cliente puede tomar una decisi\u00f3n de inmediato\u201d.<\/p>\n          <p class=\"muted\">\u2014 Ana C., Moda y Accesorios<\/p>\n        <\/div>\n        <div class=\"card\">\n          <p>\u201cEl listado con plazos claros redujo las dudas y aument\u00f3 los clics en el producto\u201d.<\/p>\n          <p class=\"muted\">\u2014 Rafael M., Electr\u00f3nica<\/p>\n        <\/div>\n        <div class=\"card\">\n          <p>\u201cF\u00e1cil instalaci\u00f3n, sin activaci\u00f3n, y se adapt\u00f3 a mi tema sin necesidad de realizar grandes ajustes\u201d.<\/p>\n          <p class=\"muted\">\u2014 Juliana P., Hogar y decoraci\u00f3n<\/p>\n        <\/div>\n      <\/div>\n    <\/section>\n\n    <!-- Se\u00e7\u00e3o 5 \u2014 CTA (somente chamada, sem bot\u00e3o e sem pre\u00e7o) -->\n    <section class=\"cta\" aria-label=\"Llamar para adquirir\">\n      <h3>\u00bfEst\u00e1 listo para aclarar los pagos y aumentar la conversi\u00f3n?<\/h3>\n      <p>\n        A\u00f1ade ahora el <strong>Simulador de cuotas para WooCommerce<\/strong> a su sitio web y resaltar\n        <em>cuotas, intereses y descuento por pronto pago<\/em> directamente donde el cliente decide.\n      <\/p>\n    <\/section>\n\n    <!-- Se\u00e7\u00e3o 6 \u2014 Garantia -->\n    <section class=\"card\" aria-label=\"Garantizar\">\n      <h3>Garant\u00eda y pol\u00edtica<\/h3>\n      <ul class=\"list\">\n        <li>\n          <span class=\"icon\">\ud83d\udee1\ufe0f<\/span>\n          <div>\n            <strong>Seguridad verificada<\/strong>\n            <p>100% libre de virus\/malware: revisado por nuestro equipo y VirusTotal (m\u00e1s de 60 antivirus).<\/p>\n          <\/div>\n        <\/li>\n        <li>\n          <span class=\"icon\">\ud83d\udd04<\/span>\n          <div>\n            <strong>Actualizaciones<\/strong>\n            <p>Recibir actualizaciones seg\u00fan est\u00e9n disponibles, manteniendo la compatibilidad y las mejoras.<\/p>\n          <\/div>\n        <\/li>\n        <li>\n          <span class=\"icon\">\u2757<\/span>\n          <div>\n            <strong>Sin reembolso<\/strong>\n            <p class=\"warn\">Al tratarse de un producto digital descargable, no hay posibilidad de devoluci\u00f3n\/reembolso.<\/p>\n          <\/div>\n        <\/li>\n      <\/ul>\n      <p class=\"note\">Nota: Este complemento es un simulador de condiciones de pago. Las transacciones reales se realizan a trav\u00e9s de la pasarela configurada al finalizar la compra.<\/p>\n    <\/section>\n\n    <!-- Se\u00e7\u00e3o 7 \u2014 D\u00favidas Frequentes -->\n    <section class=\"card\" aria-label=\"Preguntas frecuentes\">\n      <h3>Preguntas frecuentes (FAQ)<\/h3>\n      <div class=\"faq-item\">\n        <strong>\u00bfFunciona con mi tema?<\/strong>\n        <p>S\u00ed. La compatibilidad es global y el complemento sigue los est\u00e1ndares de WooCommerce para adaptarse a cualquier tema.<\/p>\n      <\/div>\n      <div class=\"faq-item\">\n        <strong>\u00bfEs compatible con cualquier m\u00e9todo de pago?<\/strong>\n        <p>S\u00ed. Como es un <em>simulador<\/em>, simplemente refleje las mismas tarifas y reglas que su pasarela al momento de pagar.<\/p>\n      <\/div>\n      <div class=\"faq-item\">\n        <strong>\u00bfTiene impacto en el rendimiento?<\/strong>\n        <p>No. El c\u00f3digo es liviano y optimizado, sin afectar el tiempo de carga del sitio web.<\/p>\n      <\/div>\n      <div class=\"faq-item\">\n        <strong>\u00bfC\u00f3mo calculo intereses y cuotas?<\/strong>\n        <p>Establezca la tasa de inter\u00e9s, el n\u00famero de cuotas y el importe m\u00ednimo de la cuota. El complemento muestra los resultados autom\u00e1ticamente.<\/p>\n      <\/div>\n      <div class=\"faq-item\">\n        <strong>\u00bfPuedo mostrar un descuento en Pix\/Boleto?<\/strong>\n        <p>S\u00ed. Ingrese el porcentaje de descuento en efectivo y el complemento resaltar\u00e1 esta condici\u00f3n junto al precio.<\/p>\n      <\/div>\n      <div class=\"faq-item\">\n        <strong>\u00bfLicencia y sitios ilimitados?<\/strong>\n        <p>S\u00ed. Versi\u00f3n <b>Licencia p\u00fablica general (GPL)<\/b> con <b>instalaci\u00f3n ilimitada<\/b> y <b>pago \u00fanico<\/b>. No requiere activaci\u00f3n.<\/p>\n      <\/div>\n      <div class=\"faq-item\">\n        <strong>\u00bfC\u00f3mo funciona la seguridad de los archivos?<\/strong>\n        <p>Archivos revisados por nuestro equipo y probados en VirusTotal en m\u00e1s de 60 antivirus para garantizar su integridad.<\/p>\n      <\/div>\n      <div class=\"faq-item\">\n        <strong>\u00bfPuedo solicitar un reembolso?<\/strong>\n        <p>No. Como se trata de un producto digital descargable, no son posibles devoluciones.<\/p>\n      <\/div>\n      <div class=\"faq-item\">\n        <strong>\u00bfPuedo personalizar la apariencia?<\/strong>\n        <p>S\u00ed. Hay controles para colores, tama\u00f1os, espaciado y variaciones de dise\u00f1o entre el producto y el listado.<\/p>\n      <\/div>\n    <\/section>\n\n  <\/div>\n<\/div>\n<\/html>\n\n\n\n<p><\/p>","protected":false},"excerpt":{"rendered":"<p>WooCommerce GPL \u2022 Instala\u00e7\u00e3o Ilimitada Simulador de Parcelas para WooCommerce \u2014 Mostre pre\u00e7os em parcelas e \u00e0 vista no produto e na listagem Ajude o cliente a decidir sem sair da p\u00e1gina: exiba parcelamento com e sem juros, desconto no Pix\/Boleto e todas as regras de pagamento de forma clara e autom\u00e1tica. GPLUse em quantos [&hellip;]<\/p>","protected":false},"featured_media":23943,"comment_status":"open","ping_status":"closed","template":"","meta":{"_jf_limit_responses":"","iawp_total_views":130},"product_brand":[],"product_cat":[41],"product_tag":[91],"class_list":{"0":"post-23942","1":"product","2":"type-product","3":"status-publish","4":"has-post-thumbnail","6":"product_cat-plugins","7":"product_tag-business","9":"first","10":"instock","11":"downloadable","12":"virtual","13":"purchasable","14":"product-type-simple"},"_links":{"self":[{"href":"https:\/\/packdesites.com\/es\/wp-json\/wp\/v2\/product\/23942","targetHints":{"allow":["GET"]}}],"collection":[{"href":"https:\/\/packdesites.com\/es\/wp-json\/wp\/v2\/product"}],"about":[{"href":"https:\/\/packdesites.com\/es\/wp-json\/wp\/v2\/types\/product"}],"replies":[{"embeddable":true,"href":"https:\/\/packdesites.com\/es\/wp-json\/wp\/v2\/comments?post=23942"}],"version-history":[{"count":5,"href":"https:\/\/packdesites.com\/es\/wp-json\/wp\/v2\/product\/23942\/revisions"}],"predecessor-version":[{"id":24067,"href":"https:\/\/packdesites.com\/es\/wp-json\/wp\/v2\/product\/23942\/revisions\/24067"}],"wp:featuredmedia":[{"embeddable":true,"href":"https:\/\/packdesites.com\/es\/wp-json\/wp\/v2\/media\/23943"}],"wp:attachment":[{"href":"https:\/\/packdesites.com\/es\/wp-json\/wp\/v2\/media?parent=23942"}],"wp:term":[{"taxonomy":"product_brand","embeddable":true,"href":"https:\/\/packdesites.com\/es\/wp-json\/wp\/v2\/product_brand?post=23942"},{"taxonomy":"product_cat","embeddable":true,"href":"https:\/\/packdesites.com\/es\/wp-json\/wp\/v2\/product_cat?post=23942"},{"taxonomy":"product_tag","embeddable":true,"href":"https:\/\/packdesites.com\/es\/wp-json\/wp\/v2\/product_tag?post=23942"}],"curies":[{"name":"wp","href":"https:\/\/api.w.org\/{rel}","templated":true}]}}