{"id":23904,"date":"2025-10-03T16:37:21","date_gmt":"2025-10-03T19:37:21","guid":{"rendered":"https:\/\/packdesites.com\/?post_type=product&#038;p=23904"},"modified":"2025-10-03T16:37:25","modified_gmt":"2025-10-03T19:37:25","slug":"complemento-de-recogida-local-plus-para-woocommerce","status":"publish","type":"product","link":"https:\/\/packdesites.com\/es\/product\/complemento-de-recogida-local-plus-para-woocommerce\/","title":{"rendered":"Local Pickup Plus: complemento de recogida local para WooCommerce"},"content":{"rendered":"<h2 class=\"wp-block-heading\">Ofrecemos recogida de cualquier producto, en cualquier lugar.<\/h2>\n\n\n\n<p>El m\u00e9todo de env\u00edo integrado &quot;Recogida Local&quot; para WooCommerce permite a tus clientes recoger sus productos en tu tienda. Si bien esto funciona muy bien para tiendas con una sola ubicaci\u00f3n f\u00edsica, presenta importantes desaf\u00edos para tiendas con m\u00faltiples ubicaciones o centros de distribuci\u00f3n.<\/p>\n\n\n\n<p><strong>Recogida local Plus<\/strong>&nbsp;Ofrece un sistema de recogida mucho m\u00e1s robusto para minoristas con m\u00faltiples ubicaciones, centros de distribuci\u00f3n o puntos de recogida. Ofrece puntos de recogida en todo el pa\u00eds (\u00a1o en otros pa\u00edses!), limita la recogida a art\u00edculos espec\u00edficos, restringe la disponibilidad de productos en una ubicaci\u00f3n, acepta recogidas programadas y mucho m\u00e1s.<\/p>\n\n\n\n<figure class=\"wp-block-image\"><a href=\"https:\/\/woocommerce.com\/wp-content\/uploads\/2012\/06\/woocommerce-local-pickup-plus-locations.png\" target=\"_blank\" rel=\"noopener\"><img decoding=\"async\" src=\"https:\/\/woocommerce.com\/wp-content\/uploads\/2012\/06\/woocommerce-local-pickup-plus-locations.png?w=950\" alt=\"Ubicaciones de recogida local de WooCommerce Plus\" class=\"wp-image-438704\" title=\"\"><\/a><\/figure>\n\n\n\n<p>Con Recogida Local Plus, tus clientes saben exactamente d\u00f3nde recoger sus productos y t\u00fa sabes d\u00f3nde esperarlos. Ver\u00e1n una lista de puntos de recogida disponibles para cada producto (o puedes permitir solo un punto de recogida por pedido) y podr\u00e1n elegir d\u00f3nde recoger sus pedidos donde quieran.<\/p>\n\n\n\n<figure class=\"wp-block-image aligncenter\"><a href=\"https:\/\/woocommerce.com\/wp-content\/uploads\/2012\/06\/woocommerce-local-pickup-plus-cart.png\" target=\"_blank\" rel=\"noopener\"><img decoding=\"async\" src=\"https:\/\/woocommerce.com\/wp-content\/uploads\/2012\/06\/woocommerce-local-pickup-plus-cart.png?w=950\" alt=\"Carrito de recogida local de WooCommerce Plus\" class=\"wp-image-438783\" title=\"\"><\/a><\/figure>\n\n\n\n<p>(<a href=\"https:\/\/woocommerce.com\/document\/local-pickup-plus\/#frontend\" target=\"_blank\" rel=\"noreferrer noopener\">Ver m\u00e1s opciones de carrito en la documentaci\u00f3n<\/a>.)<\/p>\n\n\n\n<h3 class=\"wp-block-heading\">\u00bfQu\u00e9 a\u00f1ade Local Pickup Plus a WooCommerce?<\/h3>\n\n\n\n<ul class=\"wp-block-list\">\n<li>Configurar\u00a0<strong>m\u00faltiples ubicaciones de recogida<\/strong>\u00a0Para que el cliente elija un lugar de recogida al momento de pagar<\/li>\n\n\n\n<li>La ubicaci\u00f3n de recogida seleccionada se muestra en la p\u00e1gina Cuenta del cliente \u2013 Ver pedido, en los correos electr\u00f3nicos de pedidos y en la administraci\u00f3n de pedidos.<\/li>\n\n\n\n<li>Permitir, exigir o restringir el retiro de productos individuales y categor\u00edas de productos<\/li>\n\n\n\n<li>Determinar si cada producto se puede recoger en una ubicaci\u00f3n diferente o si solo hay una ubicaci\u00f3n de recogida disponible por pedido<\/li>\n\n\n\n<li>Si permite ubicaciones de recogida por art\u00edculo, \u00a1incluso puede limitar qu\u00e9 productos est\u00e1n disponibles en una ubicaci\u00f3n!<\/li>\n\n\n\n<li>Definir\u00a0<strong>costos o descuentos<\/strong>\u00a0elegir recoger un paquete<\/li>\n\n\n\n<li>Exportar e importar ubicaciones de recogida mediante CSV\u00a0<sup><strong>NUEVO<\/strong><\/sup><\/li>\n\n\n\n<li>Notificar a los gerentes de tienda o ubicaci\u00f3n mediante una lista de direcciones de correo electr\u00f3nico cuando un pedido contiene una recogida en una ubicaci\u00f3n espec\u00edfica\u00a0<sup><strong>NUEVO<\/strong><\/sup><\/li>\n\n\n\n<li>Establezca d\u00edas y horarios h\u00e1biles para permitir o requerir la selecci\u00f3n de una fecha de recogida\u00a0<sup><strong>NUEVO<\/strong><\/sup><\/li>\n\n\n\n<li>Limite el n\u00famero de citas de recogida disponibles para un intervalo de tiempo\u00a0<sup><strong>NUEVO<\/strong><\/sup><\/li>\n\n\n\n<li>Compatible con varios complementos como\u00a0<a href=\"https:\/\/woocommerce.com\/products\/ordercustomer-csv-export\/\" target=\"_blank\" rel=\"noopener\">Exportaci\u00f3n CSV de clientes\/pedidos de WooCommerce<\/a>\u00a0y\u00a0<a href=\"https:\/\/woocommerce.com\/products\/print-invoices-packing-lists\/\" target=\"_blank\" rel=\"noopener\">Facturas impresas y listas de empaque de WooCommerce<\/a><\/li>\n\n\n\n<li>Compatibilidad con geocodificaci\u00f3n de Google Maps para ordenar ubicaciones por distancia desde el cliente\u00a0<sup><strong>NUEVO<\/strong><\/sup><\/li>\n\n\n\n<li>Admite m\u00faltiples m\u00e9todos de env\u00edo por pedido.<\/li>\n\n\n\n<li>Utilice el lugar de recogida como direcci\u00f3n fiscal<\/li>\n<\/ul>\n\n\n\n<h3 class=\"wp-block-heading\">Limitar productos desde un punto de recogida \u2013 NUEVO<\/h3>\n\n\n\n<p>Cada punto de recogida puede tener su propia configuraci\u00f3n de d\u00edas festivos, horario comercial y m\u00e1s. Sin embargo, tambi\u00e9n puede haber diferencias significativas entre tus ubicaciones, como el inventario que cada una tiene. Si algunas ubicaciones solo ofrecen ciertos productos, puedes limitar los productos disponibles para recoger en una ubicaci\u00f3n espec\u00edfica.<\/p>\n\n\n\n<figure class=\"wp-block-image\"><a href=\"https:\/\/woocommerce.com\/wp-content\/uploads\/2012\/06\/woocommerce-local-pickup-plus-add-location-products.png\" target=\"_blank\" rel=\"noopener\"><img decoding=\"async\" src=\"https:\/\/woocommerce.com\/wp-content\/uploads\/2012\/06\/woocommerce-local-pickup-plus-add-location-products.png?w=820\" alt=\"Productos con recogida local y ubicaci\u00f3n de WooCommerce\" class=\"wp-image-438709\" title=\"\"><\/a><\/figure>\n\n\n\n<p>Si un producto est\u00e1 en el carrito que&nbsp;<em>No disponible<\/em>&nbsp;en una ubicaci\u00f3n, esa ubicaci\u00f3n simplemente se ocultar\u00e1 de la lista cuando el cliente elija d\u00f3nde recoger el art\u00edculo.<\/p>\n\n\n\n<p><strong>tenga en cuenta que<\/strong>&nbsp;Debe habilitar la recogida por art\u00edculo para utilizar esta configuraci\u00f3n.<\/p>\n\n\n\n<h3 class=\"wp-block-heading\">Ajustar la disponibilidad de recogida del producto<\/h3>\n\n\n\n<p>El env\u00edo de art\u00edculos grandes o peligrosos puede ser un gran problema para los comerciantes, por lo que puede exigir la recogida de estos art\u00edculos. Con los nuevos selectores de disponibilidad de recogida de productos y categor\u00edas, puede indicar si un producto requiere recogida o no se puede recoger (debe enviarse).<\/p>\n\n\n\n<figure class=\"wp-block-image aligncenter\"><a href=\"https:\/\/woocommerce.com\/wp-content\/uploads\/2012\/06\/woocommerce-local-pickup-plus-product-pickup-setting.png\" target=\"_blank\" rel=\"noopener\"><img decoding=\"async\" src=\"https:\/\/woocommerce.com\/wp-content\/uploads\/2012\/06\/woocommerce-local-pickup-plus-product-pickup-setting.png?w=734\" alt=\"Disponibilidad de recogida de productos en WooCommerce Local Pickup Plus\" class=\"wp-image-438769\" title=\"\"><\/a><\/figure>\n\n\n\n<h3 class=\"wp-block-heading\">Permitir recolecciones programadas<\/h3>\n\n\n\n<p>A veces necesitar\u00e1s saber&nbsp;<em>cuando<\/em>&nbsp;Un cliente viene a recoger un pedido o le avisaremos cuando su sucursal acepte recolecciones.&nbsp;<strong>Compromisos de retirada<\/strong>&nbsp;le permite configurar horas de funcionamiento a nivel global o por ubicaci\u00f3n, junto con d\u00edas festivos, tiempo de entrega (tiempo de preparaci\u00f3n necesario para una recolecci\u00f3n) y fecha l\u00edmite (n\u00famero m\u00e1ximo de d\u00edas permitidos para programar una recolecci\u00f3n).<\/p>\n\n\n\n<figure class=\"wp-block-image\"><a href=\"https:\/\/woocommerce.com\/wp-content\/uploads\/2012\/06\/woocommerce-local-pickup-plus-settings-2.png\" target=\"_blank\" rel=\"noopener\"><img decoding=\"async\" src=\"https:\/\/woocommerce.com\/wp-content\/uploads\/2012\/06\/woocommerce-local-pickup-plus-settings-2.png?w=852\" alt=\"Configuraci\u00f3n de programaci\u00f3n de recogida local de WooCommerce Plus Pickup\" class=\"wp-image-438697\" title=\"\"><\/a><\/figure>\n\n\n\n<p>Cada ubicaci\u00f3n puede incluso implementar su propio cronograma, tiempo de entrega y fecha l\u00edmite si el est\u00e1ndar no se ajusta.<\/p>\n\n\n\n<p>Si las citas para la fecha de recogida est\u00e1n habilitadas, el cliente podr\u00e1 elegir una fecha (o se le solicitar\u00e1 que elija una, seg\u00fan su configuraci\u00f3n) y ver\u00e1 los detalles de la ubicaci\u00f3n y el horario de atenci\u00f3n en la fecha elegida.<\/p>\n\n\n\n<figure class=\"wp-block-image\"><a href=\"https:\/\/woocommerce.com\/wp-content\/uploads\/2012\/06\/woocommerce-local-pickup-plus-set-appointment.png\" target=\"_blank\" rel=\"noopener\"><img decoding=\"async\" src=\"https:\/\/woocommerce.com\/wp-content\/uploads\/2012\/06\/woocommerce-local-pickup-plus-set-appointment.png?w=465\" alt=\"Recogida local de WooCommerce y programaci\u00f3n de ubicaciones\" class=\"wp-image-438787\" title=\"\"><\/a><\/figure>\n\n\n\n<p>Si ofreces&nbsp;<a href=\"https:\/\/www.skyverge.com\/blog\/using-local-pickup-plus-to-support-curbside-takeout-orders\/\" target=\"_blank\" rel=\"noopener\">Recogida en la acera o pedidos para llevar<\/a>, tambi\u00e9n puedes limitar el n\u00famero de citas al mismo tiempo.<\/p>\n\n\n\n<h3 class=\"wp-block-heading\">Notificar a almacenes y empleados \u2013 NUEVO<\/h3>\n\n\n\n<p>Al configurar una ubicaci\u00f3n de recogida, puedes agregar una lista de notificaciones por correo electr\u00f3nico para esa ubicaci\u00f3n. Cuando un pedido contenga art\u00edculos de esa ubicaci\u00f3n, estas direcciones de correo electr\u00f3nico se agregar\u00e1n como destinatarios de los correos electr\u00f3nicos de los administradores.<\/p>\n\n\n\n<figure class=\"wp-block-image\"><a href=\"https:\/\/woocommerce.com\/wp-content\/uploads\/2012\/06\/woocommerce-local-pickup-plus-location-emails.png\" target=\"_blank\" rel=\"noopener\"><img decoding=\"async\" src=\"https:\/\/woocommerce.com\/wp-content\/uploads\/2012\/06\/woocommerce-local-pickup-plus-location-emails.png?w=915\" alt=\"Lista de correo electr\u00f3nico de WooCommerce Local Pickup Plus Location\" class=\"wp-image-438715\" title=\"\"><\/a><\/figure>\n\n\n\n<h3 class=\"wp-block-heading\">C\u00f3mo empezar<\/h3>\n\n\n\n<ol class=\"wp-block-list\">\n<li>Comprar esta extensi\u00f3n<\/li>\n\n\n\n<li>Desc\u00e1rgalo e inst\u00e1lalo en tu tienda WooCommerce<\/li>\n\n\n\n<li>Establezca uno o dos lugares de recogida<\/li>\n\n\n\n<li>\u00a1Listo! Tus clientes ya pueden recoger sus pedidos, \u00a1y t\u00fa sabr\u00e1s d\u00f3nde esperarlos!<\/li>\n<\/ol>\n\n\n\n<p><\/p>","protected":false},"excerpt":{"rendered":"<p>Ofere\u00e7a retirada para qualquer produto, em qualquer lugar O m\u00e9todo de envio integrado de &#8220;Retirada Local&#8221; para WooCommerce permite que seus clientes venham at\u00e9 voc\u00ea para retirar os produtos comprados. Embora isso funcione muito bem para lojas com um \u00fanico local f\u00edsico, ele apresenta grandes problemas para lojas com v\u00e1rios locais ou centros de distribui\u00e7\u00e3o. [&hellip;]<\/p>","protected":false},"featured_media":23905,"comment_status":"open","ping_status":"closed","template":"","meta":{"_jf_limit_responses":"","iawp_total_views":34},"product_brand":[],"product_cat":[41],"product_tag":[91],"class_list":{"0":"post-23904","1":"product","2":"type-product","3":"status-publish","4":"has-post-thumbnail","6":"product_cat-plugins","7":"product_tag-business","9":"first","10":"instock","11":"downloadable","12":"virtual","13":"purchasable","14":"product-type-simple"},"_links":{"self":[{"href":"https:\/\/packdesites.com\/es\/wp-json\/wp\/v2\/product\/23904","targetHints":{"allow":["GET"]}}],"collection":[{"href":"https:\/\/packdesites.com\/es\/wp-json\/wp\/v2\/product"}],"about":[{"href":"https:\/\/packdesites.com\/es\/wp-json\/wp\/v2\/types\/product"}],"replies":[{"embeddable":true,"href":"https:\/\/packdesites.com\/es\/wp-json\/wp\/v2\/comments?post=23904"}],"version-history":[{"count":1,"href":"https:\/\/packdesites.com\/es\/wp-json\/wp\/v2\/product\/23904\/revisions"}],"predecessor-version":[{"id":23906,"href":"https:\/\/packdesites.com\/es\/wp-json\/wp\/v2\/product\/23904\/revisions\/23906"}],"wp:featuredmedia":[{"embeddable":true,"href":"https:\/\/packdesites.com\/es\/wp-json\/wp\/v2\/media\/23905"}],"wp:attachment":[{"href":"https:\/\/packdesites.com\/es\/wp-json\/wp\/v2\/media?parent=23904"}],"wp:term":[{"taxonomy":"product_brand","embeddable":true,"href":"https:\/\/packdesites.com\/es\/wp-json\/wp\/v2\/product_brand?post=23904"},{"taxonomy":"product_cat","embeddable":true,"href":"https:\/\/packdesites.com\/es\/wp-json\/wp\/v2\/product_cat?post=23904"},{"taxonomy":"product_tag","embeddable":true,"href":"https:\/\/packdesites.com\/es\/wp-json\/wp\/v2\/product_tag?post=23904"}],"curies":[{"name":"wp","href":"https:\/\/api.w.org\/{rel}","templated":true}]}}