{"id":23897,"date":"2025-10-02T17:32:57","date_gmt":"2025-10-02T20:32:57","guid":{"rendered":"https:\/\/packdesites.com\/?post_type=product&#038;p=23897"},"modified":"2025-10-02T17:33:01","modified_gmt":"2025-10-02T20:33:01","slug":"plugin-de-venta-al-por-mayor-b2bking-para-b2b-y-b2c-para-woocommerce","status":"publish","type":"product","link":"https:\/\/packdesites.com\/es\/product\/plugin-de-venta-al-por-mayor-b2bking-para-b2b-y-b2c-para-woocommerce\/","title":{"rendered":"B2BKing: Plugin de venta al por mayor para B2B y B2C en WooCommerce"},"content":{"rendered":"<h2 class=\"wp-block-heading\" id=\"item-description__b2bking-1-woocommerce-b2b-and-wholesale-plugin\">B2BKing \u2013 Plugin B2B y mayorista para WooCommerce #1<\/h2>\n\n\n\n<p>B2BKing es la soluci\u00f3n completa para gestionar una tienda mayorista, B2B, h\u00edbrida B2B + B2C o de membres\u00eda privada con WooCommerce.<\/p>\n\n\n\n<p>B2BKing gestiona todo, desde aspectos b\u00e1sicos del B2B, como ocultar precios para usuarios invitados, hasta funciones complejas como estructuras de precios escalonados, exenciones fiscales, gesti\u00f3n del IVA y la posibilidad de m\u00faltiples compradores por cuenta. Desde un registro empresarial extendido y formularios de registro B2B\/B2C independientes hasta campos de facturaci\u00f3n personalizados, una pasarela de pago de facturas y precios negociados, B2BKing lo tiene todo.<\/p>\n\n\n\n<blockquote class=\"wp-block-quote is-layout-flow wp-block-quote-is-layout-flow\">\n<p>\u2013 Versi\u00f3n: 5.4 \u2013&nbsp;<strong>Nuevas integraciones y mejoras<\/strong><br>\u2013 \u00daltima actualizaci\u00f3n:&nbsp;<strong>25 de septiembre de 2025<\/strong>&nbsp;\u2013&nbsp;<a href=\"https:\/\/woocommerce-b2b-plugin.com\/changelog\/\" target=\"_blank\" rel=\"noopener\">Registro de cambios<\/a><br>\u2013 Bestseller mundial con&nbsp;<strong>m\u00e1s de 10.000 instalaciones activas<\/strong><br>\u2013 El complemento B2B y mayorista mejor valorado:&nbsp;<strong>4,98\/5 estrellas<\/strong>&nbsp;M\u00e1s de 100 rese\u00f1as<\/p>\n<\/blockquote>\n\n\n\n<figure class=\"wp-block-image\"><img decoding=\"async\" src=\"https:\/\/camo.envatousercontent.com\/c690c28eff99547d8f99639c39a181c4f8238fd9\/68747470733a2f2f6b696e6773706c7567696e732e636f6d2f77702d636f6e74656e742f75706c6f6164732f323032352f30312f46696e616c342e676966\" alt=\"B2BKing - El complemento B2B y mayorista definitivo para WooCommerce - 2\" title=\"\"><\/figure>\n\n\n\n<h4 class=\"wp-block-heading\" id=\"item-description__137-features-incredible-value\">M\u00e1s de 137 funciones. Valor incre\u00edble.<\/h4>\n\n\n\n<p>B2BKing es un complemento&nbsp;<strong>F\u00e1cil de usar, pero incre\u00edblemente potente.<\/strong>, con probablemente el&nbsp;<strong>conjunto de funciones m\u00e1s completo<\/strong>&nbsp;De cualquier plugin B2B. Incluye todas las funciones comunes de venta al por mayor que ofrecen otros plugins, como:<\/p>\n\n\n\n<ul class=\"wp-block-list\">\n<li><a href=\"https:\/\/woocommerce-b2b-plugin.com\/docs\/guest-access-restriction-hide-prices-hide-the-website-replace-prices-with-quote-request\/\" target=\"_blank\" rel=\"noopener\">Ocultar precios para invitados<\/a><\/li>\n\n\n\n<li><a href=\"https:\/\/woocommerce-b2b-plugin.com\/docs\/order-form-themes-styling\/\" target=\"_blank\" rel=\"noopener\">Formulario de pedido al por mayor con 3 opciones de tema<\/a><\/li>\n\n\n\n<li><a href=\"https:\/\/woocommerce-b2b-plugin.com\/docs\/extended-registration-and-custom-fields\/\" target=\"_blank\" rel=\"noopener\">Registro y aprobaci\u00f3n de empresas: registro B2B\/B2C por separado<\/a><\/li>\n\n\n\n<li><a href=\"https:\/\/woocommerce-b2b-plugin.com\/docs\/woocommerce-wholesale-prices-the-definitive-guide\/\" target=\"_blank\" rel=\"noopener\">Precios mayoristas y precios escalonados: diferentes precios para diferentes usuarios<\/a><\/li>\n\n\n\n<li><a href=\"https:\/\/woocommerce-b2b-plugin.com\/docs\/faq-product-visibility-is-not-working-how-to-set-up-product-visibility\/\" target=\"_blank\" rel=\"noopener\">Control de visibilidad del producto<\/a><\/li>\n\n\n\n<li><a href=\"https:\/\/woocommerce-b2b-plugin.com\/docs\/how-to-set-different-minimum-order-thresholds-for-different-users-in-woocommerce\/\" target=\"_blank\" rel=\"noopener\">Cantidad y valor m\u00ednimos del pedido<\/a><\/li>\n\n\n\n<li><a href=\"https:\/\/woocommerce-b2b-plugin.com\/docs\/vat-and-vies-validation\/\" target=\"_blank\" rel=\"noopener\">Exenciones fiscales \u2013 N\u00famero de validaci\u00f3n de IVA \u2013 IVA UE y VIES<\/a><\/li>\n\n\n\n<li><a href=\"https:\/\/woocommerce-b2b-plugin.com\/docs\/registered-user-access-restriction-replace-prices-with-request-a-quote\/\" target=\"_blank\" rel=\"noopener\">Solicitar cotizaci\u00f3n y convertir cotizaciones en ofertas.\u00a0<\/a><strong>(\u00a1Nuevo!)<\/strong><\/li>\n\n\n\n<li><a href=\"https:\/\/woocommerce-b2b-plugin.com\/docs\/add-custom-fields-to-quote-requests\/\" target=\"_blank\" rel=\"noopener\">Administre campos de cotizaci\u00f3n personalizados con 9 tipos de campos.\u00a0<\/a><strong>(\u00a1Nuevo!)<\/strong><\/li>\n\n\n\n<li><a href=\"https:\/\/woocommerce-b2b-plugin.com\/docs\/quick-orders-via-csv-upload\/\" target=\"_blank\" rel=\"noopener\">Pedido r\u00e1pido mediante carga de CSV.\u00a0<\/a><strong>(\u00a1Nuevo!)<\/strong><\/li>\n\n\n\n<li><a href=\"https:\/\/woocommerce-b2b-plugin.com\/docs\/dynamic-rules-discount-free-shipping-fixed-price-hidden-price-minimum-order-maximum-order-tax-exemption-required-multiple-add-tax-fee\/\" target=\"_blank\" rel=\"noopener\">Precios din\u00e1micos, descuentos y reglas de pedido<\/a><\/li>\n\n\n\n<li><a href=\"https:\/\/woocommerce-b2b-plugin.com\/docs\/how-to-enable-disable-payment-and-shipping-methods-based-on-users-or-groups\/\" target=\"_blank\" rel=\"noopener\">Control de env\u00edos y m\u00e9todos de pago<\/a><\/li>\n\n\n\n<li><a href=\"https:\/\/woocommerce-b2b-plugin.com\/docs\/quantity-rules-min-max-step-on-product-page\/\" target=\"_blank\" rel=\"noopener\">Cantidades m\u00ednimas\/m\u00e1ximas\/por pasos en las p\u00e1ginas de productos.\u00a0<\/a><strong>(\u00a1Nuevo!)<\/strong><\/li>\n<\/ul>\n\n\n\n<p>y muchos&nbsp;<strong>caracter\u00edsticas \u00fanicas y especiales,<\/strong>&nbsp;Dise\u00f1ado para satisfacer las necesidades de las tiendas mayoristas:<\/p>\n\n\n\n<ul class=\"wp-block-list\">\n<li><a href=\"https:\/\/woocommerce-b2b-plugin.com\/docs\/guest-access-restriction-hide-prices-hide-the-website-replace-prices-with-quote-request\/\" target=\"_blank\" rel=\"noopener\">Ocultar todo el sitio \u2013 Ocultar la tienda<\/a><\/li>\n\n\n\n<li><a href=\"https:\/\/woocommerce-b2b-plugin.com\/docs\/offers-2\/\" target=\"_blank\" rel=\"noopener\">Paquetes de productos y ofertas personalizadas\/negociadas<\/a><\/li>\n\n\n\n<li><a href=\"https:\/\/woocommerce-b2b-plugin.com\/docs\/purchase-lists-wish-lists-requisition-lists\/\" target=\"_blank\" rel=\"noopener\">Listas de compras: los compradores pueden reordenar y reponer el inventario<\/a><\/li>\n\n\n\n<li><a href=\"https:\/\/woocommerce-b2b-plugin.com\/docs\/conversations\/\" target=\"_blank\" rel=\"noopener\">Conversaciones y mensajes<\/a><\/li>\n\n\n\n<li><a href=\"https:\/\/woocommerce-b2b-plugin.com\/docs\/b2bking-tiered-pricing-setup-auto-generated-tiered-pricing-table\/\" target=\"_blank\" rel=\"noopener\">Tabla autom\u00e1tica de precios escalonados<\/a><\/li>\n\n\n\n<li><a href=\"https:\/\/woocommerce-b2b-plugin.com\/docs\/tiered-price-rules\/\" target=\"_blank\" rel=\"noopener\">Reglas de precios diferenciados: cree descuentos porcentuales diferenciados al por mayor\u00a0<\/a><strong>(\u00a1nuevo!)<\/strong><\/li>\n\n\n\n<li><a href=\"https:\/\/woocommerce-b2b-plugin.com\/docs\/payment-method-min-max-order-dynamic-rule\/\" target=\"_blank\" rel=\"noopener\">Valor m\u00ednimo\/m\u00e1ximo del pedido para utilizar un m\u00e9todo de pago<\/a><\/li>\n\n\n\n<li><a href=\"https:\/\/woocommerce-b2b-plugin.com\/docs\/shortcode-to-restrict-content-to-b2b-b2c-user-groups-specific-users\/\" target=\"_blank\" rel=\"noopener\">C\u00f3digo corto para mostrar contenido diferente a diferentes usuarios<\/a><\/li>\n\n\n\n<li><a href=\"https:\/\/woocommerce-b2b-plugin.com\/docs\/restrict-coupons-for-b2b-b2c-users\/\" target=\"_blank\" rel=\"noopener\">Restricci\u00f3n de uso de cupones para B2B o B2C<\/a><\/li>\n\n\n\n<li><a href=\"https:\/\/woocommerce-b2b-plugin.com\/docs\/custom-information-table-in-product-page\/\" target=\"_blank\" rel=\"noopener\">Tabla de informaci\u00f3n del producto para detalles como la cantidad m\u00ednima de pedido<\/a><\/li>\n\n\n\n<li><a href=\"https:\/\/woocommerce-b2b-plugin.com\/docs\/dynamic-rules-discount-free-shipping-fixed-price-hidden-price-minimum-order-maximum-order-tax-exemption-required-multiple-add-tax-fee\/\" target=\"_blank\" rel=\"noopener\">Derechos de aduana y retenci\u00f3n de impuestos<\/a><\/li>\n\n\n\n<li><a href=\"https:\/\/woocommerce-b2b-plugin.com\/docs\/multiple-buyers-per-account-subaccounts\/\" target=\"_blank\" rel=\"noopener\">M\u00faltiples compradores en una cuenta<\/a><\/li>\n\n\n\n<li><a href=\"https:\/\/woocommerce-b2b-plugin.com\/docs\/how-to-display-prices-excluding-tax-for-b2b-users-and-including-tax-for-b2c-users\/\" target=\"_blank\" rel=\"noopener\">Mostrar precios con o sin IVA de forma diferente para usuarios B2C y B2B (por ejemplo, los usuarios B2B que hayan iniciado sesi\u00f3n pueden ver los precios con IVA, mientras que otros usuarios ven los precios sin IVA)<\/a><\/li>\n\n\n\n<li><a href=\"https:\/\/woocommerce-b2b-plugin.com\/docs\/invoice-payment-gateway\/\" target=\"_blank\" rel=\"noopener\">Pasarela de pago de facturas<\/a><\/li>\n\n\n\n<li><a href=\"https:\/\/woocommerce-b2b-plugin.com\/docs\/purchase-order-gateway\/\" target=\"_blank\" rel=\"noopener\">Puerta de enlace de \u00f3rdenes de compra.<\/a><\/li>\n\n\n\n<li><a href=\"https:\/\/woocommerce-b2b-plugin.com\/docs\/payment-method-discounts-and-surcharges\/\" target=\"_blank\" rel=\"noopener\">Descuentos y recargos en m\u00e9todos de pago.<\/a><\/li>\n\n\n\n<li><a href=\"https:\/\/woocommerce-b2b-plugin.com\/docs\/bogo-discounts-buy-x-get-one-free\/\" target=\"_blank\" rel=\"noopener\">Compra X y obt\u00e9n 1 descuento gratis.<\/a><\/li>\n\n\n\n<li><a href=\"https:\/\/woocommerce-b2b-plugin.com\/docs\/purchase-list-download-as-csv\/\" target=\"_blank\" rel=\"noopener\">Descargar listas de compras en formato CSV.<\/a><\/li>\n\n\n\n<li><a href=\"https:\/\/woocommerce-b2b-plugin.com\/docs\" target=\"_blank\" rel=\"noopener\">Muchas otras funciones: Diferentes costes de env\u00edo para diferentes grupos, Diferentes monedas, Retenci\u00f3n de impuestos (ritenuta d&#039;acconto), etc.<\/a><\/li>\n\n\n\n<li><a href=\"https:\/\/woocommerce-b2b-plugin.com\/docs\/registered-user-access-restriction-replace-prices-with-request-a-quote\/\" target=\"_blank\" rel=\"noopener\">Enviar cotizaciones\/ofertas por correo electr\u00f3nico: tambi\u00e9n funciona para usuarios invitados.\u00a0<\/a><strong>(\u00a1Nuevo!)<\/strong><\/li>\n\n\n\n<li><a href=\"https:\/\/woocommerce-b2b-plugin.com\/docs\/offers-2\/\" target=\"_blank\" rel=\"noopener\">Ofrezca archivos PDF con el logotipo de su empresa: cree ofertas y responda cotizaciones.\u00a0<\/a><strong>(\u00a1Nuevo!)<\/strong><\/li>\n\n\n\n<li><a href=\"https:\/\/woocommerce-b2b-plugin.com\/docs\/automatic-group-changes-based-on-total-purchase-value\/\" target=\"_blank\" rel=\"noopener\">Cambiar de grupo en funci\u00f3n del importe total de la compra (sistema de clasificaci\u00f3n).\u00a0<\/a><strong>(\u00a1Nuevo!)<\/strong><\/li>\n\n\n\n<li><a href=\"https:\/\/woocommerce-b2b-plugin.com\/docs\/set-different-coupon-values-for-b2b-user-groups\/\" target=\"_blank\" rel=\"noopener\">Diferentes valores de cup\u00f3n para grupos de usuarios B2B.\u00a0<\/a><strong>(\u00a1Nuevo!)<\/strong><\/li>\n\n\n\n<li><a href=\"https:\/\/woocommerce-b2b-plugin.com\/docs\/separate-stock-b2b-b2c-users-wholesale-woocommerce\/\" target=\"_blank\" rel=\"noopener\">Inventario separado para B2B y B2C: separe cantidades de inventario o habilite pedidos pendientes para usuarios B2B.\u00a0<\/a><strong>(\u00a1Nuevo!)<\/strong><\/li>\n\n\n\n<li><a href=\"https:\/\/woocommerce-b2b-plugin.com\/docs\/company-order-approval\" target=\"_blank\" rel=\"noopener\">Aprobaci\u00f3n de pedidos de la empresa: las cuentas comerciales pueden revisar y aprobar o rechazar los pedidos de los empleados.\u00a0<\/a><strong>(\u00a1Nuevo!)<\/strong><\/li>\n\n\n\n<li><a href=\"https:\/\/woocommerce-b2b-plugin.com\/docs\/reports\/\" target=\"_blank\" rel=\"noopener\">Informes y an\u00e1lisis: visualice datos de ventas para clientes y grupos B2B.\u00a0<\/a><strong>(\u00a1Nuevo!)<\/strong><\/li>\n\n\n\n<li><a href=\"https:\/\/woocommerce-b2b-plugin.com\/docs\/bulk-variations-table-grid\/\" target=\"_blank\" rel=\"noopener\">Tabla de variaci\u00f3n de masa<\/a>\u00a0<strong>(\u00a1nuevo!)<\/strong><\/li>\n<\/ul>\n\n\n\n<h3 class=\"wp-block-heading\" id=\"item-description__1-minute-animated-video-explainer\">V\u00eddeo explicativo animado de 1 minuto<\/h3>\n\n\n\n<figure class=\"wp-block-image\"><a href=\"https:\/\/woocommerce-b2b-plugin.com\/docs\/animated-video-explainer\/\" target=\"_blank\" rel=\"noopener\"><img decoding=\"async\" src=\"https:\/\/camo.envatousercontent.com\/052e21094ab3b39262eeb90ff9fe8ef469208fba\/68747470733a2f2f6b696e6773706c7567696e732e636f6d2f77702d636f6e74656e742f75706c6f6164732f323032352f30312f796f7574756265616e696d6174696f6e323032352e706e67\" alt=\"B2BKing - El complemento B2B y mayorista definitivo para WooCommerce - 3\" title=\"\"><\/a><\/figure>\n\n\n\n<h2 class=\"wp-block-heading\" id=\"item-description__how-does-b2bking-compare-with-other-wholesale-plugins\">\u00bfC\u00f3mo se compara B2BKing con otros complementos mayoristas?<\/h2>\n\n\n\n<figure class=\"wp-block-image\"><img decoding=\"async\" src=\"https:\/\/camo.envatousercontent.com\/6c2bcc474a5f5fc260ced25954513e8bb7e18a07\/68747470733a2f2f776f6f636f6d6d657263652d6232622d706c7567696e2e636f6d2f77702d636f6e74656e742f75706c6f6164732f323032322f31312f656e7661746f7461626c65322e706e67\" alt=\"B2BKing - El complemento B2B y mayorista definitivo para WooCommerce - 4\" title=\"\"><\/figure>\n\n\n\n<p>Creemos que B2BKing es la soluci\u00f3n de comercio electr\u00f3nico mayorista m\u00e1s avanzada del mercado actual, con casi&nbsp;<strong>tres veces m\u00e1s funciones que sus competidores<\/strong>&nbsp;+ Una interfaz de usuario ligera y f\u00e1cil de usar. Ning\u00fan otro plugin combina un formulario de pedido al por mayor, listas de compra, ofertas, reglas din\u00e1micas, mensajer\u00eda, precios al por mayor y m\u00e1s de 130 funciones de forma tan integrada y eficaz.<br><br><strong>\u00a1Compre B2BKing hoy y estar\u00e1 adquiriendo una herramienta poderosa que durar\u00e1 toda la vida, a un valor incre\u00edble para sus proyectos actuales y futuros!<\/strong><\/p>\n\n\n\n<h2 class=\"wp-block-heading\" id=\"item-description__need-more-features\">\u00bfNecesita m\u00e1s recursos?<\/h2>\n\n\n\n<p>Mercado de m\u00faltiples proveedores:<\/p>\n\n\n\n<ul class=\"wp-block-list\">\n<li><a href=\"https:\/\/1.envato.market\/MXvNgY\" target=\"_blank\" rel=\"noopener\">MarketKing: el complemento definitivo para WooCommerce, un marketplace multiproveedor<\/a>\u00a0\u2013 Configure un mercado multivendedor moderno y potente con MarketKing y B2BKing (complemento independiente).\u00a0<strong>(\u00a1Nuevo!) (\u00a1Recomendado!)<\/strong><\/li>\n<\/ul>\n\n\n\n<p>Tambi\u00e9n tenemos complementos para&nbsp;<a href=\"https:\/\/1.envato.market\/kn4OL\" target=\"_blank\" rel=\"noopener\">Dokan<\/a>&nbsp;y&nbsp;<a href=\"https:\/\/1.envato.market\/jWmMKe\" target=\"_blank\" rel=\"noopener\">WCFM<\/a>.<\/p>\n\n\n\n<p>Agentes y representantes de ventas:<\/p>\n\n\n\n<ul class=\"wp-block-list\">\n<li><a href=\"https:\/\/1.envato.market\/SalesKing\" target=\"_blank\" rel=\"noopener\">SalesKing: el complemento definitivo para equipos de ventas, agentes y representantes<\/a>\u00a0\u2013 Agrega soporte para agentes de ventas con panel de agente, gesti\u00f3n de pedidos y clientes, cupones, enlaces de afiliados, uso compartido de carrito, ganancias, pagos y m\u00e1s (complemento independiente).<\/li>\n<\/ul>\n\n\n\n<p>L\u00ednea de cr\u00e9dito de la empresa:<\/p>\n\n\n\n<ul class=\"wp-block-list\">\n<li><a href=\"https:\/\/1.envato.market\/GjjJ2E\" target=\"_blank\" rel=\"noopener\">L\u00ednea de cr\u00e9dito corporativa B2BKing<\/a>\u00a0\u2013 Ampliar una l\u00ednea de cr\u00e9dito a clientes empresariales (complemento).<\/li>\n<\/ul>\n\n\n\n<h2 class=\"wp-block-heading\" id=\"item-description__b2bking-3-0-is-here\">B2BKing 3.0 ya est\u00e1 aqu\u00ed<\/h2>\n\n\n\n<figure class=\"wp-block-image\"><img decoding=\"async\" src=\"https:\/\/camo.envatousercontent.com\/961405be021a837a6d929d7ff6c974820c6e741e\/68747470733a2f2f776f6f636f6d6d657263652d6232622d706c7567696e2e636f6d2f77702d636f6e74656e742f75706c6f6164732f323032312f30312f333062616e6e65727472696d6d65642e6a7067\" alt=\"B2BKing - El complemento B2B y mayorista definitivo para WooCommerce - 5\" title=\"\"><\/figure>\n\n\n\n<h2 class=\"wp-block-heading\" id=\"item-description__overview\">Descripci\u00f3n general<\/h2>\n\n\n\n<figure class=\"wp-block-image\"><img decoding=\"async\" src=\"https:\/\/camo.envatousercontent.com\/9275bf70479adbf53cfc0ca18477350ccbbf5b3c\/68747470733a2f2f6b696e6773706c7567696e732e636f6d2f77702d636f6e74656e742f75706c6f6164732f323032352f30312f6d61696e42616e6e6572546f705468697264323032352e77656270\" alt=\"B2BKing - El complemento B2B y mayorista definitivo para WooCommerce - 6\" title=\"\"><\/figure>\n\n\n\n<figure class=\"wp-block-image\"><img decoding=\"async\" src=\"https:\/\/camo.envatousercontent.com\/be7bb1865d36af1f3042490e460d24f5f1a190f5\/68747470733a2f2f6b696e6773706c7567696e732e636f6d2f77702d636f6e74656e742f75706c6f6164732f323032352f30312f6d61696e42616e6e65724d6964646c655468697264323032352e77656270\" alt=\"B2BKing - El complemento B2B y mayorista definitivo para WooCommerce - 7\" title=\"\"><\/figure>\n\n\n\n<figure class=\"wp-block-image\"><img decoding=\"async\" src=\"https:\/\/camo.envatousercontent.com\/5eb5ddbd69b64a333a98827269d3058005c4806a\/68747470733a2f2f6b696e6773706c7567696e732e636f6d2f77702d636f6e74656e742f75706c6f6164732f323032352f30312f6d61696e42616e6e6572426f74746f6d5468697264323032352e77656270\" alt=\"B2BKing - El complemento B2B y mayorista definitivo para WooCommerce - 8\" title=\"\"><\/figure>\n\n\n\n<h2 class=\"wp-block-heading\" id=\"item-description__business-registration-preview\">Consulta del registro mercantil<\/h2>\n\n\n\n<p>Potentes configuraciones de registro de empresa con 9 tipos de campos personalizados, soporte de IVA, cargas de archivos, men\u00fas desplegables de roles y m\u00e1s:<\/p>\n\n\n\n<figure class=\"wp-block-image\"><img decoding=\"async\" src=\"https:\/\/camo.envatousercontent.com\/fe6e1d12aa77b730b0812cc26238b60d2014b037\/68747470733a2f2f776f6f636f6d6d657263652d6232622d706c7567696e2e636f6d2f77702d636f6e74656e742f75706c6f6164732f323032302f30382f6672616d65372e676966\" alt=\"B2BKing - El complemento B2B y mayorista definitivo para WooCommerce - 9\" title=\"\"><\/figure>\n\n\n\n<h2 class=\"wp-block-heading\" id=\"item-description__conversations-frontend-preview\">Vista previa del front-end de Conversaciones<\/h2>\n\n\n\n<p>Funci\u00f3n de conversaciones que admite mensajer\u00eda, solicitudes de cotizaciones, negociaciones, notificaciones por correo electr\u00f3nico, integraci\u00f3n de m\u00faltiples usuarios (varios usuarios de la misma empresa pueden participar a trav\u00e9s de la funci\u00f3n de subcuentas) y m\u00e1s:<\/p>\n\n\n\n<figure class=\"wp-block-image\"><img decoding=\"async\" src=\"https:\/\/camo.envatousercontent.com\/0ebaf9b049a91b5e93c3a8f88a7c6e682bc7bb6a\/68747470733a2f2f776f6f636f6d6d657263652d6d756c746976656e646f722e636f6d2f77702d636f6e74656e742f75706c6f6164732f323032322f30382f636f6e766572736174696f6e732e676966\" alt=\"B2BKing - El complemento B2B y mayorista definitivo para WooCommerce - 10\" title=\"\"><\/figure>\n\n\n\n<h2 class=\"wp-block-heading\" id=\"item-description__wholesale-order-form-preview\">Vista previa del formulario de pedido al por mayor<\/h2>\n\n\n\n<p>Formulario de pedido al por mayor con b\u00fasqueda AJAX, b\u00fasqueda por SKU, guardado como lista de compras y m\u00e1s. El formulario de pedido incluye&nbsp;<a href=\"https:\/\/woocommerce-b2b-plugin.com\/docs\/order-form-themes-styling\/\" target=\"_blank\" rel=\"noopener\">3 temas impresionantes<\/a>&nbsp;que podr\u00e1s elegir, con diferentes dise\u00f1os y opciones.<\/p>\n\n\n\n<figure class=\"wp-block-image\"><img decoding=\"async\" src=\"https:\/\/camo.envatousercontent.com\/8663445f547870173588f30f99225a53435df9da\/68747470733a2f2f776f6f636f6d6d657263652d6232622d706c7567696e2e636f6d2f77702d636f6e74656e742f75706c6f6164732f323032322f31302f6f72646572666f726d3130322e676966\" alt=\"B2BKing - El complemento B2B y mayorista definitivo para WooCommerce - 11\" title=\"\"><\/figure>\n\n\n\n<h2 class=\"wp-block-heading\" id=\"item-description__subaccounts-preview\">Visualizaci\u00f3n de subcuentas<\/h2>\n\n\n\n<p>La funci\u00f3n de subcuentas permite a cada empresa crear y gestionar varios usuarios y definir permisos para cada uno. Varios usuarios pueden participar en una conversaci\u00f3n. La columna &quot;Realizado por&quot; muestra qu\u00e9 usuario realiz\u00f3 cada pedido:<\/p>\n\n\n\n<figure class=\"wp-block-image\"><img decoding=\"async\" src=\"https:\/\/camo.envatousercontent.com\/3ba88e4dc503ed1a5d09a2c4d7c6b637309bfcde\/68747470733a2f2f776f6f636f6d6d657263652d6d756c746976656e646f722e636f6d2f77702d636f6e74656e742f75706c6f6164732f323032322f30382f7375626163636f756e74732e676966\" alt=\"B2BKing - El complemento B2B y mayorista definitivo para WooCommerce - 12\" title=\"\"><\/figure>\n\n\n\n<h2 class=\"wp-block-heading\" id=\"item-description__tiered-pricing-preview\">Vista de precios escalonados<\/h2>\n\n\n\n<p>Puedes introducir niveles de precios y precios por cantidad en el backend, y el plugin generar\u00e1 autom\u00e1ticamente una tabla de precios por niveles. El dise\u00f1o de la tabla se adapta a cualquier tema mediante la clase de tabla del tema. Se admiten productos variables.<\/p>\n\n\n\n<p><strong>\u00a1Nuevo!<\/strong>&nbsp;\u2013 Los descuentos escalonados % ahora se pueden crear de forma masiva a trav\u00e9s de&nbsp;<a href=\"https:\/\/woocommerce-b2b-plugin.com\/docs\/tiered-price-rules\/\" target=\"_blank\" rel=\"noopener\">de reglas de precios escalonados.<\/a><\/p>\n\n\n\n<figure class=\"wp-block-image\"><img decoding=\"async\" src=\"https:\/\/camo.envatousercontent.com\/d2d3fdfc7bb4a6683ec51fff89013f95856efbd0\/68747470733a2f2f776f6f636f6d6d657263652d6232622d706c7567696e2e636f6d2f77702d636f6e74656e742f75706c6f6164732f323032322f30392f746965726564616e696d6174696f6e63726f702e676966\" alt=\"B2BKing - El complemento B2B y mayorista definitivo para WooCommerce - 13\" title=\"\"><\/figure>\n\n\n\n<h2 class=\"wp-block-heading\" id=\"item-description__bulk-variations-table-preview\">Visualizaci\u00f3n de la tabla de variaci\u00f3n de masa<\/h2>\n\n\n\n<p>Los clientes pueden ver r\u00e1pidamente todas las variaciones de un producto variable en un formato f\u00e1cil de usar y agregar m\u00faltiples opciones a su carrito a la vez.<\/p>\n\n\n\n<figure class=\"wp-block-image\"><img decoding=\"async\" src=\"https:\/\/camo.envatousercontent.com\/fc880a8832652264fa3d1204df0b26a03ceaf63b\/68747470733a2f2f776f6f636f6d6d657263652d6232622d706c7567696e2e636f6d2f77702d636f6e74656e742f75706c6f6164732f323032342f30372f62756c6b2d766172696174696f6e732d7461626c652d6f7074696d697a65642d322e676966\" alt=\"B2BKing - El complemento B2B y mayorista definitivo para WooCommerce - 14\" title=\"\"><\/figure>","protected":false},"excerpt":{"rendered":"<p>B2BKing \u2013 #1 Plugin de WooCommerce para B2B y venta al por mayor. B2BKing es la soluci\u00f3n completa para gestionar una tienda mayorista, B2B, h\u00edbrida B2B + B2C o de membres\u00eda privada con WooCommerce. B2BKing se encarga de todo, desde aspectos b\u00e1sicos de B2B como ocultar precios a usuarios invitados hasta funciones complejas como estructuras de precios escalonadas, [\u2026]<\/p>","protected":false},"featured_media":23898,"comment_status":"open","ping_status":"closed","template":"","meta":{"_jf_limit_responses":"","iawp_total_views":61},"product_brand":[],"product_cat":[41],"product_tag":[91],"class_list":{"0":"post-23897","1":"product","2":"type-product","3":"status-publish","4":"has-post-thumbnail","6":"product_cat-plugins","7":"product_tag-business","9":"first","10":"instock","11":"downloadable","12":"virtual","13":"purchasable","14":"product-type-simple"},"_links":{"self":[{"href":"https:\/\/packdesites.com\/es\/wp-json\/wp\/v2\/product\/23897","targetHints":{"allow":["GET"]}}],"collection":[{"href":"https:\/\/packdesites.com\/es\/wp-json\/wp\/v2\/product"}],"about":[{"href":"https:\/\/packdesites.com\/es\/wp-json\/wp\/v2\/types\/product"}],"replies":[{"embeddable":true,"href":"https:\/\/packdesites.com\/es\/wp-json\/wp\/v2\/comments?post=23897"}],"version-history":[{"count":1,"href":"https:\/\/packdesites.com\/es\/wp-json\/wp\/v2\/product\/23897\/revisions"}],"predecessor-version":[{"id":23899,"href":"https:\/\/packdesites.com\/es\/wp-json\/wp\/v2\/product\/23897\/revisions\/23899"}],"wp:featuredmedia":[{"embeddable":true,"href":"https:\/\/packdesites.com\/es\/wp-json\/wp\/v2\/media\/23898"}],"wp:attachment":[{"href":"https:\/\/packdesites.com\/es\/wp-json\/wp\/v2\/media?parent=23897"}],"wp:term":[{"taxonomy":"product_brand","embeddable":true,"href":"https:\/\/packdesites.com\/es\/wp-json\/wp\/v2\/product_brand?post=23897"},{"taxonomy":"product_cat","embeddable":true,"href":"https:\/\/packdesites.com\/es\/wp-json\/wp\/v2\/product_cat?post=23897"},{"taxonomy":"product_tag","embeddable":true,"href":"https:\/\/packdesites.com\/es\/wp-json\/wp\/v2\/product_tag?post=23897"}],"curies":[{"name":"wp","href":"https:\/\/api.w.org\/{rel}","templated":true}]}}