{"id":23883,"date":"2025-09-30T22:03:00","date_gmt":"2025-10-01T01:03:00","guid":{"rendered":"https:\/\/packdesites.com\/?post_type=product&#038;p=23883"},"modified":"2025-09-30T22:03:04","modified_gmt":"2025-10-01T01:03:04","slug":"billetera-para-woocommerce-agrega-una-funcion-de-billetera-a-tu-tienda","status":"publish","type":"product","link":"https:\/\/packdesites.com\/es\/product\/billetera-para-woocommerce-agrega-una-funcion-de-billetera-a-tu-tienda\/","title":{"rendered":"Monedero para WooCommerce: a\u00f1ade una funci\u00f3n de monedero a tu tienda"},"content":{"rendered":"<h1 class=\"wp-block-heading\"><strong>A\u00f1ade una funci\u00f3n de billetera a tu tienda<\/strong><\/h1>\n\n\n\n<p><strong>Monedero para WooCommerce&nbsp;<\/strong>Agrega una funci\u00f3n de billetera a tu tienda.<\/p>\n\n\n\n<h2 class=\"wp-block-heading\">Caracter\u00edsticas<\/h2>\n\n\n\n<p><strong>Recarga de billetera<\/strong><\/p>\n\n\n\n<ul class=\"wp-block-list\">\n<li>Los usuarios pueden recargar fondos en su billetera y usarlos para futuras compras.<\/li>\n\n\n\n<li>Adem\u00e1s, puedes otorgar fondos de bonificaci\u00f3n cuando tus usuarios recarguen fondos y cumplan con los criterios configurados [es decir, monto de recarga m\u00ednimo \u2013 m\u00e1ximo].<\/li>\n<\/ul>\n\n\n\n<p><strong>Usar<br>rescate de billetera<\/strong><\/p>\n\n\n\n<p>Sus usuarios pueden utilizar los fondos disponibles en la billetera utilizando las siguientes 2 formas:<\/p>\n\n\n\n<p><strong>Uso parcial de iWallet<\/strong><\/p>\n\n\n\n<ul class=\"wp-block-list\">\n<li>El campo de canje de billetera se puede mostrar en el carrito y en el pago, mediante el cual los usuarios pueden obtener un descuento al aplicar los fondos disponibles.<\/li>\n\n\n\n<li>Los fondos solo se aplicar\u00e1n al subtotal del carrito. Por lo tanto, los usuarios deber\u00e1n pagar el saldo restante con los m\u00e9todos de pago disponibles al finalizar la compra.<\/li>\n\n\n\n<li>Adem\u00e1s, admite pedidos manuales.<\/li>\n<\/ul>\n\n\n\n<p><strong>ii Pasarela de pago de Wallet<\/strong><\/p>\n\n\n\n<ul class=\"wp-block-list\">\n<li>Una pasarela de pago independiente para utilizar fondos de la billetera para realizar el pedido.<\/li>\n\n\n\n<li>Se puede utilizar para pedidos manuales.<\/li>\n<\/ul>\n\n\n\n<p><strong>Transferencia y solicitud de fondos<\/strong><\/p>\n\n\n\n<p>Tus usuarios pueden transferir o solicitar fondos a otros usuarios en tu sitio web. Puedes cobrarles una comisi\u00f3n por transferencia.<\/p>\n\n\n\n<p><strong>Retirada de<br>cartera<\/strong><\/p>\n\n\n\n<ul class=\"wp-block-list\">\n<li>Puede permitir que sus usuarios retiren sus fondos de la billetera enviando una solicitud.<\/li>\n\n\n\n<li>Los m\u00e9todos de pago admitidos son:\n<ul class=\"wp-block-list\">\n<li><strong>Transferencia bancaria<\/strong><\/li>\n\n\n\n<li><strong>PayPal<\/strong><\/li>\n<\/ul>\n<\/li>\n\n\n\n<li>Tiene la opci\u00f3n de cobrar una tarifa de retiro a sus usuarios.<\/li>\n<\/ul>\n\n\n\n<p><strong>Recarga autom\u00e1tica de billetera<\/strong><\/p>\n\n\n\n<p>Sus usuarios pueden configurarlo para que agregue fondos autom\u00e1ticamente a sus billeteras si los saldos de las billeteras caen por debajo de un umbral espec\u00edfico.<\/p>\n\n\n\n<p><strong>Compra de productos<\/strong><\/p>\n\n\n\n<ul class=\"wp-block-list\">\n<li>Tus usuarios pueden recibir fondos en su billetera por compras en tu sitio web. Puedes configurar el tipo de fondo seg\u00fan el total del producto, el total del pedido o el rango del total del pedido.<\/li>\n\n\n\n<li>Adem\u00e1s, como administrador del sitio, puedes otorgar fondos de compra de productos para pedidos manuales.<\/li>\n<\/ul>\n\n\n\n<p><strong>Tarjetas de regalo<\/strong><\/p>\n\n\n\n<p>El m\u00f3dulo de Cupones de Regalo te permite generar cupones de regalo que contienen saldos de billetera. Puedes emitir cupones de regalo a tus usuarios, quienes podr\u00e1n canjearlos para a\u00f1adirlos a sus saldos de billetera.<\/p>\n\n\n\n<p><strong>Saldo de la billetera con fechas de vencimiento<\/strong><\/p>\n\n\n\n<p>Puede establecer una fecha de vencimiento para el saldo de la billetera del usuario.<\/p>\n\n\n\n<p><strong>Acciones de cartera<\/strong><\/p>\n\n\n\n<p>Puede otorgar saldos de billetera a sus usuarios mediante las siguientes acciones:<\/p>\n\n\n\n<ul class=\"wp-block-list\">\n<li>Registro de cuenta<\/li>\n\n\n\n<li>Inicio de sesi\u00f3n diario<\/li>\n\n\n\n<li>Rese\u00f1a del producto<\/li>\n<\/ul>\n\n\n\n<p><strong>Notificaciones por correo electr\u00f3nico<\/strong><\/p>\n\n\n\n<p>Puede enviar notificaciones por correo electr\u00f3nico a los usuarios sobre la actividad de la billetera.<\/p>\n\n\n\n<p><strong>Reembolsos<\/strong><\/p>\n\n\n\n<p>Como administrador del sitio, puede enviar el monto del reembolso del pedido (es decir, pedidos realizados a trav\u00e9s de cualquier m\u00e9todo de pago) a la billetera del usuario.<\/p>\n\n\n\n<p><strong>Reiniciar<\/strong><\/p>\n\n\n\n<p>El administrador del sitio puede restablecer el saldo de la billetera y el registro de transacciones de sus usuarios.<\/p>\n\n\n\n<p><strong>Compatibilidad<\/strong><\/p>\n\n\n\n<ul class=\"wp-block-list\">\n<li>Compatibilidad dada con el complemento\u00a0<strong>Suscripciones Woo<\/strong><\/li>\n\n\n\n<li>Compatibilidad dada con\u00a0<strong>Carritos y bloques de pago<\/strong><\/li>\n\n\n\n<li>Compatible con complementos\u00a0<strong>Selector multidivisa de YayCurrency y WooCommerce<\/strong><\/li>\n<\/ul>\n\n\n\n<h2 class=\"wp-block-heading\"><strong>Beneficios<\/strong><\/h2>\n\n\n\n<p><strong>Ofrezca comodidad a sus usuarios<\/strong><\/p>\n\n\n\n<p>Sus clientes pueden planificar sus compras y agregar fondos suficientes a sus cuentas para completarlas m\u00e1s tarde.<\/p>\n\n\n\n<p><strong>Pago m\u00e1s r\u00e1pido<\/strong><\/p>\n\n\n\n<p>Cuando tus usuarios realizan sus pedidos a trav\u00e9s de su billetera, pueden completar su compra r\u00e1pidamente, lo que reduce el abandono del carrito.<\/p>\n\n\n\n<p><strong>Perspectivas sobre las ventas futuras<\/strong><\/p>\n\n\n\n<p>Puede obtener informaci\u00f3n sobre las pr\u00f3ximas ventas en su sitio web en funci\u00f3n del saldo de la billetera de sus usuarios.<\/p>\n\n\n\n<h2 class=\"wp-block-heading\"><strong>\u00bfC\u00f3mo funciona?<\/strong><\/h2>\n\n\n\n<p><strong>Recarga de fondos de billetera<\/strong><\/p>\n\n\n\n<ul class=\"wp-block-list\">\n<li>Para agregar fondos a la cuenta del usuario, este deber\u00e1 acceder al formulario de recarga en el panel de control de la billetera.<\/li>\n\n\n\n<li>Dentro de esta secci\u00f3n, tus usuarios podr\u00e1n ingresar el monto que desean agregar a su cuenta y proceder a la recarga.<\/li>\n<\/ul>\n\n\n\n<figure class=\"wp-block-image\" id=\"attachment_18734003468109\"><img decoding=\"async\" src=\"https:\/\/woocommerce.com\/wp-content\/uploads\/2021\/07\/wallet-topup.png?strip=all&amp;w=900\" alt=\"\" class=\"wp-image-18734003468109\" title=\"\"><figcaption class=\"wp-element-caption\"><strong>Agregar fondos a la billetera<\/strong><\/figcaption><\/figure>\n\n\n\n<ul class=\"wp-block-list\">\n<li>Al pulsar el bot\u00f3n de recarga, se a\u00f1adir\u00e1 un producto al carrito. Una vez que el usuario complete la compra y se reciba el pago, los fondos se a\u00f1adir\u00e1n a su cuenta.<\/li>\n<\/ul>\n\n\n\n<figure class=\"wp-block-image\" id=\"attachment_18734003468115\"><img decoding=\"async\" src=\"https:\/\/woocommerce.com\/wp-content\/uploads\/2021\/07\/wallet-account-balance.png?strip=all&amp;w=900\" alt=\"\" class=\"wp-image-18734003468115\" title=\"\"><figcaption class=\"wp-element-caption\"><strong>Saldo de la billetera reflejado en la cuenta del usuario<\/strong><\/figcaption><\/figure>\n\n\n\n<p><strong>Fondos de la billetera \u2013 uso parcial<\/strong><\/p>\n\n\n\n<ul class=\"wp-block-list\">\n<li>Un usuario agrega algunos productos al carrito y desea utilizar parte del saldo de la billetera en el pedido actual.<\/li>\n\n\n\n<li>Podr\u00e1s canjear parcialmente el saldo de tu billetera en el carrito y en la p\u00e1gina de pago. El administrador del sitio puede restringir el uso parcial de los fondos seg\u00fan el total del pedido.<\/li>\n<\/ul>\n\n\n\n<figure class=\"wp-block-image\" id=\"attachment_18734003468120\"><img decoding=\"async\" src=\"https:\/\/woocommerce.com\/wp-content\/uploads\/2021\/07\/wallet-partial-usage.png?strip=all&amp;w=900\" alt=\"\" class=\"wp-image-18734003468120\" title=\"\"><figcaption class=\"wp-element-caption\"><strong>Campo de canje de billetera en la p\u00e1gina del carrito<\/strong><\/figcaption><\/figure>\n\n\n\n<ul class=\"wp-block-list\">\n<li>Los usuarios pueden ingresar el monto que desean canjear y canjearlo. Una vez que el saldo de su billetera est\u00e9 parcialmente canjeado, pueden usar otros m\u00e9todos de pago en el sitio web y realizar el pedido.<\/li>\n\n\n\n<li>Una vez realizado el pedido, el saldo del Wallet utilizado ser\u00e1 debitado de la cuenta del usuario.<\/li>\n<\/ul>\n\n\n\n<p><strong>Fondos de la billetera: uso mediante pasarela de pago<\/strong><\/p>\n\n\n\n<ul class=\"wp-block-list\">\n<li>Un usuario agrega algunos productos al carrito y procede a la p\u00e1gina de pago para realizar un pago.<\/li>\n\n\n\n<li>En la p\u00e1gina de pago, si el usuario tiene saldo suficiente en la billetera para realizar el pedido, la pasarela de pago de la billetera ser\u00e1 visible para el usuario.<\/li>\n<\/ul>\n\n\n\n<figure class=\"wp-block-image\" id=\"attachment_18734003468124\"><img decoding=\"async\" src=\"https:\/\/woocommerce.com\/wp-content\/uploads\/2021\/07\/wallet-payment-gateway.png?strip=all&amp;w=900\" alt=\"\" class=\"wp-image-18734003468124\" title=\"\"><figcaption class=\"wp-element-caption\"><strong>Pasarela de pago de Wallet<\/strong><\/figcaption><\/figure>\n\n\n\n<ul class=\"wp-block-list\">\n<li>Si el usuario elige pagar con saldo de la billetera, deber\u00e1 seleccionar la pasarela de pago de la billetera para realizar el pedido.<\/li>\n\n\n\n<li>Una vez realizado el pedido, se debitar\u00e1 de la cuenta del usuario el saldo del monedero utilizado.<\/li>\n<\/ul>\n\n\n\n<p><strong>Transferencia y solicitud de fondos de billetera<\/strong><\/p>\n\n\n\n<p>El m\u00f3dulo de Transferencia de Fondos ofrece las siguientes caracter\u00edsticas:<\/p>\n\n\n\n<ol class=\"wp-block-list\">\n<li>Los usuarios pueden transferir el saldo de su billetera a otros usuarios en el sitio web (Transferencia directa de fondos)<\/li>\n\n\n\n<li>Los usuarios pueden solicitar fondos de las billeteras de otros usuarios en el sitio web (Solicitud de fondos)<\/li>\n<\/ol>\n\n\n\n<p><strong>Transferencia directa de fondos<\/strong><\/p>\n\n\n\n<ul class=\"wp-block-list\">\n<li>Para transferir fondos a otro usuario, deber\u00e1 acceder al men\u00fa &quot;Transferencia de fondos&quot; en el panel de control de su billetera. Este se encuentra en &quot;Detalles de la transferencia de fondos &gt; Transferencia de fondos&quot;.<\/li>\n\n\n\n<li>Una vez accedido al formulario de solicitud, el usuario deber\u00e1 buscar e identificar al usuario al que se le debe enviar la solicitud de fondos.<\/li>\n\n\n\n<li>El usuario deber\u00e1 completar el importe a transferir y enviar el formulario.<\/li>\n<\/ul>\n\n\n\n<figure class=\"wp-block-image\" id=\"attachment_18734003468126\"><img decoding=\"async\" src=\"https:\/\/woocommerce.com\/wp-content\/uploads\/2021\/07\/wallet-fund-transfer.png?strip=all&amp;w=900\" alt=\"\" class=\"wp-image-18734003468126\" title=\"\"><figcaption class=\"wp-element-caption\"><strong>Formulario de transferencia de fondos de billetera<\/strong><\/figcaption><\/figure>\n\n\n\n<ul class=\"wp-block-list\">\n<li>Opcionalmente, puede habilitar la autenticaci\u00f3n basada en OTP para mayor seguridad.<\/li>\n\n\n\n<li>La contrase\u00f1a de un solo uso se enviar\u00e1 por correo electr\u00f3nico. Si la autenticaci\u00f3n con contrase\u00f1a de un solo uso est\u00e1 habilitada, el usuario deber\u00e1 ingresarla para completar la transferencia de fondos.<\/li>\n<\/ul>\n\n\n\n<p><strong>Solicitud de fondos<\/strong><\/p>\n\n\n\n<ul class=\"wp-block-list\">\n<li>Cualquier usuario que desee solicitar fondos de la billetera debe acceder al men\u00fa &quot;Transferencia de fondos&quot; en el panel de control de la billetera. Este se encuentra en &quot;Detalles de transferencia de fondos&quot; &gt; &quot;Transferencia de fondos&quot;.<\/li>\n\n\n\n<li>Una vez accedido al formulario de solicitud, el usuario deber\u00e1 buscar e identificar al usuario al cual se le solicitar\u00e1n los fondos.<\/li>\n\n\n\n<li>El usuario deber\u00e1 completar el importe requerido y enviar el formulario.<\/li>\n<\/ul>\n\n\n\n<figure class=\"wp-block-image\" id=\"attachment_18734003468136\"><img decoding=\"async\" src=\"https:\/\/woocommerce.com\/wp-content\/uploads\/2021\/07\/wallet-fund-request.png?strip=all&amp;w=900\" alt=\"\" class=\"wp-image-18734003468136\" title=\"\"><figcaption class=\"wp-element-caption\"><strong>Formulario de solicitud de fondos de billetera<\/strong><\/figcaption><\/figure>\n\n\n\n<ul class=\"wp-block-list\">\n<li>Una vez enviada la solicitud, el otro usuario ser\u00e1 notificado de una nueva solicitud.<\/li>\n\n\n\n<li>El usuario puede responder a la solicitud directamente desde su panel de control.<\/li>\n<\/ul>\n\n\n\n<figure class=\"wp-block-image\" id=\"attachment_18734003468139\"><img decoding=\"async\" src=\"https:\/\/woocommerce.com\/wp-content\/uploads\/2021\/07\/wallet-fund-request-processing.png?strip=all&amp;w=900\" alt=\"\" class=\"wp-image-18734003468139\" title=\"\"><figcaption class=\"wp-element-caption\"><strong>Respuesta a la solicitud de fondos<\/strong><\/figcaption><\/figure>\n\n\n\n<ul class=\"wp-block-list\">\n<li>Si la solicitud es aprobada, el monto solicitado se acreditar\u00e1 en la billetera del usuario.<\/li>\n<\/ul>\n\n\n\n<p><strong>Retiro de billetera<\/strong><\/p>\n\n\n\n<ul class=\"wp-block-list\">\n<li>Primero, los usuarios deben seleccionar el m\u00e9todo de pago para recibir los fondos retirados desde su Panel de Control de Billetera [Retiro de Billetera -&gt; Pagos].<\/li>\n<\/ul>\n\n\n\n<figure class=\"wp-block-image\" id=\"attachment_18734003466924\"><img decoding=\"async\" src=\"https:\/\/woocommerce.com\/wp-content\/uploads\/2021\/07\/Withdrawal-Payments.png?strip=all&amp;w=900\" alt=\"\" class=\"wp-image-18734003466924\" title=\"\"><figcaption class=\"wp-element-caption\"><strong>Selecci\u00f3n de pago de retiro de billetera<\/strong><\/figcaption><\/figure>\n\n\n\n<ul class=\"wp-block-list\">\n<li>Despu\u00e9s, pueden enviar una solicitud de retiro [Retiro de billetera -&gt; Solicitud de retiro], que consta de dos pasos. Primero, ingresan los fondos a retirar y luego confirman los detalles.<\/li>\n<\/ul>\n\n\n\n<figure class=\"wp-block-image\" id=\"attachment_18734003466926\"><img decoding=\"async\" src=\"https:\/\/woocommerce.com\/wp-content\/uploads\/2021\/07\/Withdrawal-Request-Submit.png?strip=all&amp;w=900\" alt=\"\" class=\"wp-image-18734003466926\" title=\"\"><figcaption class=\"wp-element-caption\"><strong>Formulario de retiro de saldo de billetera<\/strong><\/figcaption><\/figure>\n\n\n\n<figure class=\"wp-block-image\" id=\"attachment_18734003466928\"><img decoding=\"async\" src=\"https:\/\/woocommerce.com\/wp-content\/uploads\/2021\/07\/Withdrawal-Confirm.png?strip=all&amp;w=900\" alt=\"\" class=\"wp-image-18734003466928\" title=\"\"><figcaption class=\"wp-element-caption\"><strong>Confirmaci\u00f3n de retiro del saldo de la billetera<\/strong><\/figcaption><\/figure>\n\n\n\n<ul class=\"wp-block-list\">\n<li>Una vez enviada con \u00e9xito la solicitud, los fondos solicitados se deducir\u00e1n de la billetera del usuario.<\/li>\n<\/ul>\n\n\n\n<figure class=\"wp-block-image\" id=\"attachment_18734003466934\"><img decoding=\"async\" src=\"https:\/\/woocommerce.com\/wp-content\/uploads\/2021\/07\/Withdrawal-Wallet-Activity.png?strip=all&amp;w=900\" alt=\"\" class=\"wp-image-18734003466934\" title=\"\"><figcaption class=\"wp-element-caption\"><strong>Solicitud de retiro de billetera enviada<\/strong><\/figcaption><\/figure>\n\n\n\n<ul class=\"wp-block-list\">\n<li>Si un usuario elige el m\u00e9todo de pago como\u00a0<strong>Transferencia bancaria<\/strong>, el administrador del sitio web tendr\u00e1 que abonar manualmente el importe en la cuenta del usuario utilizando los datos proporcionados por \u00e9ste.<\/li>\n\n\n\n<li>Si un usuario elige el m\u00e9todo de pago como\u00a0<strong>PayPal<\/strong>\u00a0[apoya\u00a0<strong>integraci\u00f3n de pagos<\/strong>], el importe solicitado se transferir\u00e1 a la\u00a0<strong>ID de PayPal<\/strong>\u00a0del usuario inmediatamente despu\u00e9s de la aprobaci\u00f3n del administrador.<\/li>\n\n\n\n<li>Si el administrador rechaza la solicitud enviada, los fondos deducidos se agregar\u00e1n nuevamente a la billetera del usuario.<\/li>\n<\/ul>\n\n\n\n<figure class=\"wp-block-image\" id=\"attachment_18734003466940\"><img decoding=\"async\" src=\"https:\/\/woocommerce.com\/wp-content\/uploads\/2021\/07\/Withdrawal-Admin.png?strip=all&amp;w=900\" alt=\"\" class=\"wp-image-18734003466940\" title=\"\"><figcaption class=\"wp-element-caption\"><strong>Administrador que procesa solicitudes de retiro<\/strong><\/figcaption><\/figure>\n\n\n\n<p><strong>Compra de productos<\/strong><\/p>\n\n\n\n<ul class=\"wp-block-list\">\n<li>Los usuarios pueden ver los fondos que recibir\u00e1n por comprar productos en la p\u00e1gina de la tienda, la p\u00e1gina del producto, la p\u00e1gina del carrito y la p\u00e1gina de pago.<\/li>\n<\/ul>\n\n\n\n<figure class=\"wp-block-image\" id=\"attachment_18734003468141\"><img decoding=\"async\" src=\"https:\/\/woocommerce.com\/wp-content\/uploads\/2021\/07\/Product-Purchase-Product-Page-1.png?strip=all&amp;w=900\" alt=\"\" class=\"wp-image-18734003468141\" title=\"\"><figcaption class=\"wp-element-caption\"><strong>Aviso de recompensa de billetera de compra de producto<\/strong><\/figcaption><\/figure>\n\n\n\n<ul class=\"wp-block-list\">\n<li>Despu\u00e9s de realizar el pedido, los fondos se agregar\u00e1n a la billetera cuando el estado del pedido llegue a procesamiento\/finalizaci\u00f3n.<\/li>\n<\/ul>\n\n\n\n<figure class=\"wp-block-image\" id=\"attachment_18734003466944\"><img decoding=\"async\" src=\"https:\/\/woocommerce.com\/wp-content\/uploads\/2021\/07\/Product-Purchase-Wallet-Activity.png?strip=all&amp;w=900\" alt=\"\" class=\"wp-image-18734003466944\" title=\"\"><figcaption class=\"wp-element-caption\"><strong>Recompensa por compra de producto acreditada en la billetera<\/strong><\/figcaption><\/figure>\n\n\n\n<p><strong>Recarga autom\u00e1tica de billetera<\/strong><\/p>\n\n\n\n<p>El m\u00f3dulo de recarga autom\u00e1tica de billetera permite a sus usuarios recargar autom\u00e1ticamente su billetera cuando el saldo de la billetera cae por debajo de un monto l\u00edmite espec\u00edfico.<\/p>\n\n\n\n<ul class=\"wp-block-list\">\n<li>Para configurar la recarga autom\u00e1tica, el usuario deber\u00e1 acceder al men\u00fa de recarga autom\u00e1tica en el panel de la billetera.<\/li>\n\n\n\n<li>Dentro de la secci\u00f3n, en funci\u00f3n de la configuraci\u00f3n, el usuario tendr\u00e1 que seleccionar el monto de Auto Recarga y el monto l\u00edmite.<\/li>\n\n\n\n<li>Despu\u00e9s de ingresar el valor, el usuario tendr\u00e1 dos opciones,\n<ul class=\"wp-block-list\">\n<li>Podr\u00e1n abonar el importe de la recarga y autorizar futuras recargas autom\u00e1ticas.<\/li>\n\n\n\n<li>Autorizar futuras recargas autom\u00e1ticas sin realizar ning\u00fan pago<\/li>\n<\/ul>\n<\/li>\n\n\n\n<li>Una vez completada la autorizaci\u00f3n, se agregar\u00e1n fondos a la cuenta del usuario siempre que el saldo de la billetera caiga por debajo de un umbral espec\u00edfico.<\/li>\n<\/ul>\n\n\n\n<p><strong>Caracter\u00edsticas \u00fanicas que ofrece este complemento<\/strong><\/p>\n\n\n\n<ul class=\"wp-block-list\">\n<li>Renovaci\u00f3n autom\u00e1tica de la suscripci\u00f3n utilizando el saldo de la billetera\u00a0<strong>(requiere suscripciones a WooCommerce)<\/strong><\/li>\n\n\n\n<li>Recarga autom\u00e1tica de billetera con la pasarela de pago Stripe de WooCommerce<\/li>\n\n\n\n<li>M\u00f3dulo de Vales de Regalo para generar Vales de Regalo de forma masiva<\/li>\n\n\n\n<li>Saldo de billetera con validez ilimitada\u00a0<strong>(opcional)<\/strong><\/li>\n\n\n\n<li>M\u00f3dulo Acciones de Billetera para emitir saldos de billetera a los usuarios para la inscripci\u00f3n de cuentas<\/li>\n\n\n\n<li>No se cobrar\u00e1 ning\u00fan impuesto por recargar la billetera<\/li>\n\n\n\n<li>Recordatorio por correo electr\u00f3nico de vencimiento del saldo de la billetera<\/li>\n\n\n\n<li>Cr\u00e9dito de saldo de billetera para inicio de sesi\u00f3n diario<\/li>\n\n\n\n<li>Cr\u00e9dito de saldo de billetera para an\u00e1lisis de productos<\/li>\n\n\n\n<li>Compatibilidad con widgets<\/li>\n\n\n\n<li>Mejoras en la presentaci\u00f3n del panel frontal<\/li>\n\n\n\n<li>Mejoras en la presentaci\u00f3n del registro de transacciones<\/li>\n\n\n\n<li>Mostrar informaci\u00f3n de Cron [nombre de Cron y \u00faltima actualizaci\u00f3n] al usuario.<\/li>\n\n\n\n<li>Saldo de la billetera mostrado en la tabla de usuarios<\/li>\n<\/ul>\n\n\n\n<p><strong>Monedero para WooCommerce<\/strong>&nbsp;Ayuda a sus usuarios a completar r\u00e1pidamente una compra agregando fondos al sitio y us\u00e1ndolos para compras futuras.<\/p>\n\n\n\n<p><strong>Requisitos<\/strong><\/p>\n\n\n\n<p>Versi\u00f3n m\u00ednima de PHP: 5.6<\/p>","protected":false},"excerpt":{"rendered":"<p>Adicione uma fun\u00e7\u00e3o de carteira \u00e0 sua loja Wallet for WooCommerce&nbsp;adiciona uma fun\u00e7\u00e3o de carteira \u00e0 sua loja. Caracter\u00edsticas Recarga de carteira Usode resgate de carteira Seus usu\u00e1rios podem usar seus fundos dispon\u00edveis na carteira usando as 2 maneiras a seguir: Uso parcial da i Wallet ii Gateway de pagamento da carteira Transfer\u00eancia e solicita\u00e7\u00e3o [&hellip;]<\/p>","protected":false},"featured_media":23884,"comment_status":"open","ping_status":"closed","template":"","meta":{"_jf_limit_responses":"","iawp_total_views":55},"product_brand":[],"product_cat":[41],"product_tag":[19],"class_list":{"0":"post-23883","1":"product","2":"type-product","3":"status-publish","4":"has-post-thumbnail","6":"product_cat-plugins","7":"product_tag-vitalicio","9":"first","10":"instock","11":"downloadable","12":"virtual","13":"purchasable","14":"product-type-simple"},"_links":{"self":[{"href":"https:\/\/packdesites.com\/es\/wp-json\/wp\/v2\/product\/23883","targetHints":{"allow":["GET"]}}],"collection":[{"href":"https:\/\/packdesites.com\/es\/wp-json\/wp\/v2\/product"}],"about":[{"href":"https:\/\/packdesites.com\/es\/wp-json\/wp\/v2\/types\/product"}],"replies":[{"embeddable":true,"href":"https:\/\/packdesites.com\/es\/wp-json\/wp\/v2\/comments?post=23883"}],"version-history":[{"count":1,"href":"https:\/\/packdesites.com\/es\/wp-json\/wp\/v2\/product\/23883\/revisions"}],"predecessor-version":[{"id":23885,"href":"https:\/\/packdesites.com\/es\/wp-json\/wp\/v2\/product\/23883\/revisions\/23885"}],"wp:featuredmedia":[{"embeddable":true,"href":"https:\/\/packdesites.com\/es\/wp-json\/wp\/v2\/media\/23884"}],"wp:attachment":[{"href":"https:\/\/packdesites.com\/es\/wp-json\/wp\/v2\/media?parent=23883"}],"wp:term":[{"taxonomy":"product_brand","embeddable":true,"href":"https:\/\/packdesites.com\/es\/wp-json\/wp\/v2\/product_brand?post=23883"},{"taxonomy":"product_cat","embeddable":true,"href":"https:\/\/packdesites.com\/es\/wp-json\/wp\/v2\/product_cat?post=23883"},{"taxonomy":"product_tag","embeddable":true,"href":"https:\/\/packdesites.com\/es\/wp-json\/wp\/v2\/product_tag?post=23883"}],"curies":[{"name":"wp","href":"https:\/\/api.w.org\/{rel}","templated":true}]}}