{"id":23866,"date":"2025-09-30T00:54:03","date_gmt":"2025-09-30T03:54:03","guid":{"rendered":"https:\/\/packdesites.com\/?post_type=product&#038;p=23866"},"modified":"2025-09-30T00:54:06","modified_gmt":"2025-09-30T03:54:06","slug":"los-complementos-de-productos-para-woocommerce-agregan-opciones-adicionales-para-aumentar-el-ticket-del-producto","status":"publish","type":"product","link":"https:\/\/packdesites.com\/es\/product\/los-complementos-de-productos-para-woocommerce-agregan-opciones-adicionales-para-aumentar-el-ticket-del-producto\/","title":{"rendered":"Complementos de productos para WooCommerce: a\u00f1ade opciones adicionales para aumentar el valor del ticket del producto"},"content":{"rendered":"<p>Ofrezca complementos como envoltura de regalo, mensajes especiales u otras opciones especiales para sus productos.<\/p>\n\n\n\n<hr class=\"wp-block-separator has-alpha-channel-opacity\"\/>\n\n\n\n<h2 class=\"wp-block-heading\">Para una experiencia de compra tan \u00fanica como tus clientes<\/h2>\n\n\n\n<p>Desde a\u00f1adir un grabado personalizado hasta optar por una tela premium, la personalizaci\u00f3n de productos puede hacer que tus clientes vuelvan. Con los complementos, puedes ofrecerles opciones especiales al instante.<\/p>\n\n\n\n<p>Los complementos de productos permiten a sus clientes personalizar los productos&nbsp;<em>mientras<\/em>&nbsp;Compra en tu tienda online. Olv\u00eddate de las solicitudes de seguimiento por correo electr\u00f3nico: los clientes obtienen lo que quieren antes de finalizar la compra.<\/p>\n\n\n\n<figure class=\"wp-block-image alignleft\"><img decoding=\"async\" src=\"https:\/\/woocommerce.com\/wp-content\/uploads\/2013\/05\/woocommerce_product-addons_single-product-addon-example.png?strip=all&amp;w=900\" alt=\"\" class=\"wp-image-18734005148655\" title=\"\"><\/figure>\n\n\n\n<p>A\u00f1ade opciones mediante cuadros de texto, men\u00fas desplegables, \u00e1reas de texto, casillas de verificaci\u00f3n, entradas de precios personalizadas e incluso im\u00e1genes de muestra. Puedes a\u00f1adir complementos de forma global o por producto en la p\u00e1gina de edici\u00f3n del producto.<\/p>\n\n\n\n<h2 class=\"wp-block-heading\">Ofrezca a sus clientes las opciones que desean<\/h2>\n\n\n\n<p>Complementos de Producto es una de las extensiones m\u00e1s populares para WooCommerce. Ofrece a ti y a tus clientes a\u00fan m\u00e1s opciones, incluyendo (sin limitarse a):<\/p>\n\n\n\n<h3 class=\"wp-block-heading\">Selecciones basadas en im\u00e1genes<\/h3>\n\n\n\n<figure class=\"wp-block-image\"><img decoding=\"async\" src=\"https:\/\/woocommerce.com\/wp-content\/uploads\/2013\/05\/woocommerce_product-addons_single-product-images.png?w=980\" alt=\"Complementos de productos WooCommerce, selecci\u00f3n de complementos de productos basados en im\u00e1genes.\" class=\"wp-image-18734005148756\" title=\"\"><\/figure>\n\n\n\n<p>Una imagen vale m\u00e1s que mil palabras, as\u00ed que \u00bfpor qu\u00e9 describir las opciones de personalizaci\u00f3n de un cliente cuando puedes mostr\u00e1rselas? Con selecciones basadas en im\u00e1genes, los clientes pueden ver lo que recibir\u00e1n antes de comprarlo.<\/p>\n\n\n\n<h3 class=\"wp-block-heading\">Tarifas fijas<\/h3>\n\n\n\n<figure class=\"wp-block-image aligncenter\"><img decoding=\"async\" src=\"https:\/\/woocommerce.com\/wp-content\/uploads\/2013\/05\/woocommerce-product-addons_example-gift-options-configured-1.png?w=980\" alt=\"\" class=\"wp-image-18734005148960\" title=\"\"><\/figure>\n\n\n\n<p>Cobra a tus clientes una tarifa fija, independientemente de la cantidad de productos que pidan. Ideal para una tarifa \u00fanica de configuraci\u00f3n o una tarifa urgente.<\/p>\n\n\n\n<h3 class=\"wp-block-heading\">Tasas porcentuales<\/h3>\n\n\n\n<p>Cobrar una tarifa por el complemento basada en un porcentaje del precio total: esto es especialmente \u00fatil para complementos basados en servicios que pueden ser m\u00e1s dif\u00edciles de resumir en una tarifa fija.<\/p>\n\n\n\n<h3 class=\"wp-block-heading\">Entrada de texto<\/h3>\n\n\n\n<p>Permita que sus clientes ingresen texto personalizado para crear una camiseta personalizada, agregar un monograma o personalizar una tarjeta.<\/p>\n\n\n\n<h3 class=\"wp-block-heading\">Lista desplegable<\/h3>\n\n\n\n<p>El cliente puede elegir entre algunas opciones predefinidas con un campo desplegable para su complemento.<\/p>\n\n\n\n<p><strong>Casillas de verificaci\u00f3n<\/strong><\/p>\n\n\n\n<figure class=\"wp-block-image aligncenter\"><img decoding=\"async\" src=\"https:\/\/woocommerce.com\/wp-content\/uploads\/2013\/05\/woocommerce_product-addons_single-product-gift-options.png?w=980\" alt=\"Un ejemplo de opciones basadas en casillas de verificaci\u00f3n para complementos de productos.\" class=\"wp-image-18734005148765\" title=\"\"><\/figure>\n\n\n\n<p>Personaliza de forma tan sencilla y satisfactoria como marcar una casilla. Ideal para servicios adicionales como envoltura de regalos o env\u00edos expr\u00e9s.<\/p>\n\n\n\n<h3 class=\"wp-block-heading\">Precio personalizado<\/h3>\n\n\n\n<p>\u00a1Permita que sus clientes indiquen sus propios precios, perfecto para propinas, donaciones y gratificaciones!<\/p>\n\n\n\n<p>Los complementos se pueden nombrar, describir, reordenar y (opcionalmente) fijar su precio.<\/p>\n\n\n\n<p>La extensi\u00f3n tambi\u00e9n funciona con:<\/p>\n\n\n\n<ul class=\"wp-block-list\">\n<li><a href=\"https:\/\/woocommerce.com\/products\/woocommerce-subscriptions\/\" target=\"_blank\" rel=\"noopener\">Suscripciones de WooCommerce<\/a>\u00a0\u2013 agregar opciones adicionales a los productos de suscripci\u00f3n.<\/li>\n\n\n\n<li><a href=\"https:\/\/woocommerce.com\/products\/woocommerce-bookings\/\" target=\"_blank\" rel=\"noopener\">Reservas de WooCommerce<\/a>\u00a0\u2013 ofrecer mejoras como un tratamiento de aceite para un masaje, asientos prioritarios para el recorrido o una tarifa urgente para el alquiler.<\/li>\n<\/ul>\n\n\n\n<p>Una vez configurados, los complementos aparecen en las p\u00e1ginas de productos justo encima del bot\u00f3n Agregar al carrito.<\/p>\n\n\n\n<p>\u00bfListo para aumentar la flexibilidad de tu tienda? Empieza a usar complementos de productos hoy mismo.<\/p>","protected":false},"excerpt":{"rendered":"<p>Ofere\u00e7a complementos como embrulho de presente, mensagens especiais ou outras op\u00e7\u00f5es especiais para seus produtos. Para uma experi\u00eancia de compra t\u00e3o \u00fanica quanto seus clientes Desde a adi\u00e7\u00e3o de uma grava\u00e7\u00e3o pessoal at\u00e9 a atualiza\u00e7\u00e3o para um tecido premium, a personaliza\u00e7\u00e3o de produtos pode fazer com que seus clientes voltem. Com complementos de produtos, voc\u00ea [&hellip;]<\/p>","protected":false},"featured_media":23867,"comment_status":"open","ping_status":"closed","template":"","meta":{"_jf_limit_responses":"","iawp_total_views":37},"product_brand":[],"product_cat":[41],"product_tag":[91],"class_list":{"0":"post-23866","1":"product","2":"type-product","3":"status-publish","4":"has-post-thumbnail","6":"product_cat-plugins","7":"product_tag-business","9":"first","10":"instock","11":"downloadable","12":"virtual","13":"purchasable","14":"product-type-simple"},"_links":{"self":[{"href":"https:\/\/packdesites.com\/es\/wp-json\/wp\/v2\/product\/23866","targetHints":{"allow":["GET"]}}],"collection":[{"href":"https:\/\/packdesites.com\/es\/wp-json\/wp\/v2\/product"}],"about":[{"href":"https:\/\/packdesites.com\/es\/wp-json\/wp\/v2\/types\/product"}],"replies":[{"embeddable":true,"href":"https:\/\/packdesites.com\/es\/wp-json\/wp\/v2\/comments?post=23866"}],"version-history":[{"count":1,"href":"https:\/\/packdesites.com\/es\/wp-json\/wp\/v2\/product\/23866\/revisions"}],"predecessor-version":[{"id":23868,"href":"https:\/\/packdesites.com\/es\/wp-json\/wp\/v2\/product\/23866\/revisions\/23868"}],"wp:featuredmedia":[{"embeddable":true,"href":"https:\/\/packdesites.com\/es\/wp-json\/wp\/v2\/media\/23867"}],"wp:attachment":[{"href":"https:\/\/packdesites.com\/es\/wp-json\/wp\/v2\/media?parent=23866"}],"wp:term":[{"taxonomy":"product_brand","embeddable":true,"href":"https:\/\/packdesites.com\/es\/wp-json\/wp\/v2\/product_brand?post=23866"},{"taxonomy":"product_cat","embeddable":true,"href":"https:\/\/packdesites.com\/es\/wp-json\/wp\/v2\/product_cat?post=23866"},{"taxonomy":"product_tag","embeddable":true,"href":"https:\/\/packdesites.com\/es\/wp-json\/wp\/v2\/product_tag?post=23866"}],"curies":[{"name":"wp","href":"https:\/\/api.w.org\/{rel}","templated":true}]}}