{"id":23861,"date":"2025-09-29T22:06:29","date_gmt":"2025-09-30T01:06:29","guid":{"rendered":"https:\/\/packdesites.com\/?post_type=product&#038;p=23861"},"modified":"2025-09-29T22:10:26","modified_gmt":"2025-09-30T01:10:26","slug":"kit-de-plantillas-movemax-elementor-para-gimnasios-y-centros-de-fitness","status":"publish","type":"product","link":"https:\/\/packdesites.com\/es\/product\/kit-de-plantillas-movemax-elementor-para-gimnasios-y-centros-de-fitness\/","title":{"rendered":"MoveMax \u2013 Kit de plantillas de Elementor para gimnasios, centros de fitness y centros deportivos"},"content":{"rendered":"<p>MoveMax es un kit de plantillas Elementor din\u00e1mico y potente, dise\u00f1ado para gimnasios, centros de fitness y estudios de entrenamiento personal. Perfecto para entrenadores de fitness, proveedores de clases grupales y clubes de bienestar, este kit te ayuda a presentar programas de entrenamiento, destacar las historias de \u00e9xito de tus miembros y presentar tus servicios con energ\u00eda y profesionalismo. MoveMax utiliza solo elementos gratuitos, para que puedas explorar, personalizar y lanzar tu sitio web f\u00e1cilmente con confianza y estilo. MoveMax ofrece varias p\u00e1ginas, incluyendo Inicio, Acerca de nosotros, Clases, Detalles de las clases, Entrenadores, Preguntas frecuentes, Precios, Servicios, Blog, 404 y Cont\u00e1ctanos.<\/p>\n\n\n\n<p>Modelos ###<\/p>\n\n\n\n<ol class=\"wp-block-list\">\n<li>Comenzar<\/li>\n\n\n\n<li>Sobre nosotros<\/li>\n\n\n\n<li>Clases<\/li>\n\n\n\n<li>Detalles de la clase<\/li>\n\n\n\n<li>Entrenadores<\/li>\n\n\n\n<li>PREGUNTAS FRECUENTES<\/li>\n\n\n\n<li>Precios<\/li>\n\n\n\n<li>Servicio<\/li>\n\n\n\n<li>Blog<\/li>\n\n\n\n<li>404<\/li>\n\n\n\n<li>Cont\u00e1ctanos<\/li>\n<\/ol>\n\n\n\n<p>### Fuente utilizada<\/p>\n\n\n\n<p>*Nuevas bebidas *Robot<\/p>\n\n\n\n<p>Dependencias del complemento ###:<\/p>\n\n\n\n<p>*Elemento *Complementos Qi para Elementor *Kit Jeg Elementor *Complementos Plus para Elementor *Complementos Ultimate para<\/p>","protected":false},"excerpt":{"rendered":"<p>MoveMax \u00e9 um Kit de Template Elementor din\u00e2mico e poderoso, projetado para academias, centros de fitness e est\u00fadios de treinamento pessoal. Perfeito para treinadores de fitness, fornecedores de aulas em grupo e clubes de bem-estar, este kit ajuda voc\u00ea a apresentar programas de treinamento, destacar hist\u00f3rias de sucesso de membros e apresentar seus servi\u00e7os com [&hellip;]<\/p>","protected":false},"featured_media":23862,"comment_status":"open","ping_status":"closed","template":"","meta":{"_jf_limit_responses":"","iawp_total_views":182},"product_brand":[],"product_cat":[23,35,24],"product_tag":[91,49],"class_list":{"0":"post-23861","1":"product","2":"type-product","3":"status-publish","4":"has-post-thumbnail","6":"product_cat-templates-elementor-e-envato","7":"product_cat-academia-e-fitness","8":"product_cat-templates-envato","9":"product_tag-business","10":"product_tag-starter","12":"first","13":"instock","14":"downloadable","15":"virtual","16":"purchasable","17":"product-type-simple"},"_links":{"self":[{"href":"https:\/\/packdesites.com\/es\/wp-json\/wp\/v2\/product\/23861","targetHints":{"allow":["GET"]}}],"collection":[{"href":"https:\/\/packdesites.com\/es\/wp-json\/wp\/v2\/product"}],"about":[{"href":"https:\/\/packdesites.com\/es\/wp-json\/wp\/v2\/types\/product"}],"replies":[{"embeddable":true,"href":"https:\/\/packdesites.com\/es\/wp-json\/wp\/v2\/comments?post=23861"}],"version-history":[{"count":1,"href":"https:\/\/packdesites.com\/es\/wp-json\/wp\/v2\/product\/23861\/revisions"}],"predecessor-version":[{"id":23863,"href":"https:\/\/packdesites.com\/es\/wp-json\/wp\/v2\/product\/23861\/revisions\/23863"}],"wp:featuredmedia":[{"embeddable":true,"href":"https:\/\/packdesites.com\/es\/wp-json\/wp\/v2\/media\/23862"}],"wp:attachment":[{"href":"https:\/\/packdesites.com\/es\/wp-json\/wp\/v2\/media?parent=23861"}],"wp:term":[{"taxonomy":"product_brand","embeddable":true,"href":"https:\/\/packdesites.com\/es\/wp-json\/wp\/v2\/product_brand?post=23861"},{"taxonomy":"product_cat","embeddable":true,"href":"https:\/\/packdesites.com\/es\/wp-json\/wp\/v2\/product_cat?post=23861"},{"taxonomy":"product_tag","embeddable":true,"href":"https:\/\/packdesites.com\/es\/wp-json\/wp\/v2\/product_tag?post=23861"}],"curies":[{"name":"wp","href":"https:\/\/api.w.org\/{rel}","templated":true}]}}