{"id":23830,"date":"2025-09-24T13:23:11","date_gmt":"2025-09-24T16:23:11","guid":{"rendered":"https:\/\/packdesites.com\/?post_type=product&#038;p=23830"},"modified":"2025-09-24T13:23:14","modified_gmt":"2025-09-24T16:23:14","slug":"kit-de-plantillas-de-elementor-de-ssb-para-escuelas-y-clubes-de-futbol","status":"publish","type":"product","link":"https:\/\/packdesites.com\/es\/product\/kit-de-plantillas-de-elementor-de-ssb-para-escuelas-y-clubes-de-futbol\/","title":{"rendered":"SSB \u2013 Kit de plantillas de Elementor para escuelas y clubes de f\u00fatbol"},"content":{"rendered":"<p><strong>SSB<\/strong>\u00a0Es un kit de plantillas de Elementor dise\u00f1ado para clubes o escuelas de f\u00fatbol. La plantilla presenta un dise\u00f1o con precisi\u00f3n de p\u00edxeles, lo que garantiza que tu creaci\u00f3n final sea flexible y f\u00e1cilmente extensible. Adem\u00e1s, Encore funciona a la perfecci\u00f3n en distintos tama\u00f1os de pantalla.<\/p>\n\n\n\n<p><strong>Modelos:<\/strong><\/p>\n\n\n\n<ul class=\"wp-block-list\">\n<li>P\u00e1gina de inicio 1<\/li>\n\n\n\n<li>P\u00e1gina de inicio 2<\/li>\n\n\n\n<li>En<\/li>\n\n\n\n<li>Partidos 1<\/li>\n\n\n\n<li>Partidos 2<\/li>\n\n\n\n<li>Jugadores<\/li>\n\n\n\n<li>Noticias<\/li>\n\n\n\n<li>Actividades<\/li>\n\n\n\n<li>Actividades individuales<\/li>\n\n\n\n<li>Preguntas frecuentes<\/li>\n\n\n\n<li>P\u00e1gina 404<\/li>\n\n\n\n<li>Ponte en contacto con nosotros<\/li>\n<\/ul>\n\n\n\n<p><strong>Complementos necesarios:<\/strong><\/p>\n\n\n\n<ul class=\"wp-block-list\">\n<li>Elementor (gratis)<\/li>\n\n\n\n<li>Elementor: encabezado, pie de p\u00e1gina y bloques<\/li>\n\n\n\n<li>Formulario MET<\/li>\n\n\n\n<li>PowerPack Lite para Elementor<\/li>\n<\/ul>\n\n\n\n<p><\/p>","protected":false},"excerpt":{"rendered":"<p>SSB es un kit de plantillas de Elementor creado para clubes o escuelas de f\u00fatbol. La plantilla tiene un dise\u00f1o con precisi\u00f3n de p\u00edxeles, lo que garantiza que tu creaci\u00f3n final sea flexible y f\u00e1cilmente extensible. Adem\u00e1s, Encore funciona perfectamente en dispositivos de varios tama\u00f1os de pantalla. Plantillas: Plugins necesarios:<\/p>","protected":false},"featured_media":23831,"comment_status":"open","ping_status":"closed","template":"","meta":{"_jf_limit_responses":"","iawp_total_views":78},"product_brand":[],"product_cat":[23,35,28,24],"product_tag":[91,49],"class_list":{"0":"post-23830","1":"product","2":"type-product","3":"status-publish","4":"has-post-thumbnail","6":"product_cat-templates-elementor-e-envato","7":"product_cat-academia-e-fitness","8":"product_cat-educacao-e-treinamento","9":"product_cat-templates-envato","10":"product_tag-business","11":"product_tag-starter","13":"first","14":"instock","15":"downloadable","16":"virtual","17":"purchasable","18":"product-type-simple"},"_links":{"self":[{"href":"https:\/\/packdesites.com\/es\/wp-json\/wp\/v2\/product\/23830","targetHints":{"allow":["GET"]}}],"collection":[{"href":"https:\/\/packdesites.com\/es\/wp-json\/wp\/v2\/product"}],"about":[{"href":"https:\/\/packdesites.com\/es\/wp-json\/wp\/v2\/types\/product"}],"replies":[{"embeddable":true,"href":"https:\/\/packdesites.com\/es\/wp-json\/wp\/v2\/comments?post=23830"}],"version-history":[{"count":1,"href":"https:\/\/packdesites.com\/es\/wp-json\/wp\/v2\/product\/23830\/revisions"}],"predecessor-version":[{"id":23832,"href":"https:\/\/packdesites.com\/es\/wp-json\/wp\/v2\/product\/23830\/revisions\/23832"}],"wp:featuredmedia":[{"embeddable":true,"href":"https:\/\/packdesites.com\/es\/wp-json\/wp\/v2\/media\/23831"}],"wp:attachment":[{"href":"https:\/\/packdesites.com\/es\/wp-json\/wp\/v2\/media?parent=23830"}],"wp:term":[{"taxonomy":"product_brand","embeddable":true,"href":"https:\/\/packdesites.com\/es\/wp-json\/wp\/v2\/product_brand?post=23830"},{"taxonomy":"product_cat","embeddable":true,"href":"https:\/\/packdesites.com\/es\/wp-json\/wp\/v2\/product_cat?post=23830"},{"taxonomy":"product_tag","embeddable":true,"href":"https:\/\/packdesites.com\/es\/wp-json\/wp\/v2\/product_tag?post=23830"}],"curies":[{"name":"wp","href":"https:\/\/api.w.org\/{rel}","templated":true}]}}