{"id":23719,"date":"2025-09-12T14:20:23","date_gmt":"2025-09-12T17:20:23","guid":{"rendered":"https:\/\/packdesites.com\/?post_type=product&#038;p=23719"},"modified":"2025-09-12T14:20:27","modified_gmt":"2025-09-12T17:20:27","slug":"kit-de-plantillas-elementor-de-latropis-para-hoteles-y-complejos-turisticos-tropicales","status":"publish","type":"product","link":"https:\/\/packdesites.com\/es\/product\/kit-de-plantillas-elementor-de-latropis-para-hoteles-y-complejos-turisticos-tropicales\/","title":{"rendered":"Latropis \u2013 Kit de plantillas Elementor para hoteles y resorts tropicales"},"content":{"rendered":"<p>EL <strong>Kit de plantillas Latropis \u2013 Hotel y resort tropical Elementor<\/strong>\u00a0(Este NO es un tema de WordPress) fue creado especialmente para hoteles, hostales, resorts, posadas, B&amp;B, alquileres vacacionales, apartamentos y otros sitios web relacionados. Latropis tiene un dise\u00f1o simple, moderno y limpio, con un dise\u00f1o responsivo 100% muy f\u00e1cil de personalizar y que puede ser utilizado por cualquier persona sin necesidad de saber programar. Este kit de plantillas incluye 18 p\u00e1ginas cuidadosamente dise\u00f1adas y 23 plantillas incre\u00edbles. Puedes crear tu sitio web de aspecto profesional con un solo clic.<\/p>\n\n\n\n<p><strong>Caracter\u00edsticas<\/strong><\/p>\n\n\n\n<ul class=\"wp-block-list\">\n<li>Uso de Elementor gratuito (no se requiere Elementor Pro)<\/li>\n\n\n\n<li>Dise\u00f1o \u00fanico y limpio<\/li>\n\n\n\n<li>18 p\u00e1ginas listas para usar<\/li>\n\n\n\n<li>23 plantillas listas para usar<\/li>\n\n\n\n<li>Dise\u00f1o totalmente adaptable<\/li>\n\n\n\n<li>Totalmente personalizable<\/li>\n\n\n\n<li>Compatibilidad del navegador: Chrome, Firefox, Safari, Opera<\/li>\n<\/ul>\n\n\n\n<p><strong>Los modelos incluyen<\/strong><\/p>\n\n\n\n<ul class=\"wp-block-list\">\n<li>Estilo de tema global<\/li>\n\n\n\n<li>Inicio 1<\/li>\n\n\n\n<li>Inicio 2<\/li>\n\n\n\n<li>En<\/li>\n\n\n\n<li>Servicios<\/li>\n\n\n\n<li>Alojamiento<\/li>\n\n\n\n<li>Detalles de la habitaci\u00f3n<\/li>\n\n\n\n<li>Comodidades<\/li>\n\n\n\n<li>Galer\u00eda<\/li>\n\n\n\n<li>Reserva<\/li>\n\n\n\n<li>Preguntas frecuentes<\/li>\n\n\n\n<li>Carrera<\/li>\n\n\n\n<li>Blog<\/li>\n\n\n\n<li>Publicaci\u00f3n \u00fanica<\/li>\n\n\n\n<li>Testimonios<\/li>\n\n\n\n<li>Ponte en contacto con nosotros<\/li>\n\n\n\n<li>Equipo<\/li>\n\n\n\n<li>Precios<\/li>\n\n\n\n<li>P\u00e1gina 404<\/li>\n\n\n\n<li>encabezamiento<\/li>\n\n\n\n<li>Z\u00f3calo<\/li>\n\n\n\n<li>Formulario de bolet\u00edn informativo<\/li>\n\n\n\n<li>Formulario de contacto<\/li>\n\n\n\n<li>Formulario de reserva<\/li>\n<\/ul>\n\n\n\n<p><strong>Plugin requerido<\/strong><\/p>\n\n\n\n<ul class=\"wp-block-list\">\n<li>Elementor<\/li>\n\n\n\n<li>ElementsKit Lite<\/li>\n\n\n\n<li>MetForm<\/li>\n\n\n\n<li>Complemento Gum Elementor<\/li>\n<\/ul>","protected":false},"excerpt":{"rendered":"<p>O kit de modelos Latropis &#8211; Tropical Hotel &amp; Resort Elementor\u00a0(N\u00c3O \u00e9 um tema WordPress) foi criado especialmente para hot\u00e9is, albergues, resorts, pousadas, hot\u00e9is B&amp;B, quartos de f\u00e9rias, aluguel de apartamentos e outros sites relacionados. O Latropis tem um design simples, moderno e limpo, com layout 100% responsivo e muito f\u00e1cil de personalizar e pode [&hellip;]<\/p>","protected":false},"featured_media":23720,"comment_status":"open","ping_status":"closed","template":"","meta":{"_jf_limit_responses":"","iawp_total_views":233},"product_brand":[],"product_cat":[23,30,24,38],"product_tag":[19],"class_list":{"0":"post-23719","1":"product","2":"type-product","3":"status-publish","4":"has-post-thumbnail","6":"product_cat-templates-elementor-e-envato","7":"product_cat-imobiliario-arquitetura-e-construcao-de-imoveis","8":"product_cat-templates-envato","9":"product_cat-turismo-e-viagens","10":"product_tag-vitalicio","12":"first","13":"instock","14":"downloadable","15":"virtual","16":"purchasable","17":"product-type-simple"},"_links":{"self":[{"href":"https:\/\/packdesites.com\/es\/wp-json\/wp\/v2\/product\/23719","targetHints":{"allow":["GET"]}}],"collection":[{"href":"https:\/\/packdesites.com\/es\/wp-json\/wp\/v2\/product"}],"about":[{"href":"https:\/\/packdesites.com\/es\/wp-json\/wp\/v2\/types\/product"}],"replies":[{"embeddable":true,"href":"https:\/\/packdesites.com\/es\/wp-json\/wp\/v2\/comments?post=23719"}],"version-history":[{"count":1,"href":"https:\/\/packdesites.com\/es\/wp-json\/wp\/v2\/product\/23719\/revisions"}],"predecessor-version":[{"id":23721,"href":"https:\/\/packdesites.com\/es\/wp-json\/wp\/v2\/product\/23719\/revisions\/23721"}],"wp:featuredmedia":[{"embeddable":true,"href":"https:\/\/packdesites.com\/es\/wp-json\/wp\/v2\/media\/23720"}],"wp:attachment":[{"href":"https:\/\/packdesites.com\/es\/wp-json\/wp\/v2\/media?parent=23719"}],"wp:term":[{"taxonomy":"product_brand","embeddable":true,"href":"https:\/\/packdesites.com\/es\/wp-json\/wp\/v2\/product_brand?post=23719"},{"taxonomy":"product_cat","embeddable":true,"href":"https:\/\/packdesites.com\/es\/wp-json\/wp\/v2\/product_cat?post=23719"},{"taxonomy":"product_tag","embeddable":true,"href":"https:\/\/packdesites.com\/es\/wp-json\/wp\/v2\/product_tag?post=23719"}],"curies":[{"name":"wp","href":"https:\/\/api.w.org\/{rel}","templated":true}]}}