{"id":23686,"date":"2025-09-09T19:27:15","date_gmt":"2025-09-09T22:27:15","guid":{"rendered":"https:\/\/packdesites.com\/?post_type=product&#038;p=23686"},"modified":"2025-09-09T19:27:18","modified_gmt":"2025-09-09T22:27:18","slug":"kit-de-plantillas-para-elementor-para-coaching-empresarial-para-mujeres","status":"publish","type":"product","link":"https:\/\/packdesites.com\/es\/product\/kit-de-plantillas-para-elementor-para-coaching-empresarial-para-mujeres\/","title":{"rendered":"Paras \u2013 Kit de plantillas Elementor para coaches de negocios de mujeres"},"content":{"rendered":"<p>Paras son kits de plantillas de Elementor para coaches de negocios. Este atractivo kit de plantillas femeninas de Elementor es perfecto para crear cualquier sitio web de coaches de negocios. Incluye m\u00e1s de 12 plantillas predise\u00f1adas con un estilo atractivo, profesional y moderno. Ahorra tiempo y crea f\u00e1cilmente un sitio web de coaches de negocios con este kit de plantillas de Elementor. Simplemente arrastra y suelta, sin necesidad de programar.<\/p>\n\n\n\n<p><strong>Caracter\u00edsticas del dise\u00f1o:<\/strong><\/p>\n\n\n\n<ul class=\"wp-block-list\">\n<li>Dise\u00f1o moderno y profesional.<\/li>\n\n\n\n<li>Creado con Elementor Pro<\/li>\n\n\n\n<li>100% Responsivo y compatible con dispositivos m\u00f3viles<\/li>\n\n\n\n<li>M\u00e1s de 12 plantillas predise\u00f1adas<\/li>\n\n\n\n<li>F\u00e1cil de personalizar<\/li>\n\n\n\n<li>Kit de plantillas creado con el tema Hello Elementor<\/li>\n<\/ul>\n\n\n\n<p>Se requiere la actualizaci\u00f3n de Elementor Pro para algunas plantillas y funciones (no incluidas)<\/p>\n\n\n\n<p><strong>Qu\u00e9 incluye<\/strong><\/p>\n\n\n\n<ul class=\"wp-block-list\">\n<li>P\u00e1gina de inicio<\/li>\n\n\n\n<li>Sobre nosotros<\/li>\n\n\n\n<li>Carreras<\/li>\n\n\n\n<li>Cont\u00e1ctanos<\/li>\n\n\n\n<li>Aprendizaje electr\u00f3nico<\/li>\n\n\n\n<li>PREGUNTAS FRECUENTES<\/li>\n\n\n\n<li>Nuestro equipo<\/li>\n\n\n\n<li>Blog de archivo<\/li>\n\n\n\n<li>Error 404<\/li>\n\n\n\n<li>Publicaci\u00f3n \u00fanica<\/li>\n\n\n\n<li>Precios<\/li>\n\n\n\n<li>Servicios<\/li>\n\n\n\n<li>Estilo global<\/li>\n\n\n\n<li>encabezamiento<\/li>\n\n\n\n<li>Z\u00f3calo<\/li>\n<\/ul>\n\n\n\n<p><strong>Complementos necesarios (incluidos)<\/strong><\/p>\n\n\n\n<ul class=\"wp-block-list\">\n<li>ElementsKit Lite<\/li>\n\n\n\n<li>Iconos de Skyboot<\/li>\n<\/ul>\n\n\n\n<p>Se requiere la actualizaci\u00f3n de Elementor Pro para algunas plantillas y funciones (no incluidas)<\/p>","protected":false},"excerpt":{"rendered":"<p>Paras s\u00e3o kits de templates elementor para treinadoras de neg\u00f3cios femininas. Este lindo kit de templates elementor feminino \u00e9 adequado para criar qualquer coach de neg\u00f3cios para mulher. Tem mais de 12 modelos pr\u00e9-constru\u00eddos com um estilo bonito, profissional e moderno. Economize seu tempo e crie facilmente um site de coach de neg\u00f3cios para mulheres [&hellip;]<\/p>","protected":false},"featured_media":23687,"comment_status":"open","ping_status":"closed","template":"","meta":{"_jf_limit_responses":"","iawp_total_views":258},"product_brand":[],"product_cat":[23,36,27,24],"product_tag":[19],"class_list":{"0":"post-23686","1":"product","2":"type-product","3":"status-publish","4":"has-post-thumbnail","6":"product_cat-templates-elementor-e-envato","7":"product_cat-consultoria-de-negocios","8":"product_cat-prestadores-de-servicos","9":"product_cat-templates-envato","10":"product_tag-vitalicio","12":"first","13":"instock","14":"downloadable","15":"virtual","16":"purchasable","17":"product-type-simple"},"_links":{"self":[{"href":"https:\/\/packdesites.com\/es\/wp-json\/wp\/v2\/product\/23686","targetHints":{"allow":["GET"]}}],"collection":[{"href":"https:\/\/packdesites.com\/es\/wp-json\/wp\/v2\/product"}],"about":[{"href":"https:\/\/packdesites.com\/es\/wp-json\/wp\/v2\/types\/product"}],"replies":[{"embeddable":true,"href":"https:\/\/packdesites.com\/es\/wp-json\/wp\/v2\/comments?post=23686"}],"version-history":[{"count":1,"href":"https:\/\/packdesites.com\/es\/wp-json\/wp\/v2\/product\/23686\/revisions"}],"predecessor-version":[{"id":23688,"href":"https:\/\/packdesites.com\/es\/wp-json\/wp\/v2\/product\/23686\/revisions\/23688"}],"wp:featuredmedia":[{"embeddable":true,"href":"https:\/\/packdesites.com\/es\/wp-json\/wp\/v2\/media\/23687"}],"wp:attachment":[{"href":"https:\/\/packdesites.com\/es\/wp-json\/wp\/v2\/media?parent=23686"}],"wp:term":[{"taxonomy":"product_brand","embeddable":true,"href":"https:\/\/packdesites.com\/es\/wp-json\/wp\/v2\/product_brand?post=23686"},{"taxonomy":"product_cat","embeddable":true,"href":"https:\/\/packdesites.com\/es\/wp-json\/wp\/v2\/product_cat?post=23686"},{"taxonomy":"product_tag","embeddable":true,"href":"https:\/\/packdesites.com\/es\/wp-json\/wp\/v2\/product_tag?post=23686"}],"curies":[{"name":"wp","href":"https:\/\/api.w.org\/{rel}","templated":true}]}}