{"id":23678,"date":"2025-09-08T16:14:25","date_gmt":"2025-09-08T19:14:25","guid":{"rendered":"https:\/\/packdesites.com\/?post_type=product&#038;p=23678"},"modified":"2025-09-08T16:14:29","modified_gmt":"2025-09-08T19:14:29","slug":"plugin-de-donacion-nombra-tu-precio-de-woocommerce","status":"publish","type":"product","link":"https:\/\/packdesites.com\/es\/product\/plugin-de-donacion-nombra-tu-precio-de-woocommerce\/","title":{"rendered":"Plugin de donaciones &quot;Nombra tu precio&quot; de WooCommerce"},"content":{"rendered":"<h2 class=\"wp-block-heading\" id=\"name-your-price\">Permita que los clientes paguen lo que quieran con Name Your Price<\/h2>\n\n\n\n<figure class=\"wp-block-image\"><img decoding=\"async\" src=\"https:\/\/woocommerce.com\/wp-content\/uploads\/2012\/09\/image-1-624x387-1.png?w=624\" alt=\"\" class=\"wp-image-18734004841311\" title=\"\"><\/figure>\n\n\n\n<p>El plugin &quot;Nombra tu Precio&quot; te permite ser flexible con el precio que aceptas para productos seleccionados. Puedes sugerir un precio a tus clientes y, opcionalmente, imponer un precio m\u00ednimo aceptable, o dejarlo completamente a criterio del cliente.<\/p>\n\n\n\n<p>Tambi\u00e9n puede utilizar este complemento para aceptar donaciones, hacer que sus productos est\u00e9n disponibles para un p\u00fablico m\u00e1s amplio, recopilar informaci\u00f3n sobre cu\u00e1nto est\u00e1n dispuestos a pagar los clientes o cobrar cantidades variables por otros motivos, como el pago de facturas.<\/p>\n\n\n\n<h2 class=\"wp-block-heading\">\u00bfEn qu\u00e9 te puede ayudar nombrar tu precio?<\/h2>\n\n\n\n<ul class=\"wp-block-list\">\n<li>Recoger donaciones<\/li>\n\n\n\n<li>Vender tarjetas de regalo y vales de regalo (digitales o imprimibles)<\/li>\n\n\n\n<li>Benef\u00edciate de productos que de otro modo donar\u00edas<\/li>\n\n\n\n<li>Llega a nuevos clientes con precios asequibles y democratizados<\/li>\n\n\n\n<li>Ampl\u00ede su base de clientes fomentando nuevas pruebas<\/li>\n\n\n\n<li>Recopile datos sobre el precio que los clientes est\u00e1n dispuestos a pagar por sus productos<\/li>\n<\/ul>\n\n\n\n<h2 class=\"wp-block-heading\" id=\"variable-products\">Configuraci\u00f3n sencilla, soporte incre\u00edble y experiencia de usuario mejorada.<\/h2>\n\n\n\n<p>La configuraci\u00f3n es sencilla para una amplia gama de casos de uso, \u00a1lista para usar! Una vez creado el producto, seleccione la casilla &quot;Nombra tu precio&quot; y podr\u00e1 ingresar precios m\u00ednimos, m\u00e1ximos y sugeridos.<\/p>\n\n\n\n<p>Nuestra documentaci\u00f3n tambi\u00e9n ampl\u00eda la ayuda paso a paso y las opciones de personalizaci\u00f3n para muchos casos de uso adicionales, incluida la compatibilidad con varios otros complementos.&nbsp;<a href=\"https:\/\/woocommerce.com\/document\/name-your-price\/\" target=\"_blank\" rel=\"noopener\">Encuentre esta informaci\u00f3n aqu\u00ed.<\/a><\/p>\n\n\n\n<p>Adem\u00e1s, nuestra nueva versi\u00f3n 3.0 de Name Your Price incluye una&nbsp;<strong>experiencia de usuario (UX) actualizada&nbsp;<\/strong>y<strong>&nbsp;accesibilidad completa a los lectores de pantalla<\/strong>.<\/p>\n\n\n\n<h2 class=\"wp-block-heading\" id=\"support-for-product-bundles-new\">M\u00e1s formas de usar Name Your Price<\/h2>\n\n\n\n<p>Nombre Su Precio es un&nbsp;<strong>\u00a1Herramienta de ventas vers\u00e1til!<\/strong><\/p>\n\n\n\n<p>Muchos sitios web lo utilizan para hacerlo m\u00e1s f\u00e1cil.&nbsp;<strong>donaciones<\/strong>,&nbsp;<strong>pagos de suscripci\u00f3n<\/strong>&nbsp;y a\u00fan&nbsp;<strong>pagos de<\/strong>&nbsp;<strong>cuentas en l\u00ednea<\/strong>&nbsp;F\u00e1cil con valores variables (por ejemplo por factura),&nbsp;<strong>pagos de suscripci\u00f3n<\/strong>&nbsp;y&nbsp;<strong>donaciones.<\/strong><\/p>\n\n\n\n<h3 class=\"wp-block-heading\">Donaciones<\/h3>\n\n\n\n<p>Recaude m\u00e1s fondos al permitir que los donantes donen el nivel que sea adecuado para ellos, con o sin un monto de donaci\u00f3n sugerido.<\/p>\n\n\n\n<figure class=\"wp-block-image\"><img decoding=\"async\" src=\"https:\/\/woocommerce.com\/wp-content\/uploads\/2012\/09\/Name-Your-Price-variable.gif?w=896\" alt=\"\" class=\"wp-image-18734004841326\" title=\"\"><\/figure>\n\n\n\n<p>Cuando se combina con el complemento WooCommerce Subscriptions, Name Your Price tambi\u00e9n facilita donaciones recurrentes personalizadas, lo que permite a los donantes establecer la cantidad e incluso la cadencia de su donaci\u00f3n (seg\u00fan sus par\u00e1metros).<\/p>\n\n\n\n<h3 class=\"wp-block-heading\">Pago de facturas en l\u00ednea<\/h3>\n\n\n\n<p>\u00a1Utilice Name Your Price para cobrar pagos, lo que facilita que sus clientes paguen facturas y montos personalizados directamente en su propio sitio web!<\/p>\n\n\n\n<figure class=\"wp-block-image\"><img decoding=\"async\" src=\"https:\/\/woocommerce.com\/wp-content\/uploads\/2012\/09\/image-2nd.png?w=624\" alt=\"\" class=\"wp-image-18734004841320\" title=\"\"><\/figure>\n\n\n\n<h2 class=\"wp-block-heading\">Funciona con una variedad de tipos de productos y complementos, incluidas suscripciones, tarjetas de regalo y complementos de productos.<\/h2>\n\n\n\n<p>Name Your Price trabaja con un&nbsp;<strong>variedad de&nbsp;<a href=\"https:\/\/woocommerce.com\/document\/name-your-price\/#section-2\" target=\"_blank\" rel=\"noopener\">tipos de productos<\/a>,<\/strong>&nbsp;incluido:<\/p>\n\n\n\n<ul class=\"wp-block-list\">\n<li>Productos\u00a0<a href=\"https:\/\/woocommerce.com\/document\/managing-products\/add-product\/#adding-a-simple-product\" target=\"_blank\" rel=\"noopener\">Simple<\/a>\u00a0y\u00a0<a href=\"https:\/\/woocommerce.com\/document\/variable-product\/\" target=\"_blank\" rel=\"noopener\">Variables<\/a><\/li>\n\n\n\n<li><a href=\"https:\/\/woocommerce.com\/products\/woocommerce-subscriptions\/\" target=\"_blank\" rel=\"noopener\">Suscripciones<\/a><\/li>\n\n\n\n<li>Productos agrupados<\/li>\n\n\n\n<li><a href=\"https:\/\/woocommerce.com\/products\/product-bundles\/\" target=\"_blank\" rel=\"noopener\">Paquetes de productos<\/a><\/li>\n\n\n\n<li><a href=\"https:\/\/woocommerce.com\/products\/composite-products\/\" target=\"_blank\" rel=\"noopener\">Productos compuestos<\/a><\/li>\n\n\n\n<li><a href=\"https:\/\/woocommerce.com\/products\/woocommerce-mix-and-match-products\/\" target=\"_blank\" rel=\"noopener\">Mezcla y combina productos<\/a><\/li>\n\n\n\n<li><a href=\"https:\/\/woocommerce.com\/products\/woocommerce-deposits\/\" target=\"_blank\" rel=\"noopener\">Dep\u00f3sitos<\/a><\/li>\n\n\n\n<li><a href=\"https:\/\/woocommerce.com\/products\/account-funds\/\" target=\"_blank\" rel=\"noopener\">Fondos de la cuenta<\/a><\/li>\n\n\n\n<li><a href=\"https:\/\/woocommerce.com\/products\/paywall-for-woocommerce\/\" target=\"_blank\" rel=\"noopener\">Muro de pago<\/a><\/li>\n<\/ul>\n\n\n\n<p>Adem\u00e1s, es&nbsp;<strong>compatible con un<\/strong>&nbsp;<strong>amplia gama de complementos de WooCommerce.com,<\/strong>&nbsp;incluido:<\/p>\n\n\n\n<ul class=\"wp-block-list\">\n<li><a href=\"https:\/\/woocommerce.com\/products\/woocommerce-subscriptions\/\" target=\"_blank\" rel=\"noopener\">Suscripciones<\/a><\/li>\n\n\n\n<li><a href=\"https:\/\/woocommerce.com\/wp-admin\/woocommerce.com\/products\/all-products-for-woocommerce-subscriptions\/\" target=\"_blank\" rel=\"noopener\">Todos los productos de suscripci\u00f3n<\/a><\/li>\n\n\n\n<li><a href=\"https:\/\/woocommerce.com\/products\/product-add-ons\/\" target=\"_blank\" rel=\"noopener\">Complementos de productos de WooCommerce<\/a><\/li>\n\n\n\n<li><a href=\"https:\/\/woocommerce.com\/products\/woocommerce-one-page-checkout\/\" target=\"_blank\" rel=\"noopener\">Pago en una p\u00e1gina<\/a><\/li>\n\n\n\n<li><a href=\"https:\/\/woocommerce.com\/products\/product-bundles\/\" target=\"_blank\" rel=\"noopener\">Paquetes de productos<\/a><\/li>\n\n\n\n<li><a href=\"https:\/\/woocommerce.com\/products\/woocommerce-mix-and-match-products\/\" target=\"_blank\" rel=\"noopener\">Mezclar y combinar<\/a><\/li>\n\n\n\n<li><a href=\"https:\/\/woocommerce.com\/products\/composite-products\/\" target=\"_blank\" rel=\"noopener\">Productos compuestos<\/a><\/li>\n\n\n\n<li><a href=\"https:\/\/woocommerce.com\/products\/multi-currency\/\" target=\"_blank\" rel=\"noopener\">Multidivisa<\/a><\/li>\n\n\n\n<li><a href=\"https:\/\/woocommerce.com\/products\/gift-cards\/\" target=\"_blank\" rel=\"noopener\">Tarjetas de regalo<\/a><\/li>\n\n\n\n<li><a href=\"https:\/\/woocommerce.com\/products\/pdf-product-vouchers\/\" target=\"_blank\" rel=\"noopener\">Cupones de productos en formato PDF<\/a><\/li>\n\n\n\n<li><a href=\"https:\/\/woocommerce.com\/products\/bulk-shop-for-woocommerce\/\" target=\"_blank\" rel=\"noopener\">Tienda a granel<\/a><\/li>\n\n\n\n<li><a href=\"https:\/\/woocommerce.com\/products\/bulk-order-form-for-woocommerce\/\" target=\"_blank\" rel=\"noopener\">Formulario de pedido al por mayor<\/a><\/li>\n\n\n\n<li><a href=\"https:\/\/woocommerce.com\/products\/account-funds\/\" target=\"_blank\" rel=\"noopener\"><em>Fondos de la cuenta de WooCommerce<\/em><\/a><\/li>\n\n\n\n<li><a href=\"https:\/\/woocommerce.com\/products\/woocommerce-pre-orders\/\" target=\"_blank\" rel=\"noopener\">Pedidos anticipados<\/a><\/li>\n\n\n\n<li><a href=\"https:\/\/woocommerce.com\/products\/woocommerce-deposits\/\" target=\"_blank\" rel=\"noopener\">Dep\u00f3sitos<\/a><\/li>\n<\/ul>\n\n\n\n<p>Encuentre informaci\u00f3n m\u00e1s espec\u00edfica sobre&nbsp;<a href=\"https:\/\/woocommerce.com\/document\/compatibility-and-integrations\/\" target=\"_blank\" rel=\"noopener\">Compatibilidad e integraciones aqu\u00ed.<\/a><\/p>","protected":false},"excerpt":{"rendered":"<p>Permita que os clientes paguem o que quiserem com o Name Your Price O plug-in Name Your Price permite que voc\u00ea seja flex\u00edvel em rela\u00e7\u00e3o ao pre\u00e7o que deseja aceitar por produtos selecionados. Voc\u00ea pode sugerir um pre\u00e7o aos seus clientes e, opcionalmente, impor um pre\u00e7o m\u00ednimo aceit\u00e1vel, ou pode deix\u00e1-lo inteiramente nas m\u00e3os do [&hellip;]<\/p>","protected":false},"featured_media":23679,"comment_status":"open","ping_status":"closed","template":"","meta":{"_jf_limit_responses":"","iawp_total_views":37},"product_brand":[],"product_cat":[41],"product_tag":[91],"class_list":{"0":"post-23678","1":"product","2":"type-product","3":"status-publish","4":"has-post-thumbnail","6":"product_cat-plugins","7":"product_tag-business","9":"first","10":"instock","11":"downloadable","12":"virtual","13":"purchasable","14":"product-type-simple"},"_links":{"self":[{"href":"https:\/\/packdesites.com\/es\/wp-json\/wp\/v2\/product\/23678","targetHints":{"allow":["GET"]}}],"collection":[{"href":"https:\/\/packdesites.com\/es\/wp-json\/wp\/v2\/product"}],"about":[{"href":"https:\/\/packdesites.com\/es\/wp-json\/wp\/v2\/types\/product"}],"replies":[{"embeddable":true,"href":"https:\/\/packdesites.com\/es\/wp-json\/wp\/v2\/comments?post=23678"}],"version-history":[{"count":1,"href":"https:\/\/packdesites.com\/es\/wp-json\/wp\/v2\/product\/23678\/revisions"}],"predecessor-version":[{"id":23680,"href":"https:\/\/packdesites.com\/es\/wp-json\/wp\/v2\/product\/23678\/revisions\/23680"}],"wp:featuredmedia":[{"embeddable":true,"href":"https:\/\/packdesites.com\/es\/wp-json\/wp\/v2\/media\/23679"}],"wp:attachment":[{"href":"https:\/\/packdesites.com\/es\/wp-json\/wp\/v2\/media?parent=23678"}],"wp:term":[{"taxonomy":"product_brand","embeddable":true,"href":"https:\/\/packdesites.com\/es\/wp-json\/wp\/v2\/product_brand?post=23678"},{"taxonomy":"product_cat","embeddable":true,"href":"https:\/\/packdesites.com\/es\/wp-json\/wp\/v2\/product_cat?post=23678"},{"taxonomy":"product_tag","embeddable":true,"href":"https:\/\/packdesites.com\/es\/wp-json\/wp\/v2\/product_tag?post=23678"}],"curies":[{"name":"wp","href":"https:\/\/api.w.org\/{rel}","templated":true}]}}