{"id":23605,"date":"2025-09-02T15:19:23","date_gmt":"2025-09-02T18:19:23","guid":{"rendered":"https:\/\/packdesites.com\/?post_type=product&#038;p=23605"},"modified":"2025-09-02T15:19:27","modified_gmt":"2025-09-02T18:19:27","slug":"kit-de-plantillas-elementor-de-erphoria-plataforma-erp-saas-para-la-planificacion-de-recursos-empresariales","status":"publish","type":"product","link":"https:\/\/packdesites.com\/es\/product\/kit-de-plantillas-elementor-de-erphoria-plataforma-erp-saas-para-la-planificacion-de-recursos-empresariales\/","title":{"rendered":"Erphoria \u2013 Kit de plantillas Elementor para la plataforma ERP SaaS de planificaci\u00f3n de recursos empresariales"},"content":{"rendered":"<p>Erphoria es un kit de plantillas profesional para Elementor, dise\u00f1ado para software ERP, plataformas de gesti\u00f3n empresarial y soluciones SAAS que abarcan finanzas, inventario, RR. HH., CRM y gesti\u00f3n de la cadena de suministro. Ofrece un dise\u00f1o limpio, moderno y totalmente responsivo, lo que facilita a empresas tecnol\u00f3gicas, desarrolladores de software y proveedores de soluciones empresariales la presentaci\u00f3n de su plataforma. Creado para desarrolladores de ERP, consultoras de TI, empresas de software y equipos empresariales, Erphoria cuenta con estructuras de p\u00e1gina optimizadas para SEO que ayudan a que su sitio web tenga un mejor posicionamiento y atraiga m\u00e1s visitantes. Con el constructor de arrastrar y soltar de Elementor, puede personalizar cada elemento sin necesidad de programar, garantizando que su sitio web se vea elegante y profesional en todos los dispositivos. Perfecto para plataformas ERP, herramientas empresariales en la nube, servicios de transformaci\u00f3n digital y software de gesti\u00f3n empresarial, Erphoria le permite presentar las caracter\u00edsticas de la plataforma, casos pr\u00e1cticos, planes de precios y detalles de integraci\u00f3n de forma clara y atractiva, ayudando a los clientes potenciales a comprender al instante el valor de su soluci\u00f3n.<\/p>\n\n\n\n<p><strong>Caracter\u00edsticas principales:<\/strong><\/p>\n\n\n\n<ul class=\"wp-block-list\">\n<li>M\u00e1s de 14 plantillas de p\u00e1gina listas para usar<\/li>\n\n\n\n<li>F\u00e1cil personalizaci\u00f3n con Elementor<\/li>\n\n\n\n<li>Optimizado para SEO y generaci\u00f3n de leads<\/li>\n\n\n\n<li>Uso de complementos gratuitos (no se requiere Elementor Pro)<\/li>\n\n\n\n<li>Compatibilidad del navegador: Chrome, Firefox, Safari, Opera<\/li>\n\n\n\n<li>Creado con complementos gratuitos. No se requieren complementos premium, lo que facilita la configuraci\u00f3n.<\/li>\n\n\n\n<li>100% totalmente responsivo y compatible con dispositivos m\u00f3viles<\/li>\n\n\n\n<li>Personaliza fuentes y colores en un solo lugar (estilo kit global)<\/li>\n\n\n\n<li>Instalaci\u00f3n con un solo clic Importe f\u00e1cilmente contenido de demostraci\u00f3n con el complemento Envato Elements.<\/li>\n\n\n\n<li>Carga r\u00e1pida, c\u00f3digo limpio y compatibilidad con todos los navegadores.<\/li>\n\n\n\n<li>Elegante marco de UI\/UX<\/li>\n\n\n\n<li>F\u00e1cil personalizaci\u00f3n: utilice la interfaz de arrastrar y soltar de Elementor para personalizar su sitio web.<\/li>\n<\/ul>\n\n\n\n<p><strong>Modelos Zip:<\/strong><\/p>\n\n\n\n<ul class=\"wp-block-list\">\n<li>Comenzar<\/li>\n\n\n\n<li>Acerca de Erphoria<\/li>\n\n\n\n<li>Caracter\u00edsticas de la plataforma<\/li>\n\n\n\n<li>Finanzas y Contabilidad<\/li>\n\n\n\n<li>Inventario y cadena de suministro<\/li>\n\n\n\n<li>Recursos humanos y n\u00f3minas<\/li>\n\n\n\n<li>CRM y ventas<\/li>\n\n\n\n<li>Integraciones<\/li>\n\n\n\n<li>Precios y planes<\/li>\n\n\n\n<li>Contacto y demostraci\u00f3n<\/li>\n\n\n\n<li>Estilo global<\/li>\n\n\n\n<li>encabezamiento<\/li>\n\n\n\n<li>Z\u00f3calo<\/li>\n\n\n\n<li>P\u00e1ginas de error 404<\/li>\n<\/ul>\n\n\n\n<p><strong>Complementos necesarios:<\/strong><\/p>\n\n\n\n<ul class=\"wp-block-list\">\n<li>Elementor<\/li>\n\n\n\n<li>ElementsKit Lite<\/li>\n\n\n\n<li>Complementos definitivos para Elementor Lite<\/li>\n\n\n\n<li>Complementos RTMkit para Elementor<\/li>\n\n\n\n<li>Control deslizante principal<\/li>\n<\/ul>","protected":false},"excerpt":{"rendered":"<p>Erphoria \u00e9 um Kit de Template Elementor profissional projetado para software ERP, plataformas de gerenciamento de neg\u00f3cios e solu\u00e7\u00f5es SAAS que abrangem finan\u00e7as, invent\u00e1rio, RH, CRM e gerenciamento da cadeia de suprimentos. Ele fornece um design limpo, moderno e totalmente responsivo, facilitando a exibi\u00e7\u00e3o de sua plataforma por empresas de tecnologia, desenvolvedores de software e [&hellip;]<\/p>","protected":false},"featured_media":23606,"comment_status":"open","ping_status":"closed","template":"","meta":{"_jf_limit_responses":"","iawp_total_views":283},"product_brand":[],"product_cat":[23,32,99,24],"product_tag":[91,49],"class_list":{"0":"post-23605","1":"product","2":"type-product","3":"status-publish","4":"has-post-thumbnail","6":"product_cat-templates-elementor-e-envato","7":"product_cat-agencia-de-marketing","8":"product_cat-saas","9":"product_cat-templates-envato","10":"product_tag-business","11":"product_tag-starter","13":"first","14":"instock","15":"downloadable","16":"virtual","17":"purchasable","18":"product-type-simple"},"_links":{"self":[{"href":"https:\/\/packdesites.com\/es\/wp-json\/wp\/v2\/product\/23605","targetHints":{"allow":["GET"]}}],"collection":[{"href":"https:\/\/packdesites.com\/es\/wp-json\/wp\/v2\/product"}],"about":[{"href":"https:\/\/packdesites.com\/es\/wp-json\/wp\/v2\/types\/product"}],"replies":[{"embeddable":true,"href":"https:\/\/packdesites.com\/es\/wp-json\/wp\/v2\/comments?post=23605"}],"version-history":[{"count":2,"href":"https:\/\/packdesites.com\/es\/wp-json\/wp\/v2\/product\/23605\/revisions"}],"predecessor-version":[{"id":23657,"href":"https:\/\/packdesites.com\/es\/wp-json\/wp\/v2\/product\/23605\/revisions\/23657"}],"wp:featuredmedia":[{"embeddable":true,"href":"https:\/\/packdesites.com\/es\/wp-json\/wp\/v2\/media\/23606"}],"wp:attachment":[{"href":"https:\/\/packdesites.com\/es\/wp-json\/wp\/v2\/media?parent=23605"}],"wp:term":[{"taxonomy":"product_brand","embeddable":true,"href":"https:\/\/packdesites.com\/es\/wp-json\/wp\/v2\/product_brand?post=23605"},{"taxonomy":"product_cat","embeddable":true,"href":"https:\/\/packdesites.com\/es\/wp-json\/wp\/v2\/product_cat?post=23605"},{"taxonomy":"product_tag","embeddable":true,"href":"https:\/\/packdesites.com\/es\/wp-json\/wp\/v2\/product_tag?post=23605"}],"curies":[{"name":"wp","href":"https:\/\/api.w.org\/{rel}","templated":true}]}}