{"id":23602,"date":"2025-09-02T15:15:58","date_gmt":"2025-09-02T18:15:58","guid":{"rendered":"https:\/\/packdesites.com\/?post_type=product&#038;p=23602"},"modified":"2025-09-02T15:16:02","modified_gmt":"2025-09-02T18:16:02","slug":"kit-de-plantillas-geech-para-elementor-para-startups-tecnologicas-y-empresas-saas","status":"publish","type":"product","link":"https:\/\/packdesites.com\/es\/product\/kit-de-plantillas-geech-para-elementor-para-startups-tecnologicas-y-empresas-saas\/","title":{"rendered":"Geech: Kit de plantillas de Elementor para startups tecnol\u00f3gicas y empresas SaaS"},"content":{"rendered":"<p>Presentamos Geech, un kit de plantillas Elementor moderno y limpio, dise\u00f1ado para startups de SaaS y tecnolog\u00eda. Ya sea que necesite una landing page profesional para su software, aplicaciones m\u00f3viles, servicios en la nube o un sitio web completamente funcional para su negocio de TI, Geech lo tiene cubierto.<\/p>\n\n\n\n<p>Con m\u00e1s de 13 plantillas responsivas cuidadosamente dise\u00f1adas para elegir, puedes crear f\u00e1cilmente un sitio web espectacular que se vea genial en cualquier dispositivo. Adem\u00e1s, con la intuitiva interfaz de arrastrar y soltar de Elementor, personalizar tu sitio web nunca ha sido tan f\u00e1cil. \u00a1No necesitas saber programar!<\/p>\n\n\n\n<p>Empiece hoy y lleve su SaaS o startup tecnol\u00f3gica al siguiente nivel con Geech.<\/p>\n\n\n\n<p><strong>Caracter\u00edsticas:<\/strong><\/p>\n\n\n\n<ul class=\"wp-block-list\">\n<li>Uso de complementos gratuitos (no se requiere Elementor Pro)<\/li>\n\n\n\n<li>Dise\u00f1o moderno y limpio<\/li>\n\n\n\n<li>M\u00e1s de 13 plantillas listas para usar<\/li>\n\n\n\n<li>Dise\u00f1o totalmente adaptable<\/li>\n\n\n\n<li>Listo para retina<\/li>\n\n\n\n<li>Totalmente personalizable<\/li>\n\n\n\n<li>Compatibilidad del navegador: Chrome, Firefox, Safari, Opera<\/li>\n<\/ul>\n\n\n\n<p><strong>Los modelos incluyen:<\/strong><\/p>\n\n\n\n<ul class=\"wp-block-list\">\n<li>Hogar<\/li>\n\n\n\n<li>Sobre nosotros<\/li>\n\n\n\n<li>Caracter\u00edsticas<\/li>\n\n\n\n<li>Preguntas frecuentes<\/li>\n\n\n\n<li>Blog<\/li>\n\n\n\n<li>Blog \u00fanico<\/li>\n\n\n\n<li>Ponte en contacto con nosotros<\/li>\n\n\n\n<li>Pesta\u00f1a \u2013 Precios<\/li>\n\n\n\n<li>Contacte con MetForm<\/li>\n\n\n\n<li>Encabezamiento<\/li>\n\n\n\n<li>T\u00edtulo 2<\/li>\n\n\n\n<li>Z\u00f3calo<\/li>\n\n\n\n<li>Estilo de tema global<\/li>\n<\/ul>\n\n\n\n<p><strong>Complemento requerido:<\/strong><\/p>\n\n\n\n<ul class=\"wp-block-list\">\n<li>Elementor<\/li>\n\n\n\n<li>Kit de elementos Elementor<\/li>\n\n\n\n<li>MetForm<\/li>\n<\/ul>\n\n\n\n<p><strong>C\u00f3mo utilizar los kits de plantillas:<\/strong><\/p>\n\n\n\n<ol class=\"wp-block-list\">\n<li>Instalar y activar el complemento \u201cEnvato Elements\u201d en Complementos &gt; Agregar nuevo en WordPress<\/li>\n\n\n\n<li>Descargue el archivo del kit y no lo descomprima<\/li>\n\n\n\n<li>Vaya a Elementos &gt; Kits instalados y haga clic en el bot\u00f3n Cargar kit de plantillas. Tambi\u00e9n puede importar autom\u00e1ticamente haciendo clic en Conectar cuenta para vincular su suscripci\u00f3n a Elementos y luego importando en Elementos &gt; Kits de plantillas.<\/li>\n\n\n\n<li>Verifique el banner naranja en la parte superior y haga clic en Requisitos de instalaci\u00f3n para cargar todos los complementos utilizados por el kit<\/li>\n\n\n\n<li>Primer clic en importar en Estilos del Kit Global<\/li>\n\n\n\n<li>Haz clic en Importar una plantilla a la vez. Se almacenan en Elementor, en Plantillas &gt; Plantillas guardadas.<\/li>\n\n\n\n<li>Vaya a P\u00e1ginas, cree una nueva p\u00e1gina y haga clic en Editar con Elementor<\/li>\n\n\n\n<li>Haga clic en el \u00edcono de engranaje en la esquina inferior izquierda del generador para ver la configuraci\u00f3n de la p\u00e1gina y elija Elementor Ancho completo y oculte el t\u00edtulo de la p\u00e1gina.<\/li>\n\n\n\n<li>Haga clic en el icono de la carpeta gris para acceder a la pesta\u00f1a Mis plantillas y luego importe la p\u00e1gina que desea personalizar.<\/li>\n<\/ol>\n\n\n\n<p>Si tienes Elementor Pro, los encabezados y pies de p\u00e1gina se pueden personalizar en el Generador de temas.<\/p>","protected":false},"excerpt":{"rendered":"<p>Apresentando o Geech, um Template Kit Elementor moderno e limpo projetado para SaaS e empresas de startups de tecnologia. Se voc\u00ea precisa de uma p\u00e1gina de destino profissional para seu software, aplicativos m\u00f3veis, servi\u00e7os baseados em nuvem ou um sistema totalmente funcional site para o seu neg\u00f3cio de TI, a Geech tem o que voc\u00ea [&hellip;]<\/p>","protected":false},"featured_media":23603,"comment_status":"open","ping_status":"closed","template":"","meta":{"_jf_limit_responses":"","iawp_total_views":331},"product_brand":[],"product_cat":[23,32,99,24],"product_tag":[91,49,19],"class_list":{"0":"post-23602","1":"product","2":"type-product","3":"status-publish","4":"has-post-thumbnail","6":"product_cat-templates-elementor-e-envato","7":"product_cat-agencia-de-marketing","8":"product_cat-saas","9":"product_cat-templates-envato","10":"product_tag-business","11":"product_tag-starter","12":"product_tag-vitalicio","14":"first","15":"instock","16":"downloadable","17":"virtual","18":"purchasable","19":"product-type-simple"},"_links":{"self":[{"href":"https:\/\/packdesites.com\/es\/wp-json\/wp\/v2\/product\/23602","targetHints":{"allow":["GET"]}}],"collection":[{"href":"https:\/\/packdesites.com\/es\/wp-json\/wp\/v2\/product"}],"about":[{"href":"https:\/\/packdesites.com\/es\/wp-json\/wp\/v2\/types\/product"}],"replies":[{"embeddable":true,"href":"https:\/\/packdesites.com\/es\/wp-json\/wp\/v2\/comments?post=23602"}],"version-history":[{"count":1,"href":"https:\/\/packdesites.com\/es\/wp-json\/wp\/v2\/product\/23602\/revisions"}],"predecessor-version":[{"id":23604,"href":"https:\/\/packdesites.com\/es\/wp-json\/wp\/v2\/product\/23602\/revisions\/23604"}],"wp:featuredmedia":[{"embeddable":true,"href":"https:\/\/packdesites.com\/es\/wp-json\/wp\/v2\/media\/23603"}],"wp:attachment":[{"href":"https:\/\/packdesites.com\/es\/wp-json\/wp\/v2\/media?parent=23602"}],"wp:term":[{"taxonomy":"product_brand","embeddable":true,"href":"https:\/\/packdesites.com\/es\/wp-json\/wp\/v2\/product_brand?post=23602"},{"taxonomy":"product_cat","embeddable":true,"href":"https:\/\/packdesites.com\/es\/wp-json\/wp\/v2\/product_cat?post=23602"},{"taxonomy":"product_tag","embeddable":true,"href":"https:\/\/packdesites.com\/es\/wp-json\/wp\/v2\/product_tag?post=23602"}],"curies":[{"name":"wp","href":"https:\/\/api.w.org\/{rel}","templated":true}]}}